{"id":6236,"date":"2026-03-05T09:52:50","date_gmt":"2026-03-05T08:52:50","guid":{"rendered":"https:\/\/mikrosystem.pl\/?page_id=6236"},"modified":"2026-03-05T11:27:30","modified_gmt":"2026-03-05T10:27:30","slug":"fakturowanie","status":"publish","type":"page","link":"https:\/\/mikrosystem.pl\/index.php\/pomoc\/eknf-instrukcja-obslugi\/fakturowanie","title":{"rendered":"Fakturowanie"},"content":{"rendered":"\n<pre class=\"wp-block-preformatted\">Proces fakturowania us\u0142ug turystycznych przebiega w r\u00f3\u017cny spos\u00f3b w zale\u017cno\u015bci od typu us\u0142ugi (bilet lotniczy, bilet kolejowy, hotel, wynajem samochodu, transfer, rozliczenie prowizji itd), wystawcy faktury (biuro podr\u00f3\u017cy IATA, biuro non-IATA, linia lotnicza, sklep internetowy), rodzaju nabywcy (klient indywidualny, firma), typu podr\u00f3\u017cy (podr\u00f3\u017c biznesowa, prywatna), czy sposobu dostarczenia (KSeF, PDF\/email). Na tej stronie zebrane s\u0105 najwa\u017cniejsze sposoby fakturowania obs\u0142ugiwane przez eKNF<\/pre>\n\n\n\n<h2 class=\"wp-block-heading\">Fakturowanie bilet\u00f3w lotniczych<\/h2>\n\n\n\n<p><a href=\"https:\/\/mikrosystem.pl\/index.php\/pomoc\/eknf-instrukcja-obslugi\/fakturowanie\/fakturowanie-biletow-lotniczych-regularnych-i-tanich-linii\">Fakturowanie bilet\u00f3w lotniczych regularnych i tanich linii (pojedynczy bilet, bilet i op\u0142ata na tej samej fakturze)<\/a><\/p>\n\n\n\n<p><a href=\"https:\/\/mikrosystem.pl\/index.php\/pomoc\/eknf-instrukcja-obslugi\/fakturowanie\/fakturowanie-biletow-lotniczych-regularnych-i-tanich-linii\/fakturowanie-wielu-biletow-lotniczych\">Fakturowanie bilet\u00f3w lotniczych regularnych i tanich linii (wiele bilet\u00f3w, bilety i op\u0142aty na tej samej fakturze)<\/a><\/p>\n\n\n\n<p><a href=\"https:\/\/mikrosystem.pl\/index.php\/pomoc\/eknf-instrukcja-obslugi\/fakturowanie-biletow-lotniczych-i-oplat-serwisowych-na-oddzielnych-dokumentach\">Fakturowanie bilet\u00f3w lotniczych i op\u0142at serwisowych na oddzielnych dokumentach<\/a><\/p>\n\n\n\n<p><a href=\"https:\/\/mikrosystem.pl\/index.php\/pomoc\/eknf-instrukcja-obslugi\/wystawianie-korekty-faktury-ze-zwrotu-gds\">Wystawienie faktury koryguj\u0105cej z tytu\u0142u zwrotu biletu lotniczego (z wykorzystaniem informacji o zwrocie biletu pochodz\u0105cej z systemu GDS)<\/a><\/p>\n\n\n\n<p><a href=\"https:\/\/mikrosystem.pl\/index.php\/pomoc\/eknf-instrukcja-obslugi\/jak-wystawic-korekte-faktury-ze-zwrotu-ktory-nie-przeszedl-automatycznie-z-gds\">Wystawienie faktury koryguj\u0105cej z tytu\u0142u zwrotu biletu lotniczego (bez informacji o zwrocie pochodz\u0105cej z systemu GDS)<\/a><\/p>\n\n\n\n<p><a href=\"https:\/\/mikrosystem.pl\/index.php\/pomoc\/eknf-instrukcja-obslugi\/fakturowanie-oplat-transakcyjnych-za-zwrot-biletu-na-nowej-fakturze-sprzedazowej\">Fakturowanie op\u0142at za zwrot biletu lotniczego na oddzielnej fakturze sprzeda\u017cowej<\/a><\/p>\n\n\n\n<p><a href=\"https:\/\/mikrosystem.pl\/index.php\/pomoc\/eknf-instrukcja-obslugi\/fakturowanie-zwrotow-przy-fakturze-zgrupowanej-trwale\">Wystawienie faktury koryguj\u0105cej do faktury trwale zgrupowanej, z tytu\u0142u zwrotu biletu lotniczego <\/a><\/p>\n\n\n\n<p><a href=\"https:\/\/mikrosystem.pl\/index.php\/pomoc\/eknf-instrukcja-obslugi\/ponowne-fakturowanie-tego-samego-biletu\">Wystawienie kolejnej faktury za ju\u017c wcze\u015bniej zafakturowany bilet lotniczy<\/a><\/p>\n\n\n\n<h2 class=\"wp-block-heading\">Fakturowanie bilet\u00f3w kolejowych<\/h2>\n\n\n\n<p><a href=\"https:\/\/mikrosystem.pl\/index.php\/pomoc\/eknf-instrukcja-obslugi\/rdesk-fakturowanie-wielu-biletow-kolejowych-2\">Fakturowanie bilet\u00f3w kolejowych i op\u0142at serwisowych (na jednej, lub dw\u00f3ch rozdzielnych fakturach)<\/a><\/p>\n\n\n\n<h2 class=\"wp-block-heading\">Fakturowanie hoteli<\/h2>\n\n\n\n<p><a href=\"https:\/\/mikrosystem.pl\/index.php\/pomoc\/eknf-instrukcja-obslugi\/eknf-glowne-okno-programu\/english-hotel-desktop-ewidencjonowanie-i-rozliczanie-rezerwacji-hotelowych\/fakturowanie-hoteli\">Fakturowanie rezerwacji hotelowych<\/a><\/p>\n\n\n\n<h2 class=\"wp-block-heading\">Fakturowanie imprez turystycznych<\/h2>\n\n\n\n<p><a href=\"https:\/\/mikrosystem.pl\/index.php\/pomoc\/eknf-instrukcja-obslugi\/eknf-glowne-okno-programu\/tdesk\/wystawienie-dokumentu-sprzedazy\">Wystawienie paragonu lub faktury potwierdzaj\u0105cej zakup imprezy turystycznej<\/a><\/p>\n\n\n\n<h2 class=\"wp-block-heading\">Fakturowanie produkt\u00f3w i us\u0142ug z katalogu produkt\u00f3w<\/h2>\n\n\n\n<p><a href=\"https:\/\/mikrosystem.pl\/index.php\/pomoc\/eknf-instrukcja-obslugi\/eknf-glowne-okno-programu\/sprzedaz-tworzenie-i-przegladanie-dokumentow-sprzedazowych\/fakturowanie-z-modulu-sprzedaz\">Wystawienie faktury na dowolny produkt lub us\u0142ug\u0119 bezpo\u015brednio w module Sprzeda\u017c<\/a><\/p>\n\n\n\n<h2 class=\"wp-block-heading\">Edytowanie faktur i okno edycji faktury<\/h2>\n\n\n\n<p><a href=\"https:\/\/mikrosystem.pl\/index.php\/pomoc\/eknf-instrukcja-obslugi\/eknf-glowne-okno-programu\/sprzedaz-tworzenie-i-przegladanie-dokumentow-sprzedazowych\/funkcje-dostepne-w-oknie-tworzenia-i-edycji-faktur\">Funkcje dost\u0119pne w oknie edycji faktury<\/a><\/p>\n\n\n\n<p><a href=\"https:\/\/mikrosystem.pl\/index.php\/pomoc\/eknf-instrukcja-obslugi\/dokumenty-sprzedazy-edytowanie-usuwanie-anulowanie-wydruki-przesylanie-mailem\">Operowanie na dokumentach sprzeda\u017cy: edycja, anulowanie, usuwanie, wydruki, przesy\u0142anie mailem<\/a><\/p>\n\n\n\n<h2 class=\"wp-block-heading\">Wystawianie faktur w angielskiej wersji j\u0119zykowej<\/h2>\n\n\n\n<p><a href=\"https:\/\/mikrosystem.pl\/index.php\/pomoc\/eknf-instrukcja-obslugi\/dokumenty-sprzedazy-edytowanie-usuwanie-anulowanie-wydruki-przesylanie-mailem\/faktury-w-jezyku-angielskim\">Wystawianie faktur w angielskiej wersji j\u0119zykowej<\/a><\/p>\n\n\n\n<h2 class=\"wp-block-heading\">Fakturowanie &#8216;Reverse Charge&#8217;<\/h2>\n\n\n\n<p><a href=\"https:\/\/mikrosystem.pl\/index.php\/pomoc\/eknf-instrukcja-obslugi\/eknf-glowne-okno-programu\/sprzedaz-tworzenie-i-przegladanie-dokumentow-sprzedazowych\/rodzaje-dokumentow-i-sposoby-fakturowania-dostepne-w-eknf\/faktury-reverse-charge\">Wystawienie faktury Reverse Charge<\/a><\/p>\n\n\n\n<h2 class=\"wp-block-heading\">Wystawianie faktur prowizyjnych za sprzeda\u017c bilet\u00f3w lotniczych<\/h2>\n\n\n\n<p><a href=\"https:\/\/mikrosystem.pl\/index.php\/pomoc\/eknf-instrukcja-obslugi\/eknf-glowne-okno-programu\/sprzedaz-tworzenie-i-przegladanie-dokumentow-sprzedazowych\/automatyczne-wystawianie-faktur-prowizyjnych-na-linie-lotnicze\">Automatyczne wystawianie faktur prowizyjnych na linie lotnicze<\/a><\/p>\n\n\n\n<h2 class=\"wp-block-heading\">Faktury zbiorcze<\/h2>\n\n\n\n<p><a href=\"https:\/\/mikrosystem.pl\/index.php\/pomoc\/eknf-instrukcja-obslugi\/fakturowanie-zbiorcze-z-listy-pozycji-zamowienhttps:\/\/mikrosystem.pl\/index.php\/pomoc\/eknf-instrukcja-obslugi\/fakturowanie-zbiorcze-z-listy-pozycji-zamowien\">Fakturowanie zbiorcze z Listy pozycji zam\u00f3wie\u0144<\/a><\/p>\n\n\n\n<h2 class=\"wp-block-heading\">Faktury koryguj\u0105ce dla r\u00f3\u017cnych typ\u00f3w produkt\u00f3w <\/h2>\n\n\n\n<p><a href=\"https:\/\/mikrosystem.pl\/index.php\/pomoc\/eknf-instrukcja-obslugi\/korekta-faktury\/korygowanie-faktur-z-modulu-adesku\">Wystawianie faktur koryguj\u0105cych z modu\u0142u ADesk &#8211; do bilet\u00f3w lotniczych, samochod\u00f3w, transfer\u00f3w, ubezpiecze\u0144 <\/a><\/p>\n\n\n\n<p><a href=\"https:\/\/mikrosystem.pl\/index.php\/pomoc\/eknf-instrukcja-obslugi\/korekta-faktury\/korygowanie-faktury-z-modulu-sprzedaz\">Wystawianie faktur koryguj\u0105cych z modu\u0142u Sprzeda\u017c<\/a><\/p>\n\n\n\n<p><a href=\"https:\/\/mikrosystem.pl\/index.php\/pomoc\/eknf-instrukcja-obslugi\/korekta-faktury\/korygowanie-faktur-z-modulu-lista-pozycji-zamowien\">Wystawianie faktur koryguj\u0105cych do faktur zbiorczych lub zgrupowanych trwale &#8211; z modu\u0142u Lista pozycji zam\u00f3wie\u0144<\/a><\/p>\n\n\n\n<h2 class=\"wp-block-heading\">Faktury &#8211; cz\u0119sto zadawane pytania<\/h2>\n\n\n\n<p><a href=\"https:\/\/mikrosystem.pl\/index.php\/pomoc\/eknf-instrukcja-obslugi\/fakturowanie\/w-jaki-sposob-nalezy-zaokraglac-kwoty-podatku-vat\">Jak s\u0105 zaokr\u0105glane kwoty podatku VAT?<\/a><\/p>\n\n\n\n<p><a href=\"https:\/\/mikrosystem.pl\/index.php\/pomoc\/eknf-instrukcja-obslugi\/fakturowanie\/wyliczanie-vat-od-kwoty-brutto\">W jaki spos\u00f3b wylicza si\u0119 VAT od kwoty brutto?<\/a><\/p>\n\n\n\n<p><a href=\"https:\/\/mikrosystem.pl\/index.php\/pomoc\/eknf-instrukcja-obslugi\/fakturowanie\/w-jaki-sposob-nalezy-wyliczac-sume-podatku-vat-na-fakturze\">W jaki spos\u00f3b wyliczana jest suma podatku VAT na fakturze?<\/a><\/p>\n\n\n\n<p><a href=\"https:\/\/mikrosystem.pl\/index.php\/pomoc\/eknf-instrukcja-obslugi\/fakturowanie\/jakie-obowiazkowe-elementy-musi-zawierac-faktura\">Jakie obowi\u0105zkowe elementy musi posiada\u0107 faktura VAT?<\/a><\/p>\n\n\n\n<p><a href=\"https:\/\/mikrosystem.pl\/index.php\/pomoc\/eknf-instrukcja-obslugi\/fakturowanie\/jakie-obowiazkowe-elementy-musi-zawierac-faktura-korygujaca\">Jakie obowi\u0105zkowe elementy musi zawiera\u0107 faktura koryguj\u0105ca?<\/a><\/p>\n\n\n\n<p><a href=\"https:\/\/mikrosystem.pl\/index.php\/pomoc\/eknf-instrukcja-obslugi\/fakturowanie\/kurs-wymiany-stosowany-w-czasie-wystawiania-faktur-w-walutach-obcych\">Jaki kurs wymiany walut nale\u017cy stosowa\u0107 w czasie wystawiania faktury?<\/a><\/p>\n\n\n\n<p><a href=\"https:\/\/mikrosystem.pl\/index.php\/pomoc\/eknf-instrukcja-obslugi\/fakturowanie\/co-stanowi-podstawe-do-wystawienia-faktury-korygujacej\">Co stanowi podstaw\u0119 do wystawienia faktury koryguj\u0105cej?<\/a><\/p>\n\n\n\n<p><a href=\"https:\/\/mikrosystem.pl\/mikrosystem_www\/wp-content\/uploads\/2018\/08\/IATA_JPK.pdf\">Wytyczne IATA w sprawie prawid\u0142owego wystawiania faktur w imieniu linii lotniczych przez Agent\u00f3w IATA<\/a><\/p>\n\n\n\n<p><a href=\"https:\/\/mikrosystem.pl\/index.php\/pomoc\/eknf-instrukcja-obslugi\/fakturowanie\/stawki-vat-najczesciej-stosowane-przy-sprzedazy-biletow-lotniczych\">Jakie stawki VAT s\u0105 najcz\u0119\u015bciej stosowane przy sprzeda\u017cy bilet\u00f3w lotniczych i do op\u0142at serwisowych?<\/a><\/p>\n","protected":false},"excerpt":{"rendered":"<p>Proces fakturowania us\u0142ug turystycznych przebiega w r\u00f3\u017cny spos\u00f3b w zale\u017cno\u015bci od typu us\u0142ugi (bilet lotniczy, bilet kolejowy, hotel, wynajem samochodu, transfer, rozliczenie prowizji itd), wystawcy faktury (biuro podr\u00f3\u017cy IATA, biuro non-IATA, linia lotnicza, sklep internetowy), rodzaju nabywcy (klient indywidualny, firma), typu podr\u00f3\u017cy (podr\u00f3\u017c biznesowa, prywatna), czy sposobu dostarczenia (KSeF, PDF\/email). Na tej stronie zebrane s\u0105 &#8230; <a title=\"Fakturowanie\" class=\"read-more\" href=\"https:\/\/mikrosystem.pl\/index.php\/pomoc\/eknf-instrukcja-obslugi\/fakturowanie\" aria-label=\"Dowiedz si\u0119 wi\u0119cej o Fakturowanie\">Read more<\/a><\/p>\n","protected":false},"author":5,"featured_media":0,"parent":1802,"menu_order":0,"comment_status":"closed","ping_status":"closed","template":"","meta":{"generate_page_header":"","footnotes":""},"class_list":{"0":"post-6236","1":"page","2":"type-page","3":"status-publish","5":"infinite-scroll-item"},"_links":{"self":[{"href":"https:\/\/mikrosystem.pl\/index.php\/wp-json\/wp\/v2\/pages\/6236","targetHints":{"allow":["GET"]}}],"collection":[{"href":"https:\/\/mikrosystem.pl\/index.php\/wp-json\/wp\/v2\/pages"}],"about":[{"href":"https:\/\/mikrosystem.pl\/index.php\/wp-json\/wp\/v2\/types\/page"}],"author":[{"embeddable":true,"href":"https:\/\/mikrosystem.pl\/index.php\/wp-json\/wp\/v2\/users\/5"}],"replies":[{"embeddable":true,"href":"https:\/\/mikrosystem.pl\/index.php\/wp-json\/wp\/v2\/comments?post=6236"}],"version-history":[{"count":2,"href":"https:\/\/mikrosystem.pl\/index.php\/wp-json\/wp\/v2\/pages\/6236\/revisions"}],"predecessor-version":[{"id":6248,"href":"https:\/\/mikrosystem.pl\/index.php\/wp-json\/wp\/v2\/pages\/6236\/revisions\/6248"}],"up":[{"embeddable":true,"href":"https:\/\/mikrosystem.pl\/index.php\/wp-json\/wp\/v2\/pages\/1802"}],"wp:attachment":[{"href":"https:\/\/mikrosystem.pl\/index.php\/wp-json\/wp\/v2\/media?parent=6236"}],"curies":[{"name":"wp","href":"https:\/\/api.w.org\/{rel}","templated":true}]}}