{"id":600,"date":"2011-01-25T17:33:46","date_gmt":"2011-01-25T16:33:46","guid":{"rendered":"http:\/\/mikrosystem.pl\/index.php"},"modified":"2019-02-13T10:18:02","modified_gmt":"2019-02-13T09:18:02","slug":"office-location","status":"publish","type":"page","link":"https:\/\/mikrosystem.pl\/index.php\/kontakt\/office-location","title":{"rendered":"Lokalizacja biura"},"content":{"rendered":"<p>MIKROSYSTEM, ul. Pu\u0142awska 45 B, 05-500 Piaseczno<br \/>\n<iframe loading=\"lazy\" src=\"http:\/\/maps.google.com\/maps?f=d&amp;source=s_d&amp;saddr=&amp;daddr=52.091782,21.017833&amp;geocode=&amp;hl=pl&amp;mra=dme&amp;mrcr=0&amp;mrsp=1&amp;sz=16&amp;sll=52.09196,21.01765&amp;sspn=0.007172,0.01929&amp;ie=UTF8&amp;t=h&amp;ll=52.091927,21.017618&amp;spn=0.012656,0.027466&amp;z=15&amp;output=embed\" marginwidth=\"0\" marginheight=\"0\" scrolling=\"no\" width=\"640\" height=\"480\" frameborder=\"0\"><\/iframe><br \/>\n<small><a style=\"color: #0000ff; text-align: left;\" href=\"http:\/\/maps.google.com\/maps?f=d&amp;source=embed&amp;saddr=&amp;daddr=52.091782,21.017833&amp;geocode=&amp;hl=pl&amp;mra=dme&amp;mrcr=0&amp;mrsp=1&amp;sz=16&amp;sll=52.09196,21.01765&amp;sspn=0.007172,0.01929&amp;ie=UTF8&amp;t=h&amp;ll=52.091927,21.017618&amp;spn=0.012656,0.027466&amp;z=15\">Wy\u015bwietl wi\u0119ksz\u0105 map\u0119<\/a><\/small><\/p>","protected":false},"excerpt":{"rendered":"<p>MIKROSYSTEM, ul. Pu\u0142awska 45 B, 05-500 Piaseczno Wy\u015bwietl wi\u0119ksz\u0105 map\u0119<\/p>\n","protected":false},"author":5,"featured_media":0,"parent":406,"menu_order":0,"comment_status":"closed","ping_status":"closed","template":"","meta":{"generate_page_header":"","footnotes":""},"class_list":{"0":"post-600","1":"page","2":"type-page","3":"status-publish","5":"infinite-scroll-item"},"_links":{"self":[{"href":"https:\/\/mikrosystem.pl\/index.php\/wp-json\/wp\/v2\/pages\/600","targetHints":{"allow":["GET"]}}],"collection":[{"href":"https:\/\/mikrosystem.pl\/index.php\/wp-json\/wp\/v2\/pages"}],"about":[{"href":"https:\/\/mikrosystem.pl\/index.php\/wp-json\/wp\/v2\/types\/page"}],"author":[{"embeddable":true,"href":"https:\/\/mikrosystem.pl\/index.php\/wp-json\/wp\/v2\/users\/5"}],"replies":[{"embeddable":true,"href":"https:\/\/mikrosystem.pl\/index.php\/wp-json\/wp\/v2\/comments?post=600"}],"version-history":[{"count":8,"href":"https:\/\/mikrosystem.pl\/index.php\/wp-json\/wp\/v2\/pages\/600\/revisions"}],"predecessor-version":[{"id":4145,"href":"https:\/\/mikrosystem.pl\/index.php\/wp-json\/wp\/v2\/pages\/600\/revisions\/4145"}],"up":[{"embeddable":true,"href":"https:\/\/mikrosystem.pl\/index.php\/wp-json\/wp\/v2\/pages\/406"}],"wp:attachment":[{"href":"https:\/\/mikrosystem.pl\/index.php\/wp-json\/wp\/v2\/media?parent=600"}],"curies":[{"name":"wp","href":"https:\/\/api.w.org\/{rel}","templated":true}]}}