{"id":6,"date":"2009-07-14T16:16:55","date_gmt":"2009-07-14T14:16:55","guid":{"rendered":"http:\/\/beta.mikrosystem.pl\/?page_id=6"},"modified":"2026-03-30T21:00:42","modified_gmt":"2026-03-30T19:00:42","slug":"o-naszej-firmie","status":"publish","type":"page","link":"https:\/\/mikrosystem.pl\/index.php\/o-naszej-firmie","title":{"rendered":"Produkty"},"content":{"rendered":"<p><\/p>\n\n\n\n<div class=\"wp-block-columns is-layout-flex wp-container-core-columns-is-layout-9d6595d7 wp-block-columns-is-layout-flex\">\n<div class=\"wp-block-column is-layout-flow wp-block-column-is-layout-flow\" style=\"flex-basis:33.33%\"><div class=\"wp-block-image\">\n<figure class=\"alignleft\"><a href=\"https:\/\/mikrosystem.pl\/index.php\/o-naszej-firmie\/eknf-system-fakturujacy-mid-office-back-office-dla-biur-podrozy-i-linii-lotniczych\"><img loading=\"lazy\" decoding=\"async\" width=\"960\" height=\"382\" src=\"https:\/\/mikrosystem.pl\/wp-content\/uploads\/2013\/11\/Mikrosystem_fb.png\" alt=\"Mikrosystem_fb\" class=\"wp-image-1599\" srcset=\"https:\/\/mikrosystem.pl\/mikrosystem_www\/wp-content\/uploads\/2013\/11\/Mikrosystem_fb.png 960w, https:\/\/mikrosystem.pl\/mikrosystem_www\/wp-content\/uploads\/2013\/11\/Mikrosystem_fb-300x119.png 300w\" sizes=\"auto, (max-width: 960px) 100vw, 960px\" \/><\/a><\/figure>\n<\/div><\/div>\n\n\n\n<div class=\"wp-block-column is-layout-flow wp-block-column-is-layout-flow\" style=\"flex-basis:66.66%\">\n<h2 class=\"wp-block-heading\"><a href=\"https:\/\/mikrosystem.pl\/index.php\/o-naszej-firmie\/eknf-system-fakturujacy-mid-office-back-office-dla-biur-podrozy-i-linii-lotniczych\"><strong>eKNF<\/strong><\/a> &#8211; uniwersalny system mid-office szczeg\u00f3lnie polecany dla biur podr\u00f3\u017cy obs\u0142uguj\u0105cych podr\u00f3\u017ce biznesowe.<\/h2>\n\n\n\n<p>Obs\u0142uga podr\u00f3\u017cy biznesowych i klient\u00f3w korporacyjnych znacznie r\u00f3\u017cni si\u0119 od pracy z klientami indywidualnymi: wymaga wyspecjalizowanych narz\u0119dzi, automatyzacji proces\u00f3w,&nbsp; i po\u0142\u0105cze\u0144 z wieloma zewn\u0119trznymi systemami.<\/p>\n\n\n<div class=\"wp-block-image\">\n<figure class=\"aligncenter is-resized\"><a href=\"https:\/\/mikrosystem.pl\/wp-content\/uploads\/2012\/07\/Unia.png\"><img loading=\"lazy\" decoding=\"async\" width=\"413\" height=\"72\" src=\"https:\/\/mikrosystem.pl\/wp-content\/uploads\/2012\/07\/Unia.png\" alt=\"Unia\" class=\"wp-image-1422\" style=\"aspect-ratio:5.735726080783417;width:138px;height:auto\" srcset=\"https:\/\/mikrosystem.pl\/mikrosystem_www\/wp-content\/uploads\/2012\/07\/Unia.png 413w, https:\/\/mikrosystem.pl\/mikrosystem_www\/wp-content\/uploads\/2012\/07\/Unia-300x52.png 300w\" sizes=\"auto, (max-width: 413px) 100vw, 413px\" \/><\/a><\/figure>\n<\/div>\n\n\n<p class=\"has-text-align-center\">Projekt wsp\u00f3\u0142finansowany przez Uni\u0119 Europejsk\u0105 z Europejskiego Funduszu rozwoju Regionalnego<\/p>\n\n\n\n<h2 class=\"wp-block-heading\"><\/h2>\n<\/div>\n<\/div>\n\n\n\n<div class=\"wp-block-columns is-layout-flex wp-container-core-columns-is-layout-9d6595d7 wp-block-columns-is-layout-flex\">\n<div class=\"wp-block-column is-layout-flow wp-block-column-is-layout-flow\" style=\"flex-basis:33.33%\">\n<figure class=\"wp-block-image size-large\"><img loading=\"lazy\" decoding=\"async\" width=\"1024\" height=\"645\" src=\"https:\/\/mikrosystem.pl\/mikrosystem_www\/wp-content\/uploads\/2026\/02\/BSPLink-Manager-1-1024x645.png\" alt=\"\" class=\"wp-image-5969\" srcset=\"https:\/\/mikrosystem.pl\/mikrosystem_www\/wp-content\/uploads\/2026\/02\/BSPLink-Manager-1-1024x645.png 1024w, https:\/\/mikrosystem.pl\/mikrosystem_www\/wp-content\/uploads\/2026\/02\/BSPLink-Manager-1-300x189.png 300w, https:\/\/mikrosystem.pl\/mikrosystem_www\/wp-content\/uploads\/2026\/02\/BSPLink-Manager-1-768x484.png 768w, https:\/\/mikrosystem.pl\/mikrosystem_www\/wp-content\/uploads\/2026\/02\/BSPLink-Manager-1.png 1233w\" sizes=\"auto, (max-width: 1024px) 100vw, 1024px\" \/><\/figure>\n<\/div>\n\n\n\n<div class=\"wp-block-column is-layout-flow wp-block-column-is-layout-flow\" style=\"flex-basis:66.66%\">\n<h2 class=\"wp-block-heading\"><strong>BSPLink Automation<\/strong> &#8211; System automatyzuj\u0105cy pobieranie danych z BSPLinku.<\/h2>\n\n\n\n<p>Automatyczna archiwizacja wszystkich typ\u00f3w dokument\u00f3w dost\u0119pnych w BSPLinku: Refund Applications, ADM, ACM, SPDR, SPCR, Billing files, Communications, z mo\u017cliwo\u015bci\u0105 zarz\u0105dzania, przegl\u0105dania, nadawania status\u00f3w, pobierania dokument\u00f3w i eksportu danych. Przystosowany do integracji z <strong><a href=\"https:\/\/mikrosystem.pl\/mikrosystem_www\/index.php\/160-2\/370-2?lang=pl\">eKNF <\/a><\/strong>i innymi systemami mid-office. Szczeg\u00f3lnie przydatny dla du\u017cych biur podr\u00f3\u017cy posiadaj\u0105cych kilka, lub wiele numer\u00f3w IATA.<\/p>\n\n\n\n<h2 class=\"wp-block-heading\"><\/p>\n<\/div>\n<\/div>\n\n\n\n<div class=\"wp-block-columns is-layout-flex wp-container-core-columns-is-layout-9d6595d7 wp-block-columns-is-layout-flex\">\n<div class=\"wp-block-column is-layout-flow wp-block-column-is-layout-flow\" style=\"flex-basis:33.33%\">\n<figure class=\"wp-block-image size-large\"><img loading=\"lazy\" decoding=\"async\" width=\"1024\" height=\"584\" src=\"https:\/\/mikrosystem.pl\/mikrosystem_www\/wp-content\/uploads\/2026\/02\/Parser-1024x584.png\" alt=\"\" class=\"wp-image-5974\" srcset=\"https:\/\/mikrosystem.pl\/mikrosystem_www\/wp-content\/uploads\/2026\/02\/Parser-1024x584.png 1024w, https:\/\/mikrosystem.pl\/mikrosystem_www\/wp-content\/uploads\/2026\/02\/Parser-300x171.png 300w, https:\/\/mikrosystem.pl\/mikrosystem_www\/wp-content\/uploads\/2026\/02\/Parser-768x438.png 768w, https:\/\/mikrosystem.pl\/mikrosystem_www\/wp-content\/uploads\/2026\/02\/Parser-1536x876.png 1536w, https:\/\/mikrosystem.pl\/mikrosystem_www\/wp-content\/uploads\/2026\/02\/Parser.png 1916w\" sizes=\"auto, (max-width: 1024px) 100vw, 1024px\" \/><\/figure>\n<\/div>\n\n\n\n<div class=\"wp-block-column is-layout-flow wp-block-column-is-layout-flow\" style=\"flex-basis:66.66%\">\n<h2 class=\"wp-block-heading\"><strong><a href=\"https:\/\/mikrosystem.pl\/mikrosystem_www\/index.php\/160-2\/370-2\">eKNF<\/a> Parser<\/strong> &#8211; narz\u0119dzie do automatycznego importu bilet\u00f3w i potwierdze\u0144 rezerwacji<\/h2>\n\n\n\n<p>Praca biur podr\u00f3\u017cy wi\u0105\u017ce si\u0119 z konieczno\u015bci\u0105 korzystania z bardzo wielu system\u00f3w rezerwacyjnych: hotelowych, samochodowych, lotniczych, kolejowych, promowych itd. Wiele z nich nie posiada interfejs\u00f3w umo\u017cliwiaj\u0105cych pobieranie danych w formie ustrukturyzowanej, co oznacza konieczno\u015b\u0107 r\u0119cznego wprowadzania danych do system\u00f3w mid-office i system\u00f3w finansowo-ksi\u0119gowych. Nasz uniwersalny parser, czyli narz\u0119dzie do automatycznego rozpoznawania i interpretowania tre\u015bci, pozwala na zautomatyzowanie pobierania danych z bardzo wielu \u017ar\u00f3de\u0142 i ich automatyczny import do <strong><a href=\"https:\/\/mikrosystem.pl\/mikrosystem_www\/index.php\/160-2\/370-2\">eKNF<\/a><\/strong>, lub &#8211; na \u017cyczenie &#8211; eksport do innych, wybranych system\u00f3w mid-office. Rozpoznajemy i obs\u0142ugujemy w ten spos\u00f3b ju\u017c ponad 100 r\u00f3\u017cnych format\u00f3w bilet\u00f3w, rezerwacji i potwierdze\u0144!<\/p>\n\n\n\n<h2 class=\"wp-block-heading\"><\/p>\n<\/div>\n<\/div>\n\n\n\n<p><\/p>","protected":false},"excerpt":{"rendered":"<p>eKNF &#8211; uniwersalny system mid-office szczeg\u00f3lnie polecany dla biur podr\u00f3\u017cy obs\u0142uguj\u0105cych podr\u00f3\u017ce biznesowe. Obs\u0142uga podr\u00f3\u017cy biznesowych i klient\u00f3w korporacyjnych znacznie r\u00f3\u017cni si\u0119 od pracy z klientami indywidualnymi: wymaga wyspecjalizowanych narz\u0119dzi, automatyzacji proces\u00f3w,&nbsp; i po\u0142\u0105cze\u0144 z wieloma zewn\u0119trznymi systemami. Projekt wsp\u00f3\u0142finansowany przez Uni\u0119 Europejsk\u0105 z Europejskiego Funduszu rozwoju Regionalnego BSPLink Automation &#8211; System automatyzuj\u0105cy pobieranie danych &#8230; <a title=\"Produkty\" class=\"read-more\" href=\"https:\/\/mikrosystem.pl\/index.php\/o-naszej-firmie\" aria-label=\"Dowiedz si\u0119 wi\u0119cej o Produkty\">Read more<\/a><\/p>\n","protected":false},"author":5,"featured_media":0,"parent":0,"menu_order":5,"comment_status":"closed","ping_status":"closed","template":"","meta":{"generate_page_header":"","footnotes":""},"class_list":{"0":"post-6","1":"page","2":"type-page","3":"status-publish","5":"infinite-scroll-item"},"_links":{"self":[{"href":"https:\/\/mikrosystem.pl\/index.php\/wp-json\/wp\/v2\/pages\/6","targetHints":{"allow":["GET"]}}],"collection":[{"href":"https:\/\/mikrosystem.pl\/index.php\/wp-json\/wp\/v2\/pages"}],"about":[{"href":"https:\/\/mikrosystem.pl\/index.php\/wp-json\/wp\/v2\/types\/page"}],"author":[{"embeddable":true,"href":"https:\/\/mikrosystem.pl\/index.php\/wp-json\/wp\/v2\/users\/5"}],"replies":[{"embeddable":true,"href":"https:\/\/mikrosystem.pl\/index.php\/wp-json\/wp\/v2\/comments?post=6"}],"version-history":[{"count":47,"href":"https:\/\/mikrosystem.pl\/index.php\/wp-json\/wp\/v2\/pages\/6\/revisions"}],"predecessor-version":[{"id":6643,"href":"https:\/\/mikrosystem.pl\/index.php\/wp-json\/wp\/v2\/pages\/6\/revisions\/6643"}],"wp:attachment":[{"href":"https:\/\/mikrosystem.pl\/index.php\/wp-json\/wp\/v2\/media?parent=6"}],"curies":[{"name":"wp","href":"https:\/\/api.w.org\/{rel}","templated":true}]}}