{"id":5886,"date":"2026-01-22T14:16:58","date_gmt":"2026-01-22T13:16:58","guid":{"rendered":"https:\/\/mikrosystem.pl\/?page_id=5886"},"modified":"2026-01-22T14:22:26","modified_gmt":"2026-01-22T13:22:26","slug":"nadawanie-uprawnien-do-wystawiania-faktur-w-ksef-w-kontekscie-linii-lotniczej-dla-certyfikatow-wydanych-na-pesel","status":"publish","type":"page","link":"https:\/\/mikrosystem.pl\/index.php\/pomoc\/ksef\/nadawanie-biurom-podrozy-uprawnien-do-wystawiania-faktur-w-ksef-przez-linie-lotnicze\/nadawanie-uprawnien-do-wystawiania-faktur-w-ksef-w-kontekscie-linii-lotniczej-dla-certyfikatow-wydanych-na-pesel","title":{"rendered":"Nadawanie uprawnie\u0144 do wystawiania faktur w KSeF w kontek\u015bcie linii lotniczej dla certyfikat\u00f3w wydanych na PESEL"},"content":{"rendered":"\n<p>Prawo do wystawiania faktur w imieniu linii lotniczej nadaje linia lotnicza w swoim module certyfikat\u00f3w i uprawnie\u0144. Uprawnienia nadane przez lini\u0119 nie s\u0105 widoczne w module certyfikat\u00f3w i uprawnie\u0144 Agenta. Istniej\u0105 dwie \u015bcie\u017cki nadania Agentowi niezb\u0119dnych uprawnie\u0144:<\/p>\n\n\n\n<div class=\"wp-block-columns is-layout-flex wp-container-core-columns-is-layout-9d6595d7 wp-block-columns-is-layout-flex\">\n<div class=\"wp-block-column is-layout-flow wp-block-column-is-layout-flow\">\n<h2 class=\"wp-block-heading\">Nadanie uprawnie\u0144 na PESEL<\/h2>\n\n\n\n<p>Agent przekazuje linii lotniczej numer PESEL, przy u\u017cyciu kt\u00f3rego zosta\u0142y wytworzone certyfikaty, kt\u00f3rymi b\u0119dzie si\u0119 pos\u0142ugiwa\u0142 wystawiaj\u0105c faktury w imieniu linii lotniczej. <\/p>\n\n\n\n<p>W takim wypadku linia nadaje uprawnienia na PESEL: Osobie fizycznej do pracy w KSeF.<\/p>\n\n\n\n<figure class=\"wp-block-image size-full\"><img loading=\"lazy\" decoding=\"async\" width=\"738\" height=\"962\" src=\"https:\/\/mikrosystem.pl\/mikrosystem_www\/wp-content\/uploads\/2026\/01\/image-28.png\" alt=\"\" class=\"wp-image-5897\" srcset=\"https:\/\/mikrosystem.pl\/mikrosystem_www\/wp-content\/uploads\/2026\/01\/image-28.png 738w, https:\/\/mikrosystem.pl\/mikrosystem_www\/wp-content\/uploads\/2026\/01\/image-28-230x300.png 230w\" sizes=\"auto, (max-width: 738px) 100vw, 738px\" \/><\/figure>\n\n\n\n<h2 class=\"wp-block-heading\">Czynno\u015bci po stronie Agenta<\/h2>\n\n\n\n<p>W tym scenariuszu po stronie Agenta nie s\u0105 wymagane dodatkowe czynno\u015bci.<\/p>\n\n\n\n<p><\/p>\n<\/div>\n\n\n\n<div class=\"wp-block-column is-layout-flow wp-block-column-is-layout-flow\">\n<h2 class=\"wp-block-heading\">Nadanie uprawnie\u0144 na NIP<\/h2>\n\n\n\n<p>Agent przekazuje linii lotniczej sw\u00f3j numer NIP (mimo, \u017ce b\u0119dzie si\u0119 pos\u0142ugiwa\u0142 certyfikatami wytworzonymi na PESEL).<\/p>\n\n\n\n<p>W takim przypadku linia lotnicza nadaje uprawnienia na NIP agenta z prawem do dalszego przekazywania uprawnie\u0144:<\/p>\n\n\n\n<figure class=\"wp-block-image size-full\"><img loading=\"lazy\" decoding=\"async\" width=\"481\" height=\"561\" src=\"https:\/\/mikrosystem.pl\/mikrosystem_www\/wp-content\/uploads\/2026\/01\/image-32.png\" alt=\"\" class=\"wp-image-5901\" srcset=\"https:\/\/mikrosystem.pl\/mikrosystem_www\/wp-content\/uploads\/2026\/01\/image-32.png 481w, https:\/\/mikrosystem.pl\/mikrosystem_www\/wp-content\/uploads\/2026\/01\/image-32-257x300.png 257w\" sizes=\"auto, (max-width: 481px) 100vw, 481px\" \/><\/figure>\n\n\n\n<p><\/p>\n\n\n\n<p><\/p>\n\n\n\n<h2 class=\"wp-block-heading\">Czynno\u015bci po stronie Agenta<\/h2>\n\n\n\n<p>Po nadaniu uprawnie\u0144 na NIP agenta przez lini\u0119, Agent loguje si\u0119 do swojego modu\u0142u certyfikat\u00f3w i uprawnie\u0144 i nadaje numerowi PESEL, przy u\u017cyciu kt\u00f3rego zosta\u0142y wytworzone certyfikaty, kt\u00f3rymi b\u0119dzie si\u0119 pos\u0142ugiwa\u0142, uprawnienia: Osobie fizycznej do pracy dla klienta.<\/p>\n\n\n\n<p>W polu PESEL nale\u017cy poda\u0107 numer PESEL, przy u\u017cyciu kt\u00f3rego wytworzono certyfikaty, w polu NIP &#8211; numer NIP linii lotniczej (na poni\u017cszym przyk\u0142adzie jest numer NIP PLL LOT), a jako zakres uprawnie\u0144 nale\u017cy zaznaczy\u0107 wystawianie faktur.<\/p>\n\n\n\n<figure class=\"wp-block-image size-full\"><img loading=\"lazy\" decoding=\"async\" width=\"728\" height=\"1018\" src=\"https:\/\/mikrosystem.pl\/mikrosystem_www\/wp-content\/uploads\/2026\/01\/image-33.png\" alt=\"\" class=\"wp-image-5902\" srcset=\"https:\/\/mikrosystem.pl\/mikrosystem_www\/wp-content\/uploads\/2026\/01\/image-33.png 728w, https:\/\/mikrosystem.pl\/mikrosystem_www\/wp-content\/uploads\/2026\/01\/image-33-215x300.png 215w\" sizes=\"auto, (max-width: 728px) 100vw, 728px\" \/><\/figure>\n\n\n\n<p>Po nadaniu uprawnie\u0144, s\u0105 one widoczne w MCU agenta w zak\u0142adce Zarz\u0105dzaj uprawnieniami:<\/p>\n\n\n\n<figure class=\"wp-block-image size-large\"><img loading=\"lazy\" decoding=\"async\" width=\"1024\" height=\"455\" src=\"https:\/\/mikrosystem.pl\/mikrosystem_www\/wp-content\/uploads\/2026\/01\/image-34-1024x455.png\" alt=\"\" class=\"wp-image-5905\" srcset=\"https:\/\/mikrosystem.pl\/mikrosystem_www\/wp-content\/uploads\/2026\/01\/image-34-1024x455.png 1024w, https:\/\/mikrosystem.pl\/mikrosystem_www\/wp-content\/uploads\/2026\/01\/image-34-300x133.png 300w, https:\/\/mikrosystem.pl\/mikrosystem_www\/wp-content\/uploads\/2026\/01\/image-34-768x342.png 768w, https:\/\/mikrosystem.pl\/mikrosystem_www\/wp-content\/uploads\/2026\/01\/image-34.png 1194w\" sizes=\"auto, (max-width: 1024px) 100vw, 1024px\" \/><\/figure>\n<\/div>\n<\/div>\n\n\n\n<p><\/p>\n\n\n\n<p><\/p>\n","protected":false},"excerpt":{"rendered":"<p>Prawo do wystawiania faktur w imieniu linii lotniczej nadaje linia lotnicza w swoim module certyfikat\u00f3w i uprawnie\u0144. Uprawnienia nadane przez lini\u0119 nie s\u0105 widoczne w module certyfikat\u00f3w i uprawnie\u0144 Agenta. Istniej\u0105 dwie \u015bcie\u017cki nadania Agentowi niezb\u0119dnych uprawnie\u0144: Nadanie uprawnie\u0144 na PESEL Agent przekazuje linii lotniczej numer PESEL, przy u\u017cyciu kt\u00f3rego zosta\u0142y wytworzone certyfikaty, kt\u00f3rymi b\u0119dzie &#8230; <a title=\"Nadawanie uprawnie\u0144 do wystawiania faktur w KSeF w kontek\u015bcie linii lotniczej dla certyfikat\u00f3w wydanych na PESEL\" class=\"read-more\" href=\"https:\/\/mikrosystem.pl\/index.php\/pomoc\/ksef\/nadawanie-biurom-podrozy-uprawnien-do-wystawiania-faktur-w-ksef-przez-linie-lotnicze\/nadawanie-uprawnien-do-wystawiania-faktur-w-ksef-w-kontekscie-linii-lotniczej-dla-certyfikatow-wydanych-na-pesel\" aria-label=\"Dowiedz si\u0119 wi\u0119cej o Nadawanie uprawnie\u0144 do wystawiania faktur w KSeF w kontek\u015bcie linii lotniczej dla certyfikat\u00f3w wydanych na PESEL\">Read more<\/a><\/p>\n","protected":false},"author":5,"featured_media":0,"parent":5785,"menu_order":0,"comment_status":"closed","ping_status":"closed","template":"","meta":{"generate_page_header":"","footnotes":""},"class_list":{"0":"post-5886","1":"page","2":"type-page","3":"status-publish","5":"infinite-scroll-item"},"_links":{"self":[{"href":"https:\/\/mikrosystem.pl\/index.php\/wp-json\/wp\/v2\/pages\/5886","targetHints":{"allow":["GET"]}}],"collection":[{"href":"https:\/\/mikrosystem.pl\/index.php\/wp-json\/wp\/v2\/pages"}],"about":[{"href":"https:\/\/mikrosystem.pl\/index.php\/wp-json\/wp\/v2\/types\/page"}],"author":[{"embeddable":true,"href":"https:\/\/mikrosystem.pl\/index.php\/wp-json\/wp\/v2\/users\/5"}],"replies":[{"embeddable":true,"href":"https:\/\/mikrosystem.pl\/index.php\/wp-json\/wp\/v2\/comments?post=5886"}],"version-history":[{"count":2,"href":"https:\/\/mikrosystem.pl\/index.php\/wp-json\/wp\/v2\/pages\/5886\/revisions"}],"predecessor-version":[{"id":5906,"href":"https:\/\/mikrosystem.pl\/index.php\/wp-json\/wp\/v2\/pages\/5886\/revisions\/5906"}],"up":[{"embeddable":true,"href":"https:\/\/mikrosystem.pl\/index.php\/wp-json\/wp\/v2\/pages\/5785"}],"wp:attachment":[{"href":"https:\/\/mikrosystem.pl\/index.php\/wp-json\/wp\/v2\/media?parent=5886"}],"curies":[{"name":"wp","href":"https:\/\/api.w.org\/{rel}","templated":true}]}}