{"id":5863,"date":"2026-01-14T16:25:43","date_gmt":"2026-01-14T15:25:43","guid":{"rendered":"https:\/\/mikrosystem.pl\/?page_id=5863"},"modified":"2026-01-14T16:25:44","modified_gmt":"2026-01-14T15:25:44","slug":"dodatkowe-elementy-na-fakturach-zwiazane-z-wejsciem-w-zycie-systemu-ksef","status":"publish","type":"page","link":"https:\/\/mikrosystem.pl\/index.php\/pomoc\/ksef\/dodatkowe-elementy-na-fakturach-zwiazane-z-wejsciem-w-zycie-systemu-ksef","title":{"rendered":"Dodatkowe elementy na fakturach zwi\u0105zane z wej\u015bciem w \u017cycie systemu KSeF"},"content":{"rendered":"\n<p>Faktury wystawione w KSeF posiadaj\u0105 kilka dodatkowych element\u00f3w, umieszczonych na na ko\u0144cu faktury: Numer faktury w KSeF, oraz link umo\u017cliwiaj\u0105cy podgl\u0105d faktury w KSeF zapisany w dw\u00f3ch postaciach: tekstowej i w formie kodu QR.<\/p>\n\n\n\n<figure class=\"wp-block-image size-large\"><img loading=\"lazy\" decoding=\"async\" width=\"1024\" height=\"405\" src=\"https:\/\/mikrosystem.pl\/mikrosystem_www\/wp-content\/uploads\/2026\/01\/image-20-1024x405.png\" alt=\"\" class=\"wp-image-5864\" srcset=\"https:\/\/mikrosystem.pl\/mikrosystem_www\/wp-content\/uploads\/2026\/01\/image-20-1024x405.png 1024w, https:\/\/mikrosystem.pl\/mikrosystem_www\/wp-content\/uploads\/2026\/01\/image-20-300x119.png 300w, https:\/\/mikrosystem.pl\/mikrosystem_www\/wp-content\/uploads\/2026\/01\/image-20-768x304.png 768w, https:\/\/mikrosystem.pl\/mikrosystem_www\/wp-content\/uploads\/2026\/01\/image-20.png 1117w\" sizes=\"auto, (max-width: 1024px) 100vw, 1024px\" \/><\/figure>\n\n\n\n<p>W wypadku faktury wystawionej offline, czyli w razie niedost\u0119pno\u015bci KSeFu, albo przes\u0142anej z op\u00f3\u017anieniem, na wizualizacji faktury pojawia si\u0119 drugi, dodatkowy kod QR potwierdzaj\u0105cy, \u017ce wystawca jest zarejestrowany w KSeF, a w miejscu numeru faktury drukowany jest tekst OFFLINE<\/p>\n","protected":false},"excerpt":{"rendered":"<p>Faktury wystawione w KSeF posiadaj\u0105 kilka dodatkowych element\u00f3w, umieszczonych na na ko\u0144cu faktury: Numer faktury w KSeF, oraz link umo\u017cliwiaj\u0105cy podgl\u0105d faktury w KSeF zapisany w dw\u00f3ch postaciach: tekstowej i w formie kodu QR. W wypadku faktury wystawionej offline, czyli w razie niedost\u0119pno\u015bci KSeFu, albo przes\u0142anej z op\u00f3\u017anieniem, na wizualizacji faktury pojawia si\u0119 drugi, dodatkowy &#8230; <a title=\"Dodatkowe elementy na fakturach zwi\u0105zane z wej\u015bciem w \u017cycie systemu KSeF\" class=\"read-more\" href=\"https:\/\/mikrosystem.pl\/index.php\/pomoc\/ksef\/dodatkowe-elementy-na-fakturach-zwiazane-z-wejsciem-w-zycie-systemu-ksef\" aria-label=\"Dowiedz si\u0119 wi\u0119cej o Dodatkowe elementy na fakturach zwi\u0105zane z wej\u015bciem w \u017cycie systemu KSeF\">Read more<\/a><\/p>\n","protected":false},"author":5,"featured_media":0,"parent":5455,"menu_order":0,"comment_status":"closed","ping_status":"closed","template":"","meta":{"generate_page_header":"","footnotes":""},"class_list":{"0":"post-5863","1":"page","2":"type-page","3":"status-publish","5":"infinite-scroll-item"},"_links":{"self":[{"href":"https:\/\/mikrosystem.pl\/index.php\/wp-json\/wp\/v2\/pages\/5863","targetHints":{"allow":["GET"]}}],"collection":[{"href":"https:\/\/mikrosystem.pl\/index.php\/wp-json\/wp\/v2\/pages"}],"about":[{"href":"https:\/\/mikrosystem.pl\/index.php\/wp-json\/wp\/v2\/types\/page"}],"author":[{"embeddable":true,"href":"https:\/\/mikrosystem.pl\/index.php\/wp-json\/wp\/v2\/users\/5"}],"replies":[{"embeddable":true,"href":"https:\/\/mikrosystem.pl\/index.php\/wp-json\/wp\/v2\/comments?post=5863"}],"version-history":[{"count":1,"href":"https:\/\/mikrosystem.pl\/index.php\/wp-json\/wp\/v2\/pages\/5863\/revisions"}],"predecessor-version":[{"id":5865,"href":"https:\/\/mikrosystem.pl\/index.php\/wp-json\/wp\/v2\/pages\/5863\/revisions\/5865"}],"up":[{"embeddable":true,"href":"https:\/\/mikrosystem.pl\/index.php\/wp-json\/wp\/v2\/pages\/5455"}],"wp:attachment":[{"href":"https:\/\/mikrosystem.pl\/index.php\/wp-json\/wp\/v2\/media?parent=5863"}],"curies":[{"name":"wp","href":"https:\/\/api.w.org\/{rel}","templated":true}]}}