{"id":5838,"date":"2026-01-14T15:01:48","date_gmt":"2026-01-14T14:01:48","guid":{"rendered":"https:\/\/mikrosystem.pl\/?page_id=5838"},"modified":"2026-01-14T15:13:10","modified_gmt":"2026-01-14T14:13:10","slug":"przesylanie-faktur-wystawionych-w-systemie-eknf-do-ksef-w-trybie-manualnym","status":"publish","type":"page","link":"https:\/\/mikrosystem.pl\/index.php\/pomoc\/ksef\/przesylanie-faktur-wystawionych-w-systemie-eknf-do-ksef-w-trybie-manualnym","title":{"rendered":"Przesy\u0142anie faktur wystawionych w systemie eKNF do KSeF w trybie manualnym"},"content":{"rendered":"\n<pre class=\"wp-block-code\"><code><strong>Uwaga<\/strong>: funkcje opisane w tym rozdziale s\u0105 dost\u0119pne pod warunkiem, \u017ce do eKNF za\u0142adowano ju\u017c <a href=\"https:\/\/mikrosystem.pl\/index.php\/pomoc\/ksef\/wprowadzenie-do-konfiguracji-eknf-certyfikatow-niezbednych-do-wystawiania-i-przesylania-faktur-do-ksef\" data-type=\"page\" data-id=\"5768\">certyfikaty<\/a>, ustawiono w konfiguracji <a href=\"https:\/\/mikrosystem.pl\/index.php\/pomoc\/ksef\/nadanie-uzytkownikom-eknf-uprawnien-do-wystawiania-faktur-w-ksef-i-wybor-srodowiska-demo-prod\" data-type=\"page\" data-id=\"5809\">\u015brodowisko do pracy (DEMO albo PROD)<\/a> a u\u017cytkownik <a href=\"https:\/\/mikrosystem.pl\/index.php\/pomoc\/ksef\/nadanie-uzytkownikom-eknf-uprawnien-do-wystawiania-faktur-w-ksef-i-wybor-srodowiska-demo-prod\" data-type=\"page\" data-id=\"5809\">posiada uprawnienia<\/a> do wystawiania faktur w KSeF. <\/code><\/pre>\n\n\n\n<p>Wysy\u0142ka faktur do KSeF odbywa si\u0119 w module Sprzeda\u017c. Funkcje zwi\u0105zane z KSeF s\u0105 dost\u0119pne pod prawym klawiszem myszy.<\/p>\n\n\n\n<h2 class=\"wp-block-heading\">Wysy\u0142ka pojedynczej faktury<\/h2>\n\n\n\n<p>Faktur\u0119, kt\u00f3ra nie zosta\u0142a jeszcze wys\u0142ana do KSeF (czyli tak\u0105, kt\u00f3ra w kolumnie KSeF nie ma numeru) wysy\u0142amy klikaj\u0105c na ni\u0105 prawym klawiszem myszy, a nast\u0119pnie wybieraj\u0105c: KSeF -&gt; Wy\u015blij do KSeF<\/p>\n\n\n\n<figure class=\"wp-block-image size-full\"><img loading=\"lazy\" decoding=\"async\" width=\"876\" height=\"1020\" src=\"https:\/\/mikrosystem.pl\/mikrosystem_www\/wp-content\/uploads\/2026\/01\/image-8.png\" alt=\"\" class=\"wp-image-5839\" srcset=\"https:\/\/mikrosystem.pl\/mikrosystem_www\/wp-content\/uploads\/2026\/01\/image-8.png 876w, https:\/\/mikrosystem.pl\/mikrosystem_www\/wp-content\/uploads\/2026\/01\/image-8-258x300.png 258w, https:\/\/mikrosystem.pl\/mikrosystem_www\/wp-content\/uploads\/2026\/01\/image-8-768x894.png 768w\" sizes=\"auto, (max-width: 876px) 100vw, 876px\" \/><\/figure>\n\n\n\n<h2 class=\"wp-block-heading\">Wysy\u0142ka wielu faktur<\/h2>\n\n\n\n<p>Przypominamy, \u017ce aby zaznaczy\u0107 jednym klikni\u0119ciem wszystkie widoczne na li\u015bcie faktury, nale\u017cy klikn\u0105\u0107 na kwadracik (check-box) znajduj\u0105cy si\u0119 w wierszu z nag\u0142\u00f3wkami kolumn, na lewo od kolumny Numer faktury<\/p>\n\n\n\n<figure class=\"wp-block-image size-full\"><img loading=\"lazy\" decoding=\"async\" width=\"877\" height=\"444\" src=\"https:\/\/mikrosystem.pl\/mikrosystem_www\/wp-content\/uploads\/2026\/01\/image-10.png\" alt=\"\" class=\"wp-image-5841\" srcset=\"https:\/\/mikrosystem.pl\/mikrosystem_www\/wp-content\/uploads\/2026\/01\/image-10.png 877w, https:\/\/mikrosystem.pl\/mikrosystem_www\/wp-content\/uploads\/2026\/01\/image-10-300x152.png 300w, https:\/\/mikrosystem.pl\/mikrosystem_www\/wp-content\/uploads\/2026\/01\/image-10-768x389.png 768w\" sizes=\"auto, (max-width: 877px) 100vw, 877px\" \/><\/figure>\n\n\n\n<p>Aby jednocze\u015bnie wys\u0142a\u0107 do KSeF wiele faktur, nale\u017cy je wyszuka\u0107, zaznaczy\u0107, a nast\u0119pnie nacisn\u0105\u0107 prawy klawisz myszy i wybra\u0107: KSeF -> Wy\u015blij do KSeF wszystkie zaznaczone dokumenty.<\/p>\n\n\n\n<p>Je\u015bli w\u015br\u00f3d zaznaczonych wielu faktur znajd\u0105 si\u0119 r\u00f3wnie\u017c takie, kt\u00f3re ju\u017c wcze\u015bniej by\u0142y wys\u0142ane do KSeF, to eKNF zignoruje je i wy\u015ble tylko pozosta\u0142e &#8211; niewys\u0142ane dokumenty.<\/p>\n\n\n\n<figure class=\"wp-block-image size-full\"><img loading=\"lazy\" decoding=\"async\" width=\"875\" height=\"990\" src=\"https:\/\/mikrosystem.pl\/mikrosystem_www\/wp-content\/uploads\/2026\/01\/image-11.png\" alt=\"\" class=\"wp-image-5844\" srcset=\"https:\/\/mikrosystem.pl\/mikrosystem_www\/wp-content\/uploads\/2026\/01\/image-11.png 875w, https:\/\/mikrosystem.pl\/mikrosystem_www\/wp-content\/uploads\/2026\/01\/image-11-265x300.png 265w, https:\/\/mikrosystem.pl\/mikrosystem_www\/wp-content\/uploads\/2026\/01\/image-11-768x869.png 768w\" sizes=\"auto, (max-width: 875px) 100vw, 875px\" \/><\/figure>\n\n\n\n<p>Po od\u015bwie\u017ceniu strony w kolumnie KSeF pojawi\u0105 si\u0119 numery faktur nadanych przez KSeF, lub informacje o b\u0142\u0119dach &#8211; je\u015bli takie wyst\u0105pi\u0105.<\/p>\n","protected":false},"excerpt":{"rendered":"<p>Wysy\u0142ka faktur do KSeF odbywa si\u0119 w module Sprzeda\u017c. Funkcje zwi\u0105zane z KSeF s\u0105 dost\u0119pne pod prawym klawiszem myszy. Wysy\u0142ka pojedynczej faktury Faktur\u0119, kt\u00f3ra nie zosta\u0142a jeszcze wys\u0142ana do KSeF (czyli tak\u0105, kt\u00f3ra w kolumnie KSeF nie ma numeru) wysy\u0142amy klikaj\u0105c na ni\u0105 prawym klawiszem myszy, a nast\u0119pnie wybieraj\u0105c: KSeF -&gt; Wy\u015blij do KSeF Wysy\u0142ka &#8230; <a title=\"Przesy\u0142anie faktur wystawionych w systemie eKNF do KSeF w trybie manualnym\" class=\"read-more\" href=\"https:\/\/mikrosystem.pl\/index.php\/pomoc\/ksef\/przesylanie-faktur-wystawionych-w-systemie-eknf-do-ksef-w-trybie-manualnym\" aria-label=\"Dowiedz si\u0119 wi\u0119cej o Przesy\u0142anie faktur wystawionych w systemie eKNF do KSeF w trybie manualnym\">Read more<\/a><\/p>\n","protected":false},"author":5,"featured_media":0,"parent":5455,"menu_order":0,"comment_status":"closed","ping_status":"closed","template":"","meta":{"generate_page_header":"","footnotes":""},"class_list":{"0":"post-5838","1":"page","2":"type-page","3":"status-publish","5":"infinite-scroll-item"},"_links":{"self":[{"href":"https:\/\/mikrosystem.pl\/index.php\/wp-json\/wp\/v2\/pages\/5838","targetHints":{"allow":["GET"]}}],"collection":[{"href":"https:\/\/mikrosystem.pl\/index.php\/wp-json\/wp\/v2\/pages"}],"about":[{"href":"https:\/\/mikrosystem.pl\/index.php\/wp-json\/wp\/v2\/types\/page"}],"author":[{"embeddable":true,"href":"https:\/\/mikrosystem.pl\/index.php\/wp-json\/wp\/v2\/users\/5"}],"replies":[{"embeddable":true,"href":"https:\/\/mikrosystem.pl\/index.php\/wp-json\/wp\/v2\/comments?post=5838"}],"version-history":[{"count":4,"href":"https:\/\/mikrosystem.pl\/index.php\/wp-json\/wp\/v2\/pages\/5838\/revisions"}],"predecessor-version":[{"id":5849,"href":"https:\/\/mikrosystem.pl\/index.php\/wp-json\/wp\/v2\/pages\/5838\/revisions\/5849"}],"up":[{"embeddable":true,"href":"https:\/\/mikrosystem.pl\/index.php\/wp-json\/wp\/v2\/pages\/5455"}],"wp:attachment":[{"href":"https:\/\/mikrosystem.pl\/index.php\/wp-json\/wp\/v2\/media?parent=5838"}],"curies":[{"name":"wp","href":"https:\/\/api.w.org\/{rel}","templated":true}]}}