{"id":5809,"date":"2026-01-13T17:12:47","date_gmt":"2026-01-13T16:12:47","guid":{"rendered":"https:\/\/mikrosystem.pl\/?page_id=5809"},"modified":"2026-02-06T12:38:14","modified_gmt":"2026-02-06T11:38:14","slug":"nadanie-uzytkownikom-eknf-uprawnien-do-wystawiania-faktur-w-ksef-i-wybor-srodowiska-demo-prod","status":"publish","type":"page","link":"https:\/\/mikrosystem.pl\/index.php\/pomoc\/ksef\/nadanie-uzytkownikom-eknf-uprawnien-do-wystawiania-faktur-w-ksef-i-wybor-srodowiska-demo-prod","title":{"rendered":"Nadanie u\u017cytkownikom eKNF uprawnie\u0144 do wystawiania faktur w KSeF i wyb\u00f3r \u015brodowiska (Demo\/Prod)"},"content":{"rendered":"\n<pre class=\"wp-block-code\"><code><strong>Uwaga<\/strong>: Na potrzeby wysy\u0142ania faktur do KSeF z eKNF <span style=\"text-decoration: underline;\">nie jest wymagane nadawanie \u017cadnych indywidualnych uprawnie\u0144 pracownikom w Module Certyfikat\u00f3w i Uprawnie\u0144 KSeF<\/span>. Na tej stronie opisujemy kroki, kt\u00f3re nale\u017cy wykona\u0107 w eKNF, aby umo\u017cliwi\u0107 wybranym pracownikom wysy\u0142anie faktur do KSeF.<\/code><\/pre>\n\n\n\n<div class=\"wp-block-group is-nowrap is-layout-flex wp-container-core-group-is-layout-ad2f72ca wp-block-group-is-layout-flex\">\n<h2 class=\"wp-block-heading\">Nadawanie u\u017cytkownikom eKNF uprawnie\u0144 do wystawiania faktur w KSeF<\/h2>\n<\/div>\n\n\n\n<p>Uprawnienie do wystawiania faktur w KSeF nadaje si\u0119 grupom u\u017cytkownik\u00f3w eKNF. Takie uprawnienie ma ka\u017cda grupa u\u017cytkownik\u00f3w z przydzielonym zasobem ALLOW_KSEF_SEND. <\/p>\n\n\n\n<p>Aby przydzieli\u0107 to uprawnienie wybranym grupom u\u017cytkownik\u00f3w, nale\u017cy:<\/p>\n\n\n\n<ul class=\"wp-block-list\">\n<li>wej\u015b\u0107 w Administracja -&gt; Zasoby<\/li>\n\n\n\n<li>wyszuka\u0107 na li\u015bcie zasob\u00f3w: &#8220;KSeF &#8211; wysy\u0142ka faktur&#8221;<\/li>\n\n\n\n<li>doda\u0107 zas\u00f3b &#8220;KSeF &#8211; wysy\u0142ka faktur&#8221; do wybranych grup u\u017cytkownik\u00f3w (mo\u017cna go doda\u0107 do jednej lub do wielu grup)<\/li>\n<\/ul>\n\n\n\n<figure class=\"wp-block-image size-large\"><img loading=\"lazy\" decoding=\"async\" width=\"1024\" height=\"397\" src=\"https:\/\/mikrosystem.pl\/mikrosystem_www\/wp-content\/uploads\/2026\/01\/image-6-1024x397.png\" alt=\"\" class=\"wp-image-5812\" srcset=\"https:\/\/mikrosystem.pl\/mikrosystem_www\/wp-content\/uploads\/2026\/01\/image-6-1024x397.png 1024w, https:\/\/mikrosystem.pl\/mikrosystem_www\/wp-content\/uploads\/2026\/01\/image-6-300x116.png 300w, https:\/\/mikrosystem.pl\/mikrosystem_www\/wp-content\/uploads\/2026\/01\/image-6-768x298.png 768w, https:\/\/mikrosystem.pl\/mikrosystem_www\/wp-content\/uploads\/2026\/01\/image-6.png 1287w\" sizes=\"auto, (max-width: 1024px) 100vw, 1024px\" \/><\/figure>\n\n\n\n<p>Je\u015bli \u017cadna z istniej\u0105cych w eKNF grup u\u017cytkownik\u00f3w nie pasuje do os\u00f3b, kt\u00f3rym chcemy nada\u0107 prawo wystawiania faktur w KSeF (na przyk\u0142ad: je\u015bli chcemy, aby tylko wybrane osoby z grupy &#8220;Osoby wystawiaj\u0105ce faktury&#8221; mog\u0142y wystawia\u0107 faktury w KSeF) nale\u017cy:<\/p>\n\n\n\n<ul class=\"wp-block-list\">\n<li>utworzy\u0107 now\u0105 grup\u0119 u\u017cytkownik\u00f3w<\/li>\n\n\n\n<li>przypisa\u0107 jej zas\u00f3b &#8220;KSeF &#8211; wysy\u0142ka faktur&#8221; ( spos\u00f3b pokazany wy\u017cej)<\/li>\n\n\n\n<li>doda\u0107 do niej tych u\u017cytkownik\u00f3w, kt\u00f3rym chcemy nada\u0107 to uprawnienie.<\/li>\n<\/ul>\n\n\n\n<h2 class=\"wp-block-heading\">Wyb\u00f3r \u015brodowiska KSeF (Demo\/Prod)<\/h2>\n\n\n\n<p>\u015arodowisko Demo s\u0142u\u017cy do testowania funkcjonalno\u015bci zwi\u0105zanych z KSeF. Po zako\u0144czeniu test\u00f3w nale\u017cy przestawi\u0107 si\u0119 na \u015brodowisko Prod, czyli \u015brodowisko do wystawiania prawdziwych, produkcyjnych faktur. Po przej\u015bciu na Prod zdecydowanie odradzamy powr\u00f3t do \u015brodowiska Demo, poniewa\u017c wprowadzi to zamieszanie w oznaczeniach dokument\u00f3w w eKNF: cz\u0119\u015b\u0107 numer\u00f3w KSeF b\u0119dzie odnosi\u0107 si\u0119 do \u015brodowiska Demo, a cz\u0119\u015b\u0107 do Prod, co.<\/p>\n\n\n\n<p>\u015arodowisko, z kt\u00f3rym ma si\u0119 \u0142\u0105czy\u0107 eKNF, ustalamy w zmiennej systemowej KSEF_ENV. Zmienna ta mo\u017ce przyjmowa\u0107 cztery mo\u017cliwe warto\u015bci:<\/p>\n\n\n\n<p>0 &#8211; Funkcje KSeF wy\u0142\u0105czone<br>1 &#8211; \u015arodowisko Test (nie zalecamy korzystania z tego \u015brodowiska)<br>2 &#8211; \u015arodowisko Demo<br>3 &#8211; \u015arodowisko Prod<\/p>\n\n\n\n<p>Aby ustawi\u0107 \u015brodowisko do pracy, nale\u017cy wej\u015b\u0107 w Administracja -&gt; Parametry systemowe, zmieni\u0107 warto\u015b\u0107 tej zmiennej i zapisa\u0107 zmiany:<\/p>\n\n\n\n<figure class=\"wp-block-image size-large\"><img loading=\"lazy\" decoding=\"async\" width=\"1024\" height=\"385\" src=\"https:\/\/mikrosystem.pl\/mikrosystem_www\/wp-content\/uploads\/2026\/01\/image-7-1024x385.png\" alt=\"\" class=\"wp-image-5816\" srcset=\"https:\/\/mikrosystem.pl\/mikrosystem_www\/wp-content\/uploads\/2026\/01\/image-7-1024x385.png 1024w, https:\/\/mikrosystem.pl\/mikrosystem_www\/wp-content\/uploads\/2026\/01\/image-7-300x113.png 300w, https:\/\/mikrosystem.pl\/mikrosystem_www\/wp-content\/uploads\/2026\/01\/image-7-768x289.png 768w, https:\/\/mikrosystem.pl\/mikrosystem_www\/wp-content\/uploads\/2026\/01\/image-7-1536x578.png 1536w, https:\/\/mikrosystem.pl\/mikrosystem_www\/wp-content\/uploads\/2026\/01\/image-7.png 1539w\" sizes=\"auto, (max-width: 1024px) 100vw, 1024px\" \/><\/figure>\n\n\n\n<p><\/p>\n","protected":false},"excerpt":{"rendered":"<p>Nadawanie u\u017cytkownikom eKNF uprawnie\u0144 do wystawiania faktur w KSeF Uprawnienie do wystawiania faktur w KSeF nadaje si\u0119 grupom u\u017cytkownik\u00f3w eKNF. Takie uprawnienie ma ka\u017cda grupa u\u017cytkownik\u00f3w z przydzielonym zasobem ALLOW_KSEF_SEND. Aby przydzieli\u0107 to uprawnienie wybranym grupom u\u017cytkownik\u00f3w, nale\u017cy: Je\u015bli \u017cadna z istniej\u0105cych w eKNF grup u\u017cytkownik\u00f3w nie pasuje do os\u00f3b, kt\u00f3rym chcemy nada\u0107 prawo wystawiania &#8230; <a title=\"Nadanie u\u017cytkownikom eKNF uprawnie\u0144 do wystawiania faktur w KSeF i wyb\u00f3r \u015brodowiska (Demo\/Prod)\" class=\"read-more\" href=\"https:\/\/mikrosystem.pl\/index.php\/pomoc\/ksef\/nadanie-uzytkownikom-eknf-uprawnien-do-wystawiania-faktur-w-ksef-i-wybor-srodowiska-demo-prod\" aria-label=\"Dowiedz si\u0119 wi\u0119cej o Nadanie u\u017cytkownikom eKNF uprawnie\u0144 do wystawiania faktur w KSeF i wyb\u00f3r \u015brodowiska (Demo\/Prod)\">Read more<\/a><\/p>\n","protected":false},"author":5,"featured_media":0,"parent":5455,"menu_order":0,"comment_status":"closed","ping_status":"closed","template":"","meta":{"generate_page_header":"","footnotes":""},"class_list":{"0":"post-5809","1":"page","2":"type-page","3":"status-publish","5":"infinite-scroll-item"},"_links":{"self":[{"href":"https:\/\/mikrosystem.pl\/index.php\/wp-json\/wp\/v2\/pages\/5809","targetHints":{"allow":["GET"]}}],"collection":[{"href":"https:\/\/mikrosystem.pl\/index.php\/wp-json\/wp\/v2\/pages"}],"about":[{"href":"https:\/\/mikrosystem.pl\/index.php\/wp-json\/wp\/v2\/types\/page"}],"author":[{"embeddable":true,"href":"https:\/\/mikrosystem.pl\/index.php\/wp-json\/wp\/v2\/users\/5"}],"replies":[{"embeddable":true,"href":"https:\/\/mikrosystem.pl\/index.php\/wp-json\/wp\/v2\/comments?post=5809"}],"version-history":[{"count":2,"href":"https:\/\/mikrosystem.pl\/index.php\/wp-json\/wp\/v2\/pages\/5809\/revisions"}],"predecessor-version":[{"id":5947,"href":"https:\/\/mikrosystem.pl\/index.php\/wp-json\/wp\/v2\/pages\/5809\/revisions\/5947"}],"up":[{"embeddable":true,"href":"https:\/\/mikrosystem.pl\/index.php\/wp-json\/wp\/v2\/pages\/5455"}],"wp:attachment":[{"href":"https:\/\/mikrosystem.pl\/index.php\/wp-json\/wp\/v2\/media?parent=5809"}],"curies":[{"name":"wp","href":"https:\/\/api.w.org\/{rel}","templated":true}]}}