{"id":5785,"date":"2025-12-03T10:17:43","date_gmt":"2025-12-03T09:17:43","guid":{"rendered":"https:\/\/mikrosystem.pl\/?page_id=5785"},"modified":"2026-01-22T15:58:49","modified_gmt":"2026-01-22T14:58:49","slug":"nadawanie-biurom-podrozy-uprawnien-do-wystawiania-faktur-w-ksef-przez-linie-lotnicze","status":"publish","type":"page","link":"https:\/\/mikrosystem.pl\/index.php\/pomoc\/ksef\/nadawanie-biurom-podrozy-uprawnien-do-wystawiania-faktur-w-ksef-przez-linie-lotnicze","title":{"rendered":"Nadawanie biurom podr\u00f3\u017cy uprawnie\u0144 do wystawiania faktur w KSeF przez linie lotnicze"},"content":{"rendered":"\n<p id=\"block-d7c38424-ea4b-445a-aa00-9cebe49e394e\">Agenci IATA uwierzytelniaj\u0105 si\u0119 w KSeF wytworzonymi przez siebie certyfikatami. Do wystawiania faktur w imieniu linii lotniczej (czyli takich, na kt\u00f3rych sprzedawc\u0105 jest linia lotnicza) potrzebuj\u0105 stosownych uprawnie\u0144, kt\u00f3re linia lotnicza musi im nada\u0107. Nadawanie uprawnie\u0144 odbywa si\u0119 w Module Certyfikat\u00f3w i Uprawnie\u0144 (MCU).<\/p>\n\n\n\n<p id=\"block-cb488625-504d-40a5-ba06-6267ede04d38\">Agenci IATA b\u0119d\u0105cy osobami prawnymi (np.: sp\u00f3\u0142ki) lub inne podmioty pos\u0142uguj\u0105ce si\u0119 elektroniczn\u0105 piecz\u0119ci\u0105 NIP, uwierzytelniaj\u0105 si\u0119 w KSeF numerem NIP. W takich przypadkach linia lotnicza nadaje im uprawnienie &#8220;Podmiotowi do wystawiania i przegl\u0105dania faktur&#8221; (podaj\u0105c ich NIP i nazw\u0119). Przy czym uprawnienie to nale\u017cy ograniczy\u0107 tylko do &#8220;wystawiania faktur&#8221; (ni\u017cej, na tej samej stronie).<\/p>\n\n\n\n<figure class=\"wp-block-image\" id=\"block-42a59b0c-bc65-494c-9602-5f272ea9678f\"><img decoding=\"async\" src=\"https:\/\/mikrosystem.pl\/mikrosystem_www\/wp-content\/uploads\/2025\/12\/image-7-1024x894.png\" alt=\"Obrazek posiada pusty atrybut alt - plik: image-7-1024x894.png\"\/><\/figure>\n\n\n\n<p id=\"block-9ffd8c00-e3bf-49f0-8315-2142d18e1978\">Agenci IATA nieb\u0119d\u0105cy osobami prawnymi (np.: jednoosobowe dzia\u0142alno\u015bci gospodarcze, lub sp\u00f3\u0142ki osobowe, takie jak sp\u00f3\u0142ka cywilna) i nieposiadaj\u0105cy elektronicznej piecz\u0119ci NIP, uwierzytelniaj\u0105 si\u0119 w KSeF numerem PESEL. O tym, jak biuro podr\u00f3\u017cy mo\u017ce upewni\u0107 si\u0119, kt\u00f3rym identyfikatorem (NIPem czy PESELem) pos\u0142uguje si\u0119 w czasie uwierzytelniania w KSeF, piszemy wi\u0119cej <a href=\"https:\/\/mikrosystem.pl\/index.php\/pomoc\/ksef\/uzyskanie-uprawnien-od-zewnetrznych-podmiotow-np-linii-lotniczych-pkp-itd-do-wystawiania-e-faktur-w-ich-imieniu\" data-type=\"link\" data-id=\"https:\/\/mikrosystem.pl\/index.php\/pomoc\/ksef\/uzyskanie-uprawnien-od-zewnetrznych-podmiotow-np-linii-lotniczych-pkp-itd-do-wystawiania-e-faktur-w-ich-imieniu\"><strong>na tej stronie.<\/strong><\/a><\/p>\n\n\n\n<p id=\"block-9ffd8c00-e3bf-49f0-8315-2142d18e1978\">W tym przypadku istniej\u0105 dwie mo\u017cliwe \u015bcie\u017cki nadania uprawnie\u0144 niezb\u0119dnych do wystawiania faktur w imieniu linii lotniczej: Na PESEL lub na NIP. Uprawnienia nadane na NIP s\u0105 \u0142atwiejsze w p\u00f3\u017aniejszym zarz\u0105dzaniu, poniewa\u017c nie wymagaj\u0105 aktualizacji uprawnie\u0144 za ka\u017cdym razem, gdy zmienia si\u0119 certyfikat po stronie Agenta i nie wymagaj\u0105 przekazywania numer\u00f3w PESEL mi\u0119dzy podmiotami (RODO!), Wymagaj\u0105 jednak wykonania jednego dodatkowego kroku po stronie Agenta: wewn\u0119trznego nadania uprawnie\u0144 w module certyfikat\u00f3w i uprawnie\u0144 KSeF.<\/p>\n\n\n\n<p class=\"has-text-align-center\"><a href=\"https:\/\/mikrosystem.pl\/index.php\/pomoc\/ksef\/nadawanie-biurom-podrozy-uprawnien-do-wystawiania-faktur-w-ksef-przez-linie-lotnicze\/nadawanie-uprawnien-do-wystawiania-faktur-w-ksef-w-kontekscie-linii-lotniczej-dla-certyfikatow-wydanych-na-pesel\" data-type=\"page\" data-id=\"5886\"><strong>Obie \u015bcie\u017cki nadawania uprawnie\u0144 do wystawiania faktur w imieniu linii lotniczej dla agent\u00f3w korzystaj\u0105cych z certyfikat\u00f3w utworzonych w oparciu o PESEL opisali\u015bmy w tym liniku.<\/strong><\/a><\/p>\n\n\n\n<p><\/p>\n","protected":false},"excerpt":{"rendered":"<p>Agenci IATA uwierzytelniaj\u0105 si\u0119 w KSeF wytworzonymi przez siebie certyfikatami. Do wystawiania faktur w imieniu linii lotniczej (czyli takich, na kt\u00f3rych sprzedawc\u0105 jest linia lotnicza) potrzebuj\u0105 stosownych uprawnie\u0144, kt\u00f3re linia lotnicza musi im nada\u0107. Nadawanie uprawnie\u0144 odbywa si\u0119 w Module Certyfikat\u00f3w i Uprawnie\u0144 (MCU). Agenci IATA b\u0119d\u0105cy osobami prawnymi (np.: sp\u00f3\u0142ki) lub inne podmioty pos\u0142uguj\u0105ce &#8230; <a title=\"Nadawanie biurom podr\u00f3\u017cy uprawnie\u0144 do wystawiania faktur w KSeF przez linie lotnicze\" class=\"read-more\" href=\"https:\/\/mikrosystem.pl\/index.php\/pomoc\/ksef\/nadawanie-biurom-podrozy-uprawnien-do-wystawiania-faktur-w-ksef-przez-linie-lotnicze\" aria-label=\"Dowiedz si\u0119 wi\u0119cej o Nadawanie biurom podr\u00f3\u017cy uprawnie\u0144 do wystawiania faktur w KSeF przez linie lotnicze\">Read more<\/a><\/p>\n","protected":false},"author":5,"featured_media":0,"parent":5455,"menu_order":0,"comment_status":"closed","ping_status":"closed","template":"","meta":{"generate_page_header":"","footnotes":""},"class_list":{"0":"post-5785","1":"page","2":"type-page","3":"status-publish","5":"infinite-scroll-item"},"_links":{"self":[{"href":"https:\/\/mikrosystem.pl\/index.php\/wp-json\/wp\/v2\/pages\/5785","targetHints":{"allow":["GET"]}}],"collection":[{"href":"https:\/\/mikrosystem.pl\/index.php\/wp-json\/wp\/v2\/pages"}],"about":[{"href":"https:\/\/mikrosystem.pl\/index.php\/wp-json\/wp\/v2\/types\/page"}],"author":[{"embeddable":true,"href":"https:\/\/mikrosystem.pl\/index.php\/wp-json\/wp\/v2\/users\/5"}],"replies":[{"embeddable":true,"href":"https:\/\/mikrosystem.pl\/index.php\/wp-json\/wp\/v2\/comments?post=5785"}],"version-history":[{"count":4,"href":"https:\/\/mikrosystem.pl\/index.php\/wp-json\/wp\/v2\/pages\/5785\/revisions"}],"predecessor-version":[{"id":5908,"href":"https:\/\/mikrosystem.pl\/index.php\/wp-json\/wp\/v2\/pages\/5785\/revisions\/5908"}],"up":[{"embeddable":true,"href":"https:\/\/mikrosystem.pl\/index.php\/wp-json\/wp\/v2\/pages\/5455"}],"wp:attachment":[{"href":"https:\/\/mikrosystem.pl\/index.php\/wp-json\/wp\/v2\/media?parent=5785"}],"curies":[{"name":"wp","href":"https:\/\/api.w.org\/{rel}","templated":true}]}}