{"id":5768,"date":"2025-12-02T15:32:11","date_gmt":"2025-12-02T14:32:11","guid":{"rendered":"https:\/\/mikrosystem.pl\/?page_id=5768"},"modified":"2026-02-06T12:36:35","modified_gmt":"2026-02-06T11:36:35","slug":"wprowadzenie-do-konfiguracji-eknf-certyfikatow-niezbednych-do-wystawiania-i-przesylania-faktur-do-ksef","status":"publish","type":"page","link":"https:\/\/mikrosystem.pl\/index.php\/pomoc\/ksef\/wprowadzenie-do-konfiguracji-eknf-certyfikatow-niezbednych-do-wystawiania-i-przesylania-faktur-do-ksef","title":{"rendered":"Wprowadzenie do konfiguracji eKNF certyfikat\u00f3w niezb\u0119dnych do wystawiania i przesy\u0142ania faktur do KSeF"},"content":{"rendered":"\n<p>Tworzenie certyfikat\u00f3w na potrzeby KSeF om\u00f3wili\u015bmy w <a href=\"https:\/\/mikrosystem.pl\/index.php\/pomoc\/ksef\/utworzenie-certyfikatow-do-uwierzytelniania-sie-w-ksef-i-wystawiania-e-faktur\" data-type=\"page\" data-id=\"5740\">poprzednim rozdziale<\/a>. U\u017cytkownicy KSeF maj\u0105 do dyspozycji trzy \u015brodowiska. Do pracy w KSeF wymagane jest utworzenie pary certyfikat\u00f3w dla ka\u017cdego \u015brodowiska, w kt\u00f3rym eKNF ma si\u0119 \u0142\u0105czy\u0107 z systemem KSeF. Poni\u017cej opis tych \u015brodowisk:<\/p>\n\n\n\n<figure class=\"wp-block-table\"><table class=\"has-fixed-layout\"><tbody><tr><td>TEST<\/td><td>Umo\u017cliwia testowanie funkcjonalno\u015bci dost\u0119pnych w KSeF bez konieczno\u015bci uzyskania dost\u0119pu ani uwierzytelnienia si\u0119 realnymi danymi. W tym \u015brodowisku mo\u017cliwe jest zalogowanie si\u0119 na dowolnie wybrany NIP. Dane wprowadzone przez jednego testuj\u0105cego u\u017cytkownika s\u0105 widoczne przez wszystkich. Dlatego nie nale\u017cy tam wprowadza\u0107 \u017cadnych prawdziwych danych (np. numer\u00f3w PESEL) ani wysy\u0142a\u0107 realnie wystawionych faktur<\/td><\/tr><tr><td>DEMO<\/td><td>Umo\u017cliwia testowanie funkcjonalno\u015bci dost\u0119pnych w KSeF, ale wymaga uwierzytelnienia si\u0119 produkcyjnymi danymi logowania. W tym \u015brodowisku mo\u017cna np. testowa\u0107 przesy\u0142anie realnie wystawionych faktur do prawdziwych klient\u00f3w<\/td><\/tr><tr><td>PROD<\/td><td><br><a href=\"https:\/\/ap.ksef.mf.gov.pl\/web\/\"><strong>\u015arodowisko produkcyjne KSeF<\/strong><\/a><\/td><\/tr><\/tbody><\/table><\/figure>\n\n\n\n<p>Do zarz\u0105dzania certyfikatami KSeF w eKNF s\u0142u\u017cy modu\u0142: Administracja -&gt; KSeF &#8211; lista certyfikat\u00f3w<\/p>\n\n\n\n<figure class=\"wp-block-image size-large\"><img loading=\"lazy\" decoding=\"async\" width=\"1024\" height=\"554\" src=\"https:\/\/mikrosystem.pl\/mikrosystem_www\/wp-content\/uploads\/2025\/12\/image-1024x554.png\" alt=\"\" class=\"wp-image-5771\" srcset=\"https:\/\/mikrosystem.pl\/mikrosystem_www\/wp-content\/uploads\/2025\/12\/image-1024x554.png 1024w, https:\/\/mikrosystem.pl\/mikrosystem_www\/wp-content\/uploads\/2025\/12\/image-300x162.png 300w, https:\/\/mikrosystem.pl\/mikrosystem_www\/wp-content\/uploads\/2025\/12\/image-768x415.png 768w, https:\/\/mikrosystem.pl\/mikrosystem_www\/wp-content\/uploads\/2025\/12\/image-1536x831.png 1536w, https:\/\/mikrosystem.pl\/mikrosystem_www\/wp-content\/uploads\/2025\/12\/image.png 1655w\" sizes=\"auto, (max-width: 1024px) 100vw, 1024px\" \/><\/figure>\n\n\n\n<p>Mamy tam mo\u017cliwo\u015b\u0107 dodania trzech par certyfikat\u00f3w: po dwa dla ka\u017cdego ze \u015brodowisk. Do pracy produkcyjnej wymagane s\u0105 jedynie certyfikaty wprowadzone dla \u015brodowiska PROD. Rekomendujemy jednak r\u00f3wnie\u017c utworzenie i wprowadzenie pary certyfikat\u00f3w dla \u015brodowiska DEMO, w kt\u00f3rym mo\u017cliwe jest np. przesy\u0142anie testowych dokument\u00f3w sprzeda\u017cy do prawdziwych odbiorc\u00f3w w bezpieczny spos\u00f3b.<\/p>\n\n\n\n<p>Zaczynamy od klikni\u0119cia na Dodaj nowy certyfikat<\/p>\n\n\n\n<figure class=\"wp-block-image size-large\"><img loading=\"lazy\" decoding=\"async\" width=\"1024\" height=\"520\" src=\"https:\/\/mikrosystem.pl\/mikrosystem_www\/wp-content\/uploads\/2025\/12\/image-1-1024x520.png\" alt=\"\" class=\"wp-image-5772\" srcset=\"https:\/\/mikrosystem.pl\/mikrosystem_www\/wp-content\/uploads\/2025\/12\/image-1-1024x520.png 1024w, https:\/\/mikrosystem.pl\/mikrosystem_www\/wp-content\/uploads\/2025\/12\/image-1-300x152.png 300w, https:\/\/mikrosystem.pl\/mikrosystem_www\/wp-content\/uploads\/2025\/12\/image-1-768x390.png 768w, https:\/\/mikrosystem.pl\/mikrosystem_www\/wp-content\/uploads\/2025\/12\/image-1.png 1082w\" sizes=\"auto, (max-width: 1024px) 100vw, 1024px\" \/><\/figure>\n\n\n\n<h2 class=\"wp-block-heading\">Wprowadzanie danych certyfikatu<\/h2>\n\n\n\n<div class=\"wp-block-columns is-layout-flex wp-container-core-columns-is-layout-9d6595d7 wp-block-columns-is-layout-flex\">\n<div class=\"wp-block-column is-layout-flow wp-block-column-is-layout-flow\">\n<figure class=\"wp-block-image size-full\"><img loading=\"lazy\" decoding=\"async\" width=\"579\" height=\"572\" src=\"https:\/\/mikrosystem.pl\/mikrosystem_www\/wp-content\/uploads\/2025\/12\/image-6.png\" alt=\"\" class=\"wp-image-5777\" srcset=\"https:\/\/mikrosystem.pl\/mikrosystem_www\/wp-content\/uploads\/2025\/12\/image-6.png 579w, https:\/\/mikrosystem.pl\/mikrosystem_www\/wp-content\/uploads\/2025\/12\/image-6-300x296.png 300w\" sizes=\"auto, (max-width: 579px) 100vw, 579px\" \/><\/figure>\n<\/div>\n\n\n\n<div class=\"wp-block-column is-layout-flow wp-block-column-is-layout-flow\">\n<h2 class=\"wp-block-heading\"><\/h2>\n\n\n\n<p>Zaczynamy od wyboru \u015brodowiska ( Test \/ Demo \/ Prod). <br><strong>Uwaga:<\/strong> certyfikaty \u0142adowane dla danego \u015brodowiska musz\u0105 by\u0107 w tym \u015brodowisku faktycznie utworzone. (Nie nale\u017cy \u0142adowa\u0107 certyfikatu utworzonego w \u015brodowisku Test do konfiguracji przeznaczonej dla Demo, itd.)<\/p>\n\n\n\n<p>Typy certyfikat\u00f3w odpowiadaj\u0105 nazwom u\u017cywanym w KSeF. Zacznijmy od pierwszego typu, czyli: Uwierzytelnienie w systemie KSeF.<\/p>\n\n\n\n<p>Za\u0142aduj oddzielnie plik certyfikatu oraz plik klucza klikaj\u0105c na odpowiednia klawisze Przegl\u0105daj\/Browse <\/p>\n\n\n\n<p>Wprowad\u017a has\u0142o, kt\u00f3re zosta\u0142o podane przy tworzeniu klucza<\/p>\n\n\n\n<p>Nazwa certyfikatu jest tylko opisowa. Je\u015bli nie podasz w\u0142asnej nazwy, eKNF u\u017cyje nazwy przes\u0142anego pliku z certyfikatem. <\/p>\n\n\n\n<p>NIP, to kontekst w kt\u00f3rym b\u0119dziesz si\u0119 logowa\u0142 wprowadzanym certyfikatem.<br><strong>Uwaga:<\/strong> Je\u015bli w jednym systemie eKNF masz kilka lokalizacji odpowiadaj\u0105cych r\u00f3\u017cnym podmiotom (kt\u00f3re maj\u0105 r\u00f3\u017cne numery NIP), to nale\u017cy dla ka\u017cdego NIPu utworzy\u0107 i wprowadzi\u0107 do eKNF oddzieln\u0105 par\u0119 certyfikat\u00f3w.<\/p>\n<\/div>\n<\/div>\n\n\n\n<p>Po zapisie certyfikatu, pojawi si\u0119 on na li\u015bcie wraz z podstawowymi informacjami o nim.<\/p>\n\n\n\n<figure class=\"wp-block-image size-large\"><img loading=\"lazy\" decoding=\"async\" width=\"1024\" height=\"215\" src=\"https:\/\/mikrosystem.pl\/mikrosystem_www\/wp-content\/uploads\/2025\/12\/image-5-1024x215.png\" alt=\"\" class=\"wp-image-5776\" srcset=\"https:\/\/mikrosystem.pl\/mikrosystem_www\/wp-content\/uploads\/2025\/12\/image-5-1024x215.png 1024w, https:\/\/mikrosystem.pl\/mikrosystem_www\/wp-content\/uploads\/2025\/12\/image-5-300x63.png 300w, https:\/\/mikrosystem.pl\/mikrosystem_www\/wp-content\/uploads\/2025\/12\/image-5-768x162.png 768w, https:\/\/mikrosystem.pl\/mikrosystem_www\/wp-content\/uploads\/2025\/12\/image-5-1536x323.png 1536w, https:\/\/mikrosystem.pl\/mikrosystem_www\/wp-content\/uploads\/2025\/12\/image-5.png 1920w\" sizes=\"auto, (max-width: 1024px) 100vw, 1024px\" \/><\/figure>\n\n\n\n<p>Opisan\u0105 wy\u017cej procedur\u0119 nale\u017cy powt\u00f3rzy\u0107 dla drugiego typu certyfikatu. <br>(na naszym przyk\u0142adzie b\u0119dzie to wi\u0119c &#8216;Podpis linku do weryfikacji wystawcy&#8217;, czyli certyfikat u\u017cywany do generowanie kodu QR code 2, u\u017cywanego do oznaczania faktur wystawianych w czasie, kiedy system KSeF jest tymczasowo niedost\u0119pny)<\/p>\n\n\n\n<p>Je\u017celi ca\u0142y proces przebieg\u0142 poprawnie, w nag\u0142\u00f3wku eKNF pojawi si\u0119 informacja, \u017ce certyfikaty dla poszczeg\u00f3lnych \u015brodowisk zosta\u0142y za\u0142adowane: <br><\/p>\n\n\n\n<figure class=\"wp-block-image size-large\"><img loading=\"lazy\" decoding=\"async\" width=\"1024\" height=\"71\" src=\"https:\/\/mikrosystem.pl\/mikrosystem_www\/wp-content\/uploads\/2026\/01\/image-4-1024x71.png\" alt=\"\" class=\"wp-image-5806\" srcset=\"https:\/\/mikrosystem.pl\/mikrosystem_www\/wp-content\/uploads\/2026\/01\/image-4-1024x71.png 1024w, https:\/\/mikrosystem.pl\/mikrosystem_www\/wp-content\/uploads\/2026\/01\/image-4-300x21.png 300w, https:\/\/mikrosystem.pl\/mikrosystem_www\/wp-content\/uploads\/2026\/01\/image-4-768x53.png 768w, https:\/\/mikrosystem.pl\/mikrosystem_www\/wp-content\/uploads\/2026\/01\/image-4.png 1409w\" sizes=\"auto, (max-width: 1024px) 100vw, 1024px\" \/><\/figure>\n\n\n\n<p><\/p>\n","protected":false},"excerpt":{"rendered":"<p>Tworzenie certyfikat\u00f3w na potrzeby KSeF om\u00f3wili\u015bmy w poprzednim rozdziale. U\u017cytkownicy KSeF maj\u0105 do dyspozycji trzy \u015brodowiska. Do pracy w KSeF wymagane jest utworzenie pary certyfikat\u00f3w dla ka\u017cdego \u015brodowiska, w kt\u00f3rym eKNF ma si\u0119 \u0142\u0105czy\u0107 z systemem KSeF. Poni\u017cej opis tych \u015brodowisk: TEST Umo\u017cliwia testowanie funkcjonalno\u015bci dost\u0119pnych w KSeF bez konieczno\u015bci uzyskania dost\u0119pu ani uwierzytelnienia si\u0119 &#8230; <a title=\"Wprowadzenie do konfiguracji eKNF certyfikat\u00f3w niezb\u0119dnych do wystawiania i przesy\u0142ania faktur do KSeF\" class=\"read-more\" href=\"https:\/\/mikrosystem.pl\/index.php\/pomoc\/ksef\/wprowadzenie-do-konfiguracji-eknf-certyfikatow-niezbednych-do-wystawiania-i-przesylania-faktur-do-ksef\" aria-label=\"Dowiedz si\u0119 wi\u0119cej o Wprowadzenie do konfiguracji eKNF certyfikat\u00f3w niezb\u0119dnych do wystawiania i przesy\u0142ania faktur do KSeF\">Read more<\/a><\/p>\n","protected":false},"author":5,"featured_media":0,"parent":5455,"menu_order":0,"comment_status":"closed","ping_status":"closed","template":"","meta":{"generate_page_header":"","footnotes":""},"class_list":{"0":"post-5768","1":"page","2":"type-page","3":"status-publish","5":"infinite-scroll-item"},"_links":{"self":[{"href":"https:\/\/mikrosystem.pl\/index.php\/wp-json\/wp\/v2\/pages\/5768","targetHints":{"allow":["GET"]}}],"collection":[{"href":"https:\/\/mikrosystem.pl\/index.php\/wp-json\/wp\/v2\/pages"}],"about":[{"href":"https:\/\/mikrosystem.pl\/index.php\/wp-json\/wp\/v2\/types\/page"}],"author":[{"embeddable":true,"href":"https:\/\/mikrosystem.pl\/index.php\/wp-json\/wp\/v2\/users\/5"}],"replies":[{"embeddable":true,"href":"https:\/\/mikrosystem.pl\/index.php\/wp-json\/wp\/v2\/comments?post=5768"}],"version-history":[{"count":4,"href":"https:\/\/mikrosystem.pl\/index.php\/wp-json\/wp\/v2\/pages\/5768\/revisions"}],"predecessor-version":[{"id":5946,"href":"https:\/\/mikrosystem.pl\/index.php\/wp-json\/wp\/v2\/pages\/5768\/revisions\/5946"}],"up":[{"embeddable":true,"href":"https:\/\/mikrosystem.pl\/index.php\/wp-json\/wp\/v2\/pages\/5455"}],"wp:attachment":[{"href":"https:\/\/mikrosystem.pl\/index.php\/wp-json\/wp\/v2\/media?parent=5768"}],"curies":[{"name":"wp","href":"https:\/\/api.w.org\/{rel}","templated":true}]}}