{"id":5536,"date":"2024-03-21T12:29:24","date_gmt":"2024-03-21T11:29:24","guid":{"rendered":"https:\/\/mikrosystem.pl\/?page_id=5536"},"modified":"2026-03-14T17:07:51","modified_gmt":"2026-03-14T16:07:51","slug":"przesylanie-rezerwacji-i-biletow-do-eknf-droga-mailowa","status":"publish","type":"page","link":"https:\/\/mikrosystem.pl\/index.php\/pomoc\/eknf-instrukcja-obslugi\/przesylanie-rezerwacji-i-biletow-do-eknf-droga-mailowa","title":{"rendered":"Przesy\u0142anie rezerwacji i bilet\u00f3w do eKNF drog\u0105 mailow\u0105"},"content":{"rendered":"<p><\/p>\n\n\n<p>eKNF jest wyposa\u017cony w uniwersaln\u0105 skrzynk\u0119 mailow\u0105 <strong>import@eknf.pl<\/strong>. Skrzynka ta s\u0142u\u017cy do importu danych (bilet\u00f3w lotniczych i kolejowych, rezerwacji hotelowych, ubezpiecze\u0144, itd) od tych dostawc\u00f3w, kt\u00f3rzy nie przesy\u0142aj\u0105 danych do eKNF w spos\u00f3b w pe\u0142ni automatyczny. T\u0105 drog\u0105 mo\u017cna przes\u0142a\u0107 do eKNF bilety i rezerwacje kilkudziesi\u0119ciu r\u00f3\u017cnych dostawc\u00f3w, w tym: bilety lotnicze tanich i regularnych linii, bilety kolejowe, bilety autobusowe, rezerwacje hotelowe, transfery i ubezpieczenia<\/p>\n\n\n\n<h2 class=\"wp-block-heading\">Jakie rezerwacje mo\u017cna importowa\u0107 do eKNF przesy\u0142aj\u0105c je na skrzynk\u0119 import@eknf.pl<\/h2>\n\n\n\n<div class=\"wp-block-columns is-layout-flex wp-container-core-columns-is-layout-9d6595d7 wp-block-columns-is-layout-flex\">\n<div class=\"wp-block-column is-layout-flow wp-block-column-is-layout-flow\">\n<div class=\"wp-block-columns is-layout-flex wp-container-core-columns-is-layout-9d6595d7 wp-block-columns-is-layout-flex\">\n<div class=\"wp-block-column is-layout-flow wp-block-column-is-layout-flow\">\n<h2 class=\"wp-block-heading\">Bilety lotnicze:<\/h2>\n\n\n\n<ul class=\"wp-block-list\">\n<li>AEGEAN<\/li>\n\n\n\n<li>AEROITALIA<\/li>\n\n\n\n<li>AIR ARABIA<\/li>\n\n\n\n<li>AIRFRANCE<\/li>\n\n\n\n<li>AUSTRIAN<\/li>\n\n\n\n<li>BRITISH AIRWAYS<\/li>\n\n\n\n<li>CORENDON AIRLINES<\/li>\n\n\n\n<li>EMIRATES<\/li>\n\n\n\n<li>FINNAIR<\/li>\n\n\n\n<li>FINNAIR GROUPS<\/li>\n\n\n\n<li>FLYDUBAI<\/li>\n\n\n\n<li>IBERIA<\/li>\n\n\n\n<li>INTAIR<\/li>\n\n\n\n<li>ITA AIRWAYS<\/li>\n\n\n\n<li>KLM<\/li>\n\n\n\n<li>LOGANAIR<\/li>\n\n\n\n<li>LOT<\/li>\n\n\n\n<li>LUFTHANSA<\/li>\n\n\n\n<li>SAS<\/li>\n\n\n\n<li>SKY EXPRESS<\/li>\n\n\n\n<li>TAP PORTUGAL<\/li>\n\n\n\n<li>TURKISH AIRLINES<\/li>\n\n\n\n<li>VUELING<\/li>\n<\/ul>\n<\/div>\n\n\n\n<div class=\"wp-block-column is-layout-flow wp-block-column-is-layout-flow\">\n<h2 class=\"wp-block-heading\">Tanie linie:<\/h2>\n\n\n\n<ul class=\"wp-block-list\">\n<li>AERLINGUS<\/li>\n\n\n\n<li>AJET<\/li>\n\n\n\n<li>ALSIE EXPRESS<\/li>\n\n\n\n<li>BLUEAIR<\/li>\n\n\n\n<li>EASY JET<\/li>\n\n\n\n<li>ENTERAIR<\/li>\n\n\n\n<li>EUROWINGS<\/li>\n\n\n\n<li>DAT<\/li>\n\n\n\n<li>FLYONE<\/li>\n\n\n\n<li>FLYNORSE<\/li>\n\n\n\n<li>JET2.COM<\/li>\n\n\n\n<li>LOGANAIR<\/li>\n\n\n\n<li>NORWEGIAN<\/li>\n\n\n\n<li>RYANAIR<\/li>\n\n\n\n<li>SALAMAIR<\/li>\n\n\n\n<li>SILKAVIA<\/li>\n\n\n\n<li>SKYALPS<\/li>\n\n\n\n<li>SUN EXPRESS<\/li>\n\n\n\n<li>TRANSAVIA<\/li>\n\n\n\n<li>VOLOTEA<\/li>\n\n\n\n<li>WIZZAIR<\/li>\n<\/ul>\n<\/div>\n<\/div>\n\n\n\n<p><\/p>\n<\/div>\n\n\n\n<div class=\"wp-block-column is-layout-flow wp-block-column-is-layout-flow\">\n<div class=\"wp-block-columns is-layout-flex wp-container-core-columns-is-layout-9d6595d7 wp-block-columns-is-layout-flex\">\n<div class=\"wp-block-column is-layout-flow wp-block-column-is-layout-flow\">\n<h2 class=\"wp-block-heading\">Bilety kolejowe:<\/h2>\n\n\n\n<ul class=\"wp-block-list\">\n<li>BRITISH RAIL<\/li>\n\n\n\n<li>CFR<\/li>\n\n\n\n<li>DEUTSCHEBAHN<\/li>\n\n\n\n<li>DSB<\/li>\n\n\n\n<li>ITALO<\/li>\n\n\n\n<li>KOLEO<\/li>\n\n\n\n<li>MAV<\/li>\n\n\n\n<li>OEBB<\/li>\n\n\n\n<li>OMIO<\/li>\n\n\n\n<li>OUIGO<\/li>\n\n\n\n<li>PKP IC<\/li>\n\n\n\n<li>RENFE<\/li>\n\n\n\n<li>RHB (Rh\u00e4tische Bahn)<\/li>\n\n\n\n<li>SBB<\/li>\n\n\n\n<li>SNCF<\/li>\n\n\n\n<li>SJ<\/li>\n\n\n\n<li>TRAINLINE<\/li>\n<\/ul>\n<\/div>\n\n\n\n<div class=\"wp-block-column is-layout-flow wp-block-column-is-layout-flow\">\n<h2 class=\"wp-block-heading\">Ubezpieczenia:<\/h2>\n\n\n\n<ul class=\"wp-block-list\">\n<li>SIGNAL IDUNA<\/li>\n\n\n\n<li>ERGO<\/li>\n\n\n\n<li>COLONNADE<\/li>\n\n\n\n<li>GENERALI<\/li>\n\n\n\n<li>HANSEMERKUR<\/li>\n\n\n\n<li>TU EUROPA<\/li>\n\n\n\n<li>UNIQUA<\/li>\n\n\n\n<li>WIENER<\/li>\n<\/ul>\n<\/div>\n<\/div>\n\n\n\n<p><\/p>\n\n\n\n<p><\/p>\n<\/div>\n\n\n\n<div class=\"wp-block-column is-layout-flow wp-block-column-is-layout-flow\">\n<div class=\"wp-block-columns is-layout-flex wp-container-core-columns-is-layout-9d6595d7 wp-block-columns-is-layout-flex\">\n<div class=\"wp-block-column is-layout-flow wp-block-column-is-layout-flow\">\n<h2 class=\"wp-block-heading\">Promy:<\/h2>\n\n\n\n<ul class=\"wp-block-list\">\n<li>BORNHOLMS<\/li>\n\n\n\n<li>POLFERRIES<\/li>\n\n\n\n<li>STENALINE<\/li>\n\n\n\n<li>FINNLINES<\/li>\n\n\n\n<li>FRS HELGOLINE<\/li>\n\n\n\n<li>MOBYLINES<\/li>\n\n\n\n<li>PETPOLONIA<\/li>\n\n\n\n<li>SCANDLINES<\/li>\n\n\n\n<li>TIRRENIA<\/li>\n\n\n\n<li>TOREMAR<\/li>\n\n\n\n<li>TT-LINE<\/li>\n\n\n\n<li>UNITYLINE<\/li>\n\n\n\n<li>VIKING LINE<\/li>\n\n\n\n<li>WASALINE<\/li>\n<\/ul>\n<\/div>\n\n\n\n<div class=\"wp-block-column is-layout-flow wp-block-column-is-layout-flow\">\n<h2 class=\"wp-block-heading\">Transfery:<\/h2>\n\n\n\n<ul class=\"wp-block-list\">\n<li>BOOKING.COM<\/li>\n\n\n\n<li>RATE HAWK<\/li>\n<\/ul>\n<\/div>\n<\/div>\n<\/div>\n\n\n\n<div class=\"wp-block-column is-layout-flow wp-block-column-is-layout-flow\">\n<div class=\"wp-block-columns is-layout-flex wp-container-core-columns-is-layout-9d6595d7 wp-block-columns-is-layout-flex\">\n<div class=\"wp-block-column is-layout-flow wp-block-column-is-layout-flow\">\n<h2 class=\"wp-block-heading\">Hotele:<\/h2>\n\n\n\n<ul class=\"wp-block-list\">\n<li>BOOKING.COM<\/li>\n\n\n\n<li>MERIGO \/ GO GLOBAL<\/li>\n\n\n\n<li>RATE HAWK<\/li>\n<\/ul>\n<\/div>\n\n\n\n<div class=\"wp-block-column is-layout-flow wp-block-column-is-layout-flow\">\n<h2 class=\"wp-block-heading\">Autobusy:<\/h2>\n\n\n\n<ul class=\"wp-block-list\">\n<li>FLIXBUS<\/li>\n<\/ul>\n<\/div>\n<\/div>\n\n\n\n<p><\/p>\n\n\n\n<p><\/p>\n\n\n\n<p><\/p>\n\n\n\n<p><\/p>\n\n\n\n<p><\/p>\n<\/div>\n<\/div>\n\n\n\n<h2 class=\"wp-block-heading\">Jak importowa\u0107 dane do eKNF drog\u0105 mailow\u0105<\/h2>\n\n\n\n<p>Prze\u015blij maila z otrzymanym biletem lub rezerwacj\u0105 na adres <strong>import@eknf.pl<\/strong>. <span style=\"text-decoration: underline;\">Nie wprowadzaj \u017cadnych zmian w tytule ani w tre\u015bci maila.<\/span> <br>Tak przes\u0142ana rezerwacja powinna by\u0107 widoczna w eKNF w ci\u0105gu minuty. Je\u015bli prze\u015blesz j\u0105 do nas z adresu mailowego, kt\u00f3ry jest podany w w Twoim profilu u\u017cytkownika w eKNF, to przes\u0142any bilet\/rezerwacja zostanie  automatycznie przypisana do Ciebie.<\/p>\n\n\n\n<p><\/p>\n\n\n<p><\/p>","protected":false},"excerpt":{"rendered":"<p>eKNF jest wyposa\u017cony w uniwersaln\u0105 skrzynk\u0119 mailow\u0105 import@eknf.pl. Skrzynka ta s\u0142u\u017cy do importu danych (bilet\u00f3w lotniczych i kolejowych, rezerwacji hotelowych, ubezpiecze\u0144, itd) od tych dostawc\u00f3w, kt\u00f3rzy nie przesy\u0142aj\u0105 danych do eKNF w spos\u00f3b w pe\u0142ni automatyczny. T\u0105 drog\u0105 mo\u017cna przes\u0142a\u0107 do eKNF bilety i rezerwacje kilkudziesi\u0119ciu r\u00f3\u017cnych dostawc\u00f3w, w tym: bilety lotnicze tanich i regularnych &#8230; <a title=\"Przesy\u0142anie rezerwacji i bilet\u00f3w do eKNF drog\u0105 mailow\u0105\" class=\"read-more\" href=\"https:\/\/mikrosystem.pl\/index.php\/pomoc\/eknf-instrukcja-obslugi\/przesylanie-rezerwacji-i-biletow-do-eknf-droga-mailowa\" aria-label=\"Dowiedz si\u0119 wi\u0119cej o Przesy\u0142anie rezerwacji i bilet\u00f3w do eKNF drog\u0105 mailow\u0105\">Read more<\/a><\/p>\n","protected":false},"author":5,"featured_media":0,"parent":1802,"menu_order":0,"comment_status":"closed","ping_status":"closed","template":"","meta":{"generate_page_header":"","footnotes":""},"class_list":{"0":"post-5536","1":"page","2":"type-page","3":"status-publish","5":"infinite-scroll-item"},"_links":{"self":[{"href":"https:\/\/mikrosystem.pl\/index.php\/wp-json\/wp\/v2\/pages\/5536","targetHints":{"allow":["GET"]}}],"collection":[{"href":"https:\/\/mikrosystem.pl\/index.php\/wp-json\/wp\/v2\/pages"}],"about":[{"href":"https:\/\/mikrosystem.pl\/index.php\/wp-json\/wp\/v2\/types\/page"}],"author":[{"embeddable":true,"href":"https:\/\/mikrosystem.pl\/index.php\/wp-json\/wp\/v2\/users\/5"}],"replies":[{"embeddable":true,"href":"https:\/\/mikrosystem.pl\/index.php\/wp-json\/wp\/v2\/comments?post=5536"}],"version-history":[{"count":19,"href":"https:\/\/mikrosystem.pl\/index.php\/wp-json\/wp\/v2\/pages\/5536\/revisions"}],"predecessor-version":[{"id":6321,"href":"https:\/\/mikrosystem.pl\/index.php\/wp-json\/wp\/v2\/pages\/5536\/revisions\/6321"}],"up":[{"embeddable":true,"href":"https:\/\/mikrosystem.pl\/index.php\/wp-json\/wp\/v2\/pages\/1802"}],"wp:attachment":[{"href":"https:\/\/mikrosystem.pl\/index.php\/wp-json\/wp\/v2\/media?parent=5536"}],"curies":[{"name":"wp","href":"https:\/\/api.w.org\/{rel}","templated":true}]}}