{"id":5455,"date":"2024-01-17T13:06:05","date_gmt":"2024-01-17T12:06:05","guid":{"rendered":"https:\/\/mikrosystem.pl\/?page_id=5455"},"modified":"2026-03-21T18:24:31","modified_gmt":"2026-03-21T17:24:31","slug":"ksef","status":"publish","type":"page","link":"https:\/\/mikrosystem.pl\/index.php\/pomoc\/ksef","title":{"rendered":"KSeF"},"content":{"rendered":"\n<p class=\"has-text-align-center\"><img decoding=\"async\" src=\"data:image\/png;base64,iVBORw0KGgoAAAANSUhEUgAAAdMAAABMCAYAAAA2uV2PAAAgAElEQVR4Xu1dB4ATVRr+0pPdbKUuiiBKs4DoWUEUKQcKKhwoXUApIlIUBAVpUkRRQcECUpSiICLFgiiiCCocHAqoIBakg8D23bRN7nuTZHeSTXazBQzy5m5lN5l58+Z7b+abv31P4+EGuUkEJAISAYmAREAiUGoENJJMS42dPFAiIBGQCEgEJAIKApJM5USQCEgEJAISAYlAGRGQZFpGAOXhEgGJgERAIiARkGQq54BEQCIgEZAISATKiIAk0zICKA+XCEgEJAISAYmAJFM5ByQCEgGJgERAIlBGBCSZlhFAebhEQCIgEZAISAQkmco5IBGQCEgEJAISgTIiIMm0jADKwyUCEgGJgERAIiDJVM4BiYBEQCIgEZAIlBEBSaZlBFAeLhGQCEgEJAISAUmmcg5IBCQCEgGJgESgjAhIMi0jgPJwiYBEQCIgEZAISDKVc0AiIBGQCEgEJAJlRECSaRkBlIdLBCQCEgGJgERAkqmcAxIBiYBEQCIgESgjAlFHpmeefhVpMxaX+LL8a5xrNBouLAd48rxrnmv04g\/+3+37W3xfwi1xWHckTxxYwqPk7hIBiYBEQCJwoSAQdWR6eizJ9KXFgg8j37w8CUGoHruPNBO0XKwVcKe5vaQao2GbvlZL1DiQQDKtIMk08vGQe0oEJAISgQsMgagj01Jbpi4PNAka6GsakHcsDwkTEiCs1PQp6TDU1sO+3Q5POvcRlmoJN2mZlhAwubtEQCIgEbjAEIg+MvVZpv5xUNy3JEWNVpAgf9xuxQL1mpv5tqb3M7p2EyZVgLm5BRqdB25nHnTxBmQvz0L606kB1qnSgq8dr2vYS7Ietu9tuoB0JZleYHeFvFyJgERAIlBCBKKSTNPp5hVkJwhSkJrH6YLHYfOSn9EEjcmoOGz9cVDlmrX8O9sDU2Mg6aUYuG10+QoeNmmQ2icXjp+4S4xCkwUkSoL2+NqH3SFa5P4m7sjGVIQqybSEs0ruLhGQCEgELjAEoo5MU32WqUKm4sdhh\/Hq2jA2\/RfcJ8\/AsXU3XH8eUthTYzZD40ssEqTozs6FsfktML\/YGLEWune1qbCl5yD9BQecSz8HYknEolFBoIJTc+n6zXNAl5RMV\/AldBPHwrH7V3jOZEBj0OdPBUmmF9hdIS9XIiARkAiUEIGoJVPF2Spcu3l50FZMgnXKYFg7toAuPRO5H25CxhsrYP\/+J8ZAjSRHLa1XD2LbWWAZdh2yUroj13M5zHoXYhPMyP1xL2wjXgS27QYsFsVV7Kala7qqDqw92yHmrqbQVa+C9DVfInXAZOhsJFmdTrF+xY8g0ySZgFTCqSV3lwhIBCQCFw4CUUims1kaswQeFwlPr4N1bD9Yrr8SWlqRxgZ14KmUBAOJDiTV9FnvInXGW\/DkuJTEovgnjHBXS4Ox4Y3QJLeGx3ot4pOrIz09C6n3DgM2fw+PsE5J0okjH0T8w\/dBnxzPUKsHDlqjzh\/2wXP0L2Ss+hyONRuhtcRCk+dG4mOCTB+5cGaFvFKJgERAIiARKBEC0Uemos5UxExNBuivugym2\/+FuM6toatdAzqRcORxI5PkaIwxw2Q2IXvJxzg18nnoq1SCQbiC69cBrsyiBbofCYZsGC8bh9PZecgeNBWaFeugqVIRlWaOgrlTS8XqtdM1rGGMVG80wE2Sdvx6ENnC6v1oE9yHT0JnMCBhSFdpmZZoWsmdJQISAYnAhYVA1JFp2tjXkPbiIrjsOYjp0gYxnVpDH2+F7rKL4Yi1QM9YpoHE57A5oKfl6jYbYZv3AbN1Z3GfGsijhYlTx6Dp3Rb2HjejUqWr4DIYkdH\/GeDjj1F57nSY2K4n18a4qRZZmdmItSqZSbBnZUOfloWcrbuQ+fQr0Bw\/Aa0pDolDuiHpGSnacGHdGvJqJQISAYlA5AhEHZmmjpqJbMZEY4Z2g+G6+jBUT4HGYkQeM3qdvC6Hw4kYWqV6WoxKGQsTipx6kmKvscj64CPmFplJlDnQ164N8+YlINUiKysX9o4jkHBpNSQvfx656emwO91w0TKNJUEb2FZ2Vg5MPI+eUVLXr4fg2rYH2eu2wLnuGySN6IXEiQ9Hjur5vuf+d9BnyDzsTtciuflIvDexOeLP92uS\/ZcInA8I7H8V9\/R6D0cD+noDxm+ZhrvOh\/5fwH2MOjJNm\/AGctd\/C3O3NjC1vRWolKwQqZtZuzqdlv+KOlMxYh5kZmQxa5dkmBQPx8b\/Ir3XaLgzcwGTHsnPPYbYXncj\/dhppJ5Jh3H4i6g6+RHkMTPYmZmD06fT4HQ6ERdnhZbuXYNRDystVC1dvsLda9vxE7KmzEPelp1IYGw18ZkLJ2b6y+yu6Lb0mO+2kDfyBfx8kJd+rhGQZHquES+380UdmaaOmgHbD7+QTO+CplIiLcxL4E5OIPHlMUbKzF2S6KlTaTDR1eukleok0VasUgGe1Axk\/GcEj92BhMF9ETv5UWgcDqTRKk3\/\/Qgqrv6Scc8ByLbb6drNpTWqx8ljp1i2aoA5xoLKVdkGCTuHFqqebbl+\/h2ug8fhoAs5\/q5bkTh1SKlB\/2h4M4z\/1nt4ta5zsPqR2iHbcu59FZ37voeDSiqzDpd0nYV3H6kHQ6nPXMoDpWUaEjjb0R1YMe8NLPvmIE5m2OGV9zAgNjEJ1Rvehg4d2qFFw+qIO+cDVspxloeFRCDwZbI4kMr5ZVOSaXGAR+33UUemGdMWIIdWpnX4AzA2ucbryvWpH7lcTBhirFRLt67QPjp57C9F1MFyUWXE\/HYYaR2GcFdm6r49Ba76tWCilXmaWcBZm\/6HxFnvIGXTfGTm0OVLwjSzRvX4kZPIzs5BIi3bipVpAdPtazRSEILnzNryPXKmL4Rn804kPvFgmdy8EZFp6qcY2vlZbGHulCDSSi3GYvGEpkiO2qlzIXXMiZ\/fHoJH5\/6MdC+Dht\/q9cMn87qg4t8Jz+EFuP\/+t\/E7yvlB\/3de0zk89z+KTDNXof+dM\/E\/37wt6mX+HEL8jzxV1JFp7gdfwE2r0di2Kctj8uB2uZDHf8UmiDOHZGjLYR0ofb05zMSNT4yD5fAJZI2fBU1sLCwTB8F9USXoeMyZ0xmwWFlneiIVhidnIK71LYhhZrDLGosTLIER2cDWuBhkMDs4hrFTYaUKQQc93bx6WsDO30nQzy6ApUY1JE0eVOoJUCyZOvdiZo9BWHzIe53Wm0fh\/en\/lkRaasTL98CMz0fjnnHfQHnPEZvWhPh4C195xJaH3IxM2HzehGuHf4A32seVbwdK2NoPL3TEQytP8yhJpiWETtn9n0Smh+b1Rof5B\/JhkGRamhkR2TFRR6aZzy1E9hfbYOrUApY7bgAqV4CDhKrT6xWrMy0tQyFX8buF7lkTCTCj7wSkrlyIiiNHwzK8j0LCdv5kZmSjUoUE2EnO9vGzkfHKZFQcPgnG8f2QR1euW6uDi25isyDV+Fi4WVOaK7J8xeozdCXnfrkdzsUfI6HpdUgoQwJS0WSaio+G96AbONv7nK7eCQsXDUR96SqMbAaf9b1OYEGvznh1v\/dElgYPYf5L3XC5WX1iG1J\/3IS35\/+M+s8OQau\/c+ycOzG5w2NYdUb0T5JpaabHP4dMd2Nau8FYocwF7ybJtDQzIrJjoo5Ms99cRQGFNGiaNATiYqGrVhkaJgcJ966wTLVMQhLlMVkZOUpCUhLJEiyHyf74K+ga1oem1sWKtq6d8VIj46oiW8nJHxddve7dP8PStR20PuGHNBKqsE5zc2xKW6J9N+tYhUShIFPPH0fgWbYeMYzbJkwofTZveDKl+3B2H\/Raetgbf7Py4fcus\/aSggdvP2Z27IfFIifo+sfxzYy2MDhPYsvbz2PGsh9wIFvkOdfF4DWvo0eFgmNFjO+TD1Zh5YY9OERMld24GWIr47J\/tcaAod3RuHKIJ\/8nI3H9pG3enVM6YcmKgWD1bqHNeXIXlr09F6s37MdBfwzREIOqta5Fu14D0bNpCgI4B4HE1HDoGrzZKdiK24LRzcdgPaWYla3BI9jwWsdC2cTrR7bA6M1eS77OQ8NQffFL2KAco0OR1mFATKom+i5bgH6cMuE3dX8Sce+sDzC6UfE3l\/OrcWj+1CYwHY7zsQFGfjwTHcMYrAEP70t7YuXi3qiunMKGX9fPx8sLP8OuowXjpzXHoXKNOmjSsgu6t78OFykgc99VL+LpOV\/g13QvLoW3FHRfuBRDgkL2yji+MQvLvj6A475JEvkc8WOSit3vvIbn3t2EX05548lKG7d2xbgR9\/hePrx9nPD2Fvx2IkfJzhfXcsk17TF0ZJi5GOZK3Id34szUWchesR95J7MV6VERv9ZWvgj6ju2R9OT9sF5cureakGR67QCsGX1biN6YkFQ1KWCeO7MO4fsNa7F23VZ8d\/AUstK816pMBWXsbsL9Qx7C\/Q0rF86HiChmGvgCnt8p9fPDeRCrxzyOKZtP+WL7xc0HhpkaM8wUsFvh+RISG3rS\/ktPmn9TP+9AZFpN+wSTm4gp+jtWPv8s3vzyd\/xlo0FUswfeXdIHlxZ\/O50Xe0QdmaY\/+bJSZ2qgNRg\/pAsst18PB8lR1IMKchQJRzbK\/Yk4p5cEdYihq9fEmlOHEMQX8oPc30HheiMF8W20NIX1qWXykiWW9aS0ct2+NsSxotRG3IkidqrEW9mu1u6EbeM2ZFJhybPtR1R4ojfiy1BnGo5Mz5C0\/kPSUtyH2ovRfe58DKkX6gGgIlNBbu\/cgc96DcbCA\/5bVDQQaIXkfPIEWkz6b\/5NHHI2aiui1aQ5mHxbEHsXS6ZOnFw7Hl2f+6bIGKK1Xh+8+nqPACtbfTNaWkzCpglcmUC97XweLQd9jDT\/Z1pe1xd8wQiAhdbXnbS+0sVO3hu+ycr2GLDGd1QYAhZ7BzwMavfB2oU9ULXIW7V0ZAqo+wiEfnEQJ1aNLf+q0\/9dLOlZhfVee7FgwHC8utfrsQi3VejwMtY9fjWbCVVSEXxU8MMxgnHUxqPpUwvxQpvwc6RO\/0lo\/dVUvByur8pDfhTwbC9M3EyPUKiLKXL+qw9wIntqX5x8ejc9SUUAo0uAacYCVBtUQ6yBUaItEsII12DOxyPQYjI9WsWeMUxeRLFkGvQCnn+eWDQeswgzOE7OgyswdMDr2Bb2pcp\/kHo+nC0ypRzr3S\/is34n8Xi357FJ3aeI7r9igYyaHaKOTDPGvY7cPfsRP64\/DJQPdJA4HUwiEgQpdHLtJElhQcYy1ikycgWhiqxe8Z2wMp0kS8WCZdKShqIMYhMlNDEWM925RtaWsrSGnwlXroOk6eL+FWipCpJWak3pOtYJ9SW6iZ1086ZTeF+4mxOmPFrqQQtFpsFEeu8LL2P0DYVMUt851Q\/ca9C82X5s2Oh7yCrxOyNfOG7FjLUjcJ2\/l06SQFtaeFkGJNdtgDua3Ia6Iivm1G4sW6GyXqzN8OKHY3GrmqyKIVPn5oloNXJjfgxRa74IDW6oiUQ2bzvxE3bsS81\/mBSK\/6rJMuFOvM6HT36feXz+g4y1vwaWLjnVb7b+azswB\/\/p9g4Oir\/N7P8G9n\/XS2j98BqISCElsPD4ulnoXMgSVONYjAWbP9qZePfhu\/HCLu8HJXHDF8QueWA4glc\/PFUW7PGlA3DP7H1e4jFUwTVtW+OuOnQ75BzC\/7Z+j+27xNt99QLLOnMfPt\/4C7JOfoXZC3b4XkYuxd0j24NU69usqNusGer7cHFyLNrxxcWLmQ4JV96F3m0vRyxy8OeGFVi63WfVhCI61RzRcqx4A3EsCuZB2u\/bseuwP+OZTpeEeOSkk0gNSajX6ApUpTUdPFe0jYbgs1n3FlnTbJvaFUee2hfhvWiFedEHuKh7ydL4ykKmCEr4KbqjOr5kvUfvjOq+L4ZMA8fM33pg5n\/kbupzQ6ZIuA6Nq3yPLb8Evf0EWbQRDmrU7hZ1ZGr7YCPyaIHqbroKNmboumhxaqpWpE6uScnsdbFExszfhXUqCDSBVqlOKCGRJF0kVaGzK1y2ohaVzlrF6kxPy0RlUT7D\/4njBXHaebzi2iVJ20jWwiI9w6Qk28GjiOFnZrp2daxBtc9dCRP3jx\/Vu9SDGEymK5p\/piqBKXijDH+CQOtF2c9aF91Hj0P\/Qq7UglbO7NmBM5dfFxTf4\/epH2JQxxewVXGLqtww\/kOLJNPAOIz15sexbGpbqL3Ftt2voNvAlb4SHzPfmJfzjdnPbGpL7zIMXPkmetMQ824FbmBLi3a4dfNaxd2rvNmOLPCtZrw3CM1n\/KgcoeUNuZkuJgMOY073Hpj7h7elfAtPDWoAcYWyeEOPQHACkjahPjoMHYqBzeoUXQaTn1Ur2g2+Vu+51A++gmsB4+gF5VShrVobjuw7ibi6lwSST8DDuKiYaeCLReEyrEALqBDRqeeIGIdCsf5UrB7aFZP+6\/fXizkbHMYItrKuxZgvX8A94byzqStwuNJU2IOeyZpLr4G5EV\/lTu2DbdMxn8vXN5b05FQ5OgrW0EMb8tMykSlf\/zaOuRtPbPRet+LGrtMANXEA3+054ktUU502OIxSFJkGZPwXtBH8wvrHWw+j\/3KW9WUXhAb8e4v+JJi9qXOgT6bz7NfQp6b4\/exZpuGgD76vSzBEUblr1JFpJi3T9JmLgRopiOl6J3Tt74C2SrJSC5pDV6xwzQorVZTJCKtSfKbhemqxJEMDlZEcmVmKopFw2Yr9Tp9KRVYqyfQSPrFJrDZmAMdYLQqpCutWWKinT6YijglIok0Hidf21X+Ru3AttKxPNTNWm\/xoF8RPGFDqAQwg0zadcOnX7\/lKYNhk9a5Y\/m7fYuIGQWQasUssXJedfNC14oPO+33jMRtJdqp9iyJTWqVNaZUWFwsMb5U5SRRtmHDlfSIGEEXmCjzUejZ+UD5fjBZfdPdahEEPHHW8VH18xgdD0HL6Lq81F8KFFOBibjYBGyY1jbCGlw\/91\/viwUV\/BrrvaGU1ajcAj\/VvhnrWUAyQiRWD2mPaTl9s1+\/CzYdaPa5mNJ+yBs\/e5m1HPWcqtHkOq8ZcHxR\/DjO2kZKp2kNgborn1k1As+BLcPIBewfjaAqgQUQXQKZhYslBLvuQLwVOvtjdzhc75XJCx3T9V2qnVXo42CpNaY\/KB8YgTpSgc3Qy+9+Fk3O8trZ340pSazejWtsweIX4OHLLLkxCz65X0e8toEO\/nmhe15o\/x86sfRz3Pvs\/772TvwW98IQi0yod8Payllivyvj3H16UpyQwduk9InwC0rkiU1GXHQujMxuWe2aHrbmPfLSiZ8+oI9OsV96F7cAR6B9qr8Q9xRqmiVQtymM5i7AolQQh4mcjyQlNXa5MilQqGulYHmM4cBQaWpmG666A6fLq0JB4U\/f8CiPdxvpsG\/R3NoaDAhDxdPmePHFaeYMVCUx2cYwQuncwHvvbIRgZjHEx+cn53W54lq\/nC\/XViCunbN7CQ08XTY\/X8P6A0EIO3v0DydRSIiIIPdnUN1pJyPQPxkDvW3TY22gRsUmoH6TaWzD568lo5euK2rJUx02dfEA3YQzZjcroMm8Z2n\/pP5fabauORQZZewEutuDkIjWGkScSFaDH+OK3czHqmZWUWQwyjehqr37rw3hurD\/RpuCoAIIPSC4Sw6qKcwa5vAOO466Gqrdi4JMPo+O\/gpO6gsY3QjINGMew7jY1ZkFEpybToPHN71FAXy5GryWL8EjN4Pm4Fy92eBjvnBCfF02mqW2vw5mPAo\/XDVuEmi9eUfDh9hdw4PqlLFgq2PSj30ONSbUifuqWmUzDnUn1sliwS9A1hyLTlA4Yc+u3mLTcr0rmOzpswqL3++gi01hcO+hlzOxSK7KXwohHK3p2jDoyzZwyH+mffQuHka4IZttWfvIh6FvcCBcZ1MkYp8jqFTWhIrHIIv5lzFQkFwnFooSkRJhqVIWNpKvjZ6LO1EqXcCyJ0UGCdouSl+pVoaEFmsGyGRFX9QhypgWbnJyouH5ztv+IMyNnIoYxILHCjGfvAcR3uxPxk0ovJ1hoUtOybHpjHjZ967s5irU0A8n0xlHrMatd8ZmKzqxf8O3yD\/He5q3Yd8IR0u0jpmJJyFRtFRbppgl4cAQ9SE8sQrcO8\/GLOLmKRL4e1waPfU73mD8Omm8F69jHT2g985rV8dJCmcaBLrZafRZh2YO+VF31Qyr5bry5dhiYL16Kje7V7asw59Xl+EwVGxYNaRNuwdglkwOzsZ2bMKr1OF+mcSDBqx\/a+YlE+T06Qqu2P63awAQkEZ++sUNPDH6wVWH3vTg2QjJVj2NkIAS9gBSbpBZpX4og7ICO7cOJy7oi6\/fIeqveS\/\/EUtSYVjckueTvp5pLZSVTbxb9Ony8ZTv+THcEZPMW7n0kZJqCaseOBen1AvUGLMOiHpXDAhJNZFoeBkDJR\/7cHhF9ZDpmNlKfX8BEIgfih\/VE3Mg+AK3JXC6H5qLL1kXSi+EapCIoKhSLhJvWyNIZx\/6DSLyqNuvpuaIMLUwhmpRO964gUpF4JBYEd+z7E646l+D0kVOIjzVDa\/DGWnOZKRzP\/Ux0FdtZEnNqzgrYxrxM8QY9y3BMSB7xQLlZptqERhj2+jR0TvktQKih6MSWQDItRH6F5kwqvnthGB5bGeSWDDO3SkKmxQpQ5J9D7TYKtjjU1ojfuiywOPNjhyo3o9+CVVu1IclcnYiksgTVD8gAki3D\/WY7+jXeGD8dS38syFC10Mr7kDFc9cIAapd3wbnVYxquREeUkkzBE698g0MsJQjYmGV7w+BXMKPTJYGu6gjJNNSDtjgoAuaJJFMFrgC3KcvVPnt2MMatOxFBNq8f7QjINNzAnEeW6YVQ3xp9ZMqYaep0Lvhdq5oiLm+5pxlyRGIQtXXRoDY0XIpNiCwYWPaSRTlADwnQ9vUOJJMMjXTHekTykbASmJQkYqAGEqaQHhS\/e376DalrvgI6tYKFFquFSkkiaUn82OkOjq9ZDYaLqyL102+Q9shU6EmseopFJA3uirhnzkKd6X5mpfZhVqpf6uu+17BiSCgt3pKR6aG3H0LHN37L145Nua0rhndrjXo1KqCyL7ZXWjdvuVimHJ98K5S\/K5Z2vbn5q2UUxNZUmbQ+C\/Z0fn1piMQp5aETytKJhLiKo5Jw3wcn0YTIJFYTnN8CUn8W7P4tdCqfNfzyO1j3m7q0pLhs0PAJSOpxrHrPVMzpWbNYAMyJVZHkLxy+0Mg0TJ2pzlpwTxVl0RpiE2E1hLJSy0CmHDFrkzFYPS30qk5lt0wL32MhPRpF1pl6p5Uk02Jvr\/LfIXP8G0h9bh5duzcg7ukBcFZIQvq4VxFbpwbsrD01JVgRW+siygxywW+6YNMZ44yh7F\/SwPtgI4uKOKqd1qaFJCqyf3XU2hUFMtlcq1SoKGUOfR6443po6tRE0hW1uBxbJvL+PIo8kq\/9vc+RRJeuWCv1r4GToWOs1WC2eMm0nGKmwZMqkPhiWeD8AQucg124JSHTwH2rhSHo0pJpecRMxawpiI96s3UXpcxGO74ABGe9HueLgfdz4SoeDftjvvhayPpT73xUS6gpeLf6LJ+oIym\/KPGsLjaJRp1p7H14tlnvX5kn0hIdb69sv63G6Mdfwaa\/fJZqkdmg4ck0YBz9QiAlufBzTqZOnPn3TUhdH9hJI++XSvcXHfLQJFSEKdFQNjdvsWUcQWIjvm5WazMFc0fe7Mt2jyDJJ2y9MEuXkmORSYGawDrdcM+MksZMQ\/c\/MGmssKKScpmSTBUYotIyTaPAfN4tDZB38zVwfPg5E4a4KPiER5H99U7E\/esKxLe8Gek7f4bzdDpyaUXG3X07TDderQjUC\/du5vsbUKlLa+Qyecm1dQ+SOrWEjavHuOkOzv14M3KXfgJ99zuR1ORa2ClPmE793YTO\/0bGLwfgWrgaptuuR+6GrdDQktUbqXDCxcHPFpkyMMw6xk7MWvU9HK1M1lnBZJ2AGsmSkKn6ho1D25fWYBxVGQO3QEGBkrh5oXajammFrWE9Z4jy2GJrLNUxVWbeDq7yFl4WikZFkMONjCHaZr2hZPsWmfykTkRi23Pv+Ap9FUIuGXFFzC0BZBo60UadUFSn\/0xmKg\/xShQWo44Usg8BJTdFZYMWURoTkCAWfhzDYnDOyZQ15qGyeWu1RaWvxiC+kNoRPU77dyInox7ir\/M63W1px5GqqtQJuDadFRUreTNvS1caE4ooA++\/gNry\/JNHYpnGon6fZzHnQRPmdX4YC30a3vlNhKoV55chXfkp92D2mwPQgJXIR3\/dhm22G9G5iahNC1F+J06Q0grPvzwMN8UcxXdvjMPINT61NjV4kkyjlEyffg1pM5fAQWJ026h6VLs6zM8MQRYzdbFsHZImDISpxU34a9pCOEl+FtaDxvdpD2OiFaksd8la+xXMH34F46wnlUSjnAGTcPG8cXDRHQxm7XpotaZNfRP2DVtQYfY4eBiPPd55BGLjYxA7aTCy3vsUtleWQmNmprAQvKe1mzSs+1kkU45DUP1YYaH7kpBp4BvmlYNWYmEXNdvZsGtmX\/RdXnBTlIhMWc+5oFcvEoFPlL\/RI1j4UkfUUBkHRdeZ+u9ClbSguS7qV9qHnw8VrikFBc788oLVGlyJnF0\/KoIEIetI829wdfnNlWjY4Ef8IEpswpWAFMWa++ej39TjaDqwM+66qlaBm9N\/jIiTUWryqY0+AdRwyU3qMhNeR0Neh3gpCJeY8cu2rxHb4FafVGBQB9XWiz9ZKx9WVXIXKlD+8B3KHxajqsVjrfV6Yubs3mgQqP+otCoS2fYcSUGjuqo3vL+BTEV99JHq41jeFjxgPhnBJjWhO3UA9r2UxkpLZXY+4E8+ivjFqNRkugGP30pFr2B5J59IhfnETvz4Z4GsYEF\/IiHTgpci595X0PHBlYWSkSrQu7OWtdjqkY4kkarAUxZYslYSvKRl6kUr6izTrLGvIXUGyUOYpTkAAA15SURBVFRk2eo00FFO0MW6UTczUg2xVsS8ORE2JiLZRk2HyWBG\/Ktj4OFya06XE7ksebFPnKMIOeTR7RtHZaPU3mOR0PImoMudyOGC4J4ff4N9zZfIW7UB1pa3QMP90tsPg\/7QcWiSEhRxiDyuIgOSrsjy1TPemjy0G6xnyc3rn7SBb63BQg4lIdOgm4KJKlff2xV316aU4qn9+OjT9YoyjY6YisXRxVYyMhVKd+p1V0VhegkUkFR3acHNLmqHuUKQO1QctOB6tFyYwK1oyBVdQqEQgFob13fOkPKFxT01AtxuOpjj45CYchnqVTEj7c8fsV+lmcsgQ76kW+FmAzONvd+Hi\/v6rQrW5NWoi+uvpYKMUD\/iln1oE5a9tx3HfHp1VkoyrqckY8FDNMjCEOpJN1+uqFMh7RAs972Fic28Zw8eRygP\/iZo2qw2KgmlpR9+xx8\/7VG0dqsGr8P7d5Ap++xYPBhHemwpQm82EPlzR6aBNcXhppWogfffd959Skamopb263HtmfUe\/EaRwnKyt\/CYWo70uylo9vhnBasdheiUOuwU6p4p7vZQvpeWqQJD1JFpJsk0bcZiJRtOWb3FZlMsTI+eqkgUb\/BwaTbXVztYV8qyEiEreM8dMI3piwwmJFm5wLeTJQvWptfC1LAOckWm7rY9yJu\/CrFj+yOPcoE6ijPkPPESslZ8Cl3lytA2qgsX99EwTsraGSVLWMPYqlBL8pNpEsn07Ll5\/dM1E+tHdqF4u+8mMbNIfgXVYBSjsiRkKnafj\/v6LsIfYQRCFc3c\/scxeJhXA7ekZCp6dGbbSxjwxJqw5xD7hNLmDbg5g3V4w8gAqjN4leNDyBAWvumD4zsV0PG1FRjZIKLHQ8FOEWnecnfx0tJ3Gt7oWcRi7gGShzymiBKdSLJtDTW7YN7CfoVWGCq0ZJzqkoPHOpJxFIcXSiD5m8hUkIl9+TM43uMjJg4WP5bnjkwjvO+edmF8N7HWrH8rKZnyuExawR1pBeevCehri\/Wob7\/zqGo+hBHEV8EWOK7cf2QR+snKy+J8tNzQNV90RWlKkqkCQ9SRqbBM04RlKuiMrl6NCIKSNMUmXLRgramGmrxinVNdxUQkL5gIwy0Nkc7EIh0tUxflAMGM34pc1zSLh+XMXgb34g8V\/V6h5Vv5y3lwsY3TnYbD8e0PLI8xcFUavtfTpasIEAodQkGqPKfQ+BVv\/ElcXeVsW6bKBQYsnyXCaY\/gE66YklxSMhVNnfwWC6a9jqU7DvpWi6GVU6Umbus0BEO6XMk2C9ynpSFTpb9cBWLdvNcw7+OfcMS\/MoZv1ZgWnXujf6viCrSDkh7CCV+r61IFb+VLCBb9MA1Yy7GI1W+KboViDT98gndWf4bNWw\/jL7VEm9BFrnQJrrjlDvTp+R80CrUCT0DjgZKHRWU42n7bjEUfLMP6jX\/ieP56qWyM+CZVuwJ39eqLPmHlDIXAxGJMemUFtvtdi77j+k14Hh2D9UGUcVyAJRu4AtFf\/rVZxaoviahw8WVBq9P4LuhvI1Pf+XOOIPP1t5E2bwNcv3pdut6NEqEM3WgpMWjpfx8Sut1A9bSiRzj429LFTL2thL3veo7Ck\/eK+yHYgi0FmfI8Zyip2YaSmoFe5RACMP7VpVbsLljZiU+12MQU1G7WBgMLzVv\/SkUf5c8dryTi7egyfCA6XGZGsKCIJFPv2Echmb7uI1MK0pNMlY0E5xYC90LsnmUxLDCFhvWkiVw7MrbbXcictoArzcyHh8tHaUmMSUumwsiFwO3kRDsTjhyPMYNXrBBz7DjiOrZGxfkTkUNr9HSPJ+Fm2Q0b5moybF9oK7GuFExUUuib5yPVkkzL5uYt2a0cBXtH8qCMgm4W14XQ9Z3FHXU2v1dby5Es\/3Y2+yLblghIBMoTgagmU0GiwhrV0MVrrF8Tbpa3OP9g4gytzAQui5bAkpXcVV\/i9PgZyDvxFxKG90fi4w\/AyWQkOxWOlKXaKiRCLxYVH\/Qs0hcsg4b6vQm9GU+dMhi5m3YgY9RLjPmZoGMGr+fSFDgXrYb7e2Z+sqTGa5kKMhWWaem1ectzwM5JW\/8EMlUrD5UmY\/YsAK2OSZ2VEp2z0GfZpERAIhAZAlFIpio3ryBTpx3Wh\/4N4+BesGUyCEhL0kKCs9C16\/jfzzj10HBaq4nU470arh\/2wtjsRlh73wPj1Zcjh9m7LiojuR6bjqytmxHfszvX+jsGJ1M7Kz3\/JKyd2yCPy7Pl0QLO2fET5faOcgHxz5H7yk64c5ghaPCT6YVkmTqxY1oXrg3qEwsvSn83sjn2N+wVGCuKCimzgIztQFH7vwEgeUqJgESgnBGIOjL1JiAtYZoBfbR5\/DFRgKFjCnSXXQt9ncYwMblIQ2vTfZxC9WnZSPtmB2JSKiKGaySmj5jGpZiuguaBuxV3r8jIdTFOqmVsNG\/Xz4h\/qBPSPtkMfYUKcFVPgSmX65xSvCH3+72wsb2cPyjesHQl3D8fZiYxj6dlKhy+ZU1AKucxK\/\/mDizHkzN3wSXKItJ+xZZdBXJo5SW9V\/6dDmzx+8VjsERZlc2G43t2Ye8ZX\/ZVQCLX2e6Fuv1deOvJ5dijdOkkdu3cD3+XLBRJWDWjLePWcpMISAT+KQhEHZlmjWXMVNSZsjRGJAO5mc1rpFJRzPTh8DAZyWTQIi\/Hjozxs+iubQlXXa4Gse0Akvt2hC4pjjq7OUrpjDmFhEkudvz0O0xUNzJyoXE75QdPP\/A0rC2qcpFwLs02azsqPPEwM3qvoGX6PfRXJSJr0vvI27qPJTKCWWiZMp4qRBv+0W7eMBmr2oSWmL76qcCFw6N05ofMfuUCAl1enYvHrg5RPHnWryNUEb9Y97MD5i58NGQ951nvkjyBREAicNYQiDoyzbdMSaZi87AsRlslDpauKbDc2ALO+i2QPWI6HOs2wXwz1yM9zVVjbrgTZtaa5n79DSxX1IdZxE2ZcJRDYk0QS6yNnY3MLd\/C2qcLhR7+RPbsN6GvGg8Xq2uM11yOhMWTkP7WO9CsWQbnUab+5TD9iDlJQuNXiZmWUbThrI1eeTV8YjkG9pqPHRl2JTtQa66AOrf3wLgRhZcUK69Tlnc7Gybehac\/9RbFK9mH17TH0JHd0bjYDNvy7om\/vS8xttUUfMKkOKG8ZI6\/CI06DsCYnn5pubN1XtmuREAi8HcgEHVkmjqei4OzztQjylMEmYpSFbp7PW6qITVrgJgH6iN7zrdwbj8DTy4f\/SRd6\/vPkURrcT3TIzA0boS\/6LaNjbcii6vFxBw6gcTbrkMepQXzKibhDN282R0YZxVuXIOH5YE6mFpWhn1rBuOrmVy6TS8MUn81jlKak8AEpKTxF1AC0t8xE+U5JQISAYnAeYxA1JFp1vufwz59Mex0z9qEnSTKY0SdipurwTio3FNJuH+NcGfyM8Y0PQ4HTDc1RPK0oci7rDrSP90Cx6Q3UWXJFORRavBEo86o0PtuaO69A\/aDx2GjlerexZU0KfKg1JOKze6i8aDl8m1CHN83mnTvmvhj5iLjpqd6w\/qfFufxMMuuSwQkAhIBicDZRCDqyNSTnYtMqhjlvLQErmwbxRuE9elTJhLk6RRmIz8TGgu+TagkwUByFOuWMjuXig6o9MU82Lic2pmrOkDv4PeWWEVJiRfsJVLVJqxPxQIW3CoEInwlMUbGTU392iNhZG9ouBC53CQCEgGJgERAIhAKgagjU9HJvDPpyOLaja6FVC7imqLCQnWT8ETdp1dNQXh3vVal8pkgQ6GWJD6i4II7LQ2mru1gr8x8yRcXQJtMXVMqJnk37i9KbgR5+o\/3k7KQEmS7Zu5jTIyHtksrxFNeS0f3sNwkAhIBiYBEQCIQDoGoJFOFLJ0u2D7fiqy5K2Hf\/hNLNhjPFGTnY1Ofg9bPrcr1iWXAxeeZHhKn2JcKRlp+YNXQfStIWvmvdws+Xmjx5gnLl9q95kb1WNvaHuY2jb1Sg3KTCEgEJAISAYlAEQhELZkWsB5J7mQq8ljW4uZqLh6xaohPqzefGCkvKMg379hp2KlqlLv6S1qizAImubpjTLB0aM7M3wbQVkpUdH3F0moBmyBexke1JFLdRZWho2B+8DnkLJIISAQkAhIBiUA4BKKbTIU7lj1XXLkl2Gzf7caZBycoLt9Ky6bBUKdGCY72m65esXu5SQQkAhIBiYBEoDgEoptM1b33JSGFu6D8GKjYgZZn1rvrKPKgRdx9rVirSrevjxiLJGZf8lFxoMnvJQISAYmAREAioEbg\/CFTOW4SAYmAREAiIBGIUgQkmUbpwMhuSQQkAhIBicD5g4Ak0\/NnrGRPJQISAYmARCBKEZBkGqUDI7slEZAISAQkAucPApJMz5+xkj2VCEgEJAISgShFQJJplA6M7JZEQCIgEZAInD8ISDI9f8ZK9lQiIBGQCEgEohQBSaZROjCyWxIBiYBEQCJw\/iAgyfT8GSvZU4mAREAiIBGIUgQkmUbpwMhuSQQkAhIBicD5g4Ak0\/NnrGRPJQISAYmARCBKEZBkGqUDI7slEZAISAQkAucPApJMz5+xkj2VCEgEJAISgShFQJJplA6M7JZEQCIgEZAInD8I\/B\/NJFl21DL0VwAAAABJRU5ErkJggg==\" alt=\"\"><\/p>\n\n\n\n<pre class=\"wp-block-code\"><code>eKNF jest w pe\u0142ni zintegrowany z KSeF w jego najnowszej wersji FA(3). W celu uruchomienia automatycznej wysy\u0142ki faktur z Twojej instancji eKNF do Krajowego systemu e-Faktur (KSeF) niezb\u0119dnych jest kilka krok\u00f3w, opisanych w poni\u017cszej instrukcji<\/code><\/pre>\n\n\n\n<pre class=\"wp-block-code\"><code>\nUwaga: Ta strona jest aktualizowana w miar\u0119 pojawiania si\u0119 nowych informacji i uruchamiania kolejnych funkcjonalno\u015bci\nOstatnia Aktualizacja: 06 lutego 2026<\/code><\/pre>\n\n\n\n<h2 class=\"wp-block-heading\">Instrukcje dla biur podr\u00f3\u017cy<\/h2>\n\n\n\n<ul class=\"wp-block-list\">\n<li><a href=\"https:\/\/mikrosystem.pl\/index.php\/pomoc\/ksef\/uzyskanie-dostepu-do-krajowego-systemu-e-faktur\" data-type=\"page\" data-id=\"5461\">Uzyskanie dost\u0119pu do Krajowego Systemu e-Faktur<\/a><\/li>\n\n\n\n<li><a href=\"https:\/\/mikrosystem.pl\/index.php\/pomoc\/ksef\/nadanie-uprawnien-do-pracy-w-ksef-samemu-sobie\" data-type=\"page\" data-id=\"5798\">Nadanie uprawnie\u0144 do pracy w KSeF samemu sobie<\/a> (zaktualizowane: 27 stycznia 2026)<\/li>\n\n\n\n<li><a href=\"https:\/\/mikrosystem.pl\/index.php\/pomoc\/ksef\/utworzenie-certyfikatow-do-uwierzytelniania-sie-w-ksef-i-wystawiania-e-faktur\" data-type=\"page\" data-id=\"5740\">Utworzenie certyfikat\u00f3w do uwierzytelniania si\u0119 w KSeF i wystawiania e-Faktur<\/a><\/li>\n\n\n\n<li><a href=\"https:\/\/mikrosystem.pl\/index.php\/pomoc\/ksef\/wprowadzenie-do-konfiguracji-eknf-certyfikatow-niezbednych-do-wystawiania-i-przesylania-faktur-do-ksef\" data-type=\"page\" data-id=\"5768\">Wprowadzenie danych certyfikatu (przeznaczonego do wystawiania e-Faktur) do eKNF<\/a><\/li>\n\n\n\n<li><a href=\"https:\/\/mikrosystem.pl\/index.php\/pomoc\/ksef\/uzyskanie-uprawnien-od-zewnetrznych-podmiotow-np-linii-lotniczych-pkp-itd-do-wystawiania-e-faktur-w-ich-imieniu\" data-type=\"page\" data-id=\"5757\">Uzyskanie uprawnie\u0144 od zewn\u0119trznych podmiot\u00f3w (np. linii lotniczych, PKP, itd.) do wystawiania e-Faktur w ich imieniu<\/a> (wa\u017cna aktualizacja! z 26 stycznia 2026)<\/li>\n\n\n\n<li><a href=\"https:\/\/mikrosystem.pl\/index.php\/pomoc\/ksef\/nadanie-uzytkownikom-eknf-uprawnien-do-wystawiania-faktur-w-ksef-i-wybor-srodowiska-demo-prod\" data-type=\"page\" data-id=\"5809\">Nadanie u\u017cytkownikom eKNF uprawnie\u0144 do wystawiania faktur w KSeF i wyb\u00f3r \u015brodowiska (Demo\/Prod)<\/a><\/li>\n\n\n\n<li><a href=\"https:\/\/mikrosystem.pl\/index.php\/pomoc\/ksef\/przesylanie-faktur-wystawionych-w-systemie-eknf-do-ksef-w-trybie-manualnym\" data-type=\"page\" data-id=\"5838\">Przesy\u0142anie faktur wystawionych w systemie eKNF do KSeF w trybie manualnym<\/a><\/li>\n\n\n\n<li>Przesy\u0142anie faktury wystawionych w systemie eKNF do KSeF w trybie automatycznym (w przygotowaniu)<\/li>\n\n\n\n<li><a href=\"https:\/\/mikrosystem.pl\/index.php\/pomoc\/ksef\/dodatkowe-elementy-na-fakturach-zwiazane-z-wejsciem-w-zycie-systemu-ksef\" data-type=\"page\" data-id=\"5863\">Dodatkowe elementy na fakturach zwi\u0105zane z wej\u015bciem w \u017cycie systemu KSeF (kody QR, numer dokumentu w KSeF)<\/a><\/li>\n\n\n\n<li><a href=\"https:\/\/mikrosystem.pl\/index.php\/pomoc\/ksef\/dodatkowe-elementy-w-interfejsie-uzytkownika-eknf-zwiazane-z-ksef\" data-type=\"page\" data-id=\"5850\">Dodatkowe elementy w interfejsie u\u017cytkownika eKNF zwi\u0105zane z KSeF (status wysy\u0142ki, informacja o b\u0142\u0119dach, itd.)<\/a><\/li>\n\n\n\n<li><a href=\"https:\/\/mikrosystem.pl\/index.php\/pomoc\/ksef\/ksef-wystawianie-faktur-w-imieniu-innego-podmiotu\" data-type=\"page\" data-id=\"5870\">Wystawianie faktur w imieniu innych podmiot\u00f3w (PLL LOT, PKP INTERCITY)<\/a><\/li>\n<\/ul>\n\n\n\n<h2 class=\"wp-block-heading\">Instrukcje dla linii lotniczych<\/h2>\n\n\n\n<p><a href=\"https:\/\/mikrosystem.pl\/index.php\/pomoc\/ksef\/nadawanie-biurom-podrozy-uprawnien-do-wystawiania-faktur-w-ksef-przez-linie-lotnicze\" data-type=\"link\" data-id=\"https:\/\/mikrosystem.pl\/index.php\/pomoc\/ksef\/nadawanie-biurom-podrozy-uprawnien-do-wystawiania-faktur-w-ksef-przez-linie-lotnicze\">Nadawanie uprawnie\u0144 biurom podr\u00f3\u017cy (b\u0119d\u0105cymi agentami IATA) do wystawiania faktur w KSeF przez linie lotnicze<\/a> (zaktualizowane 20 stycznia 2026)<\/p>\n\n\n\n<h2 class=\"wp-block-heading\">Zmiany w dzia\u0142aniu eKNF po wej\u015bciu w \u017cycie KSeF<\/h2>\n\n\n\n<p class=\"has-text-align-left\"><a href=\"https:\/\/mikrosystem.pl\/index.php\/pomoc\/ksef\/zmiany-w-dzialaniu-eknf-spowodowane-uruchomieniem-ksef\" data-type=\"page\" data-id=\"5927\">Wdro\u017cenie KSeF b\u0119dzie mia\u0142o wp\u0142yw na dzia\u0142anie eKNF. Niekt\u00f3re zmiany b\u0119d\u0105 odczuwalne. Opisujemy je w tym linku &#8211; zapoznaj si\u0119 z nimi<\/a><\/p>\n\n\n\n<p><\/p>\n","protected":false},"excerpt":{"rendered":"<p>Instrukcje dla biur podr\u00f3\u017cy Instrukcje dla linii lotniczych Nadawanie uprawnie\u0144 biurom podr\u00f3\u017cy (b\u0119d\u0105cymi agentami IATA) do wystawiania faktur w KSeF przez linie lotnicze (zaktualizowane 20 stycznia 2026) Zmiany w dzia\u0142aniu eKNF po wej\u015bciu w \u017cycie KSeF Wdro\u017cenie KSeF b\u0119dzie mia\u0142o wp\u0142yw na dzia\u0142anie eKNF. Niekt\u00f3re zmiany b\u0119d\u0105 odczuwalne. Opisujemy je w tym linku &#8211; zapoznaj &#8230; <a title=\"KSeF\" class=\"read-more\" href=\"https:\/\/mikrosystem.pl\/index.php\/pomoc\/ksef\" aria-label=\"Dowiedz si\u0119 wi\u0119cej o KSeF\">Read more<\/a><\/p>\n","protected":false},"author":5,"featured_media":0,"parent":1792,"menu_order":0,"comment_status":"closed","ping_status":"closed","template":"","meta":{"generate_page_header":"","footnotes":""},"class_list":{"0":"post-5455","1":"page","2":"type-page","3":"status-publish","5":"infinite-scroll-item"},"_links":{"self":[{"href":"https:\/\/mikrosystem.pl\/index.php\/wp-json\/wp\/v2\/pages\/5455","targetHints":{"allow":["GET"]}}],"collection":[{"href":"https:\/\/mikrosystem.pl\/index.php\/wp-json\/wp\/v2\/pages"}],"about":[{"href":"https:\/\/mikrosystem.pl\/index.php\/wp-json\/wp\/v2\/types\/page"}],"author":[{"embeddable":true,"href":"https:\/\/mikrosystem.pl\/index.php\/wp-json\/wp\/v2\/users\/5"}],"replies":[{"embeddable":true,"href":"https:\/\/mikrosystem.pl\/index.php\/wp-json\/wp\/v2\/comments?post=5455"}],"version-history":[{"count":41,"href":"https:\/\/mikrosystem.pl\/index.php\/wp-json\/wp\/v2\/pages\/5455\/revisions"}],"predecessor-version":[{"id":6394,"href":"https:\/\/mikrosystem.pl\/index.php\/wp-json\/wp\/v2\/pages\/5455\/revisions\/6394"}],"up":[{"embeddable":true,"href":"https:\/\/mikrosystem.pl\/index.php\/wp-json\/wp\/v2\/pages\/1792"}],"wp:attachment":[{"href":"https:\/\/mikrosystem.pl\/index.php\/wp-json\/wp\/v2\/media?parent=5455"}],"curies":[{"name":"wp","href":"https:\/\/api.w.org\/{rel}","templated":true}]}}