{"id":5365,"date":"2023-01-09T16:09:01","date_gmt":"2023-01-09T15:09:01","guid":{"rendered":"https:\/\/mikrosystem.pl\/?page_id=5365"},"modified":"2023-01-09T16:11:07","modified_gmt":"2023-01-09T15:11:07","slug":"reczny-import-danych-z-systemow-rezerwacyjnych-gds","status":"publish","type":"page","link":"https:\/\/mikrosystem.pl\/index.php\/pomoc\/eknf-instrukcja-obslugi\/reczny-import-danych-z-systemow-rezerwacyjnych-gds","title":{"rendered":"R\u0119czny Import danych z system\u00f3w rezerwacyjnych GDS"},"content":{"rendered":"\n<p>eKNF importuje dane ze wszystkich system\u00f3w rezerwacyjnych GDS automatycznie. W wyj\u0105tkowych okazjach przydaje si\u0119 jednak mo\u017cliwo\u015b\u0107 r\u0119cznego importu pojedynczego pliku pochodz\u0105cego z GDS do eKNF. <\/p>\n\n\n\n<p>Poni\u017cej opisujemy, jak mo\u017cna to zrobi\u0107<\/p>\n\n\n\n<div class=\"wp-block-group\"><div class=\"wp-block-group__inner-container is-layout-flow wp-block-group-is-layout-flow\">\n<div class=\"wp-block-buttons aligncenter is-layout-flex wp-block-buttons-is-layout-flex\">\n<div class=\"wp-block-button is-style-fill\"><a class=\"wp-block-button__link has-text-color has-very-dark-gray-color has-background has-very-light-gray-background-color\" href=\"#user\" style=\"border-radius:5px\">Informacje dla u\u017cytkownika<\/a><\/div>\n\n\n\n<div class=\"wp-block-button is-style-fill\"><a class=\"wp-block-button__link has-text-color has-very-dark-gray-color has-background has-very-light-gray-background-color\" href=\"#admin\" style=\"border-radius:5px\">Informacje dla administratora<\/a><\/div>\n\n\n\n<div class=\"wp-block-button is-style-fill\"><a class=\"wp-block-button__link has-text-color has-very-dark-gray-color has-background has-very-light-gray-background-color\" style=\"border-radius:5px\">Informacje dla programisty<\/a><\/div>\n<\/div>\n<\/div><\/div>\n\n\n\n<hr class=\"wp-block-separator has-css-opacity\"\/>\n\n\n\n<h2 class=\"wp-block-heading\">Informacje dla u\u017cytkownika<\/h2>\n\n\n\n<div class=\"wp-block-columns is-layout-flex wp-container-core-columns-is-layout-9d6595d7 wp-block-columns-is-layout-flex\">\n<div class=\"wp-block-column is-layout-flow wp-block-column-is-layout-flow\" style=\"flex-basis:66.66%\">\n<hr class=\"wp-block-separator has-css-opacity\"\/>\n\n\n\n<h3 class=\"wp-block-heading\" id=\"widok\">Przejd\u017a do zak\u0142adki RGB<\/h3>\n\n\n\n<p>W g\u0142\u00f3wnym menu programu (na szarym pasku) kliknij na RGB, a nast\u0119pnie (na zielonym pasku) na Pliki GDS<\/p>\n\n\n\n<p><em>Uwaga: je\u015bli nie widzisz zak\u0142adki RGB w menu g\u0142\u00f3wnym, to zapewne nie posiadasz wymaganych uprawnie\u0144 do dost\u0119pu do niej. W takim wypadku skontaktuj si\u0119 z Administratorem eKNF w swoim biurze, lub z nasz\u0105 pomoc\u0105 techniczn\u0105.<\/em><\/p>\n\n\n\n<figure class=\"wp-block-image size-large\"><img loading=\"lazy\" decoding=\"async\" width=\"1024\" height=\"415\" src=\"https:\/\/mikrosystem.pl\/mikrosystem_www\/wp-content\/uploads\/2023\/01\/RGB_Pliki_GDS-1024x415.png\" alt=\"\" class=\"wp-image-5366\" srcset=\"https:\/\/mikrosystem.pl\/mikrosystem_www\/wp-content\/uploads\/2023\/01\/RGB_Pliki_GDS-1024x415.png 1024w, https:\/\/mikrosystem.pl\/mikrosystem_www\/wp-content\/uploads\/2023\/01\/RGB_Pliki_GDS-300x121.png 300w, https:\/\/mikrosystem.pl\/mikrosystem_www\/wp-content\/uploads\/2023\/01\/RGB_Pliki_GDS-768x311.png 768w, https:\/\/mikrosystem.pl\/mikrosystem_www\/wp-content\/uploads\/2023\/01\/RGB_Pliki_GDS.png 1030w\" sizes=\"auto, (max-width: 1024px) 100vw, 1024px\" \/><\/figure>\n\n\n\n<hr class=\"wp-block-separator has-css-opacity\"\/>\n\n\n\n<h3 class=\"wp-block-heading\">Nast\u0119pnie wykonaj po kolei te kroki<\/h3>\n\n\n\n<p><\/p>\n\n\n\n<ul class=\"wp-block-list\">\n<li>Kliknij na klawisz Dodaj plik GDS<\/li>\n\n\n\n<li>Wybierz GDS, z kt\u00f3rego chcesz wczyta\u0107 plik i wska\u017c lokalizacj\u0119, do kt\u00f3rej ma by\u0107 wczytany (postaw przy nim kropk\u0119)<\/li>\n\n\n\n<li>Skopiuj ca\u0142\u0105 zawarto\u015b\u0107 pliku i wklej j\u0105 &#8211; jako tekst &#8211; do okna importu (skr\u00f3ty klawiszowe: zaznaczenie ca\u0142ego tekstu: CTRL+A, skopiowanie: CTRL+C, wklejenie: CTRL+V)<\/li>\n\n\n\n<li>Kliknij na Zapisz<\/li>\n<\/ul>\n\n\n\n<figure class=\"wp-block-image size-large\"><img loading=\"lazy\" decoding=\"async\" width=\"1024\" height=\"415\" src=\"https:\/\/mikrosystem.pl\/mikrosystem_www\/wp-content\/uploads\/2023\/01\/RGB_Pliki_GDS_importuj-plik-1024x415.png\" alt=\"\" class=\"wp-image-5367\" srcset=\"https:\/\/mikrosystem.pl\/mikrosystem_www\/wp-content\/uploads\/2023\/01\/RGB_Pliki_GDS_importuj-plik-1024x415.png 1024w, https:\/\/mikrosystem.pl\/mikrosystem_www\/wp-content\/uploads\/2023\/01\/RGB_Pliki_GDS_importuj-plik-300x121.png 300w, https:\/\/mikrosystem.pl\/mikrosystem_www\/wp-content\/uploads\/2023\/01\/RGB_Pliki_GDS_importuj-plik-768x311.png 768w, https:\/\/mikrosystem.pl\/mikrosystem_www\/wp-content\/uploads\/2023\/01\/RGB_Pliki_GDS_importuj-plik.png 1030w\" sizes=\"auto, (max-width: 1024px) 100vw, 1024px\" \/><\/figure>\n\n\n\n<p>Po wykonaniu tych czynno\u015bci dane z rezerwacji powinny by\u0107 widoczne w odpowiednich modu\u0142ach eKNF.<\/p>\n\n\n\n<p><\/p>\n<\/div>\n<\/div>\n\n\n\n<hr class=\"wp-block-separator has-css-opacity\"\/>\n\n\n\n<h2 class=\"wp-block-heading\" id=\"admin\">Informacje dla administratora<\/h2>\n\n\n\n<div class=\"wp-block-columns is-layout-flex wp-container-core-columns-is-layout-9d6595d7 wp-block-columns-is-layout-flex\">\n<div class=\"wp-block-column is-layout-flow wp-block-column-is-layout-flow\" style=\"flex-basis:66.66%\">\n<hr class=\"wp-block-separator has-css-opacity\"\/>\n\n\n\n<h3 class=\"wp-block-heading\" id=\"uprawnienia\">Uprawnienia u\u017cytkownika wymagane do samodzielnego wczytania pliku z GDS<\/h3>\n\n\n\n<p>Zas\u00f3b kontroluj\u0105cy dost\u0119p do zak\u0142adki RGB ma akronim RGB_VIEW<\/p>\n\n\n\n<p>Aby wczyta\u0107 dane z GDSu do wybranej lokalizacji eKNF u\u017cytkownik musi r\u00f3wnie\u017c posiada\u0107 uprawnienia dost\u0119pu do tej lokalizacji.<\/p>\n\n\n\n<p><\/p>\n\n\n\n<p><\/p>\n<\/div>\n<\/div>\n\n\n\n<p><\/p>\n","protected":false},"excerpt":{"rendered":"","protected":false},"author":5,"featured_media":0,"parent":1802,"menu_order":0,"comment_status":"closed","ping_status":"closed","template":"","meta":{"generate_page_header":"","footnotes":""},"class_list":{"0":"post-5365","1":"page","2":"type-page","3":"status-publish","5":"infinite-scroll-item"},"_links":{"self":[{"href":"https:\/\/mikrosystem.pl\/index.php\/wp-json\/wp\/v2\/pages\/5365","targetHints":{"allow":["GET"]}}],"collection":[{"href":"https:\/\/mikrosystem.pl\/index.php\/wp-json\/wp\/v2\/pages"}],"about":[{"href":"https:\/\/mikrosystem.pl\/index.php\/wp-json\/wp\/v2\/types\/page"}],"author":[{"embeddable":true,"href":"https:\/\/mikrosystem.pl\/index.php\/wp-json\/wp\/v2\/users\/5"}],"replies":[{"embeddable":true,"href":"https:\/\/mikrosystem.pl\/index.php\/wp-json\/wp\/v2\/comments?post=5365"}],"version-history":[{"count":1,"href":"https:\/\/mikrosystem.pl\/index.php\/wp-json\/wp\/v2\/pages\/5365\/revisions"}],"predecessor-version":[{"id":5368,"href":"https:\/\/mikrosystem.pl\/index.php\/wp-json\/wp\/v2\/pages\/5365\/revisions\/5368"}],"up":[{"embeddable":true,"href":"https:\/\/mikrosystem.pl\/index.php\/wp-json\/wp\/v2\/pages\/1802"}],"wp:attachment":[{"href":"https:\/\/mikrosystem.pl\/index.php\/wp-json\/wp\/v2\/media?parent=5365"}],"curies":[{"name":"wp","href":"https:\/\/api.w.org\/{rel}","templated":true}]}}