{"id":4986,"date":"2020-10-23T12:59:58","date_gmt":"2020-10-23T10:59:58","guid":{"rendered":"http:\/\/mikrosystem.pl\/?page_id=4986"},"modified":"2026-03-05T11:26:18","modified_gmt":"2026-03-05T10:26:18","slug":"stawki-vat-najczesciej-stosowane-przy-sprzedazy-biletow-lotniczych","status":"publish","type":"page","link":"https:\/\/mikrosystem.pl\/index.php\/pomoc\/eknf-instrukcja-obslugi\/fakturowanie\/stawki-vat-najczesciej-stosowane-przy-sprzedazy-biletow-lotniczych","title":{"rendered":"Stawki VAT najcz\u0119\u015bciej stosowane przy sprzeda\u017cy bilet\u00f3w lotniczych"},"content":{"rendered":"\n<figure class=\"wp-block-table is-style-regular\"><table><tbody><tr><td>Typ biletu<\/td><td>Stawka VAT<\/td><td>Uzasadnienie<\/td><\/tr><tr><td>Bilet lotniczy krajowy<\/td><td>8%<\/td><td>Dla us\u0142ug transportu lotniczego, \u015bwiadczonego na terytorium kraju, w my\u015bl art. 41 ust. 2, z zastrze\u017ceniem art. 146a pkt 2 ustawy o VAT, dla towar\u00f3w i us\u0142ug, wymienionych w za\u0142\u0105czniku nr 3 do ustawy, stawka podatku VAT wynosi 8% z zastrze\u017ceniem ust. 12 i art. 114 ust. 1.<\/td><\/tr><tr><td>Bilet lotniczy mi\u0119dzynarodowy (trasa przebiegaj\u0105ca cz\u0119\u015bciowo przez terytorium Polski)<\/td><td>0%<\/td><td>Dla us\u0142ug mi\u0119dzynarodowego przewozu os\u00f3b \u015brodkami transportu lotniczego pasa\u017cerskiego &#8211; wy\u0142\u0105cznie przewozy lotnicze rozk\u0142adowe pasa\u017cerskie i pozarozk\u0142adowe pasa\u017cerskie &#8211; stawka podatku VAT wynosi 0% na podstawie art. 83 ust. 1 pkt 23 w zwi\u0105zku z art. 83 ust. 3 pkt 2 ustawy, z uwzgl\u0119dnieniem miejsca transportu, stosownie do art. 28f ust. 1 ustawy<\/td><\/tr><tr><td>Bilet lotniczy zagraniczny (trasa w ca\u0142o\u015bci poza terytorium Polski)<\/td><td>np.<\/td><td>Zgodnie z art. 28f ustawy o VAT, w sytuacji \u015bwiadczenia us\u0142ug transportu pasa\u017cer\u00f3w, miejscem \u015bwiadczenia jest miejsce, w kt\u00f3rym odbywa si\u0119 transport z uwzgl\u0119dnieniem pokonanych odleg\u0142o\u015bci. Us\u0142ugi transportu os\u00f3b na trasach przebiegaj\u0105cych wy\u0142\u0105cznie poza granicami Polski nie podlegaj\u0105 zatem opodatkowaniu podatkiem VAT w Polsce, bowiem transport na \u017cadnym odcinku nie odbywa si\u0119 w Polsce.<\/td><\/tr><\/tbody><\/table><\/figure>\n\n\n\n<p><\/p>\n","protected":false},"excerpt":{"rendered":"<p>Typ biletu Stawka VAT Uzasadnienie Bilet lotniczy krajowy 8% Dla us\u0142ug transportu lotniczego, \u015bwiadczonego na terytorium kraju, w my\u015bl art. 41 ust. 2, z zastrze\u017ceniem art. 146a pkt 2 ustawy o VAT, dla towar\u00f3w i us\u0142ug, wymienionych w za\u0142\u0105czniku nr 3 do ustawy, stawka podatku VAT wynosi 8% z zastrze\u017ceniem ust. 12 i art. 114 &#8230; <a title=\"Stawki VAT najcz\u0119\u015bciej stosowane przy sprzeda\u017cy bilet\u00f3w lotniczych\" class=\"read-more\" href=\"https:\/\/mikrosystem.pl\/index.php\/pomoc\/eknf-instrukcja-obslugi\/fakturowanie\/stawki-vat-najczesciej-stosowane-przy-sprzedazy-biletow-lotniczych\" aria-label=\"Dowiedz si\u0119 wi\u0119cej o Stawki VAT najcz\u0119\u015bciej stosowane przy sprzeda\u017cy bilet\u00f3w lotniczych\">Read more<\/a><\/p>\n","protected":false},"author":5,"featured_media":0,"parent":6236,"menu_order":0,"comment_status":"closed","ping_status":"closed","template":"","meta":{"generate_page_header":"","footnotes":""},"class_list":{"0":"post-4986","1":"page","2":"type-page","3":"status-publish","5":"infinite-scroll-item"},"_links":{"self":[{"href":"https:\/\/mikrosystem.pl\/index.php\/wp-json\/wp\/v2\/pages\/4986","targetHints":{"allow":["GET"]}}],"collection":[{"href":"https:\/\/mikrosystem.pl\/index.php\/wp-json\/wp\/v2\/pages"}],"about":[{"href":"https:\/\/mikrosystem.pl\/index.php\/wp-json\/wp\/v2\/types\/page"}],"author":[{"embeddable":true,"href":"https:\/\/mikrosystem.pl\/index.php\/wp-json\/wp\/v2\/users\/5"}],"replies":[{"embeddable":true,"href":"https:\/\/mikrosystem.pl\/index.php\/wp-json\/wp\/v2\/comments?post=4986"}],"version-history":[{"count":2,"href":"https:\/\/mikrosystem.pl\/index.php\/wp-json\/wp\/v2\/pages\/4986\/revisions"}],"predecessor-version":[{"id":4991,"href":"https:\/\/mikrosystem.pl\/index.php\/wp-json\/wp\/v2\/pages\/4986\/revisions\/4991"}],"up":[{"embeddable":true,"href":"https:\/\/mikrosystem.pl\/index.php\/wp-json\/wp\/v2\/pages\/6236"}],"wp:attachment":[{"href":"https:\/\/mikrosystem.pl\/index.php\/wp-json\/wp\/v2\/media?parent=4986"}],"curies":[{"name":"wp","href":"https:\/\/api.w.org\/{rel}","templated":true}]}}