{"id":4927,"date":"2020-08-07T12:10:12","date_gmt":"2020-08-07T10:10:12","guid":{"rendered":"http:\/\/mikrosystem.pl\/?page_id=4927"},"modified":"2020-08-07T13:43:19","modified_gmt":"2020-08-07T11:43:19","slug":"zamykanie-miesiaca","status":"publish","type":"page","link":"https:\/\/mikrosystem.pl\/index.php\/pomoc\/eknf-instrukcja-obslugi\/eknf-glowne-okno-programu\/sprzedaz-tworzenie-i-przegladanie-dokumentow-sprzedazowych\/zamykanie-miesiaca","title":{"rendered":"Zamykanie miesi\u0105ca"},"content":{"rendered":"\n<p>Dokumenty sprzeda\u017cy wystawiane w eKNF s\u0105 &#8211; po zako\u0144czeniu miesi\u0105ca &#8211; ksi\u0119gowane w zewn\u0119trznych systemach finansowo-ksi\u0119gowych. <br>Dlatego wa\u017cne jest, by po zaksi\u0119gowaniu miesi\u0105ca nie pojawia\u0142y si\u0119 w systemie kolejne faktury wystawiane ze wsteczn\u0105 dat\u0105. Procedura zamykania miesi\u0105ca zabezpiecza przed tak\u0105 sytuacj\u0105.<br><\/p>\n\n\n\n<div class=\"wp-block-group\"><div class=\"wp-block-group__inner-container is-layout-flow wp-block-group-is-layout-flow\">\n<div class=\"wp-block-buttons aligncenter is-layout-flex wp-block-buttons-is-layout-flex\">\n<div class=\"wp-block-button is-style-fill\"><a class=\"wp-block-button__link has-text-color has-very-dark-gray-color has-background has-very-light-gray-background-color\" href=\"#user\" style=\"border-radius:5px\">Informacje dla u\u017cytkownika<\/a><\/div>\n\n\n\n<div class=\"wp-block-button is-style-fill\"><a class=\"wp-block-button__link has-text-color has-very-dark-gray-color has-background has-very-light-gray-background-color\" href=\"#admin\" style=\"border-radius:5px\">Informacje dla administratora<\/a><\/div>\n\n\n\n<div class=\"wp-block-button is-style-fill\"><a class=\"wp-block-button__link has-text-color has-very-dark-gray-color has-background has-very-light-gray-background-color\" style=\"border-radius:5px\">Informacje dla programisty<\/a><\/div>\n<\/div>\n<\/div><\/div>\n\n\n\n<hr class=\"wp-block-separator\"\/>\n\n\n\n<h2 class=\"wp-block-heading\" id=\"user\">Informacje dla u\u017cytkownika<\/h2>\n\n\n\n<div class=\"wp-block-columns is-layout-flex wp-container-core-columns-is-layout-9d6595d7 wp-block-columns-is-layout-flex\">\n<div class=\"wp-block-column is-layout-flow wp-block-column-is-layout-flow\" style=\"flex-basis:20%\">\n<hr class=\"wp-block-separator\"\/>\n\n\n\n<p><a href=\"#zamykanie\">Zamykanie miesi\u0105ca<\/a><\/p>\n\n\n\n<p><a href=\"#otwieranie\">Ponowne otwarcie miesi\u0105ca<\/a><\/p>\n\n\n\n<p><a href=\"#konsekwencje\">Konsekwencje zamkni\u0119cia miesi\u0105ca<\/a><\/p>\n<\/div>\n\n\n\n<div class=\"wp-block-column is-layout-flow wp-block-column-is-layout-flow\" style=\"flex-basis:66.66%\">\n<hr class=\"wp-block-separator\"\/>\n\n\n\n<h3 class=\"wp-block-heading\" id=\"zamykanie\">Zamykanie miesi\u0105ca<\/h3>\n\n\n\n<p>Zamkni\u0119cia miesi\u0105ca mo\u017ce dokona\u0107 osoba z odpowiednimi uprawnieniami. W module Sprzeda\u017c znajduje si\u0119 (widoczny tylko dla uprawnionych) klawisz Zamkni\u0119cie miesi\u0105ca. Po jego naci\u015bni\u0119ciu eKNF wy\u015bwietli list\u0119 ostatnich 12 miesi\u0119cy wraz z informacj\u0105, kt\u00f3re miesi\u0105ce zosta\u0142y ju\u017c zamkni\u0119te.<\/p>\n\n\n\n<figure class=\"wp-block-image size-large\"><img loading=\"lazy\" decoding=\"async\" width=\"1024\" height=\"457\" src=\"https:\/\/mikrosystem.pl\/mikrosystem_www\/wp-content\/uploads\/2020\/08\/Zamkni\u0119cie_miesi\u0105ca_Dokumenty_sprzeda\u017cy-01-1024x457.png\" alt=\"\" class=\"wp-image-4928\" srcset=\"https:\/\/mikrosystem.pl\/mikrosystem_www\/wp-content\/uploads\/2020\/08\/Zamkni\u0119cie_miesi\u0105ca_Dokumenty_sprzeda\u017cy-01-1024x457.png 1024w, https:\/\/mikrosystem.pl\/mikrosystem_www\/wp-content\/uploads\/2020\/08\/Zamkni\u0119cie_miesi\u0105ca_Dokumenty_sprzeda\u017cy-01-300x134.png 300w, https:\/\/mikrosystem.pl\/mikrosystem_www\/wp-content\/uploads\/2020\/08\/Zamkni\u0119cie_miesi\u0105ca_Dokumenty_sprzeda\u017cy-01-768x343.png 768w, https:\/\/mikrosystem.pl\/mikrosystem_www\/wp-content\/uploads\/2020\/08\/Zamkni\u0119cie_miesi\u0105ca_Dokumenty_sprzeda\u017cy-01.png 1379w\" sizes=\"auto, (max-width: 1024px) 100vw, 1024px\" \/><\/figure>\n\n\n\n<h3 class=\"wp-block-heading\" id=\"otwieranie\">Ponowne otwarcie miesi\u0105ca<\/h3>\n\n\n\n<p>Zamkni\u0119ty miesi\u0105c mo\u017cna ponownie otworzy\u0107 klawiszem Otw\u00f3rz. Mo\u017ce to zrobi\u0107 tylko osoba z odpowiednimi uprawnieniami.<\/p>\n\n\n\n<figure class=\"wp-block-image size-large\"><img loading=\"lazy\" decoding=\"async\" width=\"1024\" height=\"457\" src=\"https:\/\/mikrosystem.pl\/mikrosystem_www\/wp-content\/uploads\/2020\/08\/Zamkni\u0119cie_miesi\u0105ca_Dokumenty_sprzeda\u017cy-02-1024x457.png\" alt=\"\" class=\"wp-image-4929\" srcset=\"https:\/\/mikrosystem.pl\/mikrosystem_www\/wp-content\/uploads\/2020\/08\/Zamkni\u0119cie_miesi\u0105ca_Dokumenty_sprzeda\u017cy-02-1024x457.png 1024w, https:\/\/mikrosystem.pl\/mikrosystem_www\/wp-content\/uploads\/2020\/08\/Zamkni\u0119cie_miesi\u0105ca_Dokumenty_sprzeda\u017cy-02-300x134.png 300w, https:\/\/mikrosystem.pl\/mikrosystem_www\/wp-content\/uploads\/2020\/08\/Zamkni\u0119cie_miesi\u0105ca_Dokumenty_sprzeda\u017cy-02-768x343.png 768w, https:\/\/mikrosystem.pl\/mikrosystem_www\/wp-content\/uploads\/2020\/08\/Zamkni\u0119cie_miesi\u0105ca_Dokumenty_sprzeda\u017cy-02.png 1379w\" sizes=\"auto, (max-width: 1024px) 100vw, 1024px\" \/><\/figure>\n\n\n\n<h3 class=\"wp-block-heading\" id=\"konsekwencje\">Konsekwencje zamkni\u0119cia miesi\u0105ca<\/h3>\n\n\n\n<p>Po zamkni\u0119ciu danego miesi\u0105ca eKNF nie pozwoli wystawi\u0107 nowych dokument\u00f3w z dat\u0105 wystawienia z tego miesi\u0105ca (u\u017cytkownik otrzyma komunikat b\u0142\u0119du m\u00f3wi\u0105cy, \u017ce miesi\u0105c jest ju\u017c zamkni\u0119ty). Robot automatycznie wystawiaj\u0105cy faktury r\u00f3wnie\u017c nie wystawi faktur z dat\u0105 z zamkni\u0119tego miesi\u0105ca.<\/p>\n\n\n\n<p>Zamkni\u0119cie miesi\u0105ca nie ogranicza mo\u017cliwo\u015bci utworzenia zam\u00f3wienia z dat\u0105 z tego miesi\u0105ca ani dodawania nowych rezerwacji\/bilet\u00f3w z tak\u0105 dat\u0105.<br><\/p>\n\n\n\n<hr class=\"wp-block-separator\"\/>\n\n\n\n<p><\/p>\n\n\n\n<p><\/p>\n<\/div>\n<\/div>\n\n\n\n<hr class=\"wp-block-separator\"\/>\n\n\n\n<h2 class=\"wp-block-heading\" id=\"admin\">Informacje dla administratora<\/h2>\n\n\n\n<div class=\"wp-block-columns is-layout-flex wp-container-core-columns-is-layout-9d6595d7 wp-block-columns-is-layout-flex\">\n<div class=\"wp-block-column is-layout-flow wp-block-column-is-layout-flow\" style=\"flex-basis:20%\">\n<hr class=\"wp-block-separator\"\/>\n\n\n\n<p><a href=\"#uprawnienia\">Nadawanie uprawnie\u0144<\/a><\/p>\n\n\n\n<p><\/p>\n<\/div>\n\n\n\n<div class=\"wp-block-column is-layout-flow wp-block-column-is-layout-flow\" style=\"flex-basis:66.66%\">\n<hr class=\"wp-block-separator\"\/>\n\n\n\n<h3 class=\"wp-block-heading\" id=\"uprawnienia\">Nadawanie uprawnie\u0144 do zamkni\u0119cia miesi\u0105ca<\/h3>\n\n\n\n<p>Zas\u00f3b steruj\u0105cy uprawnieniami do zamykania (i otwierania) miesi\u0105ca nosi nazw\u0119 &#8216;Sprzeda\u017c &#8211; zamkni\u0119cie miesi\u0105ca&#8217;, akronim: INV_MONTH_CLOSE<\/p>\n\n\n\n<p>Modu\u0142: Administracja -&gt; Lista zasob\u00f3w<\/p>\n\n\n\n<figure class=\"wp-block-image size-large\"><img loading=\"lazy\" decoding=\"async\" width=\"1024\" height=\"457\" src=\"https:\/\/mikrosystem.pl\/mikrosystem_www\/wp-content\/uploads\/2020\/08\/Zamkni\u0119cie_miesi\u0105ca_Zasoby-03-1024x457.png\" alt=\"\" class=\"wp-image-4930\" srcset=\"https:\/\/mikrosystem.pl\/mikrosystem_www\/wp-content\/uploads\/2020\/08\/Zamkni\u0119cie_miesi\u0105ca_Zasoby-03-1024x457.png 1024w, https:\/\/mikrosystem.pl\/mikrosystem_www\/wp-content\/uploads\/2020\/08\/Zamkni\u0119cie_miesi\u0105ca_Zasoby-03-300x134.png 300w, https:\/\/mikrosystem.pl\/mikrosystem_www\/wp-content\/uploads\/2020\/08\/Zamkni\u0119cie_miesi\u0105ca_Zasoby-03-768x343.png 768w, https:\/\/mikrosystem.pl\/mikrosystem_www\/wp-content\/uploads\/2020\/08\/Zamkni\u0119cie_miesi\u0105ca_Zasoby-03.png 1379w\" sizes=\"auto, (max-width: 1024px) 100vw, 1024px\" \/><\/figure>\n\n\n\n<p><\/p>\n\n\n\n<p><\/p>\n\n\n\n<p><\/p>\n<\/div>\n<\/div>\n\n\n\n<p><\/p>\n","protected":false},"excerpt":{"rendered":"<p>Dokumenty sprzeda\u017cy wystawiane w eKNF s\u0105 &#8211; po zako\u0144czeniu miesi\u0105ca &#8211; ksi\u0119gowane w zewn\u0119trznych systemach finansowo-ksi\u0119gowych. Dlatego wa\u017cne jest, by po zaksi\u0119gowaniu miesi\u0105ca nie pojawia\u0142y si\u0119 w systemie kolejne faktury wystawiane ze wsteczn\u0105 dat\u0105. Procedura zamykania miesi\u0105ca zabezpiecza przed tak\u0105 sytuacj\u0105. Informacje dla u\u017cytkownika Zamykanie miesi\u0105ca Ponowne otwarcie miesi\u0105ca Konsekwencje zamkni\u0119cia miesi\u0105ca Zamykanie miesi\u0105ca Zamkni\u0119cia &#8230; <a title=\"Zamykanie miesi\u0105ca\" class=\"read-more\" href=\"https:\/\/mikrosystem.pl\/index.php\/pomoc\/eknf-instrukcja-obslugi\/eknf-glowne-okno-programu\/sprzedaz-tworzenie-i-przegladanie-dokumentow-sprzedazowych\/zamykanie-miesiaca\" aria-label=\"Dowiedz si\u0119 wi\u0119cej o Zamykanie miesi\u0105ca\">Read more<\/a><\/p>\n","protected":false},"author":5,"featured_media":0,"parent":1870,"menu_order":0,"comment_status":"closed","ping_status":"closed","template":"","meta":{"generate_page_header":"","footnotes":""},"class_list":{"0":"post-4927","1":"page","2":"type-page","3":"status-publish","5":"infinite-scroll-item"},"_links":{"self":[{"href":"https:\/\/mikrosystem.pl\/index.php\/wp-json\/wp\/v2\/pages\/4927","targetHints":{"allow":["GET"]}}],"collection":[{"href":"https:\/\/mikrosystem.pl\/index.php\/wp-json\/wp\/v2\/pages"}],"about":[{"href":"https:\/\/mikrosystem.pl\/index.php\/wp-json\/wp\/v2\/types\/page"}],"author":[{"embeddable":true,"href":"https:\/\/mikrosystem.pl\/index.php\/wp-json\/wp\/v2\/users\/5"}],"replies":[{"embeddable":true,"href":"https:\/\/mikrosystem.pl\/index.php\/wp-json\/wp\/v2\/comments?post=4927"}],"version-history":[{"count":6,"href":"https:\/\/mikrosystem.pl\/index.php\/wp-json\/wp\/v2\/pages\/4927\/revisions"}],"predecessor-version":[{"id":4939,"href":"https:\/\/mikrosystem.pl\/index.php\/wp-json\/wp\/v2\/pages\/4927\/revisions\/4939"}],"up":[{"embeddable":true,"href":"https:\/\/mikrosystem.pl\/index.php\/wp-json\/wp\/v2\/pages\/1870"}],"wp:attachment":[{"href":"https:\/\/mikrosystem.pl\/index.php\/wp-json\/wp\/v2\/media?parent=4927"}],"curies":[{"name":"wp","href":"https:\/\/api.w.org\/{rel}","templated":true}]}}