{"id":4558,"date":"2020-04-25T10:56:00","date_gmt":"2020-04-25T08:56:00","guid":{"rendered":"http:\/\/mikrosystem.pl\/?page_id=4558"},"modified":"2020-05-04T11:28:02","modified_gmt":"2020-05-04T09:28:02","slug":"przedplaty","status":"publish","type":"page","link":"https:\/\/mikrosystem.pl\/index.php\/nowosci\/kancelaria-elektroniczna\/przedplaty","title":{"rendered":"Przedp\u0142aty"},"content":{"rendered":"\n<p>Modu\u0142 przedp\u0142at jest cz\u0119\u015bci\u0105 Kancelarii elektronicznej. S\u0142u\u017cy do zarz\u0105dzania p\u0142atno\u015bciami. Pozwala na ich wprowadzanie, autoryzacj\u0119, kontrolowanie limit\u00f3w przyznanych u\u017cytkownikom i kontrahentom, oraz na generowanie plik\u00f3w z dyspozycjami przelew\u00f3w.<br><\/p>\n\n\n\n<div class=\"wp-block-buttons aligncenter is-layout-flex wp-block-buttons-is-layout-flex\">\n<div class=\"wp-block-button is-style-fill\"><a class=\"wp-block-button__link has-text-color has-very-dark-gray-color has-background has-very-light-gray-background-color\" href=\"#user\" style=\"border-radius:5px\">Informacje dla u\u017cytkownika<\/a><\/div>\n\n\n\n<div class=\"wp-block-button is-style-fill\"><a class=\"wp-block-button__link has-text-color has-very-dark-gray-color has-background has-very-light-gray-background-color\" href=\"#admin\" style=\"border-radius:5px\">Informacje dla administratora<\/a><\/div>\n\n\n\n<div class=\"wp-block-button is-style-fill\"><a class=\"wp-block-button__link has-text-color has-very-dark-gray-color has-background has-very-light-gray-background-color\" href=\"https:\/\/mikrosystem.pl\/index.php\/nowosci\/kancelaria-elektroniczna\/przedplaty\/przedplaty-informacje-dla-programisty\" style=\"border-radius:5px\">Informacje dla programisty<\/a><\/div>\n<\/div>\n\n\n\n<hr class=\"wp-block-separator\"\/>\n\n\n\n<h2 class=\"wp-block-heading\">Informacje dla u\u017cytkownika<\/h2>\n\n\n\n<div class=\"wp-block-columns is-layout-flex wp-container-core-columns-is-layout-9d6595d7 wp-block-columns-is-layout-flex\">\n<div class=\"wp-block-column is-layout-flow wp-block-column-is-layout-flow\" style=\"flex-basis:20%\">\n<hr class=\"wp-block-separator\"\/>\n\n\n\n<h3 class=\"wp-block-heading\"><a href=\"#widok\">Widok podstawowy<\/a><\/h3>\n\n\n\n<h3 class=\"wp-block-heading\"><a href=\"#edycja\">Wprowadzanie i edycja przedp\u0142at<\/a><\/h3>\n\n\n\n<h3 class=\"wp-block-heading\"><a href=\"#limity\">Limity przedp\u0142at i limity autoryzacji<\/a><\/h3>\n\n\n\n<h3 class=\"wp-block-heading\"><a href=\"#autoryzacja\">Zmiana statusu i autoryzacja<\/a><\/h3>\n\n\n\n<h3 class=\"wp-block-heading\"><a href=\"http:\/\/przelewy\">Generowanie polece\u0144 przelew\u00f3w<\/a><\/h3>\n\n\n\n<h3 class=\"wp-block-heading\"><a href=\"#xls\">Eksport do XLS<\/a><\/h3>\n\n\n\n<p><\/p>\n<\/div>\n\n\n\n<div class=\"wp-block-column is-layout-flow wp-block-column-is-layout-flow\" style=\"flex-basis:66.66%\">\n<hr class=\"wp-block-separator\"\/>\n\n\n\n<h3 class=\"wp-block-heading\" id=\"widok\">Widok podstawowy<\/h3>\n\n\n\n<p>Domy\u015blnie pokazywane s\u0105 wszystkie dokumenty z terminem p\u0142atno\u015bci okre\u015blonym w filtrze Data p\u0142atno\u015bci. Dokumenty z przekroczonym terminem p\u0142atno\u015bci wyr\u00f3\u017cnione s\u0105 na czerwono. Dokumenty ze zbli\u017caj\u0105cym si\u0119 terminem: na \u017c\u00f3\u0142to. Niebieski kolor oznacza przedp\u0142at\u0119 dotycz\u0105c\u0105 imprezy, kt\u00f3rej ca\u0142kowity koszt przekroczy 15000 PLN.<br>Filtry umo\u017cliwiaj\u0105 wyszukanie dokument\u00f3w spe\u0142niaj\u0105cych okre\u015blone kryteria, np.: z okre\u015blon\u0105 dat\u0105 p\u0142atno\u015bci, z okre\u015blonym statusem, lub utworzone przez wskazanego u\u017cytkownika.<\/p>\n\n\n\n<div class=\"wp-block-image\"><figure class=\"aligncenter size-large\"><img loading=\"lazy\" decoding=\"async\" width=\"1024\" height=\"423\" src=\"https:\/\/mikrosystem.pl\/mikrosystem_www\/wp-content\/uploads\/2020\/04\/Przedp\u0142aty_lista-1024x423.png\" alt=\"\" class=\"wp-image-4559\" srcset=\"https:\/\/mikrosystem.pl\/mikrosystem_www\/wp-content\/uploads\/2020\/04\/Przedp\u0142aty_lista-1024x423.png 1024w, https:\/\/mikrosystem.pl\/mikrosystem_www\/wp-content\/uploads\/2020\/04\/Przedp\u0142aty_lista-300x124.png 300w, https:\/\/mikrosystem.pl\/mikrosystem_www\/wp-content\/uploads\/2020\/04\/Przedp\u0142aty_lista-768x317.png 768w, https:\/\/mikrosystem.pl\/mikrosystem_www\/wp-content\/uploads\/2020\/04\/Przedp\u0142aty_lista.png 1434w\" sizes=\"auto, (max-width: 1024px) 100vw, 1024px\" \/><\/figure><\/div>\n\n\n\n<h3 class=\"wp-block-heading\" id=\"edycja\">Wprowadzanie i edycja przedp\u0142at<\/h3>\n\n\n\n<p>Okno edycji u\u017cywane jest do dodawania nowych przedp\u0142at oraz do edycji istniej\u0105cych, w tym: do zmiany statusu i do autoryzacji. <br>Kartoteka kontrahent\u00f3w dost\u0119pna w tym oknie mo\u017ce by\u0107 zsynchronizowana z systemem finansowo ksi\u0119gowym Symfonia, lub wprowadzona bezpo\u015brednio do eKNF w module Kartoteka dostawc\u00f3w.<br>W g\u00f3rnej cz\u0119\u015bci okna edycji widoczne s\u0105 aktualne limity wysoko\u015bci przedp\u0142at dost\u0119pne dla u\u017cytkownika wprowadzaj\u0105cego przedp\u0142at\u0119. Limity ustala administrator.<\/p>\n\n\n\n<div class=\"wp-block-image\"><figure class=\"aligncenter size-large\"><img loading=\"lazy\" decoding=\"async\" width=\"1024\" height=\"533\" src=\"https:\/\/mikrosystem.pl\/mikrosystem_www\/wp-content\/uploads\/2020\/04\/Przedp\u0142aty_okno_edycji-1024x533.png\" alt=\"\" class=\"wp-image-4560\" srcset=\"https:\/\/mikrosystem.pl\/mikrosystem_www\/wp-content\/uploads\/2020\/04\/Przedp\u0142aty_okno_edycji-1024x533.png 1024w, https:\/\/mikrosystem.pl\/mikrosystem_www\/wp-content\/uploads\/2020\/04\/Przedp\u0142aty_okno_edycji-300x156.png 300w, https:\/\/mikrosystem.pl\/mikrosystem_www\/wp-content\/uploads\/2020\/04\/Przedp\u0142aty_okno_edycji-768x399.png 768w, https:\/\/mikrosystem.pl\/mikrosystem_www\/wp-content\/uploads\/2020\/04\/Przedp\u0142aty_okno_edycji.png 1413w\" sizes=\"auto, (max-width: 1024px) 100vw, 1024px\" \/><\/figure><\/div>\n\n\n\n<h3 class=\"wp-block-heading\" id=\"limity\">Limity przedp\u0142at i limity autoryzacji<\/h3>\n\n\n\n<p>Limity przedp\u0142at i limity autoryzacji ustalane s\u0105 dla poszczeg\u00f3lnych u\u017cytkownik\u00f3w przez administratora (Administracja -&gt; U\u017cytkownicy). U\u017cytkownik nie mo\u017ce samodzielnie zmieni\u0107 przyznanych mu limit\u00f3w<\/p>\n\n\n\n<h3 class=\"wp-block-heading\" id=\"autoryzacja\">Zmiana statusu i autoryzacja<\/h3>\n\n\n\n<p>Zmiana statusu przedp\u0142aty i jej autoryzacja odbywa si\u0119 w oknie edycji. Zmiany statusu i autoryzacji mo\u017ce dokona\u0107 tylko u\u017cytkownik z uprawnieniami administratora przedp\u0142at. \u017baden u\u017cytkownik (r\u00f3wnie\u017c administrator) nie mo\u017ce autoryzowa\u0107 wprowadzonej przez siebie samego przedp\u0142aty &#8211; do tego niezb\u0119dna jest autoryzacja innego u\u017cytkownika z uprawnieniami administracyjnymi.<\/p>\n\n\n\n<div class=\"wp-block-image\"><figure class=\"aligncenter size-large\"><img loading=\"lazy\" decoding=\"async\" width=\"1024\" height=\"555\" src=\"https:\/\/mikrosystem.pl\/mikrosystem_www\/wp-content\/uploads\/2020\/04\/Przedp\u0142aty_zmiana_statusu-1-1024x555.png\" alt=\"\" class=\"wp-image-4580\" srcset=\"https:\/\/mikrosystem.pl\/mikrosystem_www\/wp-content\/uploads\/2020\/04\/Przedp\u0142aty_zmiana_statusu-1-1024x555.png 1024w, https:\/\/mikrosystem.pl\/mikrosystem_www\/wp-content\/uploads\/2020\/04\/Przedp\u0142aty_zmiana_statusu-1-300x163.png 300w, https:\/\/mikrosystem.pl\/mikrosystem_www\/wp-content\/uploads\/2020\/04\/Przedp\u0142aty_zmiana_statusu-1-768x416.png 768w, https:\/\/mikrosystem.pl\/mikrosystem_www\/wp-content\/uploads\/2020\/04\/Przedp\u0142aty_zmiana_statusu-1.png 1409w\" sizes=\"auto, (max-width: 1024px) 100vw, 1024px\" \/><\/figure><\/div>\n\n\n\n<h3 class=\"wp-block-heading\" id=\"przelewy\">Generowanie pliku polece\u0144 przelew\u00f3w<\/h3>\n\n\n\n<p>Plik przelew\u00f3w mo\u017ce by\u0107 wygenerowany wy\u0142\u0105cznie dla przedp\u0142at autoryzowanych. Zaznaczy\u0107 mo\u017cna jeden lub wi\u0119cej dokument\u00f3w. Po klikni\u0119ciu na klawisz [Generuj polecenia przelewu] utworzony zostanie plik tekstowy w standardowym formacie bankowym.<\/p>\n\n\n\n<div class=\"wp-block-image\"><figure class=\"aligncenter size-large\"><img loading=\"lazy\" decoding=\"async\" width=\"1024\" height=\"562\" src=\"https:\/\/mikrosystem.pl\/mikrosystem_www\/wp-content\/uploads\/2020\/04\/Przedp\u0142aty_generowanie_pliku_przelew\u00f3w-1024x562.png\" alt=\"\" class=\"wp-image-4589\" srcset=\"https:\/\/mikrosystem.pl\/mikrosystem_www\/wp-content\/uploads\/2020\/04\/Przedp\u0142aty_generowanie_pliku_przelew\u00f3w-1024x562.png 1024w, https:\/\/mikrosystem.pl\/mikrosystem_www\/wp-content\/uploads\/2020\/04\/Przedp\u0142aty_generowanie_pliku_przelew\u00f3w-300x165.png 300w, https:\/\/mikrosystem.pl\/mikrosystem_www\/wp-content\/uploads\/2020\/04\/Przedp\u0142aty_generowanie_pliku_przelew\u00f3w-768x421.png 768w, https:\/\/mikrosystem.pl\/mikrosystem_www\/wp-content\/uploads\/2020\/04\/Przedp\u0142aty_generowanie_pliku_przelew\u00f3w.png 1435w\" sizes=\"auto, (max-width: 1024px) 100vw, 1024px\" \/><\/figure><\/div>\n\n\n\n<div class=\"wp-block-image\"><figure class=\"aligncenter size-large\"><img loading=\"lazy\" decoding=\"async\" width=\"1024\" height=\"563\" src=\"https:\/\/mikrosystem.pl\/mikrosystem_www\/wp-content\/uploads\/2020\/04\/Przedp\u0142aty_generowanie_pliku_przelew\u00f3w-2-1024x563.png\" alt=\"\" class=\"wp-image-4590\" srcset=\"https:\/\/mikrosystem.pl\/mikrosystem_www\/wp-content\/uploads\/2020\/04\/Przedp\u0142aty_generowanie_pliku_przelew\u00f3w-2-1024x563.png 1024w, https:\/\/mikrosystem.pl\/mikrosystem_www\/wp-content\/uploads\/2020\/04\/Przedp\u0142aty_generowanie_pliku_przelew\u00f3w-2-300x165.png 300w, https:\/\/mikrosystem.pl\/mikrosystem_www\/wp-content\/uploads\/2020\/04\/Przedp\u0142aty_generowanie_pliku_przelew\u00f3w-2-768x422.png 768w, https:\/\/mikrosystem.pl\/mikrosystem_www\/wp-content\/uploads\/2020\/04\/Przedp\u0142aty_generowanie_pliku_przelew\u00f3w-2.png 1434w\" sizes=\"auto, (max-width: 1024px) 100vw, 1024px\" \/><\/figure><\/div>\n\n\n\n<h3 class=\"wp-block-heading\" id=\"xls\">Eksport do XLS<\/h3>\n\n\n\n<p>Modu\u0142 przedp\u0142at jest wyposa\u017cony w mechanizm zapisywania listy przedp\u0142at do arkusza kalkulacyjnego. Aby wyksportowa\u0107 wszystkie widoczne w widoku podstawowym przedp\u0142aty, nale\u017cy u\u017cy\u0107 klawisza [XLS] w lewym g\u00f3rnym naro\u017cniku tabeli.<\/p>\n\n\n\n<div class=\"wp-block-image\"><figure class=\"aligncenter size-large\"><img loading=\"lazy\" decoding=\"async\" width=\"1024\" height=\"563\" src=\"https:\/\/mikrosystem.pl\/mikrosystem_www\/wp-content\/uploads\/2020\/04\/Przedp\u0142aty_XLS-1024x563.png\" alt=\"\" class=\"wp-image-4591\" srcset=\"https:\/\/mikrosystem.pl\/mikrosystem_www\/wp-content\/uploads\/2020\/04\/Przedp\u0142aty_XLS-1024x563.png 1024w, https:\/\/mikrosystem.pl\/mikrosystem_www\/wp-content\/uploads\/2020\/04\/Przedp\u0142aty_XLS-300x165.png 300w, https:\/\/mikrosystem.pl\/mikrosystem_www\/wp-content\/uploads\/2020\/04\/Przedp\u0142aty_XLS-768x422.png 768w, https:\/\/mikrosystem.pl\/mikrosystem_www\/wp-content\/uploads\/2020\/04\/Przedp\u0142aty_XLS.png 1436w\" sizes=\"auto, (max-width: 1024px) 100vw, 1024px\" \/><\/figure><\/div>\n\n\n\n<hr class=\"wp-block-separator\"\/>\n\n\n\n<p><\/p>\n\n\n\n<p><\/p>\n<\/div>\n<\/div>\n\n\n\n<hr class=\"wp-block-separator\"\/>\n\n\n\n<h2 class=\"wp-block-heading\" id=\"admin\">Informacje dla administratora<\/h2>\n\n\n\n<div class=\"wp-block-columns is-layout-flex wp-container-core-columns-is-layout-9d6595d7 wp-block-columns-is-layout-flex\">\n<div class=\"wp-block-column is-layout-flow wp-block-column-is-layout-flow\" style=\"flex-basis:20%\">\n<hr class=\"wp-block-separator\"\/>\n\n\n\n<h3 class=\"wp-block-heading\"><a href=\"#uprawnienia\">Nadawanie uprawnie\u0144 u\u017cytkownikom<\/a><\/h3>\n\n\n\n<h3 class=\"wp-block-heading\"><a href=\"#admin_limity\">Okre\u015blanie limit\u00f3w przedp\u0142at i autoryzacji<\/a><\/h3>\n\n\n\n<p><\/p>\n<\/div>\n\n\n\n<div class=\"wp-block-column is-layout-flow wp-block-column-is-layout-flow\" style=\"flex-basis:66.66%\">\n<hr class=\"wp-block-separator\"\/>\n\n\n\n<h3 class=\"wp-block-heading\" id=\"uprawnienia\">Nadawanie uprawnie\u0144 u\u017cytkownikom<\/h3>\n\n\n\n<p>Modu\u0142 przedp\u0142at ma dwa poziomy uprawnie\u0144: u\u017cytkownik i administrator. Uprawnienia u\u017cytkownika pozwalaj\u0105 na wprowadzanie i edycj\u0119 w\u0142asnych przedp\u0142at. Uprawnienia administratora pozwalaj\u0105 na zmian\u0119 status\u00f3w i autoryzacj\u0119 przedp\u0142at, oraz na okre\u015blanie kwot limit\u00f3w przedp\u0142at dla poszczeg\u00f3lnych u\u017cytkownik\u00f3w.<\/p>\n\n\n\n<p>Zasoby okre\u015blaj\u0105ce poziom uprawnie\u0144 (Administracja -&gt; Zasoby) to:<\/p>\n\n\n\n<div class=\"wp-block-image\"><figure class=\"aligncenter size-large\"><img loading=\"lazy\" decoding=\"async\" width=\"1024\" height=\"283\" src=\"https:\/\/mikrosystem.pl\/mikrosystem_www\/wp-content\/uploads\/2020\/04\/Przedp\u0142aty_uprawnienia-1-1024x283.png\" alt=\"\" class=\"wp-image-4596\" srcset=\"https:\/\/mikrosystem.pl\/mikrosystem_www\/wp-content\/uploads\/2020\/04\/Przedp\u0142aty_uprawnienia-1-1024x283.png 1024w, https:\/\/mikrosystem.pl\/mikrosystem_www\/wp-content\/uploads\/2020\/04\/Przedp\u0142aty_uprawnienia-1-300x83.png 300w, https:\/\/mikrosystem.pl\/mikrosystem_www\/wp-content\/uploads\/2020\/04\/Przedp\u0142aty_uprawnienia-1-768x212.png 768w, https:\/\/mikrosystem.pl\/mikrosystem_www\/wp-content\/uploads\/2020\/04\/Przedp\u0142aty_uprawnienia-1.png 1111w\" sizes=\"auto, (max-width: 1024px) 100vw, 1024px\" \/><\/figure><\/div>\n\n\n\n<h3 class=\"wp-block-heading\" id=\"admin_limity\">Okre\u015blanie limit\u00f3w przedp\u0142at i autoryzacji<\/h3>\n\n\n\n<p>Limity kwot przedp\u0142at i autoryzacji okre\u015bla si\u0119 w profilu u\u017cytkownik\u00f3w (Administracja -&gt; Lista u\u017cytkownik\u00f3w -&gt; Edycja). Zmiany limit\u00f3w mo\u017ce dokonywa\u0107 wy\u0142\u0105cznie u\u017cytkownik z uprawnieniami administratora przedp\u0142at. Administrator przedp\u0142at nie mo\u017ce zmieni\u0107 swoich w\u0142asnych limit\u00f3w &#8211; mo\u017ce to dla niego zrobi\u0107 tylko inny u\u017cytkownik z uprawnieniami administratora przedp\u0142at<\/p>\n\n\n\n<div class=\"wp-block-image\"><figure class=\"aligncenter size-large\"><img loading=\"lazy\" decoding=\"async\" width=\"1024\" height=\"571\" src=\"https:\/\/mikrosystem.pl\/mikrosystem_www\/wp-content\/uploads\/2020\/04\/Przedp\u0142aty_okre\u015blanie_limit\u00f3w-1024x571.png\" alt=\"\" class=\"wp-image-4597\" srcset=\"https:\/\/mikrosystem.pl\/mikrosystem_www\/wp-content\/uploads\/2020\/04\/Przedp\u0142aty_okre\u015blanie_limit\u00f3w-1024x571.png 1024w, https:\/\/mikrosystem.pl\/mikrosystem_www\/wp-content\/uploads\/2020\/04\/Przedp\u0142aty_okre\u015blanie_limit\u00f3w-300x167.png 300w, https:\/\/mikrosystem.pl\/mikrosystem_www\/wp-content\/uploads\/2020\/04\/Przedp\u0142aty_okre\u015blanie_limit\u00f3w-768x428.png 768w, https:\/\/mikrosystem.pl\/mikrosystem_www\/wp-content\/uploads\/2020\/04\/Przedp\u0142aty_okre\u015blanie_limit\u00f3w.png 1408w\" sizes=\"auto, (max-width: 1024px) 100vw, 1024px\" \/><\/figure><\/div>\n\n\n\n<p><\/p>\n\n\n\n<p><\/p>\n<\/div>\n<\/div>\n\n\n\n<p><\/p>\n","protected":false},"excerpt":{"rendered":"<p>Modu\u0142 przedp\u0142at jest cz\u0119\u015bci\u0105 Kancelarii elektronicznej. S\u0142u\u017cy do zarz\u0105dzania p\u0142atno\u015bciami. Pozwala na ich wprowadzanie, autoryzacj\u0119, kontrolowanie limit\u00f3w przyznanych u\u017cytkownikom i kontrahentom, oraz na generowanie plik\u00f3w z dyspozycjami przelew\u00f3w. Informacje dla u\u017cytkownika Widok podstawowy Wprowadzanie i edycja przedp\u0142at Limity przedp\u0142at i limity autoryzacji Zmiana statusu i autoryzacja Generowanie polece\u0144 przelew\u00f3w Eksport do XLS Widok podstawowy Domy\u015blnie &#8230; <a title=\"Przedp\u0142aty\" class=\"read-more\" href=\"https:\/\/mikrosystem.pl\/index.php\/nowosci\/kancelaria-elektroniczna\/przedplaty\" aria-label=\"Dowiedz si\u0119 wi\u0119cej o Przedp\u0142aty\">Read more<\/a><\/p>\n","protected":false},"author":5,"featured_media":0,"parent":2085,"menu_order":0,"comment_status":"closed","ping_status":"closed","template":"","meta":{"generate_page_header":"","footnotes":""},"class_list":{"0":"post-4558","1":"page","2":"type-page","3":"status-publish","5":"infinite-scroll-item"},"_links":{"self":[{"href":"https:\/\/mikrosystem.pl\/index.php\/wp-json\/wp\/v2\/pages\/4558","targetHints":{"allow":["GET"]}}],"collection":[{"href":"https:\/\/mikrosystem.pl\/index.php\/wp-json\/wp\/v2\/pages"}],"about":[{"href":"https:\/\/mikrosystem.pl\/index.php\/wp-json\/wp\/v2\/types\/page"}],"author":[{"embeddable":true,"href":"https:\/\/mikrosystem.pl\/index.php\/wp-json\/wp\/v2\/users\/5"}],"replies":[{"embeddable":true,"href":"https:\/\/mikrosystem.pl\/index.php\/wp-json\/wp\/v2\/comments?post=4558"}],"version-history":[{"count":32,"href":"https:\/\/mikrosystem.pl\/index.php\/wp-json\/wp\/v2\/pages\/4558\/revisions"}],"predecessor-version":[{"id":4672,"href":"https:\/\/mikrosystem.pl\/index.php\/wp-json\/wp\/v2\/pages\/4558\/revisions\/4672"}],"up":[{"embeddable":true,"href":"https:\/\/mikrosystem.pl\/index.php\/wp-json\/wp\/v2\/pages\/2085"}],"wp:attachment":[{"href":"https:\/\/mikrosystem.pl\/index.php\/wp-json\/wp\/v2\/media?parent=4558"}],"curies":[{"name":"wp","href":"https:\/\/api.w.org\/{rel}","templated":true}]}}