{"id":4377,"date":"2019-09-17T12:30:53","date_gmt":"2019-09-17T10:30:53","guid":{"rendered":"http:\/\/mikrosystem.pl\/?page_id=4377"},"modified":"2019-09-17T12:30:54","modified_gmt":"2019-09-17T10:30:54","slug":"mdesk-obsluga-imprez-eventow-i-konferencji-mice","status":"publish","type":"page","link":"https:\/\/mikrosystem.pl\/index.php\/pomoc\/eknf-instrukcja-obslugi\/eknf-glowne-okno-programu\/mdesk-obsluga-imprez-eventow-i-konferencji-mice","title":{"rendered":"MDesk &#8211; Obs\u0142uga imprez, event\u00f3w, i konferencji (MICE)"},"content":{"rendered":"\n<p>G\u0142\u00f3wne okno modu\u0142u: Lista planowanych i realizowanych imprez<\/p>\n\n\n\n<figure class=\"wp-block-image\"><img loading=\"lazy\" decoding=\"async\" width=\"1024\" height=\"257\" src=\"https:\/\/mikrosystem.pl\/mikrosystem_www\/wp-content\/uploads\/2019\/09\/MiceDesktop_lista-imprez-002862-1024x257.png\" alt=\"\" class=\"wp-image-4378\" srcset=\"https:\/\/mikrosystem.pl\/mikrosystem_www\/wp-content\/uploads\/2019\/09\/MiceDesktop_lista-imprez-002862-1024x257.png 1024w, https:\/\/mikrosystem.pl\/mikrosystem_www\/wp-content\/uploads\/2019\/09\/MiceDesktop_lista-imprez-002862-300x75.png 300w, https:\/\/mikrosystem.pl\/mikrosystem_www\/wp-content\/uploads\/2019\/09\/MiceDesktop_lista-imprez-002862-768x193.png 768w, https:\/\/mikrosystem.pl\/mikrosystem_www\/wp-content\/uploads\/2019\/09\/MiceDesktop_lista-imprez-002862.png 1911w\" sizes=\"auto, (max-width: 1024px) 100vw, 1024px\" \/><\/figure>\n\n\n\n<p>Widok pojedynczej teczki imprezy. Zak\u0142adka: Za\u0142o\u017cenia imprezy<\/p>\n\n\n\n<figure class=\"wp-block-image\"><img loading=\"lazy\" decoding=\"async\" width=\"991\" height=\"746\" src=\"https:\/\/mikrosystem.pl\/mikrosystem_www\/wp-content\/uploads\/2019\/09\/MiceDesktop_zalozenia-imprezy-002860.png\" alt=\"\" class=\"wp-image-4379\" srcset=\"https:\/\/mikrosystem.pl\/mikrosystem_www\/wp-content\/uploads\/2019\/09\/MiceDesktop_zalozenia-imprezy-002860.png 991w, https:\/\/mikrosystem.pl\/mikrosystem_www\/wp-content\/uploads\/2019\/09\/MiceDesktop_zalozenia-imprezy-002860-300x226.png 300w, https:\/\/mikrosystem.pl\/mikrosystem_www\/wp-content\/uploads\/2019\/09\/MiceDesktop_zalozenia-imprezy-002860-768x578.png 768w\" sizes=\"auto, (max-width: 991px) 100vw, 991px\" \/><\/figure>\n\n\n\n<p>Widok pojedynczej teczki: szczeg\u00f3\u0142y imprezy:<\/p>\n\n\n\n<figure class=\"wp-block-image\"><img loading=\"lazy\" decoding=\"async\" width=\"990\" height=\"782\" src=\"https:\/\/mikrosystem.pl\/mikrosystem_www\/wp-content\/uploads\/2019\/09\/MiceDesktop_szczegoly-imprezy-002861.png\" alt=\"\" class=\"wp-image-4380\" srcset=\"https:\/\/mikrosystem.pl\/mikrosystem_www\/wp-content\/uploads\/2019\/09\/MiceDesktop_szczegoly-imprezy-002861.png 990w, https:\/\/mikrosystem.pl\/mikrosystem_www\/wp-content\/uploads\/2019\/09\/MiceDesktop_szczegoly-imprezy-002861-300x237.png 300w, https:\/\/mikrosystem.pl\/mikrosystem_www\/wp-content\/uploads\/2019\/09\/MiceDesktop_szczegoly-imprezy-002861-768x607.png 768w\" sizes=\"auto, (max-width: 990px) 100vw, 990px\" \/><\/figure>\n","protected":false},"excerpt":{"rendered":"<p>G\u0142\u00f3wne okno modu\u0142u: Lista planowanych i realizowanych imprez Widok pojedynczej teczki imprezy. Zak\u0142adka: Za\u0142o\u017cenia imprezy Widok pojedynczej teczki: szczeg\u00f3\u0142y imprezy:<\/p>\n","protected":false},"author":5,"featured_media":0,"parent":1818,"menu_order":0,"comment_status":"closed","ping_status":"closed","template":"","meta":{"generate_page_header":"","footnotes":""},"class_list":{"0":"post-4377","1":"page","2":"type-page","3":"status-publish","5":"infinite-scroll-item"},"_links":{"self":[{"href":"https:\/\/mikrosystem.pl\/index.php\/wp-json\/wp\/v2\/pages\/4377","targetHints":{"allow":["GET"]}}],"collection":[{"href":"https:\/\/mikrosystem.pl\/index.php\/wp-json\/wp\/v2\/pages"}],"about":[{"href":"https:\/\/mikrosystem.pl\/index.php\/wp-json\/wp\/v2\/types\/page"}],"author":[{"embeddable":true,"href":"https:\/\/mikrosystem.pl\/index.php\/wp-json\/wp\/v2\/users\/5"}],"replies":[{"embeddable":true,"href":"https:\/\/mikrosystem.pl\/index.php\/wp-json\/wp\/v2\/comments?post=4377"}],"version-history":[{"count":1,"href":"https:\/\/mikrosystem.pl\/index.php\/wp-json\/wp\/v2\/pages\/4377\/revisions"}],"predecessor-version":[{"id":4381,"href":"https:\/\/mikrosystem.pl\/index.php\/wp-json\/wp\/v2\/pages\/4377\/revisions\/4381"}],"up":[{"embeddable":true,"href":"https:\/\/mikrosystem.pl\/index.php\/wp-json\/wp\/v2\/pages\/1818"}],"wp:attachment":[{"href":"https:\/\/mikrosystem.pl\/index.php\/wp-json\/wp\/v2\/media?parent=4377"}],"curies":[{"name":"wp","href":"https:\/\/api.w.org\/{rel}","templated":true}]}}