{"id":4361,"date":"2019-08-05T09:53:23","date_gmt":"2019-08-05T07:53:23","guid":{"rendered":"http:\/\/mikrosystem.pl\/?page_id=4361"},"modified":"2019-08-05T09:53:23","modified_gmt":"2019-08-05T07:53:23","slug":"lista-pozycji-zamowien","status":"publish","type":"page","link":"https:\/\/mikrosystem.pl\/index.php\/pomoc\/eknf-instrukcja-obslugi\/eknf-glowne-okno-programu\/zamowienia\/lista-pozycji-zamowien","title":{"rendered":"Lista Pozycji Zam\u00f3wie\u0144"},"content":{"rendered":"\n<p>To okno modu\u0142u Lista Zam\u00f3wie\u0144 S\u0142u\u017cy do:<\/p>\n\n\n\n<ul class=\"wp-block-list\"><li>Fakturowania zbiorczego<\/li><li>Obci\u0105\u017cania kart kredytowych kontrahent\u00f3w (op\u0142atami za po\u015brednictwo lub za inne wybrane us\u0142ugi)<\/li><li>Kontrolowania statusu zam\u00f3wie\u0144 (oczekuj\u0105ce, do poprawy, do zafakturowania, zamkni\u0119te)<\/li><\/ul>\n","protected":false},"excerpt":{"rendered":"<p>To okno modu\u0142u Lista Zam\u00f3wie\u0144 S\u0142u\u017cy do: Fakturowania zbiorczego Obci\u0105\u017cania kart kredytowych kontrahent\u00f3w (op\u0142atami za po\u015brednictwo lub za inne wybrane us\u0142ugi) Kontrolowania statusu zam\u00f3wie\u0144 (oczekuj\u0105ce, do poprawy, do zafakturowania, zamkni\u0119te)<\/p>\n","protected":false},"author":5,"featured_media":0,"parent":4357,"menu_order":0,"comment_status":"closed","ping_status":"closed","template":"","meta":{"generate_page_header":"","footnotes":""},"class_list":{"0":"post-4361","1":"page","2":"type-page","3":"status-publish","5":"infinite-scroll-item"},"_links":{"self":[{"href":"https:\/\/mikrosystem.pl\/index.php\/wp-json\/wp\/v2\/pages\/4361","targetHints":{"allow":["GET"]}}],"collection":[{"href":"https:\/\/mikrosystem.pl\/index.php\/wp-json\/wp\/v2\/pages"}],"about":[{"href":"https:\/\/mikrosystem.pl\/index.php\/wp-json\/wp\/v2\/types\/page"}],"author":[{"embeddable":true,"href":"https:\/\/mikrosystem.pl\/index.php\/wp-json\/wp\/v2\/users\/5"}],"replies":[{"embeddable":true,"href":"https:\/\/mikrosystem.pl\/index.php\/wp-json\/wp\/v2\/comments?post=4361"}],"version-history":[{"count":1,"href":"https:\/\/mikrosystem.pl\/index.php\/wp-json\/wp\/v2\/pages\/4361\/revisions"}],"predecessor-version":[{"id":4362,"href":"https:\/\/mikrosystem.pl\/index.php\/wp-json\/wp\/v2\/pages\/4361\/revisions\/4362"}],"up":[{"embeddable":true,"href":"https:\/\/mikrosystem.pl\/index.php\/wp-json\/wp\/v2\/pages\/4357"}],"wp:attachment":[{"href":"https:\/\/mikrosystem.pl\/index.php\/wp-json\/wp\/v2\/media?parent=4361"}],"curies":[{"name":"wp","href":"https:\/\/api.w.org\/{rel}","templated":true}]}}