{"id":4352,"date":"2019-07-29T14:34:05","date_gmt":"2019-07-29T12:34:05","guid":{"rendered":"http:\/\/mikrosystem.pl\/?page_id=4352"},"modified":"2019-07-29T14:34:05","modified_gmt":"2019-07-29T12:34:05","slug":"gems-konfiguracja-wymaganych-danych","status":"publish","type":"page","link":"https:\/\/mikrosystem.pl\/index.php\/pomoc\/eknf-instrukcja-obslugi\/eksport-danych-do-gems\/gems-konfiguracja-wymaganych-danych","title":{"rendered":"GEMS &#8211; Konfiguracja wymaganych danych"},"content":{"rendered":"\n<p>eKNF umo\u017cliwia ustawienie wymaganych p\u00f3l w ka\u017cdej z tabeli GEMS. Dzi\u0119ki temu mo\u017cliwe jest potem wyszukiwanie brak\u00f3w. Aby ustawi\u0107 wymagane pola dla ka\u017cdej z tabel nale\u017cy klikn\u0105\u0107 na Konfiguracja wymaga\u0144 (na zielonym pasku GEMS desktopu) i zaznaczy\u0107 wszystkie wymagane pola dla ka\u017cdej z tabel.<\/p>\n\n\n\n<figure class=\"wp-block-image\"><img loading=\"lazy\" decoding=\"async\" width=\"1600\" height=\"852\" src=\"https:\/\/mikrosystem.pl\/mikrosystem_www\/wp-content\/uploads\/2019\/07\/Centrum_Danych_GEMSDesktop_002794.png\" alt=\"\" class=\"wp-image-4353\" srcset=\"https:\/\/mikrosystem.pl\/mikrosystem_www\/wp-content\/uploads\/2019\/07\/Centrum_Danych_GEMSDesktop_002794.png 1600w, https:\/\/mikrosystem.pl\/mikrosystem_www\/wp-content\/uploads\/2019\/07\/Centrum_Danych_GEMSDesktop_002794-300x160.png 300w, https:\/\/mikrosystem.pl\/mikrosystem_www\/wp-content\/uploads\/2019\/07\/Centrum_Danych_GEMSDesktop_002794-768x409.png 768w, https:\/\/mikrosystem.pl\/mikrosystem_www\/wp-content\/uploads\/2019\/07\/Centrum_Danych_GEMSDesktop_002794-1024x545.png 1024w\" sizes=\"auto, (max-width: 1600px) 100vw, 1600px\" \/><\/figure>\n","protected":false},"excerpt":{"rendered":"<p>eKNF umo\u017cliwia ustawienie wymaganych p\u00f3l w ka\u017cdej z tabeli GEMS. Dzi\u0119ki temu mo\u017cliwe jest potem wyszukiwanie brak\u00f3w. Aby ustawi\u0107 wymagane pola dla ka\u017cdej z tabel nale\u017cy klikn\u0105\u0107 na Konfiguracja wymaga\u0144 (na zielonym pasku GEMS desktopu) i zaznaczy\u0107 wszystkie wymagane pola dla ka\u017cdej z tabel.<\/p>\n","protected":false},"author":5,"featured_media":0,"parent":4336,"menu_order":0,"comment_status":"closed","ping_status":"closed","template":"","meta":{"generate_page_header":"","footnotes":""},"class_list":{"0":"post-4352","1":"page","2":"type-page","3":"status-publish","5":"infinite-scroll-item"},"_links":{"self":[{"href":"https:\/\/mikrosystem.pl\/index.php\/wp-json\/wp\/v2\/pages\/4352","targetHints":{"allow":["GET"]}}],"collection":[{"href":"https:\/\/mikrosystem.pl\/index.php\/wp-json\/wp\/v2\/pages"}],"about":[{"href":"https:\/\/mikrosystem.pl\/index.php\/wp-json\/wp\/v2\/types\/page"}],"author":[{"embeddable":true,"href":"https:\/\/mikrosystem.pl\/index.php\/wp-json\/wp\/v2\/users\/5"}],"replies":[{"embeddable":true,"href":"https:\/\/mikrosystem.pl\/index.php\/wp-json\/wp\/v2\/comments?post=4352"}],"version-history":[{"count":1,"href":"https:\/\/mikrosystem.pl\/index.php\/wp-json\/wp\/v2\/pages\/4352\/revisions"}],"predecessor-version":[{"id":4354,"href":"https:\/\/mikrosystem.pl\/index.php\/wp-json\/wp\/v2\/pages\/4352\/revisions\/4354"}],"up":[{"embeddable":true,"href":"https:\/\/mikrosystem.pl\/index.php\/wp-json\/wp\/v2\/pages\/4336"}],"wp:attachment":[{"href":"https:\/\/mikrosystem.pl\/index.php\/wp-json\/wp\/v2\/media?parent=4352"}],"curies":[{"name":"wp","href":"https:\/\/api.w.org\/{rel}","templated":true}]}}