{"id":4336,"date":"2019-07-29T14:03:51","date_gmt":"2019-07-29T12:03:51","guid":{"rendered":"http:\/\/mikrosystem.pl\/?page_id=4336"},"modified":"2019-07-29T14:37:41","modified_gmt":"2019-07-29T12:37:41","slug":"eksport-danych-do-gems","status":"publish","type":"page","link":"https:\/\/mikrosystem.pl\/index.php\/pomoc\/eknf-instrukcja-obslugi\/eksport-danych-do-gems","title":{"rendered":"Eksport danych do GEMS"},"content":{"rendered":"\n<p>eKNF jest wyposa\u017cony w modu\u0142 eksportuj\u0105cy dane do GEMS (Centrum danych -&gt; GEMS Desktop). Dane s\u0105 eksportowane w postaci plik\u00f3w tekstowych o odpowiednim formacie.<\/p>\n\n\n\n<ul class=\"wp-block-list\"><li><a href=\"https:\/\/mikrosystem.pl\/index.php\/gems-konfiguracja-kategorii-produktow\">Konfiguracja kategorii produkt\u00f3w<\/a> <\/li><li><a href=\"https:\/\/mikrosystem.pl\/index.php\/pomoc\/eknf-instrukcja-obslugi\/eksport-danych-do-gems\/konfiguracja-ukladu-kolumn-w-gems-desktopie\">Konfiguracja uk\u0142adu kolumn dla poszczeg\u00f3lnych tabel<\/a><\/li><li><a href=\"https:\/\/mikrosystem.pl\/index.php\/pomoc\/eknf-instrukcja-obslugi\/eksport-danych-do-gems\/gems-konfiguracja-wymaganych-danych\">Konfiguracja wymaganych danych<\/a><\/li><li>Przygotowanie danych<\/li><li>Weryfikacja danych i uzupe\u0142niania brak\u00f3w<\/li><li>Eksport danych <\/li><\/ul>\n","protected":false},"excerpt":{"rendered":"<p>eKNF jest wyposa\u017cony w modu\u0142 eksportuj\u0105cy dane do GEMS (Centrum danych -&gt; GEMS Desktop). Dane s\u0105 eksportowane w postaci plik\u00f3w tekstowych o odpowiednim formacie. Konfiguracja kategorii produkt\u00f3w Konfiguracja uk\u0142adu kolumn dla poszczeg\u00f3lnych tabel Konfiguracja wymaganych danych Przygotowanie danych Weryfikacja danych i uzupe\u0142niania brak\u00f3w Eksport danych<\/p>\n","protected":false},"author":5,"featured_media":0,"parent":1802,"menu_order":0,"comment_status":"closed","ping_status":"closed","template":"","meta":{"generate_page_header":"","footnotes":""},"class_list":{"0":"post-4336","1":"page","2":"type-page","3":"status-publish","5":"infinite-scroll-item"},"_links":{"self":[{"href":"https:\/\/mikrosystem.pl\/index.php\/wp-json\/wp\/v2\/pages\/4336","targetHints":{"allow":["GET"]}}],"collection":[{"href":"https:\/\/mikrosystem.pl\/index.php\/wp-json\/wp\/v2\/pages"}],"about":[{"href":"https:\/\/mikrosystem.pl\/index.php\/wp-json\/wp\/v2\/types\/page"}],"author":[{"embeddable":true,"href":"https:\/\/mikrosystem.pl\/index.php\/wp-json\/wp\/v2\/users\/5"}],"replies":[{"embeddable":true,"href":"https:\/\/mikrosystem.pl\/index.php\/wp-json\/wp\/v2\/comments?post=4336"}],"version-history":[{"count":6,"href":"https:\/\/mikrosystem.pl\/index.php\/wp-json\/wp\/v2\/pages\/4336\/revisions"}],"predecessor-version":[{"id":4682,"href":"https:\/\/mikrosystem.pl\/index.php\/wp-json\/wp\/v2\/pages\/4336\/revisions\/4682"}],"up":[{"embeddable":true,"href":"https:\/\/mikrosystem.pl\/index.php\/wp-json\/wp\/v2\/pages\/1802"}],"wp:attachment":[{"href":"https:\/\/mikrosystem.pl\/index.php\/wp-json\/wp\/v2\/media?parent=4336"}],"curies":[{"name":"wp","href":"https:\/\/api.w.org\/{rel}","templated":true}]}}