{"id":4296,"date":"2019-05-28T09:50:29","date_gmt":"2019-05-28T07:50:29","guid":{"rendered":"http:\/\/mikrosystem.pl\/?page_id=4296"},"modified":"2019-05-28T09:50:29","modified_gmt":"2019-05-28T07:50:29","slug":"wprowadzanie-nowego-dokumentu-kosztowego","status":"publish","type":"page","link":"https:\/\/mikrosystem.pl\/index.php\/nowosci\/kancelaria-elektroniczna\/wprowadzanie-nowego-dokumentu-kosztowego","title":{"rendered":"Wprowadzanie nowego dokumentu kosztowego"},"content":{"rendered":"\n<p>1. Kliknij na \u2018Dodaj nowy dokument kosztowy\u2019 (w lewym g\u00f3rnym rogu okna kancelarii)<\/p>\n\n\n\n<p>2. Wype\u0142nij potrzebne pola w oknie edytora nowego dokumentu (zwykle: numer, data, kwota, nazwa dostawcy, i typ dokumentu). Korekty nale\u017cy wprowadza\u0107 z kwotami ujemnymi<\/p>\n\n\n\n<div class=\"wp-block-image\"><figure class=\"aligncenter\"><a href=\"https:\/\/mikrosystem.pl\/wp-content\/uploads\/2015\/03\/kancelaria_02.png\"><img loading=\"lazy\" decoding=\"async\" width=\"567\" height=\"438\" src=\"https:\/\/mikrosystem.pl\/wp-content\/uploads\/2015\/03\/kancelaria_02.png\" alt=\"kancelaria_02\" class=\"wp-image-2094\" srcset=\"https:\/\/mikrosystem.pl\/mikrosystem_www\/wp-content\/uploads\/2015\/03\/kancelaria_02.png 567w, https:\/\/mikrosystem.pl\/mikrosystem_www\/wp-content\/uploads\/2015\/03\/kancelaria_02-300x232.png 300w\" sizes=\"auto, (max-width: 567px) 100vw, 567px\" \/><\/a><\/figure><\/div>\n\n\n\n<p>Wprowadzone dokumenty kosztowe mo\u017cna nast\u0119pnie wi\u0105za\u0107 z zam\u00f3wieniami, kt\u00f3rych dotycz\u0105. Pozwala to na okre\u015blenie obu stron ka\u017cdej transakcji: koszt\u00f3w i przychod\u00f3w, oraz mar\u017cy \u2013 b\u0119d\u0105cej r\u00f3\u017cnic\u0105 tych kwot.<br>O tym, czy dany koszt jest ju\u017c powi\u0105zany z us\u0142ug\u0105, kt\u00f3rej dotyczy, \u015bwiadczy niebieska ikona z literk\u0105 \u2018i\u2019 znajduj\u0105ca si\u0119 w kolumnie RGB: brak ikony oznacza dokument niepowi\u0105zany.<\/p>\n\n\n\n<p><strong>Aby powi\u0105za\u0107 dokument:<\/strong><\/p>\n\n\n\n<p>1. Kliknij dwukrotnie na na jego wiesz, a nast\u0119pnie na \u2018Dodaj powi\u0105zanie\u2019<\/p>\n\n\n\n<p>2. Wyszukaj us\u0142ug\u0119, kt\u00f3rej dokument dotyczy, i kliknij na \u2018Powi\u0105\u017c\u2019<\/p>\n\n\n\n<div class=\"wp-block-image\"><figure class=\"aligncenter\"><a href=\"https:\/\/mikrosystem.pl\/wp-content\/uploads\/2015\/02\/kancelaria_031.png\"><img loading=\"lazy\" decoding=\"async\" width=\"806\" height=\"520\" src=\"https:\/\/mikrosystem.pl\/wp-content\/uploads\/2015\/02\/kancelaria_031.png\" alt=\"kancelaria_03\" class=\"wp-image-2097\" srcset=\"https:\/\/mikrosystem.pl\/mikrosystem_www\/wp-content\/uploads\/2015\/02\/kancelaria_031.png 806w, https:\/\/mikrosystem.pl\/mikrosystem_www\/wp-content\/uploads\/2015\/02\/kancelaria_031-300x194.png 300w\" sizes=\"auto, (max-width: 806px) 100vw, 806px\" \/><\/a><\/figure><\/div>\n\n\n\n<p><br><strong>Dodawanie nowego dostawcy z poziomu okna Kancelarii:<\/strong><br>Je\u015bli dodaj\u0105c nowy dokument kosztowy stwierdzisz, \u017ce wystawcy dokumentu nie ma na li\u015bcie dostawc\u00f3w w programie eKNF, mo\u017cesz go doda\u0107, za pomoc\u0105 funkcji Dodaj nowego dostawc\u0119<\/p>\n\n\n\n<div class=\"wp-block-image\"><figure class=\"aligncenter\"><a href=\"https:\/\/mikrosystem.pl\/wp-content\/uploads\/2015\/02\/kancelaria_dodawanie_dostawcy_01.png\"><img loading=\"lazy\" decoding=\"async\" width=\"567\" height=\"445\" src=\"https:\/\/mikrosystem.pl\/wp-content\/uploads\/2015\/02\/kancelaria_dodawanie_dostawcy_01.png\" alt=\"kancelaria_dodawanie_dostawcy_01\" class=\"wp-image-2086\" srcset=\"https:\/\/mikrosystem.pl\/mikrosystem_www\/wp-content\/uploads\/2015\/02\/kancelaria_dodawanie_dostawcy_01.png 567w, https:\/\/mikrosystem.pl\/mikrosystem_www\/wp-content\/uploads\/2015\/02\/kancelaria_dodawanie_dostawcy_01-300x235.png 300w\" sizes=\"auto, (max-width: 567px) 100vw, 567px\" \/><\/a><\/figure><\/div>\n\n\n\n<p>Okno dostawcy zawiera m.in informacje o jego nazwie i adresie. Pozwala te\u017c okre\u015bli\u0107, czy biuro podr\u00f3\u017cy na jego rzecz prowadzi sprzeda\u017c agencyjn\u0105.<\/p>\n\n\n\n<div class=\"wp-block-image\"><figure class=\"aligncenter\"><a href=\"https:\/\/mikrosystem.pl\/wp-content\/uploads\/2015\/02\/kancelaria_dodawanie_dostawcy_02.png\"><img loading=\"lazy\" decoding=\"async\" width=\"454\" height=\"492\" src=\"https:\/\/mikrosystem.pl\/wp-content\/uploads\/2015\/02\/kancelaria_dodawanie_dostawcy_02.png\" alt=\"kancelaria_dodawanie_dostawcy_02\" class=\"wp-image-2087\" srcset=\"https:\/\/mikrosystem.pl\/mikrosystem_www\/wp-content\/uploads\/2015\/02\/kancelaria_dodawanie_dostawcy_02.png 454w, https:\/\/mikrosystem.pl\/mikrosystem_www\/wp-content\/uploads\/2015\/02\/kancelaria_dodawanie_dostawcy_02-277x300.png 277w\" sizes=\"auto, (max-width: 454px) 100vw, 454px\" \/><\/a><\/figure><\/div>\n\n\n\n<p>Zaznaczenie pola \u2018sprzeda\u017c agencyjna\u2019 spowoduje, \u017ce w nag\u0142\u00f3wku faktur wystawianych przez biuro podr\u00f3\u017cy na produkty tego dostawcy b\u0119dzie si\u0119 drukowa\u0142a informacja \u2018Agent dzia\u0142aj\u0105cy w imieniu i na rzecz\u2026\u2019<br>Wprowadzenie adresu, i zaznaczenie pola \u2018Jako sprzedawca na fakturze\u2019 spowoduje dodatkowo, \u017ce w nag\u0142\u00f3wku faktury b\u0119dzie si\u0119 on pojawia\u0142 jako \u2018Sprzedawca\u2019 (a biuro podr\u00f3\u017cy, jako \u2018Wystawca\u2019)<br><\/p>\n","protected":false},"excerpt":{"rendered":"<p>1. Kliknij na \u2018Dodaj nowy dokument kosztowy\u2019 (w lewym g\u00f3rnym rogu okna kancelarii) 2. Wype\u0142nij potrzebne pola w oknie edytora nowego dokumentu (zwykle: numer, data, kwota, nazwa dostawcy, i typ dokumentu). Korekty nale\u017cy wprowadza\u0107 z kwotami ujemnymi Wprowadzone dokumenty kosztowe mo\u017cna nast\u0119pnie wi\u0105za\u0107 z zam\u00f3wieniami, kt\u00f3rych dotycz\u0105. Pozwala to na okre\u015blenie obu stron ka\u017cdej transakcji: &#8230; <a title=\"Wprowadzanie nowego dokumentu kosztowego\" class=\"read-more\" href=\"https:\/\/mikrosystem.pl\/index.php\/nowosci\/kancelaria-elektroniczna\/wprowadzanie-nowego-dokumentu-kosztowego\" aria-label=\"Dowiedz si\u0119 wi\u0119cej o Wprowadzanie nowego dokumentu kosztowego\">Read more<\/a><\/p>\n","protected":false},"author":12,"featured_media":0,"parent":2085,"menu_order":0,"comment_status":"closed","ping_status":"closed","template":"","meta":{"generate_page_header":"","footnotes":""},"class_list":{"0":"post-4296","1":"page","2":"type-page","3":"status-publish","5":"infinite-scroll-item"},"_links":{"self":[{"href":"https:\/\/mikrosystem.pl\/index.php\/wp-json\/wp\/v2\/pages\/4296","targetHints":{"allow":["GET"]}}],"collection":[{"href":"https:\/\/mikrosystem.pl\/index.php\/wp-json\/wp\/v2\/pages"}],"about":[{"href":"https:\/\/mikrosystem.pl\/index.php\/wp-json\/wp\/v2\/types\/page"}],"author":[{"embeddable":true,"href":"https:\/\/mikrosystem.pl\/index.php\/wp-json\/wp\/v2\/users\/12"}],"replies":[{"embeddable":true,"href":"https:\/\/mikrosystem.pl\/index.php\/wp-json\/wp\/v2\/comments?post=4296"}],"version-history":[{"count":1,"href":"https:\/\/mikrosystem.pl\/index.php\/wp-json\/wp\/v2\/pages\/4296\/revisions"}],"predecessor-version":[{"id":4297,"href":"https:\/\/mikrosystem.pl\/index.php\/wp-json\/wp\/v2\/pages\/4296\/revisions\/4297"}],"up":[{"embeddable":true,"href":"https:\/\/mikrosystem.pl\/index.php\/wp-json\/wp\/v2\/pages\/2085"}],"wp:attachment":[{"href":"https:\/\/mikrosystem.pl\/index.php\/wp-json\/wp\/v2\/media?parent=4296"}],"curies":[{"name":"wp","href":"https:\/\/api.w.org\/{rel}","templated":true}]}}