{"id":4223,"date":"2019-04-19T16:13:57","date_gmt":"2019-04-19T14:13:57","guid":{"rendered":"http:\/\/mikrosystem.pl\/?page_id=4223"},"modified":"2019-09-26T10:29:43","modified_gmt":"2019-09-26T08:29:43","slug":"flight-refund-obsluga-roszczen-z-tytulu-opoznionych-odwolanych-rejsow","status":"publish","type":"page","link":"https:\/\/mikrosystem.pl\/index.php\/nowosci\/flight-refund-obsluga-roszczen-z-tytulu-opoznionych-odwolanych-rejsow","title":{"rendered":"Flight-Refund &#8211; Obs\u0142uga roszcze\u0144 z tytu\u0142u op\u00f3\u017anionych\/odwo\u0142anych rejs\u00f3w"},"content":{"rendered":"\n<p>eKNF wyposa\u017cony jest w modu\u0142 \u015bledzenia op\u00f3\u017anionych i odwo\u0142anych rejs\u00f3w zbudowany we wsp\u00f3\u0142pracy z firm\u0105 <a href=\"https:\/\/www.flight-refund.eu\/pl\/powitanie\">Flight Refund<\/a>, kt\u00f3ra specjalizuje si\u0119 w dochodzeniu odszkodowa\u0144 nale\u017cnych z tego tytu\u0142u. Wymiana danych mi\u0119dzy naszymi systemami odbywa si\u0119 automatycznie, dzi\u0119ki czemu biura podr\u00f3\u017cy mog\u0105 na bie\u017c\u0105co otrzymywa\u0107 informacje o wszystkich przypadkach, kiedy op\u00f3\u017aniony lub odwo\u0142any rejs dotkn\u0105\u0142 obs\u0142ugiwanych przez nie podr\u00f3\u017cnych. Flight Refund w ka\u017cdym przypadku bada, czy op\u00f3\u017anienie nast\u0105pi\u0142o z winy linii lotniczej, i czy spe\u0142nione s\u0105 inne warunki, kt\u00f3re daj\u0105 podr\u00f3\u017cnym prawo do ubiegania si\u0119 o odszkodowanie. Informacje te przesy\u0142ane s\u0105 na bie\u017c\u0105co do eKNF.<\/p>\n\n\n\n<p style=\"text-align:center\"><strong>Biuro podr\u00f3\u017cy otrzymuje wynagrodzenie za ka\u017cde zako\u0144czone sukcesem roszczenie zainicjowane za po\u015brednictwem naszego systemu<\/strong><\/p>\n\n\n\n<p><a href=\"https:\/\/www.flight-refund.eu\/pl\/powitanie\">Flight Refund<\/a> bierze na siebie obs\u0142ug\u0119 ca\u0142ego procesu. Aby go rozpocz\u0105\u0107, wystarczy wys\u0142a\u0107 podr\u00f3\u017cnemu wiadomo\u015b\u0107 o przys\u0142uguj\u0105cych mu uprawnieniach. eKNF pozwala zrobi\u0107 to jednym klikni\u0119ciem. Wiadomo\u015b\u0107 zawiera link, za pomoc\u0105 kt\u00f3rego podr\u00f3\u017cny mo\u017ce szybko zarejestrowa\u0107 si\u0119 w systemie Flight Refund i w ten spos\u00f3b zleci\u0107 specjalistom obs\u0142ug\u0119 swojego roszczenia. Dzi\u0119ki elektronicznej wymianie danych mi\u0119dzy naszymi systemami podr\u00f3\u017cny nie musi szczeg\u00f3\u0142owo opisywa\u0107 okoliczno\u015bci zdarzenia, podawa\u0107 dat, czy numer\u00f3w rejs\u00f3w. Wszystkie te dane zostan\u0105 automatycznie przes\u0142ane przez eKNF w trakcie rejestracji.<\/p>\n\n\n\n<p style=\"text-align:center\"><strong>Biura zainteresowane wykorzystaniem modu\u0142u Flight Refund w eKNF prosimy o kontakt z nami (sales@mikrosystem.pl)<\/strong><\/p>\n\n\n\n<p><\/p>\n\n\n\n<p style=\"text-align:center\"><\/p>\n\n\n\n<p><\/p>\n\n\n\n<div class=\"wp-block-image\"><figure class=\"aligncenter\"><img loading=\"lazy\" decoding=\"async\" width=\"1024\" height=\"558\" src=\"https:\/\/mikrosystem.pl\/mikrosystem_www\/wp-content\/uploads\/2019\/04\/Flight_Refund_002588-1024x558.png\" alt=\"\" class=\"wp-image-4224\" srcset=\"https:\/\/mikrosystem.pl\/mikrosystem_www\/wp-content\/uploads\/2019\/04\/Flight_Refund_002588-1024x558.png 1024w, https:\/\/mikrosystem.pl\/mikrosystem_www\/wp-content\/uploads\/2019\/04\/Flight_Refund_002588-300x164.png 300w, https:\/\/mikrosystem.pl\/mikrosystem_www\/wp-content\/uploads\/2019\/04\/Flight_Refund_002588-768x419.png 768w, https:\/\/mikrosystem.pl\/mikrosystem_www\/wp-content\/uploads\/2019\/04\/Flight_Refund_002588.png 1335w\" sizes=\"auto, (max-width: 1024px) 100vw, 1024px\" \/><figcaption>Modu\u0142 \u015bledzenia op\u00f3\u017anionych lub odwo\u0142anych rejs\u00f3w w eKNF<\/figcaption><\/figure><\/div>\n\n\n\n<div class=\"wp-block-image\"><figure class=\"aligncenter\"><img loading=\"lazy\" decoding=\"async\" width=\"740\" height=\"703\" src=\"https:\/\/mikrosystem.pl\/mikrosystem_www\/wp-content\/uploads\/2019\/04\/Flight_Refund_002590.png\" alt=\"\" class=\"wp-image-4242\" srcset=\"https:\/\/mikrosystem.pl\/mikrosystem_www\/wp-content\/uploads\/2019\/04\/Flight_Refund_002590.png 740w, https:\/\/mikrosystem.pl\/mikrosystem_www\/wp-content\/uploads\/2019\/04\/Flight_Refund_002590-300x285.png 300w\" sizes=\"auto, (max-width: 740px) 100vw, 740px\" \/><figcaption>Przyk\u0142ad automatycznie generowanej wiadomo\u015bci informuj\u0105cej podr\u00f3\u017cnego o przys\u0142uguj\u0105cych mu prawach z linkiem rejestracyjnym do strony Flight Refund<\/figcaption><\/figure><\/div>\n\n\n\n<p><\/p>\n\n\n\n<p style=\"text-align:center\"><strong>Biura zainteresowane wykorzystaniem modu\u0142u Flight Refund w eKNF prosimy o kontakt z nami (<a href=\"mailto:sales@mikrosystem.pl?subject=Modu\u0142 Flight Refund w eKNF&amp;body=Jeste\u015bmy zainteresowani uruchomieniem modu\u0142u Flight Refund w eKNF. Prosimy o wi\u0119cej informacji na ten temat.\">sales@mikrosystem.pl<\/a>)<\/strong><\/p>\n\n\n\n<p> <\/p>\n","protected":false},"excerpt":{"rendered":"<p>eKNF wyposa\u017cony jest w modu\u0142 \u015bledzenia op\u00f3\u017anionych i odwo\u0142anych rejs\u00f3w zbudowany we wsp\u00f3\u0142pracy z firm\u0105 Flight Refund, kt\u00f3ra specjalizuje si\u0119 w dochodzeniu odszkodowa\u0144 nale\u017cnych z tego tytu\u0142u. Wymiana danych mi\u0119dzy naszymi systemami odbywa si\u0119 automatycznie, dzi\u0119ki czemu biura podr\u00f3\u017cy mog\u0105 na bie\u017c\u0105co otrzymywa\u0107 informacje o wszystkich przypadkach, kiedy op\u00f3\u017aniony lub odwo\u0142any rejs dotkn\u0105\u0142 obs\u0142ugiwanych przez &#8230; <a title=\"Flight-Refund &#8211; Obs\u0142uga roszcze\u0144 z tytu\u0142u op\u00f3\u017anionych\/odwo\u0142anych rejs\u00f3w\" class=\"read-more\" href=\"https:\/\/mikrosystem.pl\/index.php\/nowosci\/flight-refund-obsluga-roszczen-z-tytulu-opoznionych-odwolanych-rejsow\" aria-label=\"Dowiedz si\u0119 wi\u0119cej o Flight-Refund &#8211; Obs\u0142uga roszcze\u0144 z tytu\u0142u op\u00f3\u017anionych\/odwo\u0142anych rejs\u00f3w\">Read more<\/a><\/p>\n","protected":false},"author":5,"featured_media":0,"parent":2873,"menu_order":0,"comment_status":"closed","ping_status":"closed","template":"","meta":{"generate_page_header":"","footnotes":""},"class_list":{"0":"post-4223","1":"page","2":"type-page","3":"status-publish","5":"infinite-scroll-item"},"_links":{"self":[{"href":"https:\/\/mikrosystem.pl\/index.php\/wp-json\/wp\/v2\/pages\/4223","targetHints":{"allow":["GET"]}}],"collection":[{"href":"https:\/\/mikrosystem.pl\/index.php\/wp-json\/wp\/v2\/pages"}],"about":[{"href":"https:\/\/mikrosystem.pl\/index.php\/wp-json\/wp\/v2\/types\/page"}],"author":[{"embeddable":true,"href":"https:\/\/mikrosystem.pl\/index.php\/wp-json\/wp\/v2\/users\/5"}],"replies":[{"embeddable":true,"href":"https:\/\/mikrosystem.pl\/index.php\/wp-json\/wp\/v2\/comments?post=4223"}],"version-history":[{"count":16,"href":"https:\/\/mikrosystem.pl\/index.php\/wp-json\/wp\/v2\/pages\/4223\/revisions"}],"predecessor-version":[{"id":4386,"href":"https:\/\/mikrosystem.pl\/index.php\/wp-json\/wp\/v2\/pages\/4223\/revisions\/4386"}],"up":[{"embeddable":true,"href":"https:\/\/mikrosystem.pl\/index.php\/wp-json\/wp\/v2\/pages\/2873"}],"wp:attachment":[{"href":"https:\/\/mikrosystem.pl\/index.php\/wp-json\/wp\/v2\/media?parent=4223"}],"curies":[{"name":"wp","href":"https:\/\/api.w.org\/{rel}","templated":true}]}}