{"id":4182,"date":"2019-02-28T12:53:14","date_gmt":"2019-02-28T11:53:14","guid":{"rendered":"http:\/\/mikrosystem.pl\/?page_id=4182"},"modified":"2019-02-28T12:57:16","modified_gmt":"2019-02-28T11:57:16","slug":"korygowanie-faktur-z-modulu-lista-pozycji-zamowien","status":"publish","type":"page","link":"https:\/\/mikrosystem.pl\/index.php\/pomoc\/eknf-instrukcja-obslugi\/korekta-faktury\/korygowanie-faktur-z-modulu-lista-pozycji-zamowien","title":{"rendered":"Korygowanie faktur z modu\u0142u Lista pozycji zam\u00f3wie\u0144"},"content":{"rendered":"\n<p>Modu\u0142 lista pozycji zam\u00f3wie\u0144 jest wygodnym narz\u0119dziem do wystawiania faktur zbiorczych oraz do ich korygowania. W filtrach mo\u017cemy poda\u0107 konkretny numer faktury, kt\u00f3r\u0105 chcemy skorygowa\u0107, lub wystawi\u0107 korekty po kolei dla wszystkich dokument\u00f3w z danego okresu czasu, kt\u00f3re tego wymagaj\u0105.<br>Je\u015bli pozycje czekaj\u0105ce na wystawienie korekty znajduj\u0105 si\u0119 na kilku fakturach oryginalnych, eKNF sam odnajdzie w\u015br\u00f3d nich wszystkie pozycje nale\u017c\u0105ce do pierwszej faktury oczekuj\u0105cej na skorygowanie i umie\u015bci je na nowo tworzonej fakturze koryguj\u0105cej, ignoruj\u0105c pozycje nale\u017c\u0105ce do pozosta\u0142ych dokument\u00f3w. Proces ten mo\u017cemy powtarza\u0107 tak d\u0142ugo, jak d\u0142ugo na li\u015bcie pozostaj\u0105 pozycje czekaj\u0105ce na skorygowanie, i w ten spos\u00f3b wystawi\u0107 po kolei wszystkie korekty.<br><br>Wystawianie faktury\/faktur koryguj\u0105cych dla wybranego klienta za wybrany okres czasu:<\/p>\n\n\n\n<p>W kryteriach wyboru wska\u017c klienta, i zakres dat, kt\u00f3rych ma dotyczy\u0107 korekta. Je\u015bli chcesz skorygowa\u0107 jeden konkretny dokument, podaj (\u015bci\u015ble co do znaku) jego numer.<br>W filtrach znajduj\u0105cych si\u0119 w prawym g\u00f3rnym rogu: <br>Zaznacz: Tylko koryguj\u0105ce, i Bez faktury. <br>Odznacz: Bez koryguj\u0105cych<br><br>Mo\u017cesz dodatkowo zaw\u0119zi\u0107 kryteria wyszukiwania wskazuj\u0105c tylko konkretne kategorie produtk\u00f3w, lub pojedyncze pozycje z katalogu produkt\u00f3w i us\u0142ug.<br>Kliknij Szukaj<\/p>\n\n\n\n<p>Na li\u015bcie pokazuj\u0105cej wyszukane pozycje zaznacz wszystko, lub pojedyncze wybrane zam\u00f3wienia\/pozycje zam\u00f3wie\u0144<\/p>\n\n\n\n<div class=\"wp-block-image\"><figure class=\"aligncenter\"><img loading=\"lazy\" decoding=\"async\" width=\"1024\" height=\"519\" src=\"https:\/\/mikrosystem.pl\/mikrosystem_www\/wp-content\/uploads\/2019\/02\/Wystawianie-faktury-koryguj\u0105cej-z-listy-pozycji-zamowien_002389-1024x519.png\" alt=\"\" class=\"wp-image-4184\" srcset=\"https:\/\/mikrosystem.pl\/mikrosystem_www\/wp-content\/uploads\/2019\/02\/Wystawianie-faktury-koryguj\u0105cej-z-listy-pozycji-zamowien_002389-1024x519.png 1024w, https:\/\/mikrosystem.pl\/mikrosystem_www\/wp-content\/uploads\/2019\/02\/Wystawianie-faktury-koryguj\u0105cej-z-listy-pozycji-zamowien_002389-300x152.png 300w, https:\/\/mikrosystem.pl\/mikrosystem_www\/wp-content\/uploads\/2019\/02\/Wystawianie-faktury-koryguj\u0105cej-z-listy-pozycji-zamowien_002389-768x389.png 768w, https:\/\/mikrosystem.pl\/mikrosystem_www\/wp-content\/uploads\/2019\/02\/Wystawianie-faktury-koryguj\u0105cej-z-listy-pozycji-zamowien_002389.png 1897w\" sizes=\"auto, (max-width: 1024px) 100vw, 1024px\" \/><\/figure><\/div>\n\n\n\n<p>Po zaznaczeniu odpowiednich pozycji kliknij &#8220;Korekta&#8221; (w lewym g\u00f3rnym rogu modu\u0142u)<br><br>eKNF w oknie edycji faktury poka\u017ce utworzon\u0105 faktur\u0119 koryguj\u0105c\u0105. Sprawd\u017a rejestr i dat\u0119 wystawienia, i zapisz dokument klikaj\u0105c na Zapisz i zamknij.<\/p>\n\n\n\n<div class=\"wp-block-image\"><figure class=\"aligncenter\"><img loading=\"lazy\" decoding=\"async\" width=\"1024\" height=\"503\" src=\"https:\/\/mikrosystem.pl\/mikrosystem_www\/wp-content\/uploads\/2019\/02\/Wystawianie-faktury-koryguj\u0105cej-z-listy-pozycji-zamowien_002390-1024x503.png\" alt=\"\" class=\"wp-image-4185\" srcset=\"https:\/\/mikrosystem.pl\/mikrosystem_www\/wp-content\/uploads\/2019\/02\/Wystawianie-faktury-koryguj\u0105cej-z-listy-pozycji-zamowien_002390-1024x503.png 1024w, https:\/\/mikrosystem.pl\/mikrosystem_www\/wp-content\/uploads\/2019\/02\/Wystawianie-faktury-koryguj\u0105cej-z-listy-pozycji-zamowien_002390-300x147.png 300w, https:\/\/mikrosystem.pl\/mikrosystem_www\/wp-content\/uploads\/2019\/02\/Wystawianie-faktury-koryguj\u0105cej-z-listy-pozycji-zamowien_002390-768x377.png 768w, https:\/\/mikrosystem.pl\/mikrosystem_www\/wp-content\/uploads\/2019\/02\/Wystawianie-faktury-koryguj\u0105cej-z-listy-pozycji-zamowien_002390.png 1894w\" sizes=\"auto, (max-width: 1024px) 100vw, 1024px\" \/><\/figure><\/div>\n\n\n\n<p><\/p>\n","protected":false},"excerpt":{"rendered":"<p>Modu\u0142 lista pozycji zam\u00f3wie\u0144 jest wygodnym narz\u0119dziem do wystawiania faktur zbiorczych oraz do ich korygowania. W filtrach mo\u017cemy poda\u0107 konkretny numer faktury, kt\u00f3r\u0105 chcemy skorygowa\u0107, lub wystawi\u0107 korekty po kolei dla wszystkich dokument\u00f3w z danego okresu czasu, kt\u00f3re tego wymagaj\u0105.Je\u015bli pozycje czekaj\u0105ce na wystawienie korekty znajduj\u0105 si\u0119 na kilku fakturach oryginalnych, eKNF sam odnajdzie w\u015br\u00f3d &#8230; <a title=\"Korygowanie faktur z modu\u0142u Lista pozycji zam\u00f3wie\u0144\" class=\"read-more\" href=\"https:\/\/mikrosystem.pl\/index.php\/pomoc\/eknf-instrukcja-obslugi\/korekta-faktury\/korygowanie-faktur-z-modulu-lista-pozycji-zamowien\" aria-label=\"Dowiedz si\u0119 wi\u0119cej o Korygowanie faktur z modu\u0142u Lista pozycji zam\u00f3wie\u0144\">Read more<\/a><\/p>\n","protected":false},"author":5,"featured_media":0,"parent":3187,"menu_order":0,"comment_status":"closed","ping_status":"closed","template":"","meta":{"generate_page_header":"","footnotes":""},"class_list":{"0":"post-4182","1":"page","2":"type-page","3":"status-publish","5":"infinite-scroll-item"},"_links":{"self":[{"href":"https:\/\/mikrosystem.pl\/index.php\/wp-json\/wp\/v2\/pages\/4182","targetHints":{"allow":["GET"]}}],"collection":[{"href":"https:\/\/mikrosystem.pl\/index.php\/wp-json\/wp\/v2\/pages"}],"about":[{"href":"https:\/\/mikrosystem.pl\/index.php\/wp-json\/wp\/v2\/types\/page"}],"author":[{"embeddable":true,"href":"https:\/\/mikrosystem.pl\/index.php\/wp-json\/wp\/v2\/users\/5"}],"replies":[{"embeddable":true,"href":"https:\/\/mikrosystem.pl\/index.php\/wp-json\/wp\/v2\/comments?post=4182"}],"version-history":[{"count":2,"href":"https:\/\/mikrosystem.pl\/index.php\/wp-json\/wp\/v2\/pages\/4182\/revisions"}],"predecessor-version":[{"id":4186,"href":"https:\/\/mikrosystem.pl\/index.php\/wp-json\/wp\/v2\/pages\/4182\/revisions\/4186"}],"up":[{"embeddable":true,"href":"https:\/\/mikrosystem.pl\/index.php\/wp-json\/wp\/v2\/pages\/3187"}],"wp:attachment":[{"href":"https:\/\/mikrosystem.pl\/index.php\/wp-json\/wp\/v2\/media?parent=4182"}],"curies":[{"name":"wp","href":"https:\/\/api.w.org\/{rel}","templated":true}]}}