{"id":4172,"date":"2019-02-28T11:00:09","date_gmt":"2019-02-28T10:00:09","guid":{"rendered":"http:\/\/mikrosystem.pl\/?page_id=4172"},"modified":"2019-02-28T11:00:34","modified_gmt":"2019-02-28T10:00:34","slug":"korygowanie-faktur-z-modulu-adesku","status":"publish","type":"page","link":"https:\/\/mikrosystem.pl\/index.php\/pomoc\/eknf-instrukcja-obslugi\/korekta-faktury\/korygowanie-faktur-z-modulu-adesku","title":{"rendered":"Korygowanie faktur z modu\u0142u ADesk"},"content":{"rendered":"\n<p>Wystawianie faktur koryguj\u0105cych z ADesku najcz\u0119\u015bciej dotyczy sytuacji, kiedy jeden lub wi\u0119cej bilet lotniczy zosta\u0142 zwr\u00f3cony, i nale\u017cy wystawi\u0107 faktur\u0119 koryguj\u0105c\u0105 na ten zwrot. Zwroty bilet\u00f3w lotniczych maj\u0105 w kolumnie Status oznaczenie TR. <\/p>\n\n\n\n<p>Kiedy informacja o zwrocie biletu jest przes\u0142ana z systemu GDS do eKNF, automatycznie odszukiwany jest bilet, kt\u00f3rego dotyczy zwrot, a w zam\u00f3wieniu, na kt\u00f3rym bilet ten si\u0119 znajduje, dodawany jest pakiet koryguj\u0105cy, czyli informacja o tym, jak\u0105 kwot\u0119 nale\u017cy zwr\u00f3ci\u0107 w zwi\u0105zku ze zwrotem biletu.<br>Je\u015bli mechanizm ten zadzia\u0142a poprawnie, to w rekordzie zwrotu, w kolumnie Zam\u00f3wienie (Dossier number) widoczny b\u0119dzie numer zam\u00f3wienia oryginalnego biletu. W takim wypadku faktur\u0119 koryguj\u0105c\u0105 wystawia si\u0119 klikaj\u0105c na rekord zwrotu prawym klawiszem myszy, i wybieraj\u0105c: Faktura -&gt; Wystaw faktur\u0119 koryguj\u0105c\u0105. <\/p>\n\n\n<p>\n<!--StartFragment--><\/p>\n\n\n<div class=\"wp-block-image\"><figure class=\"aligncenter\"><a href=\"https:\/\/mikrosystem.pl\/mikrosystem_www\/wp-content\/uploads\/2015\/12\/6.png\"><img loading=\"lazy\" decoding=\"async\" width=\"1023\" height=\"569\" src=\"https:\/\/mikrosystem.pl\/mikrosystem_www\/wp-content\/uploads\/2015\/12\/6.png\" alt=\"6\" class=\"wp-image-3209\" srcset=\"https:\/\/mikrosystem.pl\/mikrosystem_www\/wp-content\/uploads\/2015\/12\/6.png 1023w, https:\/\/mikrosystem.pl\/mikrosystem_www\/wp-content\/uploads\/2015\/12\/6-300x167.png 300w\" sizes=\"auto, (max-width: 1023px) 100vw, 1023px\" \/><\/a><\/figure><\/div>\n\n\n<p><!--EndFragment--><\/p>\n<p><\/p>\n\n\n\n\n<p>Je\u015bli przy rekordzie zwrotu w kolumnie Zam\u00f3wienie (Dossier number) nie jest widoczny numer zam\u00f3wienia (taka sytuacja mo\u017ce mie\u0107 miejsce, gdy bilet zosta\u0142 zwr\u00f3cony zanim jeszcze wystawiono zam\u00f3wienie\/faktur\u0119 na bilet oryginalny) nale\u017cy najpierw utworzy\u0107 pakiet koryguj\u0105cy. W tym celu kliknij na rekord zwrotu prawym klawiszem myszy. Wybierz z menu: Zam\u00f3wienie -&gt;Utw\u00f3rz pakiet koryguj\u0105cy<\/p>\n\n\n\n<figure class=\"wp-block-image\"><a href=\"https:\/\/mikrosystem.pl\/mikrosystem_www\/wp-content\/uploads\/2015\/12\/4.png\"><img loading=\"lazy\" decoding=\"async\" width=\"986\" height=\"506\" src=\"https:\/\/mikrosystem.pl\/mikrosystem_www\/wp-content\/uploads\/2015\/12\/4.png\" alt=\"4\" class=\"wp-image-3208\" srcset=\"https:\/\/mikrosystem.pl\/mikrosystem_www\/wp-content\/uploads\/2015\/12\/4.png 986w, https:\/\/mikrosystem.pl\/mikrosystem_www\/wp-content\/uploads\/2015\/12\/4-300x154.png 300w\" sizes=\"auto, (max-width: 986px) 100vw, 986px\" \/><\/a><\/figure>\n\n\n\n<p>Po utworzeniu pakietu koryguj\u0105cego kliknij na zwrot prawym klawiszem myszy. Wybierz z menu: Faktura -&gt;Wystaw faktur\u0119 koryguj\u0105c\u0105<\/p>\n\n\n\n<figure class=\"wp-block-image\"><a href=\"https:\/\/mikrosystem.pl\/mikrosystem_www\/wp-content\/uploads\/2015\/12\/6.png\"><img loading=\"lazy\" decoding=\"async\" width=\"1023\" height=\"569\" src=\"https:\/\/mikrosystem.pl\/mikrosystem_www\/wp-content\/uploads\/2015\/12\/6.png\" alt=\"6\" class=\"wp-image-3209\" srcset=\"https:\/\/mikrosystem.pl\/mikrosystem_www\/wp-content\/uploads\/2015\/12\/6.png 1023w, https:\/\/mikrosystem.pl\/mikrosystem_www\/wp-content\/uploads\/2015\/12\/6-300x167.png 300w\" sizes=\"auto, (max-width: 1023px) 100vw, 1023px\" \/><\/a><\/figure>\n","protected":false},"excerpt":{"rendered":"<p>Wystawianie faktur koryguj\u0105cych z ADesku najcz\u0119\u015bciej dotyczy sytuacji, kiedy jeden lub wi\u0119cej bilet lotniczy zosta\u0142 zwr\u00f3cony, i nale\u017cy wystawi\u0107 faktur\u0119 koryguj\u0105c\u0105 na ten zwrot. Zwroty bilet\u00f3w lotniczych maj\u0105 w kolumnie Status oznaczenie TR. Kiedy informacja o zwrocie biletu jest przes\u0142ana z systemu GDS do eKNF, automatycznie odszukiwany jest bilet, kt\u00f3rego dotyczy zwrot, a w zam\u00f3wieniu, &#8230; <a title=\"Korygowanie faktur z modu\u0142u ADesk\" class=\"read-more\" href=\"https:\/\/mikrosystem.pl\/index.php\/pomoc\/eknf-instrukcja-obslugi\/korekta-faktury\/korygowanie-faktur-z-modulu-adesku\" aria-label=\"Dowiedz si\u0119 wi\u0119cej o Korygowanie faktur z modu\u0142u ADesk\">Read more<\/a><\/p>\n","protected":false},"author":5,"featured_media":0,"parent":3187,"menu_order":0,"comment_status":"closed","ping_status":"closed","template":"","meta":{"generate_page_header":"","footnotes":""},"class_list":{"0":"post-4172","1":"page","2":"type-page","3":"status-publish","5":"infinite-scroll-item"},"_links":{"self":[{"href":"https:\/\/mikrosystem.pl\/index.php\/wp-json\/wp\/v2\/pages\/4172","targetHints":{"allow":["GET"]}}],"collection":[{"href":"https:\/\/mikrosystem.pl\/index.php\/wp-json\/wp\/v2\/pages"}],"about":[{"href":"https:\/\/mikrosystem.pl\/index.php\/wp-json\/wp\/v2\/types\/page"}],"author":[{"embeddable":true,"href":"https:\/\/mikrosystem.pl\/index.php\/wp-json\/wp\/v2\/users\/5"}],"replies":[{"embeddable":true,"href":"https:\/\/mikrosystem.pl\/index.php\/wp-json\/wp\/v2\/comments?post=4172"}],"version-history":[{"count":2,"href":"https:\/\/mikrosystem.pl\/index.php\/wp-json\/wp\/v2\/pages\/4172\/revisions"}],"predecessor-version":[{"id":4174,"href":"https:\/\/mikrosystem.pl\/index.php\/wp-json\/wp\/v2\/pages\/4172\/revisions\/4174"}],"up":[{"embeddable":true,"href":"https:\/\/mikrosystem.pl\/index.php\/wp-json\/wp\/v2\/pages\/3187"}],"wp:attachment":[{"href":"https:\/\/mikrosystem.pl\/index.php\/wp-json\/wp\/v2\/media?parent=4172"}],"curies":[{"name":"wp","href":"https:\/\/api.w.org\/{rel}","templated":true}]}}