{"id":4163,"date":"2019-02-27T19:40:45","date_gmt":"2019-02-27T18:40:45","guid":{"rendered":"http:\/\/mikrosystem.pl\/?page_id=4163"},"modified":"2019-05-21T16:05:37","modified_gmt":"2019-05-21T14:05:37","slug":"adesk-oznaczenia-w-kolumnie-status","status":"publish","type":"page","link":"https:\/\/mikrosystem.pl\/index.php\/pomoc\/eknf-instrukcja-obslugi\/eknf-glowne-okno-programu\/adesk\/adesk-oznaczenia-w-kolumnie-status","title":{"rendered":"ADesk &#8211; Oznaczenia w kolumnie Status"},"content":{"rendered":"\n<p><strong>Puste pole<\/strong> &#8211; nowo wystawiona pozycja (bilet lotniczy, rezerwacja samochodowa, transfer, ubezpieczenie)<br><strong>ACM<\/strong> &#8211; credit memo (odczytane z billingu BSP)<br><strong>ADM<\/strong> &#8211; debit memo (odczytane z billingu BSP)<br><strong>TX<\/strong> &#8211; Wymiana biletu lotniczego regularnych linii (Exchange)<br><strong>R<\/strong> &#8211; Informacja o tym, \u017ce ten bilet lotniczy zosta\u0142 zwr\u00f3cony (ten status pojawia si\u0119 przy oryginalnym bilecie, nie przy jego zwrocie)<br><strong>RFN<\/strong> &#8211; zwrot biletu lotniczego (Refund) wykonany w BSPLink (z ujemn\u0105 kwot\u0105, odczytany z billingu BSP)<br><strong>TR<\/strong> &#8211; zwrot biletu lotniczego (Refund) regularnych linii wykonany w GDSie (z ujemn\u0105 kwot\u0105, ten status pojawia si\u0119 przy zwrocie biletu)<br><strong>V<\/strong> &#8211; Informacja o tym, \u017ce ten bilet lotniczy zosta\u0142 anulowany (Void)<br><br><\/p>\n","protected":false},"excerpt":{"rendered":"<p>Puste pole &#8211; nowo wystawiona pozycja (bilet lotniczy, rezerwacja samochodowa, transfer, ubezpieczenie)ACM &#8211; credit memo (odczytane z billingu BSP)ADM &#8211; debit memo (odczytane z billingu BSP)TX &#8211; Wymiana biletu lotniczego regularnych linii (Exchange)R &#8211; Informacja o tym, \u017ce ten bilet lotniczy zosta\u0142 zwr\u00f3cony (ten status pojawia si\u0119 przy oryginalnym bilecie, nie przy jego zwrocie)RFN &#8211; &#8230; <a title=\"ADesk &#8211; Oznaczenia w kolumnie Status\" class=\"read-more\" href=\"https:\/\/mikrosystem.pl\/index.php\/pomoc\/eknf-instrukcja-obslugi\/eknf-glowne-okno-programu\/adesk\/adesk-oznaczenia-w-kolumnie-status\" aria-label=\"Dowiedz si\u0119 wi\u0119cej o ADesk &#8211; Oznaczenia w kolumnie Status\">Read more<\/a><\/p>\n","protected":false},"author":5,"featured_media":0,"parent":3225,"menu_order":1,"comment_status":"closed","ping_status":"closed","template":"","meta":{"generate_page_header":"","footnotes":""},"class_list":{"0":"post-4163","1":"page","2":"type-page","3":"status-publish","5":"infinite-scroll-item"},"_links":{"self":[{"href":"https:\/\/mikrosystem.pl\/index.php\/wp-json\/wp\/v2\/pages\/4163","targetHints":{"allow":["GET"]}}],"collection":[{"href":"https:\/\/mikrosystem.pl\/index.php\/wp-json\/wp\/v2\/pages"}],"about":[{"href":"https:\/\/mikrosystem.pl\/index.php\/wp-json\/wp\/v2\/types\/page"}],"author":[{"embeddable":true,"href":"https:\/\/mikrosystem.pl\/index.php\/wp-json\/wp\/v2\/users\/5"}],"replies":[{"embeddable":true,"href":"https:\/\/mikrosystem.pl\/index.php\/wp-json\/wp\/v2\/comments?post=4163"}],"version-history":[{"count":12,"href":"https:\/\/mikrosystem.pl\/index.php\/wp-json\/wp\/v2\/pages\/4163\/revisions"}],"predecessor-version":[{"id":5350,"href":"https:\/\/mikrosystem.pl\/index.php\/wp-json\/wp\/v2\/pages\/4163\/revisions\/5350"}],"up":[{"embeddable":true,"href":"https:\/\/mikrosystem.pl\/index.php\/wp-json\/wp\/v2\/pages\/3225"}],"wp:attachment":[{"href":"https:\/\/mikrosystem.pl\/index.php\/wp-json\/wp\/v2\/media?parent=4163"}],"curies":[{"name":"wp","href":"https:\/\/api.w.org\/{rel}","templated":true}]}}