{"id":4156,"date":"2019-02-27T15:01:11","date_gmt":"2019-02-27T14:01:11","guid":{"rendered":"http:\/\/mikrosystem.pl\/?page_id=4156"},"modified":"2019-02-27T15:01:12","modified_gmt":"2019-02-27T14:01:12","slug":"klienci-konfiguracja-sposobu-dostarczania-dokumentow","status":"publish","type":"page","link":"https:\/\/mikrosystem.pl\/index.php\/pomoc\/eknf-instrukcja-obslugi\/eknf-glowne-okno-programu\/dane-klienta-edycja\/klienci-konfiguracja-sposobu-dostarczania-dokumentow","title":{"rendered":"Klienci &#8211; konfiguracja sposobu dostarczania dokument\u00f3w"},"content":{"rendered":"\n<p>W szczeg\u00f3\u0142ach profilu klienta mo\u017cemy okre\u015bli\u0107 &#8211; mi\u0119dzy innymi &#8211; list\u0119 adres\u00f3w mailowych, na kt\u00f3re b\u0119d\u0105 dostarczane dokumenty oraz uzgodniony z klientem spos\u00f3b ich dostarczania.<br>Mo\u017cliwe jest podanie wielu adres\u00f3w mailowych oraz okre\u015blenie, do czego maj\u0105 by\u0107 u\u017cywane. Je\u015bli okre\u015blimy typ adresu jako &#8216;osoby odbieraj\u0105ce faktury&#8217;, to adresy te b\u0119d\u0105 wykorzystywane przez eKNF do dostarczania dokument\u00f3w drog\u0105 elektroniczn\u0105.<\/p>\n\n\n\n<p>W polu Spos\u00f3b dostarczania faktury okre\u015bli\u0107 domy\u015bln\u0105 form\u0119 dostarczania dokument\u00f3w (tradycyjnie: Faktura papierowa, lub elektronicznie: faktura w formie linku lub za\u0142\u0105cznika). Je\u015bli spos\u00f3b dostarczania faktury zostanie zdefiniowany, eKNF b\u0119dzie sygnalizowa\u0142 (w module Sprzeda\u017c) czy poszczeg\u00f3lne dokumenty zosta\u0142y dostarczone wybran\u0105 drog\u0105 (czerwone ikony w kolumnie Status sygnalizuj\u0105ce, \u017ce faktura papierowa nie zosta\u0142a wydrukowana, lub faktura elektroniczna nie zosta\u0142a wys\u0142ana mailem)<\/p>\n\n\n\n<p><br><\/p>\n\n\n\n<div class=\"wp-block-image\"><figure class=\"aligncenter is-resized\"><img loading=\"lazy\" decoding=\"async\" src=\"https:\/\/mikrosystem.pl\/mikrosystem_www\/wp-content\/uploads\/2019\/02\/Klienci-dostarczanie-dokumentow_002384-1024x707.png\" alt=\"\" class=\"wp-image-4157\" width=\"993\" height=\"686\" srcset=\"https:\/\/mikrosystem.pl\/mikrosystem_www\/wp-content\/uploads\/2019\/02\/Klienci-dostarczanie-dokumentow_002384-1024x707.png 1024w, https:\/\/mikrosystem.pl\/mikrosystem_www\/wp-content\/uploads\/2019\/02\/Klienci-dostarczanie-dokumentow_002384-300x207.png 300w, https:\/\/mikrosystem.pl\/mikrosystem_www\/wp-content\/uploads\/2019\/02\/Klienci-dostarczanie-dokumentow_002384-768x530.png 768w, https:\/\/mikrosystem.pl\/mikrosystem_www\/wp-content\/uploads\/2019\/02\/Klienci-dostarczanie-dokumentow_002384.png 1393w\" sizes=\"auto, (max-width: 993px) 100vw, 993px\" \/><\/figure><\/div>\n\n\n\n<p>W polach profilu klienta mo\u017cna dodatkowo okre\u015bli\u0107 specyficzny dla danego klienta nag\u0142\u00f3wek maila zawieraj\u0105cego faktur\u0119. S\u0142u\u017cy do tego pole CUSTOM EMAIL HEADER<br>W polu tym <br> 1. Czystego tekstu &#8211; kt\u00f3ry zostanie wprost umieszczony w nag\u0142\u00f3wku maila<br> 2. Zmiennych oznaczaj\u0105cych r\u00f3\u017cne elementy faktury (np:  &lt;invoice_issue_date> to zmienna, za kt\u00f3r\u0105 w tek\u015bcie zostanie  podstawiona data wystawienia faktury)<br> 3. zmiennych oznaczaj\u0105cych pola dodatkowe (np: &lt;add=321>, za kt\u00f3re  zostanie podstawiona zawarto\u015b\u0107 pola dodatkowego o podanym numerycznie  ID: na przyk\u0142adzie pole o numerze 321 to COD3)<br> 4. znaku nowej linii &lt;br> <\/p>\n\n\n\n<p><\/p>\n\n\n\n<div class=\"wp-block-image\"><figure class=\"aligncenter\"><img loading=\"lazy\" decoding=\"async\" width=\"1024\" height=\"509\" src=\"https:\/\/mikrosystem.pl\/mikrosystem_www\/wp-content\/uploads\/2019\/02\/Klienci_Konfigurowalny-naglowek-maila_002381-1024x509.png\" alt=\"\" class=\"wp-image-4158\" srcset=\"https:\/\/mikrosystem.pl\/mikrosystem_www\/wp-content\/uploads\/2019\/02\/Klienci_Konfigurowalny-naglowek-maila_002381-1024x509.png 1024w, https:\/\/mikrosystem.pl\/mikrosystem_www\/wp-content\/uploads\/2019\/02\/Klienci_Konfigurowalny-naglowek-maila_002381-300x149.png 300w, https:\/\/mikrosystem.pl\/mikrosystem_www\/wp-content\/uploads\/2019\/02\/Klienci_Konfigurowalny-naglowek-maila_002381-768x381.png 768w, https:\/\/mikrosystem.pl\/mikrosystem_www\/wp-content\/uploads\/2019\/02\/Klienci_Konfigurowalny-naglowek-maila_002381.png 1524w\" sizes=\"auto, (max-width: 1024px) 100vw, 1024px\" \/><\/figure><\/div>\n\n\n\n<p><br><\/p>\n","protected":false},"excerpt":{"rendered":"<p>W szczeg\u00f3\u0142ach profilu klienta mo\u017cemy okre\u015bli\u0107 &#8211; mi\u0119dzy innymi &#8211; list\u0119 adres\u00f3w mailowych, na kt\u00f3re b\u0119d\u0105 dostarczane dokumenty oraz uzgodniony z klientem spos\u00f3b ich dostarczania.Mo\u017cliwe jest podanie wielu adres\u00f3w mailowych oraz okre\u015blenie, do czego maj\u0105 by\u0107 u\u017cywane. Je\u015bli okre\u015blimy typ adresu jako &#8216;osoby odbieraj\u0105ce faktury&#8217;, to adresy te b\u0119d\u0105 wykorzystywane przez eKNF do dostarczania dokument\u00f3w &#8230; <a title=\"Klienci &#8211; konfiguracja sposobu dostarczania dokument\u00f3w\" class=\"read-more\" href=\"https:\/\/mikrosystem.pl\/index.php\/pomoc\/eknf-instrukcja-obslugi\/eknf-glowne-okno-programu\/dane-klienta-edycja\/klienci-konfiguracja-sposobu-dostarczania-dokumentow\" aria-label=\"Dowiedz si\u0119 wi\u0119cej o Klienci &#8211; konfiguracja sposobu dostarczania dokument\u00f3w\">Read more<\/a><\/p>\n","protected":false},"author":5,"featured_media":0,"parent":2194,"menu_order":0,"comment_status":"closed","ping_status":"closed","template":"","meta":{"generate_page_header":"","footnotes":""},"class_list":{"0":"post-4156","1":"page","2":"type-page","3":"status-publish","5":"infinite-scroll-item"},"_links":{"self":[{"href":"https:\/\/mikrosystem.pl\/index.php\/wp-json\/wp\/v2\/pages\/4156","targetHints":{"allow":["GET"]}}],"collection":[{"href":"https:\/\/mikrosystem.pl\/index.php\/wp-json\/wp\/v2\/pages"}],"about":[{"href":"https:\/\/mikrosystem.pl\/index.php\/wp-json\/wp\/v2\/types\/page"}],"author":[{"embeddable":true,"href":"https:\/\/mikrosystem.pl\/index.php\/wp-json\/wp\/v2\/users\/5"}],"replies":[{"embeddable":true,"href":"https:\/\/mikrosystem.pl\/index.php\/wp-json\/wp\/v2\/comments?post=4156"}],"version-history":[{"count":1,"href":"https:\/\/mikrosystem.pl\/index.php\/wp-json\/wp\/v2\/pages\/4156\/revisions"}],"predecessor-version":[{"id":4159,"href":"https:\/\/mikrosystem.pl\/index.php\/wp-json\/wp\/v2\/pages\/4156\/revisions\/4159"}],"up":[{"embeddable":true,"href":"https:\/\/mikrosystem.pl\/index.php\/wp-json\/wp\/v2\/pages\/2194"}],"wp:attachment":[{"href":"https:\/\/mikrosystem.pl\/index.php\/wp-json\/wp\/v2\/media?parent=4156"}],"curies":[{"name":"wp","href":"https:\/\/api.w.org\/{rel}","templated":true}]}}