{"id":4131,"date":"2019-01-29T15:29:06","date_gmt":"2019-01-29T14:29:06","guid":{"rendered":"http:\/\/mikrosystem.pl\/?page_id=4131"},"modified":"2024-06-28T16:51:11","modified_gmt":"2024-06-28T14:51:11","slug":"konfiguracja-raportowania","status":"publish","type":"page","link":"https:\/\/mikrosystem.pl\/index.php\/pomoc\/eknf-instrukcja-obslugi\/funkcje-administracyjne\/konfiguracja-raportowania","title":{"rendered":"Konfiguracja raportowania"},"content":{"rendered":"<p>&nbsp;<\/p>\n\n\n\n<p><a href=\"https:\/\/mikrosystem.pl\/index.php\/pomoc\/eknf-instrukcja-obslugi\/funkcje-administracyjne\/konfiguracja-raportowania\/instalacja-aplikacji-eknfreports\">Pobierz i zainstaluj aplikacj\u0119 eKNFReports<\/a><\/p>\n\n\n\n<p><a href=\"https:\/\/www.eknf3.pl\/eknf\/API\/report_list\/getReportList.php\">Lista akronim\u00f3w u\u017cywana w Zasobach do konfiguracji dost\u0119pno\u015bci poszczeg\u00f3lnych raport\u00f3w<\/a><\/p>\n\n\n\n<p>&nbsp;<\/p>","protected":false},"excerpt":{"rendered":"<p>&nbsp; Pobierz i zainstaluj aplikacj\u0119 eKNFReports Lista akronim\u00f3w u\u017cywana w Zasobach do konfiguracji dost\u0119pno\u015bci poszczeg\u00f3lnych raport\u00f3w &nbsp;<\/p>\n","protected":false},"author":5,"featured_media":0,"parent":3838,"menu_order":0,"comment_status":"closed","ping_status":"closed","template":"","meta":{"generate_page_header":"","footnotes":""},"class_list":{"0":"post-4131","1":"page","2":"type-page","3":"status-publish","5":"infinite-scroll-item"},"_links":{"self":[{"href":"https:\/\/mikrosystem.pl\/index.php\/wp-json\/wp\/v2\/pages\/4131","targetHints":{"allow":["GET"]}}],"collection":[{"href":"https:\/\/mikrosystem.pl\/index.php\/wp-json\/wp\/v2\/pages"}],"about":[{"href":"https:\/\/mikrosystem.pl\/index.php\/wp-json\/wp\/v2\/types\/page"}],"author":[{"embeddable":true,"href":"https:\/\/mikrosystem.pl\/index.php\/wp-json\/wp\/v2\/users\/5"}],"replies":[{"embeddable":true,"href":"https:\/\/mikrosystem.pl\/index.php\/wp-json\/wp\/v2\/comments?post=4131"}],"version-history":[{"count":3,"href":"https:\/\/mikrosystem.pl\/index.php\/wp-json\/wp\/v2\/pages\/4131\/revisions"}],"predecessor-version":[{"id":5605,"href":"https:\/\/mikrosystem.pl\/index.php\/wp-json\/wp\/v2\/pages\/4131\/revisions\/5605"}],"up":[{"embeddable":true,"href":"https:\/\/mikrosystem.pl\/index.php\/wp-json\/wp\/v2\/pages\/3838"}],"wp:attachment":[{"href":"https:\/\/mikrosystem.pl\/index.php\/wp-json\/wp\/v2\/media?parent=4131"}],"curies":[{"name":"wp","href":"https:\/\/api.w.org\/{rel}","templated":true}]}}