{"id":4127,"date":"2019-01-23T12:16:32","date_gmt":"2019-01-23T11:16:32","guid":{"rendered":"http:\/\/mikrosystem.pl\/?page_id=4127"},"modified":"2019-01-23T12:16:32","modified_gmt":"2019-01-23T11:16:32","slug":"opis-i-znaczenie-wybranych-zmiennych-konfiguracyjnych-majacych-wplyw-na-dzialanie-programu","status":"publish","type":"page","link":"https:\/\/mikrosystem.pl\/index.php\/pomoc\/eknf-instrukcja-obslugi\/funkcje-administracyjne\/opis-i-znaczenie-wybranych-zmiennych-konfiguracyjnych-majacych-wplyw-na-dzialanie-programu","title":{"rendered":"Opis i znaczenie wybranych zmiennych konfiguracyjnych, maj\u0105cych wp\u0142yw na dzia\u0142anie programu"},"content":{"rendered":"<p>&nbsp;<\/p>\n<p><strong>BOOKING_ONLINE_OFFICE_ID_LIST<\/strong> &#8211; <span style=\"text-decoration: underline;\">S\u0142ownik<\/span> z list\u0105 booking office id (czyli kod\u00f3w biur w kt\u00f3rych zosta\u0142a za\u0142o\u017cona rezerwacja), kt\u00f3re maj\u0105 by\u0107 rozpoznawane jako &#8216;online&#8217;. Rezerwacje pochodz\u0105ce z tych biur b\u0119d\u0105 oznaczane jako ONLINE.<\/p>\n<p><strong>HTL_ONLINE_REMARKS<\/strong> \u2013 S\u0142ownik z tekstami, kt\u00f3re \u2013 je\u015bli zostan\u0105 znalezione w uwagach do rezerwacji hotelowej pochodz\u0105cej z GDSu, spowoduj\u0105 ustawienie typu transakcji jako ONLINE<\/p>\n<p><strong>ONLINE_TOUCHED_REMARKS<\/strong> \u2013 <span style=\"text-decoration: underline;\">S\u0142ownik<\/span> z tekstami, kt\u00f3re \u2013 je\u015bli zostan\u0105 znalezione w uwagach do rezerwacji pochodz\u0105cej z GDSu, spowoduj\u0105 ustawienie typu transakcji jako ONLINE TOUCHED. Typ rezerwacji ma wp\u0142ym m.in. na polityk\u0119 op\u0142at transakcyjnych, w kt\u00f3rej mo\u017cna ustawi\u0107 oddzielne warto\u015bci dla rezerwacji offline, online, i online-touched<\/p>","protected":false},"excerpt":{"rendered":"<p>&nbsp; BOOKING_ONLINE_OFFICE_ID_LIST &#8211; S\u0142ownik z list\u0105 booking office id (czyli kod\u00f3w biur w kt\u00f3rych zosta\u0142a za\u0142o\u017cona rezerwacja), kt\u00f3re maj\u0105 by\u0107 rozpoznawane jako &#8216;online&#8217;. Rezerwacje pochodz\u0105ce z tych biur b\u0119d\u0105 oznaczane jako ONLINE. HTL_ONLINE_REMARKS \u2013 S\u0142ownik z tekstami, kt\u00f3re \u2013 je\u015bli zostan\u0105 znalezione w uwagach do rezerwacji hotelowej pochodz\u0105cej z GDSu, spowoduj\u0105 ustawienie typu transakcji jako &#8230; <a title=\"Opis i znaczenie wybranych zmiennych konfiguracyjnych, maj\u0105cych wp\u0142yw na dzia\u0142anie programu\" class=\"read-more\" href=\"https:\/\/mikrosystem.pl\/index.php\/pomoc\/eknf-instrukcja-obslugi\/funkcje-administracyjne\/opis-i-znaczenie-wybranych-zmiennych-konfiguracyjnych-majacych-wplyw-na-dzialanie-programu\" aria-label=\"Dowiedz si\u0119 wi\u0119cej o Opis i znaczenie wybranych zmiennych konfiguracyjnych, maj\u0105cych wp\u0142yw na dzia\u0142anie programu\">Read more<\/a><\/p>\n","protected":false},"author":5,"featured_media":0,"parent":3838,"menu_order":0,"comment_status":"closed","ping_status":"closed","template":"","meta":{"generate_page_header":"","footnotes":""},"class_list":{"0":"post-4127","1":"page","2":"type-page","3":"status-publish","5":"infinite-scroll-item"},"_links":{"self":[{"href":"https:\/\/mikrosystem.pl\/index.php\/wp-json\/wp\/v2\/pages\/4127","targetHints":{"allow":["GET"]}}],"collection":[{"href":"https:\/\/mikrosystem.pl\/index.php\/wp-json\/wp\/v2\/pages"}],"about":[{"href":"https:\/\/mikrosystem.pl\/index.php\/wp-json\/wp\/v2\/types\/page"}],"author":[{"embeddable":true,"href":"https:\/\/mikrosystem.pl\/index.php\/wp-json\/wp\/v2\/users\/5"}],"replies":[{"embeddable":true,"href":"https:\/\/mikrosystem.pl\/index.php\/wp-json\/wp\/v2\/comments?post=4127"}],"version-history":[{"count":1,"href":"https:\/\/mikrosystem.pl\/index.php\/wp-json\/wp\/v2\/pages\/4127\/revisions"}],"predecessor-version":[{"id":4128,"href":"https:\/\/mikrosystem.pl\/index.php\/wp-json\/wp\/v2\/pages\/4127\/revisions\/4128"}],"up":[{"embeddable":true,"href":"https:\/\/mikrosystem.pl\/index.php\/wp-json\/wp\/v2\/pages\/3838"}],"wp:attachment":[{"href":"https:\/\/mikrosystem.pl\/index.php\/wp-json\/wp\/v2\/media?parent=4127"}],"curies":[{"name":"wp","href":"https:\/\/api.w.org\/{rel}","templated":true}]}}