{"id":4110,"date":"2018-12-21T16:54:17","date_gmt":"2018-12-21T15:54:17","guid":{"rendered":"http:\/\/mikrosystem.pl\/?page_id=4110"},"modified":"2018-12-21T16:54:17","modified_gmt":"2018-12-21T15:54:17","slug":"rdesk-konfiguracja","status":"publish","type":"page","link":"https:\/\/mikrosystem.pl\/index.php\/pomoc\/eknf-instrukcja-obslugi\/funkcje-administracyjne\/rdesk-konfiguracja","title":{"rendered":"RDesk &#8211; konfiguracja"},"content":{"rendered":"<p><b>Przypisanie pakiet\u00f3w do poszczeg\u00f3lnych przewo\u017anik\u00f3w kolejowych<\/b><\/p>\n<p>Zmienna: RAIL_SUPPLIER_PACKAGES_MESH <b><br \/>\n<\/b>Format: kod_przewo\u017anika\/pakiet_krajowy\/pakiet_mi\u0119dzynarodowy\/pakiet_zagraniczny:[&#8230;]<b><br \/>\n<\/b>(kolejne krotki oddzielone dwukropkami)<b><br \/>\n<\/b><\/p>\n<p><b>Pola dodatkowe <\/b><b>indywidualne <\/b><b>dla ka\u017cdego podr\u00f3\u017cnego<\/b> (je\u015bli w czasie wprowadzania biletu wprowadzamy kilku podr\u00f3\u017cnych)<\/p>\n<p>Zmienna: RAIL_CUST_ADD<br \/>\nFormat: id p\u00f3l dodatkowych oddzielone przecinkami<\/p>\n<p><strong>Przypisanie rejestr\u00f3w faktur do poszczeg\u00f3lnych przewo\u017anik\u00f3w hotelowych<\/strong><\/p>\n<p>Zmienna: RAIL_SUPPLIER_REGISTERS_MESH<br \/>\nFormat: kod_przewo\u017anika\/rejestr_dla_biletow_kraj\/rejestr_dla_biletow_zagranica\/rejestr_dla_op\u0142at\/rejestr_dla_biletow_kraj_zbiorcze\/rejestr_dla_biletow_zagranica_zbiorcze\/rejestr_dla_op\u0142at_zbiorcze:[&#8230;]<br \/>\n(kolejne krotki oddzielone dwukropkami)<\/p>\n<p>&nbsp;<\/p>\n<p>&nbsp;<\/p>","protected":false},"excerpt":{"rendered":"<p>Przypisanie pakiet\u00f3w do poszczeg\u00f3lnych przewo\u017anik\u00f3w kolejowych Zmienna: RAIL_SUPPLIER_PACKAGES_MESH Format: kod_przewo\u017anika\/pakiet_krajowy\/pakiet_mi\u0119dzynarodowy\/pakiet_zagraniczny:[&#8230;] (kolejne krotki oddzielone dwukropkami) Pola dodatkowe indywidualne dla ka\u017cdego podr\u00f3\u017cnego (je\u015bli w czasie wprowadzania biletu wprowadzamy kilku podr\u00f3\u017cnych) Zmienna: RAIL_CUST_ADD Format: id p\u00f3l dodatkowych oddzielone przecinkami Przypisanie rejestr\u00f3w faktur do poszczeg\u00f3lnych przewo\u017anik\u00f3w hotelowych Zmienna: RAIL_SUPPLIER_REGISTERS_MESH Format: kod_przewo\u017anika\/rejestr_dla_biletow_kraj\/rejestr_dla_biletow_zagranica\/rejestr_dla_op\u0142at\/rejestr_dla_biletow_kraj_zbiorcze\/rejestr_dla_biletow_zagranica_zbiorcze\/rejestr_dla_op\u0142at_zbiorcze:[&#8230;] (kolejne krotki oddzielone dwukropkami) &nbsp; &nbsp;<\/p>\n","protected":false},"author":5,"featured_media":0,"parent":3838,"menu_order":0,"comment_status":"closed","ping_status":"closed","template":"","meta":{"generate_page_header":"","footnotes":""},"class_list":{"0":"post-4110","1":"page","2":"type-page","3":"status-publish","5":"infinite-scroll-item"},"_links":{"self":[{"href":"https:\/\/mikrosystem.pl\/index.php\/wp-json\/wp\/v2\/pages\/4110","targetHints":{"allow":["GET"]}}],"collection":[{"href":"https:\/\/mikrosystem.pl\/index.php\/wp-json\/wp\/v2\/pages"}],"about":[{"href":"https:\/\/mikrosystem.pl\/index.php\/wp-json\/wp\/v2\/types\/page"}],"author":[{"embeddable":true,"href":"https:\/\/mikrosystem.pl\/index.php\/wp-json\/wp\/v2\/users\/5"}],"replies":[{"embeddable":true,"href":"https:\/\/mikrosystem.pl\/index.php\/wp-json\/wp\/v2\/comments?post=4110"}],"version-history":[{"count":1,"href":"https:\/\/mikrosystem.pl\/index.php\/wp-json\/wp\/v2\/pages\/4110\/revisions"}],"predecessor-version":[{"id":4111,"href":"https:\/\/mikrosystem.pl\/index.php\/wp-json\/wp\/v2\/pages\/4110\/revisions\/4111"}],"up":[{"embeddable":true,"href":"https:\/\/mikrosystem.pl\/index.php\/wp-json\/wp\/v2\/pages\/3838"}],"wp:attachment":[{"href":"https:\/\/mikrosystem.pl\/index.php\/wp-json\/wp\/v2\/media?parent=4110"}],"curies":[{"name":"wp","href":"https:\/\/api.w.org\/{rel}","templated":true}]}}