{"id":4097,"date":"2018-11-29T15:57:34","date_gmt":"2018-11-29T14:57:34","guid":{"rendered":"http:\/\/mikrosystem.pl\/?page_id=4097"},"modified":"2018-11-29T15:57:34","modified_gmt":"2018-11-29T14:57:34","slug":"ponowne-fakturowanie-tego-samego-biletu","status":"publish","type":"page","link":"https:\/\/mikrosystem.pl\/index.php\/pomoc\/eknf-instrukcja-obslugi\/ponowne-fakturowanie-tego-samego-biletu","title":{"rendered":"Ponowne fakturowanie tego samego biletu"},"content":{"rendered":"<p>Potrzeba wystawienia drugiej faktury na ten sam bilet wyst\u0119puje najcz\u0119\u015bciej:<br \/>\n&#8211; kiedy trzeba zmieni\u0107 nabywc\u0119 (pierwotn\u0105 faktur\u0119 wystawiono na niew\u0142a\u015bciwego nabywc\u0119, skorygowano, i teraz nale\u017cy ponownie zafakturowa\u0107 bilet na w\u0142a\u015bciwego nabywc\u0119)<br \/>\n&#8211; kiedy pojedynczy bilet trzeba cz\u0119\u015bciowo zafakturowa\u0107 na jednego nabywc\u0119, a cz\u0119\u015bciowo na innego<\/p>\n<p>W obu wypadkach post\u0119pujemy w ten sam spos\u00f3b:<br \/>\n1. Wybierz bilet<br \/>\n2. Z g\u00f3rnego menu wybierz: Wystaw faktur\u0119 -&gt; Zafakturuj ponownie -&gt; Do edycji<br \/>\n3. W zale\u017cno\u015bci od tego, czy fakturujesz bilet i op\u0142at\u0119 transakcyjn\u0105 na tej samej fakturze, czy na dw\u00f3ch rozdzielnych, wybierz albo &#8220;Bilety i op\u0142aty&#8221;, albo &#8220;Tylko bilety&#8221;. (eKNF poprosi o wskazanie nabywcy, na kt\u00f3rego ma zosta\u0107 wystawiona faktura)<\/p>\n<p><a href=\"https:\/\/mikrosystem.pl\/mikrosystem_www\/wp-content\/uploads\/2018\/11\/AirDesktop_Zafakturuj_Ponownie_002184.png\"><img loading=\"lazy\" decoding=\"async\" class=\"size-full wp-image-4098 aligncenter\" src=\"https:\/\/mikrosystem.pl\/mikrosystem_www\/wp-content\/uploads\/2018\/11\/AirDesktop_Zafakturuj_Ponownie_002184.png\" alt=\"\" width=\"734\" height=\"506\" srcset=\"https:\/\/mikrosystem.pl\/mikrosystem_www\/wp-content\/uploads\/2018\/11\/AirDesktop_Zafakturuj_Ponownie_002184.png 734w, https:\/\/mikrosystem.pl\/mikrosystem_www\/wp-content\/uploads\/2018\/11\/AirDesktop_Zafakturuj_Ponownie_002184-300x207.png 300w\" sizes=\"auto, (max-width: 734px) 100vw, 734px\" \/><\/a><\/p>\n<p>4. Je\u015bli nast\u0119pnie chcesz wystawi\u0107 drug\u0105 faktur\u0119 &#8220;tylko na op\u0142aty&#8221;, z g\u00f3rnego menu wybierz: Wystaw faktur\u0119 -&gt; Do edycji -&gt; Tylko op\u0142aty<\/p>\n<p><a href=\"https:\/\/mikrosystem.pl\/mikrosystem_www\/wp-content\/uploads\/2018\/11\/AirDesktop_Zafakturuj_Ponownie_002185.png\"><img loading=\"lazy\" decoding=\"async\" class=\"size-full wp-image-4099 aligncenter\" src=\"https:\/\/mikrosystem.pl\/mikrosystem_www\/wp-content\/uploads\/2018\/11\/AirDesktop_Zafakturuj_Ponownie_002185.png\" alt=\"\" width=\"726\" height=\"512\" srcset=\"https:\/\/mikrosystem.pl\/mikrosystem_www\/wp-content\/uploads\/2018\/11\/AirDesktop_Zafakturuj_Ponownie_002185.png 726w, https:\/\/mikrosystem.pl\/mikrosystem_www\/wp-content\/uploads\/2018\/11\/AirDesktop_Zafakturuj_Ponownie_002185-300x212.png 300w\" sizes=\"auto, (max-width: 726px) 100vw, 726px\" \/><\/a><\/p>\n<p>&nbsp;<\/p>\n<p>&nbsp;<\/p>","protected":false},"excerpt":{"rendered":"<p>Potrzeba wystawienia drugiej faktury na ten sam bilet wyst\u0119puje najcz\u0119\u015bciej: &#8211; kiedy trzeba zmieni\u0107 nabywc\u0119 (pierwotn\u0105 faktur\u0119 wystawiono na niew\u0142a\u015bciwego nabywc\u0119, skorygowano, i teraz nale\u017cy ponownie zafakturowa\u0107 bilet na w\u0142a\u015bciwego nabywc\u0119) &#8211; kiedy pojedynczy bilet trzeba cz\u0119\u015bciowo zafakturowa\u0107 na jednego nabywc\u0119, a cz\u0119\u015bciowo na innego W obu wypadkach post\u0119pujemy w ten sam spos\u00f3b: 1. Wybierz &#8230; <a title=\"Ponowne fakturowanie tego samego biletu\" class=\"read-more\" href=\"https:\/\/mikrosystem.pl\/index.php\/pomoc\/eknf-instrukcja-obslugi\/ponowne-fakturowanie-tego-samego-biletu\" aria-label=\"Dowiedz si\u0119 wi\u0119cej o Ponowne fakturowanie tego samego biletu\">Read more<\/a><\/p>\n","protected":false},"author":5,"featured_media":0,"parent":1802,"menu_order":0,"comment_status":"closed","ping_status":"closed","template":"","meta":{"generate_page_header":"","footnotes":""},"class_list":{"0":"post-4097","1":"page","2":"type-page","3":"status-publish","5":"infinite-scroll-item"},"_links":{"self":[{"href":"https:\/\/mikrosystem.pl\/index.php\/wp-json\/wp\/v2\/pages\/4097","targetHints":{"allow":["GET"]}}],"collection":[{"href":"https:\/\/mikrosystem.pl\/index.php\/wp-json\/wp\/v2\/pages"}],"about":[{"href":"https:\/\/mikrosystem.pl\/index.php\/wp-json\/wp\/v2\/types\/page"}],"author":[{"embeddable":true,"href":"https:\/\/mikrosystem.pl\/index.php\/wp-json\/wp\/v2\/users\/5"}],"replies":[{"embeddable":true,"href":"https:\/\/mikrosystem.pl\/index.php\/wp-json\/wp\/v2\/comments?post=4097"}],"version-history":[{"count":1,"href":"https:\/\/mikrosystem.pl\/index.php\/wp-json\/wp\/v2\/pages\/4097\/revisions"}],"predecessor-version":[{"id":4100,"href":"https:\/\/mikrosystem.pl\/index.php\/wp-json\/wp\/v2\/pages\/4097\/revisions\/4100"}],"up":[{"embeddable":true,"href":"https:\/\/mikrosystem.pl\/index.php\/wp-json\/wp\/v2\/pages\/1802"}],"wp:attachment":[{"href":"https:\/\/mikrosystem.pl\/index.php\/wp-json\/wp\/v2\/media?parent=4097"}],"curies":[{"name":"wp","href":"https:\/\/api.w.org\/{rel}","templated":true}]}}