{"id":4019,"date":"2018-08-30T12:13:03","date_gmt":"2018-08-30T10:13:03","guid":{"rendered":"http:\/\/mikrosystem.pl\/?page_id=4019"},"modified":"2018-08-30T12:13:03","modified_gmt":"2018-08-30T10:13:03","slug":"sledzenie-zmian-i-historii-usunietych-dokumentow","status":"publish","type":"page","link":"https:\/\/mikrosystem.pl\/index.php\/pomoc\/eknf-instrukcja-obslugi\/funkcje-administracyjne\/sledzenie-zmian-i-historii-usunietych-dokumentow","title":{"rendered":"\u015aledzenie zmian i historii usuni\u0119tych dokument\u00f3w"},"content":{"rendered":"<p>eKNF jest wyposa\u017cony w dziennik zmian, kt\u00f3ry umo\u017cliwia odszukanie historii ka\u017cdego dokumentu. W dzienniku mo\u017cna znale\u017a\u0107 informacje o tym, kto i kiedy dany dokument wystawi\u0142, do kogo by\u0142 przesy\u0142any, kto i kiedy wprowadza\u0142 w nim zmiany, oraz kto go usun\u0105\u0142.<br \/>\nAby sprawdzi\u0107 histori\u0119 wybranego dokumentu:<\/p>\n<ul>\n<li>Przejd\u017a do zak\u0142adki Administracja -&gt; Dziennik zmian<\/li>\n<li>W polu Zawarto\u015b\u0107 wprowad\u017a (dok\u0142adnie) numer dokumentu<\/li>\n<li>Kliknij na klawisz Poka\u017c<\/li>\n<\/ul>\n<p>W tabeli poni\u017cej zostan\u0105 wy\u015bwietlone wszystkie odnotowane operacje, kt\u00f3re zosta\u0142y wykonane na danym dokumencie. Je\u015bli dokument zosta\u0142 usuni\u0119ty lub zmieniony, dost\u0119pne do wgl\u0105du s\u0105 wszystkie jego wersje. Linki do archiwalnych wersji dokumentu znajduj\u0105 si\u0119 w kolumnie Info. Aby wy\u015bwietli\u0107 dokument, kliknij na Zobacz.<\/p>\n<p><a href=\"https:\/\/mikrosystem.pl\/mikrosystem_www\/wp-content\/uploads\/2018\/08\/Administracja_Dziennik_Zmian_002031.png\"><img loading=\"lazy\" decoding=\"async\" class=\"size-large wp-image-4021 aligncenter\" src=\"https:\/\/mikrosystem.pl\/mikrosystem_www\/wp-content\/uploads\/2018\/08\/Administracja_Dziennik_Zmian_002031-1024x422.png\" alt=\"\" width=\"1024\" height=\"422\" srcset=\"https:\/\/mikrosystem.pl\/mikrosystem_www\/wp-content\/uploads\/2018\/08\/Administracja_Dziennik_Zmian_002031-1024x422.png 1024w, https:\/\/mikrosystem.pl\/mikrosystem_www\/wp-content\/uploads\/2018\/08\/Administracja_Dziennik_Zmian_002031-300x124.png 300w, https:\/\/mikrosystem.pl\/mikrosystem_www\/wp-content\/uploads\/2018\/08\/Administracja_Dziennik_Zmian_002031-768x316.png 768w, https:\/\/mikrosystem.pl\/mikrosystem_www\/wp-content\/uploads\/2018\/08\/Administracja_Dziennik_Zmian_002031.png 1483w\" sizes=\"auto, (max-width: 1024px) 100vw, 1024px\" \/><\/a><\/p>","protected":false},"excerpt":{"rendered":"<p>eKNF jest wyposa\u017cony w dziennik zmian, kt\u00f3ry umo\u017cliwia odszukanie historii ka\u017cdego dokumentu. W dzienniku mo\u017cna znale\u017a\u0107 informacje o tym, kto i kiedy dany dokument wystawi\u0142, do kogo by\u0142 przesy\u0142any, kto i kiedy wprowadza\u0142 w nim zmiany, oraz kto go usun\u0105\u0142. Aby sprawdzi\u0107 histori\u0119 wybranego dokumentu: Przejd\u017a do zak\u0142adki Administracja -&gt; Dziennik zmian W polu Zawarto\u015b\u0107 &#8230; <a title=\"\u015aledzenie zmian i historii usuni\u0119tych dokument\u00f3w\" class=\"read-more\" href=\"https:\/\/mikrosystem.pl\/index.php\/pomoc\/eknf-instrukcja-obslugi\/funkcje-administracyjne\/sledzenie-zmian-i-historii-usunietych-dokumentow\" aria-label=\"Dowiedz si\u0119 wi\u0119cej o \u015aledzenie zmian i historii usuni\u0119tych dokument\u00f3w\">Read more<\/a><\/p>\n","protected":false},"author":5,"featured_media":0,"parent":3838,"menu_order":0,"comment_status":"closed","ping_status":"closed","template":"","meta":{"generate_page_header":"","footnotes":""},"class_list":{"0":"post-4019","1":"page","2":"type-page","3":"status-publish","5":"infinite-scroll-item"},"_links":{"self":[{"href":"https:\/\/mikrosystem.pl\/index.php\/wp-json\/wp\/v2\/pages\/4019","targetHints":{"allow":["GET"]}}],"collection":[{"href":"https:\/\/mikrosystem.pl\/index.php\/wp-json\/wp\/v2\/pages"}],"about":[{"href":"https:\/\/mikrosystem.pl\/index.php\/wp-json\/wp\/v2\/types\/page"}],"author":[{"embeddable":true,"href":"https:\/\/mikrosystem.pl\/index.php\/wp-json\/wp\/v2\/users\/5"}],"replies":[{"embeddable":true,"href":"https:\/\/mikrosystem.pl\/index.php\/wp-json\/wp\/v2\/comments?post=4019"}],"version-history":[{"count":1,"href":"https:\/\/mikrosystem.pl\/index.php\/wp-json\/wp\/v2\/pages\/4019\/revisions"}],"predecessor-version":[{"id":4022,"href":"https:\/\/mikrosystem.pl\/index.php\/wp-json\/wp\/v2\/pages\/4019\/revisions\/4022"}],"up":[{"embeddable":true,"href":"https:\/\/mikrosystem.pl\/index.php\/wp-json\/wp\/v2\/pages\/3838"}],"wp:attachment":[{"href":"https:\/\/mikrosystem.pl\/index.php\/wp-json\/wp\/v2\/media?parent=4019"}],"curies":[{"name":"wp","href":"https:\/\/api.w.org\/{rel}","templated":true}]}}