{"id":4002,"date":"2018-08-20T16:18:12","date_gmt":"2018-08-20T14:18:12","guid":{"rendered":"http:\/\/mikrosystem.pl\/?page_id=4002"},"modified":"2018-08-20T16:18:29","modified_gmt":"2018-08-20T14:18:29","slug":"raport-ewidencja-biletow-lotniczych-bsp","status":"publish","type":"page","link":"https:\/\/mikrosystem.pl\/index.php\/pomoc\/eknf-instrukcja-obslugi\/raport-ewidencja-biletow-lotniczych-bsp","title":{"rendered":"Raport &#8211; Ewidencja bilet\u00f3w lotniczych (BSP)"},"content":{"rendered":"<p><\/p>\n<p style=\"text-align: justify;\">G\u0142\u00f3wn\u0105 funkcj\u0105 raportu jest por\u00f3wnywanie danych z billingu BSP z danymi o sprzeda\u017cy bilet\u00f3w lotniczych dost\u0119pnymi w eKNF. Por\u00f3wnanie takie jest mo\u017cliwe, je\u015bli do eKNF \u0142adowane s\u0105 billingi BSP. (<a href=\"https:\/\/mikrosystem.pl\/index.php\/pomoc\/eknf-instrukcja-obslugi\/import-danych-z-bsp\">Przeczytaj wi\u0119cej o \u0142adowaniu billingu BSP do eKNF<\/a>). W tym trybie pracy wi\u0119kszo\u015b\u0107 kolumn w uzyskanym raporcie jest podw\u00f3jna: w pierwszej podawane s\u0105 dane z eKNF, a w drugiej: z BSP, co umo\u017cliwia ich por\u00f3wnanie.<\/p>\n<p style=\"text-align: justify;\">Drugim popularnym zastosowaniem raportu jest okresowe generowanie zestawie\u0144 bilet\u00f3w p\u0142atnych kart\u0105 kredytow\u0105. Raport ten mo\u017cna wygenerowa\u0107 r\u00f3wnie\u017c na podstawie danych zawartych w eKNF (bez konieczno\u015bci \u0142adowania billing\u00f3w BSP). Aby wygenerowa\u0107 raport w tym trybie nale\u017cy w Parametrach zaznaczy\u0107 opcj\u0119 &#8216;Skorzystaj z danych RGB&#8217;. Form\u0119 p\u0142atno\u015bci &#8216;karta&#8217; ustawiamy w oknie Forma p\u0142atno\u015bci, gdzie wprowadzamy symbol CC. (i odpowiednio: aby wygenerowa\u0107 raport o biletach p\u0142atnych innymi formami p\u0142atno\u015bci ni\u017c karta, w oknie tym nale\u017cy wpisa\u0107 &#8216;CA&#8217;)<\/p>\n<p><a href=\"https:\/\/mikrosystem.pl\/mikrosystem_www\/wp-content\/uploads\/2018\/08\/Raport_Ewidencja_biletow_lotniczych_karta_CC_KNF_Reports_002016.png\"><img loading=\"lazy\" decoding=\"async\" class=\"size-large wp-image-4003 aligncenter\" src=\"https:\/\/mikrosystem.pl\/mikrosystem_www\/wp-content\/uploads\/2018\/08\/Raport_Ewidencja_biletow_lotniczych_karta_CC_KNF_Reports_002016-1024x592.png\" alt=\"\" width=\"1024\" height=\"592\" srcset=\"https:\/\/mikrosystem.pl\/mikrosystem_www\/wp-content\/uploads\/2018\/08\/Raport_Ewidencja_biletow_lotniczych_karta_CC_KNF_Reports_002016-1024x592.png 1024w, https:\/\/mikrosystem.pl\/mikrosystem_www\/wp-content\/uploads\/2018\/08\/Raport_Ewidencja_biletow_lotniczych_karta_CC_KNF_Reports_002016-300x174.png 300w, https:\/\/mikrosystem.pl\/mikrosystem_www\/wp-content\/uploads\/2018\/08\/Raport_Ewidencja_biletow_lotniczych_karta_CC_KNF_Reports_002016-768x444.png 768w, https:\/\/mikrosystem.pl\/mikrosystem_www\/wp-content\/uploads\/2018\/08\/Raport_Ewidencja_biletow_lotniczych_karta_CC_KNF_Reports_002016.png 1592w\" sizes=\"auto, (max-width: 1024px) 100vw, 1024px\" \/><\/a><\/p>","protected":false},"excerpt":{"rendered":"<p>G\u0142\u00f3wn\u0105 funkcj\u0105 raportu jest por\u00f3wnywanie danych z billingu BSP z danymi o sprzeda\u017cy bilet\u00f3w lotniczych dost\u0119pnymi w eKNF. Por\u00f3wnanie takie jest mo\u017cliwe, je\u015bli do eKNF \u0142adowane s\u0105 billingi BSP. (Przeczytaj wi\u0119cej o \u0142adowaniu billingu BSP do eKNF). W tym trybie pracy wi\u0119kszo\u015b\u0107 kolumn w uzyskanym raporcie jest podw\u00f3jna: w pierwszej podawane s\u0105 dane z eKNF, &#8230; <a title=\"Raport &#8211; Ewidencja bilet\u00f3w lotniczych (BSP)\" class=\"read-more\" href=\"https:\/\/mikrosystem.pl\/index.php\/pomoc\/eknf-instrukcja-obslugi\/raport-ewidencja-biletow-lotniczych-bsp\" aria-label=\"Dowiedz si\u0119 wi\u0119cej o Raport &#8211; Ewidencja bilet\u00f3w lotniczych (BSP)\">Read more<\/a><\/p>\n","protected":false},"author":5,"featured_media":0,"parent":1802,"menu_order":0,"comment_status":"closed","ping_status":"closed","template":"","meta":{"generate_page_header":"","footnotes":""},"class_list":{"0":"post-4002","1":"page","2":"type-page","3":"status-publish","5":"infinite-scroll-item"},"_links":{"self":[{"href":"https:\/\/mikrosystem.pl\/index.php\/wp-json\/wp\/v2\/pages\/4002","targetHints":{"allow":["GET"]}}],"collection":[{"href":"https:\/\/mikrosystem.pl\/index.php\/wp-json\/wp\/v2\/pages"}],"about":[{"href":"https:\/\/mikrosystem.pl\/index.php\/wp-json\/wp\/v2\/types\/page"}],"author":[{"embeddable":true,"href":"https:\/\/mikrosystem.pl\/index.php\/wp-json\/wp\/v2\/users\/5"}],"replies":[{"embeddable":true,"href":"https:\/\/mikrosystem.pl\/index.php\/wp-json\/wp\/v2\/comments?post=4002"}],"version-history":[{"count":2,"href":"https:\/\/mikrosystem.pl\/index.php\/wp-json\/wp\/v2\/pages\/4002\/revisions"}],"predecessor-version":[{"id":4005,"href":"https:\/\/mikrosystem.pl\/index.php\/wp-json\/wp\/v2\/pages\/4002\/revisions\/4005"}],"up":[{"embeddable":true,"href":"https:\/\/mikrosystem.pl\/index.php\/wp-json\/wp\/v2\/pages\/1802"}],"wp:attachment":[{"href":"https:\/\/mikrosystem.pl\/index.php\/wp-json\/wp\/v2\/media?parent=4002"}],"curies":[{"name":"wp","href":"https:\/\/api.w.org\/{rel}","templated":true}]}}