{"id":4,"date":"2009-07-14T15:54:58","date_gmt":"2009-07-14T13:54:58","guid":{"rendered":"http:\/\/beta.mikrosystem.pl\/?page_id=2"},"modified":"2026-03-08T18:24:43","modified_gmt":"2026-03-08T17:24:43","slug":"info","status":"publish","type":"page","link":"https:\/\/mikrosystem.pl\/index.php\/info","title":{"rendered":"O Nas"},"content":{"rendered":"<p class=\"has-text-align-left\">Mikrosystem jest polsk\u0105, niezale\u017cn\u0105 firm\u0105, \u015bci\u015ble zwi\u0105zan\u0105 z bran\u017c\u0105 turystyczn\u0105 i lotnicz\u0105. Mamy wiedz\u0119 i wieloletnie do\u015bwiadczenie. Jeste\u015bmy profesjonalistami. Nie mamy powi\u0105za\u0144 personalnych ani kapita\u0142owych z \u017cadnym innym podmiotem w bran\u017cy. Pracujemy wy\u0142\u0105cznie dla Was.<\/p>\n\n\n\n<p class=\"has-text-align-left\">Nasze portfolio zawiera oprogramowanie typu front i mid-office, bran\u017cowy system fakturuj\u0105cy, systemy raportowe,&nbsp;narz\u0119dzia do walidacji i weryfikacji danych, programy do automatycznego importu, przetwarzania i eksportu danych. Rozwi\u0105zania opracowane przez Mikrosystem funkcjonuj\u0105 obecnie w wielu biurach podr\u00f3\u017cy w naszym regionie. W Polsce, najbardziej popularne oprogramowanie firmy Mikrosystem: <a href=\"https:\/\/mikrosystem.pl\/index.php\/o-naszej-firmie\/eknf-mid-office-dla-biur-podrozy-obslugujacych-podroze-biznesowe\">eKNF <\/a>&#8211; dzia\u0142a w ponad 100 biurach podr\u00f3\u017cy.<\/p>\n\n\n\n<h2 class=\"wp-block-heading has-text-align-left\">Etyka biznesowa<\/h2>\n\n\n\n<p>Oferujemy wszystkim partnerom i klientom te same warunki wsp\u00f3\u0142pracy, poniewa\u017c ka\u017cdy inny model prowadzi\u0142by do nieuczciwej konkurencji na rynku.<br>Stosujemy jeden, wsp\u00f3lny dla wszystkich cennik us\u0142ug.<br>Nie negocjujemy cen.<br>Traktujemy powa\u017cnie nasze obowi\u0105zki i ponosimy za nie odpowiedzialno\u015b\u0107 finansow\u0105. Tego samego oczekujemy r\u00f3wnie\u017c od Was. Umowy, kt\u00f3re nie s\u0105 dotrzymywane, wypowiadamy.<br>Nie mamy zewn\u0119trznych, zainteresowanych maksymalizacj\u0105 zysk\u00f3w udzia\u0142owc\u00f3w. Nasze ceny wynikaj\u0105 jedynie z koszt\u00f3w naszej dzia\u0142alno\u015bci.<br>Nie realizujemy projekt\u00f3w ani funkcjonalno\u015bci, kt\u00f3re rodz\u0105 podejrzenie nieuczciwej konkurencji, stoj\u0105 w sprzeczno\u015bci z opublikowanymi procedurami i wytycznymi uprawnionych podmiot\u00f3w z bran\u017cy, albo s\u0105 niezgodne z prawem.<\/p>\n\n\n\n<h2 class=\"wp-block-heading\">Polityka prywatno\u015bci i bezpiecze\u0144stwa danych<\/h2>\n\n\n\n<p>Mikrosystem jest dostawc\u0105 systemu eKNF (mid-office), narz\u0119dzi raportowych oraz narz\u0119dzi do automatycznego przetwarzania danych dla bran\u017cy turystycznej i lotniczej. Nasza polityka prywatno\u015bci wyja\u015bnia, w jaki spos\u00f3b nasza organizacja wykorzystuje dane osobowe, kt\u00f3re gromadzimy podczas \u015bwiadczenia us\u0142ug, oraz gdzie i jak d\u0142ugo je przechowujemy. Szczeg\u00f3\u0142y w odno\u015bniku:<\/p>\n\n\n\n<p><a href=\"https:\/\/mikrosystem.pl\/index.php\/pomoc\/mikrosystem-polityka-prywatnosci-i-bezpieczenstwa-danych\" data-type=\"page\" data-id=\"6177\">Mikrosystem \u2013 polityka prywatno\u015bci i bezpiecze\u0144stwa danych<\/a><\/p>\n\n\n\n<p><\/p>","protected":false},"excerpt":{"rendered":"<p>Mikrosystem jest polsk\u0105, niezale\u017cn\u0105 firm\u0105, \u015bci\u015ble zwi\u0105zan\u0105 z bran\u017c\u0105 turystyczn\u0105 i lotnicz\u0105. Mamy wiedz\u0119 i wieloletnie do\u015bwiadczenie. Jeste\u015bmy profesjonalistami. Nie mamy powi\u0105za\u0144 personalnych ani kapita\u0142owych z \u017cadnym innym podmiotem w bran\u017cy. Pracujemy wy\u0142\u0105cznie dla Was. Nasze portfolio zawiera oprogramowanie typu front i mid-office, bran\u017cowy system fakturuj\u0105cy, systemy raportowe,&nbsp;narz\u0119dzia do walidacji i weryfikacji danych, programy do &#8230; <a title=\"O Nas\" class=\"read-more\" href=\"https:\/\/mikrosystem.pl\/index.php\/info\" aria-label=\"Dowiedz si\u0119 wi\u0119cej o O Nas\">Read more<\/a><\/p>\n","protected":false},"author":5,"featured_media":0,"parent":0,"menu_order":2,"comment_status":"closed","ping_status":"open","template":"","meta":{"generate_page_header":"","footnotes":""},"class_list":{"0":"post-4","1":"page","2":"type-page","3":"status-publish","5":"infinite-scroll-item"},"_links":{"self":[{"href":"https:\/\/mikrosystem.pl\/index.php\/wp-json\/wp\/v2\/pages\/4","targetHints":{"allow":["GET"]}}],"collection":[{"href":"https:\/\/mikrosystem.pl\/index.php\/wp-json\/wp\/v2\/pages"}],"about":[{"href":"https:\/\/mikrosystem.pl\/index.php\/wp-json\/wp\/v2\/types\/page"}],"author":[{"embeddable":true,"href":"https:\/\/mikrosystem.pl\/index.php\/wp-json\/wp\/v2\/users\/5"}],"replies":[{"embeddable":true,"href":"https:\/\/mikrosystem.pl\/index.php\/wp-json\/wp\/v2\/comments?post=4"}],"version-history":[{"count":28,"href":"https:\/\/mikrosystem.pl\/index.php\/wp-json\/wp\/v2\/pages\/4\/revisions"}],"predecessor-version":[{"id":6275,"href":"https:\/\/mikrosystem.pl\/index.php\/wp-json\/wp\/v2\/pages\/4\/revisions\/6275"}],"wp:attachment":[{"href":"https:\/\/mikrosystem.pl\/index.php\/wp-json\/wp\/v2\/media?parent=4"}],"curies":[{"name":"wp","href":"https:\/\/api.w.org\/{rel}","templated":true}]}}