{"id":3945,"date":"2018-03-12T13:21:03","date_gmt":"2018-03-12T12:21:03","guid":{"rendered":"http:\/\/mikrosystem.pl\/?page_id=3945"},"modified":"2019-02-27T15:12:03","modified_gmt":"2019-02-27T14:12:03","slug":"fakturowanie-zwrotow-przy-fakturze-zgrupowanej-trwale","status":"publish","type":"page","link":"https:\/\/mikrosystem.pl\/index.php\/pomoc\/eknf-instrukcja-obslugi\/fakturowanie-zwrotow-przy-fakturze-zgrupowanej-trwale","title":{"rendered":"Fakturowanie zwrot\u00f3w przy fakturze zgrupowanej trwale"},"content":{"rendered":"<p><\/p>\n<p align=\"left\">Aby wystawi\u0107 korekt\u0119 ze zwrotu przy fakturze zgrupowanej trwale nale\u017cy w pierwszej kolejno\u015bci wyszuka\u0107 w ADesku zwrot\u00f3w do zafakturowania.<\/p>\n<p align=\"left\"><img loading=\"lazy\" decoding=\"async\" class=\"size-full wp-image-3946 aligncenter\" src=\"https:\/\/mikrosystem.pl\/mikrosystem_www\/wp-content\/uploads\/2018\/03\/1.png\" alt=\"\" width=\"1836\" height=\"355\" srcset=\"https:\/\/mikrosystem.pl\/mikrosystem_www\/wp-content\/uploads\/2018\/03\/1.png 1836w, https:\/\/mikrosystem.pl\/mikrosystem_www\/wp-content\/uploads\/2018\/03\/1-300x58.png 300w, https:\/\/mikrosystem.pl\/mikrosystem_www\/wp-content\/uploads\/2018\/03\/1-768x148.png 768w, https:\/\/mikrosystem.pl\/mikrosystem_www\/wp-content\/uploads\/2018\/03\/1-1024x198.png 1024w\" sizes=\"auto, (max-width: 1836px) 100vw, 1836px\" \/><\/p>\n<p align=\"left\">Najcz\u0119\u015bciej zwrot biletu dopisywany jest automatycznie przez eKNF do zam\u00f3wienia, w kt\u00f3rym znajduje si\u0119 oryginalny bilet. W takim wypadku przy zwrocie, w kolumnie Zam\u00f3wienie, wy\u015bwietlany jest numer zam\u00f3wienia oryginalnego biletu. Je\u015bli przy zwrocie nie ma numeru zam\u00f3wienia, nale\u017cy manualnie utworzy\u0107 dla zwrotu pakiet koryguj\u0105cy: W tym celu, na ka\u017cdy taki zwrot nale\u017cy klikn\u0105\u0107 prawym klawiszem myszy i wybra\u0107 <strong>Zam\u00f3wienie<\/strong> -&gt; <strong>Utw\u00f3rz pakiet koryguj\u0105cy<\/strong>.<\/p>\n<p align=\"left\"><img loading=\"lazy\" decoding=\"async\" class=\"size-full wp-image-3947 aligncenter\" src=\"https:\/\/mikrosystem.pl\/mikrosystem_www\/wp-content\/uploads\/2018\/03\/2.png\" alt=\"\" width=\"1910\" height=\"709\" srcset=\"https:\/\/mikrosystem.pl\/mikrosystem_www\/wp-content\/uploads\/2018\/03\/2.png 1910w, https:\/\/mikrosystem.pl\/mikrosystem_www\/wp-content\/uploads\/2018\/03\/2-300x111.png 300w, https:\/\/mikrosystem.pl\/mikrosystem_www\/wp-content\/uploads\/2018\/03\/2-768x285.png 768w, https:\/\/mikrosystem.pl\/mikrosystem_www\/wp-content\/uploads\/2018\/03\/2-1024x380.png 1024w\" sizes=\"auto, (max-width: 1910px) 100vw, 1910px\" \/><img loading=\"lazy\" decoding=\"async\" class=\"size-full wp-image-3948 aligncenter\" src=\"https:\/\/mikrosystem.pl\/mikrosystem_www\/wp-content\/uploads\/2018\/03\/3.png\" alt=\"\" width=\"1910\" height=\"733\" srcset=\"https:\/\/mikrosystem.pl\/mikrosystem_www\/wp-content\/uploads\/2018\/03\/3.png 1910w, https:\/\/mikrosystem.pl\/mikrosystem_www\/wp-content\/uploads\/2018\/03\/3-300x115.png 300w, https:\/\/mikrosystem.pl\/mikrosystem_www\/wp-content\/uploads\/2018\/03\/3-768x295.png 768w, https:\/\/mikrosystem.pl\/mikrosystem_www\/wp-content\/uploads\/2018\/03\/3-1024x393.png 1024w\" sizes=\"auto, (max-width: 1910px) 100vw, 1910px\" \/><\/p>\n<p align=\"left\">Wystawianie faktur koryguj\u0105cych do faktur zbiorczych i trwale zgrupowanych odbywa si\u0119 w module Zam\u00f3wienia:<\/p>\n<p align=\"left\">Przechodzimy do zak\u0142adki <strong>Zam\u00f3wienia<\/strong> \u2192 <strong>Lista pozycji zam\u00f3wie\u0144<\/strong>.<\/p>\n<p align=\"left\">1. Uzupe\u0142niamy filtry parametr\u00f3w o numer i dat\u0119 zam\u00f3wienia.<\/p>\n<p align=\"left\">2. Zaznaczamy filtr \u201eTylko koryguj\u0105ce\u201d oraz \u201eBez faktury\u201d.<\/p>\n<p align=\"left\">3. Zaznaczamy pozycje, kt\u00f3re chcemy skorygowa\u0107.<\/p>\n<p align=\"left\">4. Klikamy \u201dKorekta\u201d.<\/p>\n<p align=\"left\"><img loading=\"lazy\" decoding=\"async\" class=\"size-full wp-image-3949 aligncenter\" src=\"https:\/\/mikrosystem.pl\/mikrosystem_www\/wp-content\/uploads\/2018\/03\/4.png\" alt=\"\" width=\"1873\" height=\"734\" srcset=\"https:\/\/mikrosystem.pl\/mikrosystem_www\/wp-content\/uploads\/2018\/03\/4.png 1873w, https:\/\/mikrosystem.pl\/mikrosystem_www\/wp-content\/uploads\/2018\/03\/4-300x118.png 300w, https:\/\/mikrosystem.pl\/mikrosystem_www\/wp-content\/uploads\/2018\/03\/4-768x301.png 768w, https:\/\/mikrosystem.pl\/mikrosystem_www\/wp-content\/uploads\/2018\/03\/4-1024x401.png 1024w\" sizes=\"auto, (max-width: 1873px) 100vw, 1873px\" \/><\/p>\n<p align=\"left\">Otworzy si\u0119 okno edycji faktury, w kt\u00f3rym widoczne s\u0105 kwoty przed i po korekcie wynikaj\u0105ce z danych zapisanych w pakietach i pakietach koryguj\u0105cych.<br \/>\nKorekt\u0119 wystawiamy klikaj\u0105c na Zapisz i zamknij (w lewym g\u00f3rnym rogu okna edycji)<\/p>\n<p align=\"left\"><img loading=\"lazy\" decoding=\"async\" class=\"alignleft size-full wp-image-3950\" src=\"https:\/\/mikrosystem.pl\/mikrosystem_www\/wp-content\/uploads\/2018\/03\/5.png\" alt=\"\" width=\"1880\" height=\"779\" srcset=\"https:\/\/mikrosystem.pl\/mikrosystem_www\/wp-content\/uploads\/2018\/03\/5.png 1880w, https:\/\/mikrosystem.pl\/mikrosystem_www\/wp-content\/uploads\/2018\/03\/5-300x124.png 300w, https:\/\/mikrosystem.pl\/mikrosystem_www\/wp-content\/uploads\/2018\/03\/5-768x318.png 768w, https:\/\/mikrosystem.pl\/mikrosystem_www\/wp-content\/uploads\/2018\/03\/5-1024x424.png 1024w\" sizes=\"auto, (max-width: 1880px) 100vw, 1880px\" \/><\/p>\n<p align=\"left\">\n<p><\/p>","protected":false},"excerpt":{"rendered":"<p>Aby wystawi\u0107 korekt\u0119 ze zwrotu przy fakturze zgrupowanej trwale nale\u017cy w pierwszej kolejno\u015bci wyszuka\u0107 w ADesku zwrot\u00f3w do zafakturowania. Najcz\u0119\u015bciej zwrot biletu dopisywany jest automatycznie przez eKNF do zam\u00f3wienia, w kt\u00f3rym znajduje si\u0119 oryginalny bilet. W takim wypadku przy zwrocie, w kolumnie Zam\u00f3wienie, wy\u015bwietlany jest numer zam\u00f3wienia oryginalnego biletu. Je\u015bli przy zwrocie nie ma numeru &#8230; <a title=\"Fakturowanie zwrot\u00f3w przy fakturze zgrupowanej trwale\" class=\"read-more\" href=\"https:\/\/mikrosystem.pl\/index.php\/pomoc\/eknf-instrukcja-obslugi\/fakturowanie-zwrotow-przy-fakturze-zgrupowanej-trwale\" aria-label=\"Dowiedz si\u0119 wi\u0119cej o Fakturowanie zwrot\u00f3w przy fakturze zgrupowanej trwale\">Read more<\/a><\/p>\n","protected":false},"author":11,"featured_media":0,"parent":1802,"menu_order":0,"comment_status":"closed","ping_status":"closed","template":"","meta":{"generate_page_header":"","footnotes":""},"class_list":{"0":"post-3945","1":"page","2":"type-page","3":"status-publish","5":"infinite-scroll-item"},"_links":{"self":[{"href":"https:\/\/mikrosystem.pl\/index.php\/wp-json\/wp\/v2\/pages\/3945","targetHints":{"allow":["GET"]}}],"collection":[{"href":"https:\/\/mikrosystem.pl\/index.php\/wp-json\/wp\/v2\/pages"}],"about":[{"href":"https:\/\/mikrosystem.pl\/index.php\/wp-json\/wp\/v2\/types\/page"}],"author":[{"embeddable":true,"href":"https:\/\/mikrosystem.pl\/index.php\/wp-json\/wp\/v2\/users\/11"}],"replies":[{"embeddable":true,"href":"https:\/\/mikrosystem.pl\/index.php\/wp-json\/wp\/v2\/comments?post=3945"}],"version-history":[{"count":5,"href":"https:\/\/mikrosystem.pl\/index.php\/wp-json\/wp\/v2\/pages\/3945\/revisions"}],"predecessor-version":[{"id":4162,"href":"https:\/\/mikrosystem.pl\/index.php\/wp-json\/wp\/v2\/pages\/3945\/revisions\/4162"}],"up":[{"embeddable":true,"href":"https:\/\/mikrosystem.pl\/index.php\/wp-json\/wp\/v2\/pages\/1802"}],"wp:attachment":[{"href":"https:\/\/mikrosystem.pl\/index.php\/wp-json\/wp\/v2\/media?parent=3945"}],"curies":[{"name":"wp","href":"https:\/\/api.w.org\/{rel}","templated":true}]}}