{"id":3816,"date":"2017-11-02T11:27:43","date_gmt":"2017-11-02T10:27:43","guid":{"rendered":"http:\/\/mikrosystem.pl\/?page_id=3816"},"modified":"2026-03-05T11:22:08","modified_gmt":"2026-03-05T10:22:08","slug":"jakie-obowiazkowe-elementy-musi-zawierac-faktura-korygujaca","status":"publish","type":"page","link":"https:\/\/mikrosystem.pl\/index.php\/pomoc\/eknf-instrukcja-obslugi\/fakturowanie\/jakie-obowiazkowe-elementy-musi-zawierac-faktura-korygujaca","title":{"rendered":"Jakie obowi\u0105zkowe elementy musi zawiera\u0107 faktura koryguj\u0105ca?"},"content":{"rendered":"<p>Faktura koryguj\u0105ca powinna zawiera\u0107:<\/p>\n<p>1)\u00a0\u00a0\u00a0 wyrazy &#8220;FAKTURA KORYGUJ\u0104CA&#8221; albo wyraz &#8220;KOREKTA&#8221;;<\/p>\n<p>2)\u00a0\u00a0\u00a0 numer kolejny oraz dat\u0119 jej wystawienia;<\/p>\n<p>3)\u00a0\u00a0\u00a0 dane zawarte w fakturze, kt\u00f3rej dotyczy faktura koryguj\u0105ca:<\/p>\n<p>4)\u00a0\u00a0\u00a0 przyczyn\u0119 korekty;<\/p>\n<p>5)\u00a0\u00a0\u00a0 je\u017celi korekta wp\u0142ywa na zmian\u0119 podstawy opodatkowania lub kwoty podatku nale\u017cnego &#8211; odpowiednio kwot\u0119 korekty podstawy opodatkowania lub kwot\u0119 korekty podatku nale\u017cnego;<\/p>\n<p>6)\u00a0\u00a0\u00a0 w pozosta\u0142ych przypadkach &#8211; prawid\u0142ow\u0105 tre\u015b\u0107 korygowanych pozycji.<\/p>","protected":false},"excerpt":{"rendered":"<p>Faktura koryguj\u0105ca powinna zawiera\u0107: 1)\u00a0\u00a0\u00a0 wyrazy &#8220;FAKTURA KORYGUJ\u0104CA&#8221; albo wyraz &#8220;KOREKTA&#8221;; 2)\u00a0\u00a0\u00a0 numer kolejny oraz dat\u0119 jej wystawienia; 3)\u00a0\u00a0\u00a0 dane zawarte w fakturze, kt\u00f3rej dotyczy faktura koryguj\u0105ca: 4)\u00a0\u00a0\u00a0 przyczyn\u0119 korekty; 5)\u00a0\u00a0\u00a0 je\u017celi korekta wp\u0142ywa na zmian\u0119 podstawy opodatkowania lub kwoty podatku nale\u017cnego &#8211; odpowiednio kwot\u0119 korekty podstawy opodatkowania lub kwot\u0119 korekty podatku nale\u017cnego; 6)\u00a0\u00a0\u00a0 w &#8230; <a title=\"Jakie obowi\u0105zkowe elementy musi zawiera\u0107 faktura koryguj\u0105ca?\" class=\"read-more\" href=\"https:\/\/mikrosystem.pl\/index.php\/pomoc\/eknf-instrukcja-obslugi\/fakturowanie\/jakie-obowiazkowe-elementy-musi-zawierac-faktura-korygujaca\" aria-label=\"Dowiedz si\u0119 wi\u0119cej o Jakie obowi\u0105zkowe elementy musi zawiera\u0107 faktura koryguj\u0105ca?\">Read more<\/a><\/p>\n","protected":false},"author":5,"featured_media":0,"parent":6236,"menu_order":0,"comment_status":"closed","ping_status":"closed","template":"","meta":{"generate_page_header":"","footnotes":""},"class_list":{"0":"post-3816","1":"page","2":"type-page","3":"status-publish","5":"infinite-scroll-item"},"_links":{"self":[{"href":"https:\/\/mikrosystem.pl\/index.php\/wp-json\/wp\/v2\/pages\/3816","targetHints":{"allow":["GET"]}}],"collection":[{"href":"https:\/\/mikrosystem.pl\/index.php\/wp-json\/wp\/v2\/pages"}],"about":[{"href":"https:\/\/mikrosystem.pl\/index.php\/wp-json\/wp\/v2\/types\/page"}],"author":[{"embeddable":true,"href":"https:\/\/mikrosystem.pl\/index.php\/wp-json\/wp\/v2\/users\/5"}],"replies":[{"embeddable":true,"href":"https:\/\/mikrosystem.pl\/index.php\/wp-json\/wp\/v2\/comments?post=3816"}],"version-history":[{"count":3,"href":"https:\/\/mikrosystem.pl\/index.php\/wp-json\/wp\/v2\/pages\/3816\/revisions"}],"predecessor-version":[{"id":6247,"href":"https:\/\/mikrosystem.pl\/index.php\/wp-json\/wp\/v2\/pages\/3816\/revisions\/6247"}],"up":[{"embeddable":true,"href":"https:\/\/mikrosystem.pl\/index.php\/wp-json\/wp\/v2\/pages\/6236"}],"wp:attachment":[{"href":"https:\/\/mikrosystem.pl\/index.php\/wp-json\/wp\/v2\/media?parent=3816"}],"curies":[{"name":"wp","href":"https:\/\/api.w.org\/{rel}","templated":true}]}}