{"id":3812,"date":"2017-11-02T11:19:47","date_gmt":"2017-11-02T10:19:47","guid":{"rendered":"http:\/\/mikrosystem.pl\/?page_id=3812"},"modified":"2026-03-05T11:10:54","modified_gmt":"2026-03-05T10:10:54","slug":"jakie-obowiazkowe-elementy-musi-zawierac-faktura","status":"publish","type":"page","link":"https:\/\/mikrosystem.pl\/index.php\/pomoc\/eknf-instrukcja-obslugi\/fakturowanie\/jakie-obowiazkowe-elementy-musi-zawierac-faktura","title":{"rendered":"Jakie obowi\u0105zkowe elementy musi zawiera\u0107 faktura?"},"content":{"rendered":"<p><\/p>\n<p style=\"text-align: justify;\">Faktura to ka\u017cdy dokument w formie papierowej lub w formie elektronicznej zawieraj\u0105cy dane wymagane ustaw\u0105 o VAT i przepisami wydanymi na jej podstawie. W celu okre\u015blenia jakie elementy powinna zawiera\u0107 faktura nale\u017cy si\u0119gn\u0105\u0107 po przepisy art. 106e ust. 1 ustawy o VAT. Przepisy te wskazuj\u0105, \u017ce faktura powinna zawiera\u0107 nast\u0119puj\u0105ce dane:<\/p>\n<ol>\n<li>dat\u0119 wystawienia<\/li>\n<li>kolejny numer nadany w ramach jednej lub wi\u0119cej serii, kt\u00f3ry w spos\u00f3b jednoznaczny j\u0105 identyfikuje<\/li>\n<li>imiona i nazwiska lub nazw\u0119 podatnika i nabywcy towar\u00f3w lub us\u0142ug oraz ich adresy<\/li>\n<li>numer, za pomoc\u0105 kt\u00f3rego podatnik jest zidentyfikowany na potrzeby podatku<\/li>\n<li>numer, za pomoc\u0105 kt\u00f3rego nabywca towar\u00f3w lub us\u0142ug jest zidentyfikowany na potrzeby podatku lub podatku od warto\u015bci dodanej, pod kt\u00f3rym otrzyma\u0142 on towary lub us\u0142ugi<\/li>\n<li>dat\u0119 dokonania lub zako\u0144czenia dostawy towar\u00f3w albo wykonania us\u0142ugi b\u0105d\u017a dat\u0119 otrzymania zap\u0142aty, je\u017celi nast\u0105pi\u0142a ona przed sprzeda\u017c\u0105, o ile taka data jest okre\u015blona i r\u00f3\u017cni si\u0119 od daty wystawienia faktury<\/li>\n<li>nazw\u0119 towaru lub us\u0142ugi<\/li>\n<li>miar\u0119 i ilo\u015b\u0107 (liczb\u0119) dostarczonych towar\u00f3w lub zakres wykonanych us\u0142ug<\/li>\n<li>cen\u0119 jednostkow\u0105 towaru lub us\u0142ugi bez kwoty podatku (cen\u0119 jednostkow\u0105 netto)<\/li>\n<li>kwoty wszelkich upust\u00f3w lub obni\u017cek cen, w tym w formie rabatu z tytu\u0142u wcze\u015bniejszej zap\u0142aty, o ile nie zosta\u0142y one uwzgl\u0119dnione w cenie jednostkowej netto<\/li>\n<li>warto\u015b\u0107 dostarczonych towar\u00f3w lub wykonanych us\u0142ug, obj\u0119tych transakcj\u0105 bez kwoty podatku (warto\u015b\u0107 sprzeda\u017cy netto)<\/li>\n<li>stawk\u0119 podatku<\/li>\n<li>sum\u0119 warto\u015bci sprzeda\u017cy netto z podzia\u0142em na sprzeda\u017c obj\u0119t\u0105 poszczeg\u00f3lnymi stawkami podatku i sprzeda\u017c zwolnion\u0105 od podatku<\/li>\n<li>kwot\u0119 podatku od sumy warto\u015bci sprzeda\u017cy netto z podzia\u0142em na kwoty dotycz\u0105ce poszczeg\u00f3lnych stawek podatku<\/li>\n<li>kwot\u0119 nale\u017cno\u015bci og\u00f3\u0142em<\/li>\n<\/ol>\n<div class=\"advert-row\" style=\"text-align: justify;\">\u00a01) dat\u0119 jej wystawienia<\/div>\n<div class=\"advert-row\" style=\"text-align: justify;\">2) kolejny numer nadany w ramach jednej lub wi\u0119cej serii, kt\u00f3ry w spos\u00f3b jednoznaczny identyfikuje faktur\u0119<\/div>\n<div class=\"advert-row\" style=\"text-align: justify;\">3) imiona i nazwiska lub nazwy podatnika i nabywcy towar\u00f3w lub us\u0142ug oraz ich adresy<\/div>\n<div class=\"advert-row\" style=\"text-align: justify;\">4) numer, za pomoc\u0105 kt\u00f3rego podatnik jest zidentyfikowany na potrzeby podatku (ewentualnie numer, za pomoc\u0105 kt\u00f3rego podatnik jest zidentyfikowany na potrzeby podatku, poprzedzony kodem PL \u2013 w przypadku WDT i \u015bwiadczenia us\u0142ug, dla kt\u00f3rych zobowi\u0105zanym do zap\u0142aty podatku od warto\u015bci dodanej jest us\u0142ugobiorca)<\/div>\n<div class=\"advert-row\" style=\"text-align: justify;\">5) numer, za pomoc\u0105 kt\u00f3rego nabywca towar\u00f3w lub us\u0142ug jest zidentyfikowany na potrzeby podatku lub podatku od warto\u015bci dodanej, pod kt\u00f3rym otrzyma\u0142 on towary lub us\u0142ugi (lub ewentualnie numer z w\u0142a\u015bciwym dwuliterowym kodem, za pomoc\u0105 kt\u00f3rego nabywca towaru lub us\u0142ugi jest zidentyfikowany na potrzeby podatku od warto\u015bci dodanej w danym pa\u0144stwie cz\u0142onkowskim \u2013 w przypadku WDT i \u015bwiadczenia us\u0142ug, dla kt\u00f3rych zobowi\u0105zanym do zap\u0142aty podatku od warto\u015bci dodanej jest us\u0142ugobiorca)<\/div>\n<div class=\"advert-row\" style=\"text-align: justify;\">6) dat\u0119 dokonania lub zako\u0144czenia dostawy towar\u00f3w albo wykonania us\u0142ugi lub dat\u0119 otrzymania ca\u0142o\u015bci b\u0105d\u017a cz\u0119\u015bci zap\u0142aty przed dokonaniem sprzeda\u017cy, je\u015bli taka data jest okre\u015blona i r\u00f3\u017cni si\u0119 od daty wystawienia faktury<\/div>\n<div class=\"advert-row\" style=\"text-align: justify;\">7) nazw\u0119 (rodzaj) towaru lub us\u0142ugi<\/div>\n<div class=\"advert-row\" style=\"text-align: justify;\">8) miar\u0119 i ilo\u015b\u0107 (liczb\u0119) dostarczonych towar\u00f3w lub zakres wykonanych us\u0142ug<\/div>\n<div class=\"advert-row\" style=\"text-align: justify;\">9) cen\u0119 jednostkow\u0105 towaru lub us\u0142ugi bez kwoty podatku (cen\u0119 jednostkow\u0105 netto)<\/div>\n<p><\/p>","protected":false},"excerpt":{"rendered":"<p>Faktura to ka\u017cdy dokument w formie papierowej lub w formie elektronicznej zawieraj\u0105cy dane wymagane ustaw\u0105 o VAT i przepisami wydanymi na jej podstawie. W celu okre\u015blenia jakie elementy powinna zawiera\u0107 faktura nale\u017cy si\u0119gn\u0105\u0107 po przepisy art. 106e ust. 1 ustawy o VAT. Przepisy te wskazuj\u0105, \u017ce faktura powinna zawiera\u0107 nast\u0119puj\u0105ce dane: dat\u0119 wystawienia kolejny numer &#8230; <a title=\"Jakie obowi\u0105zkowe elementy musi zawiera\u0107 faktura?\" class=\"read-more\" href=\"https:\/\/mikrosystem.pl\/index.php\/pomoc\/eknf-instrukcja-obslugi\/fakturowanie\/jakie-obowiazkowe-elementy-musi-zawierac-faktura\" aria-label=\"Dowiedz si\u0119 wi\u0119cej o Jakie obowi\u0105zkowe elementy musi zawiera\u0107 faktura?\">Read more<\/a><\/p>\n","protected":false},"author":5,"featured_media":0,"parent":6236,"menu_order":0,"comment_status":"closed","ping_status":"closed","template":"","meta":{"generate_page_header":"","footnotes":""},"class_list":{"0":"post-3812","1":"page","2":"type-page","3":"status-publish","5":"infinite-scroll-item"},"_links":{"self":[{"href":"https:\/\/mikrosystem.pl\/index.php\/wp-json\/wp\/v2\/pages\/3812","targetHints":{"allow":["GET"]}}],"collection":[{"href":"https:\/\/mikrosystem.pl\/index.php\/wp-json\/wp\/v2\/pages"}],"about":[{"href":"https:\/\/mikrosystem.pl\/index.php\/wp-json\/wp\/v2\/types\/page"}],"author":[{"embeddable":true,"href":"https:\/\/mikrosystem.pl\/index.php\/wp-json\/wp\/v2\/users\/5"}],"replies":[{"embeddable":true,"href":"https:\/\/mikrosystem.pl\/index.php\/wp-json\/wp\/v2\/comments?post=3812"}],"version-history":[{"count":4,"href":"https:\/\/mikrosystem.pl\/index.php\/wp-json\/wp\/v2\/pages\/3812\/revisions"}],"predecessor-version":[{"id":6243,"href":"https:\/\/mikrosystem.pl\/index.php\/wp-json\/wp\/v2\/pages\/3812\/revisions\/6243"}],"up":[{"embeddable":true,"href":"https:\/\/mikrosystem.pl\/index.php\/wp-json\/wp\/v2\/pages\/6236"}],"wp:attachment":[{"href":"https:\/\/mikrosystem.pl\/index.php\/wp-json\/wp\/v2\/media?parent=3812"}],"curies":[{"name":"wp","href":"https:\/\/api.w.org\/{rel}","templated":true}]}}