{"id":3808,"date":"2017-11-02T11:06:45","date_gmt":"2017-11-02T10:06:45","guid":{"rendered":"http:\/\/mikrosystem.pl\/?page_id=3808"},"modified":"2026-03-05T11:09:25","modified_gmt":"2026-03-05T10:09:25","slug":"w-jaki-sposob-nalezy-wyliczac-sume-podatku-vat-na-fakturze","status":"publish","type":"page","link":"https:\/\/mikrosystem.pl\/index.php\/pomoc\/eknf-instrukcja-obslugi\/fakturowanie\/w-jaki-sposob-nalezy-wyliczac-sume-podatku-vat-na-fakturze","title":{"rendered":"W jaki spos\u00f3b nale\u017cy wylicza\u0107 sum\u0119 podatku VAT na fakturze?"},"content":{"rendered":"<p><\/p>\n<p class=\"tresc\" style=\"text-align: justify;\">Zasady zaokr\u0105glania kwot wykazywanych w fakturze VAT zosta\u0142y zawarte w \u00a7 9 ust. 6 rozporz\u0105dzenia w sprawie faktur. Zgodnie z jego tre\u015bci\u0105 kwoty te zaokr\u0105gla si\u0119 do pe\u0142nych groszy, przy czym ko\u0144c\u00f3wki poni\u017cej 0,5 grosza pomija si\u0119, a ko\u0144c\u00f3wki 0,5 grosza i wy\u017csze zaokr\u0105gla si\u0119 do 1 grosza. Kwoty podatku wykazane na fakturze VAT z dok\u0142adno\u015bci\u0105 do 1 grosza stanowi\u0105 nast\u0119pnie podstaw\u0119 do uj\u0119cia w ewidencji VAT.<\/p>\n<p class=\"tresc\" style=\"text-align: justify;\">Problem, kt\u00f3ry mo\u017ce si\u0119 pojawi\u0107 przy wystawianiu faktury VAT, dotyczy sytuacji, gdy faktura zawiera wiele pozycji. W\u00f3wczas mo\u017ce si\u0119 okaza\u0107, \u017ce podsumowanie kwot brutto poszczeg\u00f3lnych pozycji na fakturze nie odpowiada sumie warto\u015bci netto sprzeda\u017cy i naliczonej od niej kwoty podatku od towar\u00f3w i us\u0142ug.<\/p>\n<div class=\"advert-row\" style=\"text-align: justify;\">\u00a0Rozwi\u0105zanie tego problemu zawiera przepis \u00a7 9 ust. 1 pkt 10 rozporz\u0105dzenia w sprawie faktur. Zgodnie z jego brzmieniem obowi\u0105zkowym elementem faktury jest kwota podatku liczona od sumy warto\u015bci sprzeda\u017cy netto towar\u00f3w i us\u0142ug. Tak ustalona kwota podatku musi dodatkowo uwzgl\u0119dnia\u0107 podzia\u0142 na kwoty dotycz\u0105ce poszczeg\u00f3lnych stawek podatku.<\/div>\n<p class=\"tresc\" style=\"text-align: justify;\">Oznacza to, \u017ce <span style=\"text-decoration: underline;\">kwota VAT w podsumowaniu faktury nie wynika z sumy poszczeg\u00f3lnych pozycji, ale z przemno\u017cenia warto\u015bci netto przez odpowiedni\u0105 stawk\u0119 VAT<\/span>. Je\u017celi zatem kwota tego podatku wyliczona w podsumowaniu faktury jest prawid\u0142owa, to wyst\u0119powanie groszowych r\u00f3\u017cnic wynikaj\u0105cych z podsumowania poszczeg\u00f3lnych pozycji faktury nie powoduje wadliwo\u015bci faktury.<\/p>\n<p><\/p>","protected":false},"excerpt":{"rendered":"<p>Zasady zaokr\u0105glania kwot wykazywanych w fakturze VAT zosta\u0142y zawarte w \u00a7 9 ust. 6 rozporz\u0105dzenia w sprawie faktur. Zgodnie z jego tre\u015bci\u0105 kwoty te zaokr\u0105gla si\u0119 do pe\u0142nych groszy, przy czym ko\u0144c\u00f3wki poni\u017cej 0,5 grosza pomija si\u0119, a ko\u0144c\u00f3wki 0,5 grosza i wy\u017csze zaokr\u0105gla si\u0119 do 1 grosza. Kwoty podatku wykazane na fakturze VAT z &#8230; <a title=\"W jaki spos\u00f3b nale\u017cy wylicza\u0107 sum\u0119 podatku VAT na fakturze?\" class=\"read-more\" href=\"https:\/\/mikrosystem.pl\/index.php\/pomoc\/eknf-instrukcja-obslugi\/fakturowanie\/w-jaki-sposob-nalezy-wyliczac-sume-podatku-vat-na-fakturze\" aria-label=\"Dowiedz si\u0119 wi\u0119cej o W jaki spos\u00f3b nale\u017cy wylicza\u0107 sum\u0119 podatku VAT na fakturze?\">Read more<\/a><\/p>\n","protected":false},"author":5,"featured_media":0,"parent":6236,"menu_order":0,"comment_status":"closed","ping_status":"closed","template":"","meta":{"generate_page_header":"","footnotes":""},"class_list":{"0":"post-3808","1":"page","2":"type-page","3":"status-publish","5":"infinite-scroll-item"},"_links":{"self":[{"href":"https:\/\/mikrosystem.pl\/index.php\/wp-json\/wp\/v2\/pages\/3808","targetHints":{"allow":["GET"]}}],"collection":[{"href":"https:\/\/mikrosystem.pl\/index.php\/wp-json\/wp\/v2\/pages"}],"about":[{"href":"https:\/\/mikrosystem.pl\/index.php\/wp-json\/wp\/v2\/types\/page"}],"author":[{"embeddable":true,"href":"https:\/\/mikrosystem.pl\/index.php\/wp-json\/wp\/v2\/users\/5"}],"replies":[{"embeddable":true,"href":"https:\/\/mikrosystem.pl\/index.php\/wp-json\/wp\/v2\/comments?post=3808"}],"version-history":[{"count":2,"href":"https:\/\/mikrosystem.pl\/index.php\/wp-json\/wp\/v2\/pages\/3808\/revisions"}],"predecessor-version":[{"id":6242,"href":"https:\/\/mikrosystem.pl\/index.php\/wp-json\/wp\/v2\/pages\/3808\/revisions\/6242"}],"up":[{"embeddable":true,"href":"https:\/\/mikrosystem.pl\/index.php\/wp-json\/wp\/v2\/pages\/6236"}],"wp:attachment":[{"href":"https:\/\/mikrosystem.pl\/index.php\/wp-json\/wp\/v2\/media?parent=3808"}],"curies":[{"name":"wp","href":"https:\/\/api.w.org\/{rel}","templated":true}]}}