{"id":3806,"date":"2017-11-02T11:03:00","date_gmt":"2017-11-02T10:03:00","guid":{"rendered":"http:\/\/mikrosystem.pl\/?page_id=3806"},"modified":"2026-03-05T11:06:36","modified_gmt":"2026-03-05T10:06:36","slug":"w-jaki-sposob-nalezy-zaokraglac-kwoty-podatku-vat","status":"publish","type":"page","link":"https:\/\/mikrosystem.pl\/index.php\/pomoc\/eknf-instrukcja-obslugi\/fakturowanie\/w-jaki-sposob-nalezy-zaokraglac-kwoty-podatku-vat","title":{"rendered":"W jaki spos\u00f3b nale\u017cy zaokr\u0105gla\u0107 kwoty podatku VAT?"},"content":{"rendered":"<p>Zasady zaokr\u0105glania kwot wykazywanych w fakturze VAT zosta\u0142y zawarte w \u00a7 9 ust. 6 rozporz\u0105dzenia w sprawie faktur. Zgodnie z jego tre\u015bci\u0105 kwoty te zaokr\u0105gla si\u0119 do pe\u0142nych groszy, przy czym ko\u0144c\u00f3wki poni\u017cej 0,5 grosza pomija si\u0119, a ko\u0144c\u00f3wki 0,5 grosza i wy\u017csze zaokr\u0105gla si\u0119 do 1 grosza.<\/p>","protected":false},"excerpt":{"rendered":"<p>Zasady zaokr\u0105glania kwot wykazywanych w fakturze VAT zosta\u0142y zawarte w \u00a7 9 ust. 6 rozporz\u0105dzenia w sprawie faktur. Zgodnie z jego tre\u015bci\u0105 kwoty te zaokr\u0105gla si\u0119 do pe\u0142nych groszy, przy czym ko\u0144c\u00f3wki poni\u017cej 0,5 grosza pomija si\u0119, a ko\u0144c\u00f3wki 0,5 grosza i wy\u017csze zaokr\u0105gla si\u0119 do 1 grosza.<\/p>\n","protected":false},"author":5,"featured_media":0,"parent":6236,"menu_order":0,"comment_status":"closed","ping_status":"closed","template":"","meta":{"generate_page_header":"","footnotes":""},"class_list":{"0":"post-3806","1":"page","2":"type-page","3":"status-publish","5":"infinite-scroll-item"},"_links":{"self":[{"href":"https:\/\/mikrosystem.pl\/index.php\/wp-json\/wp\/v2\/pages\/3806","targetHints":{"allow":["GET"]}}],"collection":[{"href":"https:\/\/mikrosystem.pl\/index.php\/wp-json\/wp\/v2\/pages"}],"about":[{"href":"https:\/\/mikrosystem.pl\/index.php\/wp-json\/wp\/v2\/types\/page"}],"author":[{"embeddable":true,"href":"https:\/\/mikrosystem.pl\/index.php\/wp-json\/wp\/v2\/users\/5"}],"replies":[{"embeddable":true,"href":"https:\/\/mikrosystem.pl\/index.php\/wp-json\/wp\/v2\/comments?post=3806"}],"version-history":[{"count":2,"href":"https:\/\/mikrosystem.pl\/index.php\/wp-json\/wp\/v2\/pages\/3806\/revisions"}],"predecessor-version":[{"id":6241,"href":"https:\/\/mikrosystem.pl\/index.php\/wp-json\/wp\/v2\/pages\/3806\/revisions\/6241"}],"up":[{"embeddable":true,"href":"https:\/\/mikrosystem.pl\/index.php\/wp-json\/wp\/v2\/pages\/6236"}],"wp:attachment":[{"href":"https:\/\/mikrosystem.pl\/index.php\/wp-json\/wp\/v2\/media?parent=3806"}],"curies":[{"name":"wp","href":"https:\/\/api.w.org\/{rel}","templated":true}]}}