{"id":3804,"date":"2017-11-02T11:00:49","date_gmt":"2017-11-02T10:00:49","guid":{"rendered":"http:\/\/mikrosystem.pl\/?page_id=3804"},"modified":"2020-10-23T13:01:19","modified_gmt":"2020-10-23T11:01:19","slug":"faktury-czesto-zadawane-pytania","status":"publish","type":"page","link":"https:\/\/mikrosystem.pl\/index.php\/pomoc\/eknf-instrukcja-obslugi\/eknf-glowne-okno-programu\/sprzedaz-tworzenie-i-przegladanie-dokumentow-sprzedazowych\/faktury-czesto-zadawane-pytania","title":{"rendered":"Faktury &#8211; cz\u0119sto zadawane pytania"},"content":{"rendered":"<p><\/p>\n<ul>\n<li><a href=\"https:\/\/mikrosystem.pl\/index.php\/pomoc\/eknf-instrukcja-obslugi\/eknf-glowne-okno-programu\/sprzedaz-tworzenie-i-przegladanie-dokumentow-sprzedazowych\/faktury-czesto-zadawane-pytania\/w-jaki-sposob-nalezy-zaokraglac-kwoty-podatku-vat\">W jaki spos\u00f3b nale\u017cy zaokr\u0105gla\u0107 kwoty podatku VAT?<\/a><\/li>\n<li><a href=\"https:\/\/mikrosystem.pl\/index.php\/pomoc\/eknf-instrukcja-obslugi\/eknf-glowne-okno-programu\/sprzedaz-tworzenie-i-przegladanie-dokumentow-sprzedazowych\/faktury-czesto-zadawane-pytania\/wyliczanie-vat-od-kwoty-brutto\">W jaki spos\u00f3b wyliczany jest VAT od kwoty brutto?<\/a><\/li>\n<li><a href=\"https:\/\/mikrosystem.pl\/index.php\/pomoc\/eknf-instrukcja-obslugi\/eknf-glowne-okno-programu\/sprzedaz-tworzenie-i-przegladanie-dokumentow-sprzedazowych\/faktury-czesto-zadawane-pytania\/w-jaki-sposob-nalezy-wyliczac-sume-podatku-vat-na-fakturze\">W jaki spos\u00f3b nale\u017cy wylicza\u0107 sum\u0119 podatku VAT na fakturze?<\/a><\/li>\n<li><a href=\"https:\/\/mikrosystem.pl\/index.php\/pomoc\/eknf-instrukcja-obslugi\/eknf-glowne-okno-programu\/sprzedaz-tworzenie-i-przegladanie-dokumentow-sprzedazowych\/faktury-czesto-zadawane-pytania\/jakie-obowiazkowe-elementy-musi-zawierac-faktura\">Jakie obowi\u0105zkowe elementy musi zawiera\u0107 faktura?<\/a><\/li>\n<li><a href=\"https:\/\/mikrosystem.pl\/index.php\/pomoc\/eknf-instrukcja-obslugi\/eknf-glowne-okno-programu\/sprzedaz-tworzenie-i-przegladanie-dokumentow-sprzedazowych\/faktury-czesto-zadawane-pytania\/kurs-wymiany-stosowany-w-czasie-wystawiania-faktur-w-walutach-obcych\">Jaki kurs wymiany nale\u017cy stosowa\u0107 w czasie wystawiania faktur?<\/a><\/li>\n<li><a href=\"https:\/\/mikrosystem.pl\/index.php\/pomoc\/eknf-instrukcja-obslugi\/eknf-glowne-okno-programu\/sprzedaz-tworzenie-i-przegladanie-dokumentow-sprzedazowych\/faktury-czesto-zadawane-pytania\/co-stanowi-podstawe-do-wystawienia-faktury-korygujacej\">Co stanowi podstaw\u0119 do wystawienia faktury koryguj\u0105cej?<\/a><\/li>\n<li><a href=\"https:\/\/mikrosystem.pl\/index.php\/pomoc\/eknf-instrukcja-obslugi\/eknf-glowne-okno-programu\/sprzedaz-tworzenie-i-przegladanie-dokumentow-sprzedazowych\/faktury-czesto-zadawane-pytania\/jakie-obowiazkowe-elementy-musi-zawierac-faktura-korygujaca\">Jakie obowi\u0105zkowe elementy musi zawiera\u0107 faktura koryguj\u0105ca?<\/a><\/li>\n<li><a href=\"https:\/\/mikrosystem.pl\/mikrosystem_www\/wp-content\/uploads\/2018\/08\/IATA_JPK.pdf\">Wytyczne IATA w sprawie fakturowania bilet\u00f3w lotniczych przez akredytowanych agent\u00f3w IATA<\/a><\/li>\n<li><a href=\"https:\/\/mikrosystem.pl\/index.php\/pomoc\/eknf-instrukcja-obslugi\/eknf-glowne-okno-programu\/sprzedaz-tworzenie-i-przegladanie-dokumentow-sprzedazowych\/faktury-czesto-zadawane-pytania\/stawki-vat-najczesciej-stosowane-przy-sprzedazy-biletow-lotniczych\">Jakie stawki VAT stosuje si\u0119 najcz\u0119\u015bciej przy sprzeda\u017cy bilet\u00f3w lotniczych?<\/a><\/li>\n<\/ul>\n<p><\/p>\n\n\n<p><\/p>","protected":false},"excerpt":{"rendered":"<p>W jaki spos\u00f3b nale\u017cy zaokr\u0105gla\u0107 kwoty podatku VAT? W jaki spos\u00f3b wyliczany jest VAT od kwoty brutto? W jaki spos\u00f3b nale\u017cy wylicza\u0107 sum\u0119 podatku VAT na fakturze? Jakie obowi\u0105zkowe elementy musi zawiera\u0107 faktura? Jaki kurs wymiany nale\u017cy stosowa\u0107 w czasie wystawiania faktur? Co stanowi podstaw\u0119 do wystawienia faktury koryguj\u0105cej? Jakie obowi\u0105zkowe elementy musi zawiera\u0107 faktura &#8230; <a title=\"Faktury &#8211; cz\u0119sto zadawane pytania\" class=\"read-more\" href=\"https:\/\/mikrosystem.pl\/index.php\/pomoc\/eknf-instrukcja-obslugi\/eknf-glowne-okno-programu\/sprzedaz-tworzenie-i-przegladanie-dokumentow-sprzedazowych\/faktury-czesto-zadawane-pytania\" aria-label=\"Dowiedz si\u0119 wi\u0119cej o Faktury &#8211; cz\u0119sto zadawane pytania\">Read more<\/a><\/p>\n","protected":false},"author":5,"featured_media":0,"parent":1870,"menu_order":0,"comment_status":"closed","ping_status":"closed","template":"","meta":{"generate_page_header":"","footnotes":""},"class_list":{"0":"post-3804","1":"page","2":"type-page","3":"status-publish","5":"infinite-scroll-item"},"_links":{"self":[{"href":"https:\/\/mikrosystem.pl\/index.php\/wp-json\/wp\/v2\/pages\/3804","targetHints":{"allow":["GET"]}}],"collection":[{"href":"https:\/\/mikrosystem.pl\/index.php\/wp-json\/wp\/v2\/pages"}],"about":[{"href":"https:\/\/mikrosystem.pl\/index.php\/wp-json\/wp\/v2\/types\/page"}],"author":[{"embeddable":true,"href":"https:\/\/mikrosystem.pl\/index.php\/wp-json\/wp\/v2\/users\/5"}],"replies":[{"embeddable":true,"href":"https:\/\/mikrosystem.pl\/index.php\/wp-json\/wp\/v2\/comments?post=3804"}],"version-history":[{"count":11,"href":"https:\/\/mikrosystem.pl\/index.php\/wp-json\/wp\/v2\/pages\/3804\/revisions"}],"predecessor-version":[{"id":4990,"href":"https:\/\/mikrosystem.pl\/index.php\/wp-json\/wp\/v2\/pages\/3804\/revisions\/4990"}],"up":[{"embeddable":true,"href":"https:\/\/mikrosystem.pl\/index.php\/wp-json\/wp\/v2\/pages\/1870"}],"wp:attachment":[{"href":"https:\/\/mikrosystem.pl\/index.php\/wp-json\/wp\/v2\/media?parent=3804"}],"curies":[{"name":"wp","href":"https:\/\/api.w.org\/{rel}","templated":true}]}}