{"id":3758,"date":"2017-04-05T17:31:51","date_gmt":"2017-04-05T15:31:51","guid":{"rendered":"http:\/\/mikrosystem.pl\/?page_id=3758"},"modified":"2017-04-05T17:32:37","modified_gmt":"2017-04-05T15:32:37","slug":"english-rdesk-wyslanie-biletu-kolejowego-i-faktury-mailem-bezposrednio-z-eknf","status":"publish","type":"page","link":"https:\/\/mikrosystem.pl\/index.php\/pomoc\/eknf-instrukcja-obslugi\/eknf-glowne-okno-programu\/rdesk\/english-rdesk-wyslanie-biletu-kolejowego-i-faktury-mailem-bezposrednio-z-eknf","title":{"rendered":"RDesk &#8211; wys\u0142anie biletu kolejowego i faktury mailem bezpo\u015brednio z eKNF"},"content":{"rendered":"<p>RDesk umo\u017cliwia wys\u0142anie klientowi bilet\u00f3w kolejowych wraz z faktur\u0105 bezpo\u015brednio z eKNF. Je\u015bli jeste\u015b agentem PKP IC i wystawiasz oddzielnie faktur\u0119 za bilety, i drug\u0105 za op\u0142aty, eKNF wy\u015ble obie faktury wraz z za\u0142\u0105cznikami w postaci bilet\u00f3w bezpo\u015brednio na skrzynk\u0119 mailow\u0105 nabywcy.<br \/>\nAby wys\u0142a\u0107 bilety i faktury mailem bezpo\u015brednio z eKNF:<\/p>\n<p>1. Kliknij prawym klawiszem na bilet, kt\u00f3ry chcesz wys\u0142a\u0107, i wybierz Panel wydruku<\/p>\n<p><a href=\"https:\/\/mikrosystem.pl\/mikrosystem_www\/wp-content\/uploads\/2017\/04\/RDesk-wysy\u0142anie-biletu-i-faktury_001180.png\"><img loading=\"lazy\" decoding=\"async\" class=\"size-large wp-image-3759 aligncenter\" src=\"https:\/\/mikrosystem.pl\/mikrosystem_www\/wp-content\/uploads\/2017\/04\/RDesk-wysy\u0142anie-biletu-i-faktury_001180-1024x515.png\" alt=\"\" width=\"1024\" height=\"515\" srcset=\"https:\/\/mikrosystem.pl\/mikrosystem_www\/wp-content\/uploads\/2017\/04\/RDesk-wysy\u0142anie-biletu-i-faktury_001180-1024x515.png 1024w, https:\/\/mikrosystem.pl\/mikrosystem_www\/wp-content\/uploads\/2017\/04\/RDesk-wysy\u0142anie-biletu-i-faktury_001180-300x151.png 300w, https:\/\/mikrosystem.pl\/mikrosystem_www\/wp-content\/uploads\/2017\/04\/RDesk-wysy\u0142anie-biletu-i-faktury_001180-768x386.png 768w, https:\/\/mikrosystem.pl\/mikrosystem_www\/wp-content\/uploads\/2017\/04\/RDesk-wysy\u0142anie-biletu-i-faktury_001180.png 1576w\" sizes=\"auto, (max-width: 1024px) 100vw, 1024px\" \/><\/a><\/p>\n<p>2. W Panelu wydruku sprawd\u017a adres odbiorcy, i kliknij na &#8220;Wy\u015blij e-mail z za\u0142\u0105cznikiem&#8221;. Spowoduje to wys\u0142anie do klienta faktury (lub dw\u00f3ch faktur &#8211; je\u015bli op\u0142aty transakcyjne zafakturowano oddzielnie), i za\u0142\u0105cznik\u00f3w w postaci wszystkich bilet\u00f3w PKP, kt\u00f3re znajduj\u0105 si\u0119 na danej fakturze.<br \/>\nAby wys\u0142a\u0107 faktur\u0119 bez bilet\u00f3w &#8211; usu\u0144 ptaszki przy numerach bilet\u00f3w.<\/p>\n<p><a href=\"https:\/\/mikrosystem.pl\/mikrosystem_www\/wp-content\/uploads\/2017\/04\/RDesk-wysy\u0142anie-biletu-i-faktury_001181.png\"><img loading=\"lazy\" decoding=\"async\" class=\"size-full wp-image-3760 aligncenter\" src=\"https:\/\/mikrosystem.pl\/mikrosystem_www\/wp-content\/uploads\/2017\/04\/RDesk-wysy\u0142anie-biletu-i-faktury_001181.png\" alt=\"\" width=\"910\" height=\"661\" srcset=\"https:\/\/mikrosystem.pl\/mikrosystem_www\/wp-content\/uploads\/2017\/04\/RDesk-wysy\u0142anie-biletu-i-faktury_001181.png 910w, https:\/\/mikrosystem.pl\/mikrosystem_www\/wp-content\/uploads\/2017\/04\/RDesk-wysy\u0142anie-biletu-i-faktury_001181-300x218.png 300w, https:\/\/mikrosystem.pl\/mikrosystem_www\/wp-content\/uploads\/2017\/04\/RDesk-wysy\u0142anie-biletu-i-faktury_001181-768x558.png 768w\" sizes=\"auto, (max-width: 910px) 100vw, 910px\" \/><\/a><\/p>","protected":false},"excerpt":{"rendered":"<p>RDesk umo\u017cliwia wys\u0142anie klientowi bilet\u00f3w kolejowych wraz z faktur\u0105 bezpo\u015brednio z eKNF. Je\u015bli jeste\u015b agentem PKP IC i wystawiasz oddzielnie faktur\u0119 za bilety, i drug\u0105 za op\u0142aty, eKNF wy\u015ble obie faktury wraz z za\u0142\u0105cznikami w postaci bilet\u00f3w bezpo\u015brednio na skrzynk\u0119 mailow\u0105 nabywcy. Aby wys\u0142a\u0107 bilety i faktury mailem bezpo\u015brednio z eKNF: 1. Kliknij prawym klawiszem &#8230; <a title=\"RDesk &#8211; wys\u0142anie biletu kolejowego i faktury mailem bezpo\u015brednio z eKNF\" class=\"read-more\" href=\"https:\/\/mikrosystem.pl\/index.php\/pomoc\/eknf-instrukcja-obslugi\/eknf-glowne-okno-programu\/rdesk\/english-rdesk-wyslanie-biletu-kolejowego-i-faktury-mailem-bezposrednio-z-eknf\" aria-label=\"Dowiedz si\u0119 wi\u0119cej o RDesk &#8211; wys\u0142anie biletu kolejowego i faktury mailem bezpo\u015brednio z eKNF\">Read more<\/a><\/p>\n","protected":false},"author":5,"featured_media":0,"parent":1929,"menu_order":0,"comment_status":"closed","ping_status":"closed","template":"","meta":{"generate_page_header":"","footnotes":""},"class_list":{"0":"post-3758","1":"page","2":"type-page","3":"status-publish","5":"infinite-scroll-item"},"_links":{"self":[{"href":"https:\/\/mikrosystem.pl\/index.php\/wp-json\/wp\/v2\/pages\/3758","targetHints":{"allow":["GET"]}}],"collection":[{"href":"https:\/\/mikrosystem.pl\/index.php\/wp-json\/wp\/v2\/pages"}],"about":[{"href":"https:\/\/mikrosystem.pl\/index.php\/wp-json\/wp\/v2\/types\/page"}],"author":[{"embeddable":true,"href":"https:\/\/mikrosystem.pl\/index.php\/wp-json\/wp\/v2\/users\/5"}],"replies":[{"embeddable":true,"href":"https:\/\/mikrosystem.pl\/index.php\/wp-json\/wp\/v2\/comments?post=3758"}],"version-history":[{"count":1,"href":"https:\/\/mikrosystem.pl\/index.php\/wp-json\/wp\/v2\/pages\/3758\/revisions"}],"predecessor-version":[{"id":3762,"href":"https:\/\/mikrosystem.pl\/index.php\/wp-json\/wp\/v2\/pages\/3758\/revisions\/3762"}],"up":[{"embeddable":true,"href":"https:\/\/mikrosystem.pl\/index.php\/wp-json\/wp\/v2\/pages\/1929"}],"wp:attachment":[{"href":"https:\/\/mikrosystem.pl\/index.php\/wp-json\/wp\/v2\/media?parent=3758"}],"curies":[{"name":"wp","href":"https:\/\/api.w.org\/{rel}","templated":true}]}}