{"id":3736,"date":"2017-03-10T16:08:48","date_gmt":"2017-03-10T15:08:48","guid":{"rendered":"http:\/\/mikrosystem.pl\/?page_id=3736"},"modified":"2017-03-10T16:21:05","modified_gmt":"2017-03-10T15:21:05","slug":"automatyczne-wystawianie-faktur-prowizyjnych-na-linie-lotnicze","status":"publish","type":"page","link":"https:\/\/mikrosystem.pl\/index.php\/pomoc\/eknf-instrukcja-obslugi\/eknf-glowne-okno-programu\/sprzedaz-tworzenie-i-przegladanie-dokumentow-sprzedazowych\/automatyczne-wystawianie-faktur-prowizyjnych-na-linie-lotnicze","title":{"rendered":"Automatyczne wystawianie faktur prowizyjnych na linie lotnicze"},"content":{"rendered":"<p><\/p>\n<p style=\"text-align: justify;\">eKNF pozwala na automatyczne wystawienie faktur prowizyjnych na linie lotnicze do poszczeg\u00f3lnych okres\u00f3w rozliczeniowych BSP. Faktury generowane s\u0105 na podstawie danych pochodz\u0105cych wczytanego do <a href=\"\/?page_id=217\" target=\"_blank\">eKNF<\/a> billingu BSP,\u00a0 oraz kartoteki kontrahent\u00f3w<\/p>\n<p>Proces dzia\u0142a nast\u0119puj\u0105co:<\/p>\n<ol>\n<li>Wczytaj billing BSP<\/li>\n<li>Przejd\u017a do okna Sprzeda\u017c<\/li>\n<li>Kliknij na [Wystaw faktury prowizyjne]<\/li>\n<li>Wybierz okres, za kt\u00f3ry chcesz wystawi\u0107 faktury, i dat\u0119, z jak\u0105 maj\u0105 zosta\u0107 wystawione\u00a0 (domy\u015blnie: koniec okresu)<\/li>\n<li>Kliknij na [Wystaw] &#8211; i gotowe:\u00a0 <a href=\"\/?page_id=217\" target=\"_blank\">eKNF<\/a> automatycznie wystawi faktury na wszystkich przewo\u017anik\u00f3w.<\/li>\n<\/ol>\n<p><a href=\"https:\/\/mikrosystem.pl\/wp-content\/uploads\/2014\/06\/Faktury_prowizyjne_proces.png\" target=\"_blank\"><img loading=\"lazy\" decoding=\"async\" class=\"wp-image-1729 aligncenter\" src=\"https:\/\/mikrosystem.pl\/wp-content\/uploads\/2014\/06\/Faktury_prowizyjne_proces.png\" alt=\"Faktury_prowizyjne_proces\" width=\"816\" height=\"485\" srcset=\"https:\/\/mikrosystem.pl\/mikrosystem_www\/wp-content\/uploads\/2014\/06\/Faktury_prowizyjne_proces.png 1168w, https:\/\/mikrosystem.pl\/mikrosystem_www\/wp-content\/uploads\/2014\/06\/Faktury_prowizyjne_proces-300x178.png 300w, https:\/\/mikrosystem.pl\/mikrosystem_www\/wp-content\/uploads\/2014\/06\/Faktury_prowizyjne_proces-1024x608.png 1024w\" sizes=\"auto, (max-width: 816px) 100vw, 816px\" \/><\/a><\/p>\n<hr \/>\n<p><strong>Konfiguracja:<\/strong><\/p>\n<p>Do automatycznego fakturowania prowizji niezb\u0119dne jest:<\/p>\n<p><strong>1.<\/strong> Wprowadzenie do kartoteki kontrahent\u00f3w eKNF pe\u0142nych danych (nazwa, adres, NIP) wszystkich linii lotniczych, na kt\u00f3re b\u0119d\u0105 wystawiane faktury prowizyjne.<\/p>\n<p><strong>2.<\/strong> Dla ka\u017cdej linii lotniczej, w polu profilu klienta o nazwie PROWIZJA_IATA, nale\u017cy wprowadzi\u0107 trzy cyfrowy kod IATA danego przewo\u017anika. Np.: dla Lufthansa:<br \/>\n<a href=\"https:\/\/mikrosystem.pl\/mikrosystem_www\/wp-content\/uploads\/2017\/03\/Klienci_Pole_profilu_klienta_001145.png\"><img loading=\"lazy\" decoding=\"async\" class=\"size-full wp-image-3737 aligncenter\" src=\"https:\/\/mikrosystem.pl\/mikrosystem_www\/wp-content\/uploads\/2017\/03\/Klienci_Pole_profilu_klienta_001145.png\" alt=\"\" width=\"890\" height=\"422\" srcset=\"https:\/\/mikrosystem.pl\/mikrosystem_www\/wp-content\/uploads\/2017\/03\/Klienci_Pole_profilu_klienta_001145.png 890w, https:\/\/mikrosystem.pl\/mikrosystem_www\/wp-content\/uploads\/2017\/03\/Klienci_Pole_profilu_klienta_001145-300x142.png 300w, https:\/\/mikrosystem.pl\/mikrosystem_www\/wp-content\/uploads\/2017\/03\/Klienci_Pole_profilu_klienta_001145-768x364.png 768w\" sizes=\"auto, (max-width: 890px) 100vw, 890px\" \/><\/a><\/p>\n<p><strong>3.<\/strong> W zmiennych systemowych nale\u017cy wprowadzi\u0107:<\/p>\n<p>AUTO_COMM_REG &#8211; nazw\u0119 rejestru dokument\u00f3w, w kt\u00f3rym maj\u0105 by\u0107 tworzone faktury prowizyjne<\/p>\n<p>AUTO_COMM_INV_PCK &#8211; numer pakietu i numer produktu, kt\u00f3ry ma by\u0107 u\u017cyty do wystawienia faktury (dla bilet\u00f3w krajowych i mi\u0119dzynarodowych).<br \/>\nFormat:<br \/>\n<strong>I=<\/strong><em>&lt;pakiet_dla_mi\u0119dzynarodowych&gt;<\/em><strong>:<\/strong><em>&lt;produkt_dla_mi\u0119dzynarodowych&gt;<\/em><strong>,D=<\/strong><em>&lt;pakiet_dla_krajowych&gt;<\/em><strong>:<\/strong><em>&lt;produkt_dla_krajowych&gt;<\/em><\/p>\n<p>Przyk\u0142ad:<\/p>\n<p><a href=\"https:\/\/mikrosystem.pl\/mikrosystem_www\/wp-content\/uploads\/2017\/03\/Zmienne_Systemowe_Automatyczne_faktury_prowizyjne_001146.png\"><img loading=\"lazy\" decoding=\"async\" class=\"size-large wp-image-3738 aligncenter\" src=\"https:\/\/mikrosystem.pl\/mikrosystem_www\/wp-content\/uploads\/2017\/03\/Zmienne_Systemowe_Automatyczne_faktury_prowizyjne_001146-1024x54.png\" alt=\"\" width=\"1024\" height=\"54\" srcset=\"https:\/\/mikrosystem.pl\/mikrosystem_www\/wp-content\/uploads\/2017\/03\/Zmienne_Systemowe_Automatyczne_faktury_prowizyjne_001146-1024x54.png 1024w, https:\/\/mikrosystem.pl\/mikrosystem_www\/wp-content\/uploads\/2017\/03\/Zmienne_Systemowe_Automatyczne_faktury_prowizyjne_001146-300x16.png 300w, https:\/\/mikrosystem.pl\/mikrosystem_www\/wp-content\/uploads\/2017\/03\/Zmienne_Systemowe_Automatyczne_faktury_prowizyjne_001146-768x40.png 768w, https:\/\/mikrosystem.pl\/mikrosystem_www\/wp-content\/uploads\/2017\/03\/Zmienne_Systemowe_Automatyczne_faktury_prowizyjne_001146.png 1127w\" sizes=\"auto, (max-width: 1024px) 100vw, 1024px\" \/><\/a><\/p>","protected":false},"excerpt":{"rendered":"<p>eKNF pozwala na automatyczne wystawienie faktur prowizyjnych na linie lotnicze do poszczeg\u00f3lnych okres\u00f3w rozliczeniowych BSP. Faktury generowane s\u0105 na podstawie danych pochodz\u0105cych wczytanego do eKNF billingu BSP,\u00a0 oraz kartoteki kontrahent\u00f3w Proces dzia\u0142a nast\u0119puj\u0105co: Wczytaj billing BSP Przejd\u017a do okna Sprzeda\u017c Kliknij na [Wystaw faktury prowizyjne] Wybierz okres, za kt\u00f3ry chcesz wystawi\u0107 faktury, i dat\u0119, z &#8230; <a title=\"Automatyczne wystawianie faktur prowizyjnych na linie lotnicze\" class=\"read-more\" href=\"https:\/\/mikrosystem.pl\/index.php\/pomoc\/eknf-instrukcja-obslugi\/eknf-glowne-okno-programu\/sprzedaz-tworzenie-i-przegladanie-dokumentow-sprzedazowych\/automatyczne-wystawianie-faktur-prowizyjnych-na-linie-lotnicze\" aria-label=\"Dowiedz si\u0119 wi\u0119cej o Automatyczne wystawianie faktur prowizyjnych na linie lotnicze\">Read more<\/a><\/p>\n","protected":false},"author":5,"featured_media":0,"parent":1870,"menu_order":0,"comment_status":"closed","ping_status":"closed","template":"","meta":{"generate_page_header":"","footnotes":""},"class_list":{"0":"post-3736","1":"page","2":"type-page","3":"status-publish","5":"infinite-scroll-item"},"_links":{"self":[{"href":"https:\/\/mikrosystem.pl\/index.php\/wp-json\/wp\/v2\/pages\/3736","targetHints":{"allow":["GET"]}}],"collection":[{"href":"https:\/\/mikrosystem.pl\/index.php\/wp-json\/wp\/v2\/pages"}],"about":[{"href":"https:\/\/mikrosystem.pl\/index.php\/wp-json\/wp\/v2\/types\/page"}],"author":[{"embeddable":true,"href":"https:\/\/mikrosystem.pl\/index.php\/wp-json\/wp\/v2\/users\/5"}],"replies":[{"embeddable":true,"href":"https:\/\/mikrosystem.pl\/index.php\/wp-json\/wp\/v2\/comments?post=3736"}],"version-history":[{"count":2,"href":"https:\/\/mikrosystem.pl\/index.php\/wp-json\/wp\/v2\/pages\/3736\/revisions"}],"predecessor-version":[{"id":3743,"href":"https:\/\/mikrosystem.pl\/index.php\/wp-json\/wp\/v2\/pages\/3736\/revisions\/3743"}],"up":[{"embeddable":true,"href":"https:\/\/mikrosystem.pl\/index.php\/wp-json\/wp\/v2\/pages\/1870"}],"wp:attachment":[{"href":"https:\/\/mikrosystem.pl\/index.php\/wp-json\/wp\/v2\/media?parent=3736"}],"curies":[{"name":"wp","href":"https:\/\/api.w.org\/{rel}","templated":true}]}}