{"id":3656,"date":"2017-02-03T16:24:49","date_gmt":"2017-02-03T15:24:49","guid":{"rendered":"http:\/\/mikrosystem.pl\/?page_id=3656"},"modified":"2017-02-03T16:34:37","modified_gmt":"2017-02-03T15:34:37","slug":"generowanie-pliku-jpk-fa-wedlug-wymagan-ministerstwa-finansow","status":"publish","type":"page","link":"https:\/\/mikrosystem.pl\/index.php\/nowosci\/eksport-danych-do-zewnetrznych-systemow\/generowanie-pliku-jpk-fa-wedlug-wymagan-ministerstwa-finansow","title":{"rendered":"Generowanie pliku JPK FA &#8211; Wed\u0142ug wymaga\u0144 Ministerstwa Finans\u00f3w"},"content":{"rendered":"<p>eKNF jest przystosowany do generowania pliku JPK FA zawieraj\u0105cego list\u0119 wystawionych dokument\u00f3w sprzeda\u017cy.<br \/>\nW celu wygenerowania pliku:<\/p>\n<ol>\n<li>Przejd\u017a do: Centrum Danych -&gt; Report Desktop<\/li>\n<li>W wierszu &#8216;Generowanie pliku JPK&#8217; kliknij na [Ustaw Parametry] i podaj zakres dat<\/li>\n<li>Kliknij na [Generuj raport]<\/li>\n<li>Kliknij na [Pobierz plik]<\/li>\n<\/ol>\n<p><em><strong>Uwaga:<\/strong> je\u015bli plik nie wygeneruje si\u0119 po klikni\u0119ciu na [Generuj raport], prawdopodobnie nie masz skonfigurowanych wszystkich niezb\u0119dnych danych (Wymagany jest REGON i numer, oraz nazwa urz\u0119du skarbowego) &#8211; skontaktuj si\u0119 z nami, pomo\u017cemy wprowadzi\u0107 niezb\u0119dne dane do konfiguracji.<\/em><\/p>\n<p><a href=\"https:\/\/mikrosystem.pl\/mikrosystem_www\/wp-content\/uploads\/2017\/02\/Centrum_Danych_ReportDesktop_Plik_JPK_001047.png\"><img loading=\"lazy\" decoding=\"async\" class=\"size-large wp-image-3657 aligncenter\" src=\"https:\/\/mikrosystem.pl\/mikrosystem_www\/wp-content\/uploads\/2017\/02\/Centrum_Danych_ReportDesktop_Plik_JPK_001047-1024x583.png\" alt=\"\" width=\"1024\" height=\"583\" srcset=\"https:\/\/mikrosystem.pl\/mikrosystem_www\/wp-content\/uploads\/2017\/02\/Centrum_Danych_ReportDesktop_Plik_JPK_001047-1024x583.png 1024w, https:\/\/mikrosystem.pl\/mikrosystem_www\/wp-content\/uploads\/2017\/02\/Centrum_Danych_ReportDesktop_Plik_JPK_001047-300x171.png 300w, https:\/\/mikrosystem.pl\/mikrosystem_www\/wp-content\/uploads\/2017\/02\/Centrum_Danych_ReportDesktop_Plik_JPK_001047-768x437.png 768w, https:\/\/mikrosystem.pl\/mikrosystem_www\/wp-content\/uploads\/2017\/02\/Centrum_Danych_ReportDesktop_Plik_JPK_001047.png 1117w\" sizes=\"auto, (max-width: 1024px) 100vw, 1024px\" \/><\/a><\/p>\n<p>Pobrany plik mo\u017cesz zapisa\u0107 na dysku, lub otworzy\u0107 edytorem tekstu przystosowanym do wy\u015bwietlania plik\u00f3w XML. (Je\u015bli nie masz takiego edytora, <a href=\"https:\/\/notepad-plus-plus.org\/repository\/7.x\/7.3.1\/npp.7.3.1.Installer.exe\">mo\u017cesz pobra\u0107 bezp\u0142atny program Notepad++ klikaj\u0105c na ten link<\/a>)<\/p>\n<p>Przyk\u0142adowy plik otwarty w edytorze wygl\u0105da tak:<\/p>\n<p><a href=\"https:\/\/mikrosystem.pl\/mikrosystem_www\/wp-content\/uploads\/2017\/02\/Centrum_Danych_ReportDesktop_Plik_JPK_001048.png\"><img loading=\"lazy\" decoding=\"async\" class=\"size-large wp-image-3658 aligncenter\" src=\"https:\/\/mikrosystem.pl\/mikrosystem_www\/wp-content\/uploads\/2017\/02\/Centrum_Danych_ReportDesktop_Plik_JPK_001048-1024x724.png\" alt=\"\" width=\"1024\" height=\"724\" srcset=\"https:\/\/mikrosystem.pl\/mikrosystem_www\/wp-content\/uploads\/2017\/02\/Centrum_Danych_ReportDesktop_Plik_JPK_001048-1024x724.png 1024w, https:\/\/mikrosystem.pl\/mikrosystem_www\/wp-content\/uploads\/2017\/02\/Centrum_Danych_ReportDesktop_Plik_JPK_001048-300x212.png 300w, https:\/\/mikrosystem.pl\/mikrosystem_www\/wp-content\/uploads\/2017\/02\/Centrum_Danych_ReportDesktop_Plik_JPK_001048-768x543.png 768w, https:\/\/mikrosystem.pl\/mikrosystem_www\/wp-content\/uploads\/2017\/02\/Centrum_Danych_ReportDesktop_Plik_JPK_001048.png 1037w\" sizes=\"auto, (max-width: 1024px) 100vw, 1024px\" \/><\/a><\/p>","protected":false},"excerpt":{"rendered":"<p>eKNF jest przystosowany do generowania pliku JPK FA zawieraj\u0105cego list\u0119 wystawionych dokument\u00f3w sprzeda\u017cy. W celu wygenerowania pliku: Przejd\u017a do: Centrum Danych -&gt; Report Desktop W wierszu &#8216;Generowanie pliku JPK&#8217; kliknij na [Ustaw Parametry] i podaj zakres dat Kliknij na [Generuj raport] Kliknij na [Pobierz plik] Uwaga: je\u015bli plik nie wygeneruje si\u0119 po klikni\u0119ciu na [Generuj &#8230; <a title=\"Generowanie pliku JPK FA &#8211; Wed\u0142ug wymaga\u0144 Ministerstwa Finans\u00f3w\" class=\"read-more\" href=\"https:\/\/mikrosystem.pl\/index.php\/nowosci\/eksport-danych-do-zewnetrznych-systemow\/generowanie-pliku-jpk-fa-wedlug-wymagan-ministerstwa-finansow\" aria-label=\"Dowiedz si\u0119 wi\u0119cej o Generowanie pliku JPK FA &#8211; Wed\u0142ug wymaga\u0144 Ministerstwa Finans\u00f3w\">Read more<\/a><\/p>\n","protected":false},"author":5,"featured_media":0,"parent":3586,"menu_order":0,"comment_status":"closed","ping_status":"closed","template":"","meta":{"generate_page_header":"","footnotes":""},"class_list":{"0":"post-3656","1":"page","2":"type-page","3":"status-publish","5":"infinite-scroll-item"},"_links":{"self":[{"href":"https:\/\/mikrosystem.pl\/index.php\/wp-json\/wp\/v2\/pages\/3656","targetHints":{"allow":["GET"]}}],"collection":[{"href":"https:\/\/mikrosystem.pl\/index.php\/wp-json\/wp\/v2\/pages"}],"about":[{"href":"https:\/\/mikrosystem.pl\/index.php\/wp-json\/wp\/v2\/types\/page"}],"author":[{"embeddable":true,"href":"https:\/\/mikrosystem.pl\/index.php\/wp-json\/wp\/v2\/users\/5"}],"replies":[{"embeddable":true,"href":"https:\/\/mikrosystem.pl\/index.php\/wp-json\/wp\/v2\/comments?post=3656"}],"version-history":[{"count":2,"href":"https:\/\/mikrosystem.pl\/index.php\/wp-json\/wp\/v2\/pages\/3656\/revisions"}],"predecessor-version":[{"id":3665,"href":"https:\/\/mikrosystem.pl\/index.php\/wp-json\/wp\/v2\/pages\/3656\/revisions\/3665"}],"up":[{"embeddable":true,"href":"https:\/\/mikrosystem.pl\/index.php\/wp-json\/wp\/v2\/pages\/3586"}],"wp:attachment":[{"href":"https:\/\/mikrosystem.pl\/index.php\/wp-json\/wp\/v2\/media?parent=3656"}],"curies":[{"name":"wp","href":"https:\/\/api.w.org\/{rel}","templated":true}]}}