{"id":3642,"date":"2016-12-19T13:45:03","date_gmt":"2016-12-19T12:45:03","guid":{"rendered":"http:\/\/mikrosystem.pl\/?page_id=3642"},"modified":"2016-12-19T13:45:03","modified_gmt":"2016-12-19T12:45:03","slug":"turystyczny-fundusz-gwarancyjny","status":"publish","type":"page","link":"https:\/\/mikrosystem.pl\/index.php\/pomoc\/eknf-instrukcja-obslugi\/eknf-glowne-okno-programu\/raporty\/turystyczny-fundusz-gwarancyjny","title":{"rendered":"Turystyczny Fundusz gwarancyjny"},"content":{"rendered":"<p><\/p>\n<p style=\"text-align: justify;\">W zwi\u0105zku z obowi\u0105zuj\u0105cymi od 26 listopada 2016r przepisami o turystycznym funduszu gwarancyjnym, eKNF zosta\u0142 wyposa\u017cony w nowy raport pomocniczy, kt\u00f3ry umo\u017cliwia biurom podr\u00f3\u017cy wykrywanie i identyfikacj\u0119 pakiet\u00f3w us\u0142ug, kt\u00f3re mog\u0105 podlega\u0107 nowemu obowi\u0105zkowi podatkowemu.<br \/>\nSpecyfik\u0105 podr\u00f3\u017cy biznesowych jest to, \u017ce cz\u0119sto rezerwacja przelotu i pobytu w hotelu robione s\u0105 oddzielnie, w r\u00f3\u017cnych terminach i przez r\u00f3\u017cne dzia\u0142y. Z tego wzgl\u0119du potrzebne jest narz\u0119dzie, kt\u00f3re na koniec ka\u017cdego okresu raportowego jest w stanie wykry\u0107 i wskaza\u0107 sytuacje, gdy w jednym okresie czasu dany\u00a0 podr\u00f3\u017cny korzysta\u0142 z wi\u0119cej ni\u017c jednej us\u0142ugi (hotel, samolot, bilet kolejowy, itd.). Nowy raport wskazuje takie przypadki oznaczaj\u0105c je jako &#8220;POTENCJALNA IMPREZA&#8221;.<\/p>\n<p><a href=\"https:\/\/mikrosystem.pl\/mikrosystem_www\/wp-content\/uploads\/2016\/12\/Fundusz-turystyczny_000955.png\"><img loading=\"lazy\" decoding=\"async\" class=\"size-large wp-image-3640 aligncenter\" src=\"https:\/\/mikrosystem.pl\/mikrosystem_www\/wp-content\/uploads\/2016\/12\/Fundusz-turystyczny_000955-1024x434.png\" alt=\"fundusz-turystyczny_000955\" width=\"1024\" height=\"434\" srcset=\"https:\/\/mikrosystem.pl\/mikrosystem_www\/wp-content\/uploads\/2016\/12\/Fundusz-turystyczny_000955-1024x434.png 1024w, https:\/\/mikrosystem.pl\/mikrosystem_www\/wp-content\/uploads\/2016\/12\/Fundusz-turystyczny_000955-300x127.png 300w, https:\/\/mikrosystem.pl\/mikrosystem_www\/wp-content\/uploads\/2016\/12\/Fundusz-turystyczny_000955-768x325.png 768w, https:\/\/mikrosystem.pl\/mikrosystem_www\/wp-content\/uploads\/2016\/12\/Fundusz-turystyczny_000955.png 1530w\" sizes=\"auto, (max-width: 1024px) 100vw, 1024px\" \/><\/a><\/p>\n<p>Ze wzgl\u0119du na to, \u017ce nowe przepisy nie s\u0105 jeszcze wystarczaj\u0105co udokumentowane i wyja\u015bnione, by ustali\u0107 w pe\u0142ni automatyczne regu\u0142y, ostatecznej kwalifikacji dokonuje osoba sporz\u0105dzaj\u0105ca raport.<\/p>","protected":false},"excerpt":{"rendered":"<p>W zwi\u0105zku z obowi\u0105zuj\u0105cymi od 26 listopada 2016r przepisami o turystycznym funduszu gwarancyjnym, eKNF zosta\u0142 wyposa\u017cony w nowy raport pomocniczy, kt\u00f3ry umo\u017cliwia biurom podr\u00f3\u017cy wykrywanie i identyfikacj\u0119 pakiet\u00f3w us\u0142ug, kt\u00f3re mog\u0105 podlega\u0107 nowemu obowi\u0105zkowi podatkowemu. Specyfik\u0105 podr\u00f3\u017cy biznesowych jest to, \u017ce cz\u0119sto rezerwacja przelotu i pobytu w hotelu robione s\u0105 oddzielnie, w r\u00f3\u017cnych terminach i &#8230; <a title=\"Turystyczny Fundusz gwarancyjny\" class=\"read-more\" href=\"https:\/\/mikrosystem.pl\/index.php\/pomoc\/eknf-instrukcja-obslugi\/eknf-glowne-okno-programu\/raporty\/turystyczny-fundusz-gwarancyjny\" aria-label=\"Dowiedz si\u0119 wi\u0119cej o Turystyczny Fundusz gwarancyjny\">Read more<\/a><\/p>\n","protected":false},"author":5,"featured_media":0,"parent":3289,"menu_order":0,"comment_status":"closed","ping_status":"closed","template":"","meta":{"generate_page_header":"","footnotes":""},"class_list":{"0":"post-3642","1":"page","2":"type-page","3":"status-publish","5":"infinite-scroll-item"},"_links":{"self":[{"href":"https:\/\/mikrosystem.pl\/index.php\/wp-json\/wp\/v2\/pages\/3642","targetHints":{"allow":["GET"]}}],"collection":[{"href":"https:\/\/mikrosystem.pl\/index.php\/wp-json\/wp\/v2\/pages"}],"about":[{"href":"https:\/\/mikrosystem.pl\/index.php\/wp-json\/wp\/v2\/types\/page"}],"author":[{"embeddable":true,"href":"https:\/\/mikrosystem.pl\/index.php\/wp-json\/wp\/v2\/users\/5"}],"replies":[{"embeddable":true,"href":"https:\/\/mikrosystem.pl\/index.php\/wp-json\/wp\/v2\/comments?post=3642"}],"version-history":[{"count":1,"href":"https:\/\/mikrosystem.pl\/index.php\/wp-json\/wp\/v2\/pages\/3642\/revisions"}],"predecessor-version":[{"id":3643,"href":"https:\/\/mikrosystem.pl\/index.php\/wp-json\/wp\/v2\/pages\/3642\/revisions\/3643"}],"up":[{"embeddable":true,"href":"https:\/\/mikrosystem.pl\/index.php\/wp-json\/wp\/v2\/pages\/3289"}],"wp:attachment":[{"href":"https:\/\/mikrosystem.pl\/index.php\/wp-json\/wp\/v2\/media?parent=3642"}],"curies":[{"name":"wp","href":"https:\/\/api.w.org\/{rel}","templated":true}]}}