{"id":3515,"date":"2016-06-02T15:59:35","date_gmt":"2016-06-02T13:59:35","guid":{"rendered":"http:\/\/mikrosystem.pl\/?page_id=3515"},"modified":"2016-06-02T15:59:35","modified_gmt":"2016-06-02T13:59:35","slug":"tworzenie-w-gds-rezerwacji-z-segmentami-ghost-dla-biletow-low-cost","status":"publish","type":"page","link":"https:\/\/mikrosystem.pl\/index.php\/pomoc\/eknf-instrukcja-obslugi\/eknf-glowne-okno-programu\/adesk\/tworzenie-w-gds-rezerwacji-z-segmentami-ghost-dla-biletow-low-cost","title":{"rendered":"Tworzenie w GDS rezerwacji z segmentami &#8216;ghost&#8217; dla bilet\u00f3w low-cost"},"content":{"rendered":"<p><\/p>\n<p style=\"text-align: justify;\">Bilety tanich linii mog\u0105 by\u0107 importowane automatycznie do eKNF. Rozszerzeniem tej funkcjonalno\u015bci jest mo\u017cliwo\u015b\u0107 automatycznego utworzenia rezerwacji z &#8216;ghost&#8217; segmentami w systemach GDS. Funkcja ta ma zastosowanie, je\u015bli chcemy:<\/p>\n<ol style=\"text-align: justify;\">\n<li>aby podr\u00f3\u017cny m\u00f3g\u0142 otrzyma\u0107 sw\u00f3j plan podr\u00f3\u017cy za po\u015brednictwem systemu GDS (ViewTrip, CheckMyTrip, MyTripAndMore)<\/li>\n<li>doda\u0107 segment ghost opisuj\u0105cy przelot tani\u0105 lini\u0105 do rezerwacji zawieraj\u0105cej aktywne segmenty regularnych linii<\/li>\n<li>utworzy\u0107 rezerwacj\u0119 opisuj\u0105c\u0105 przelot tanimi liniami na potrzeby lokalizacji podr\u00f3\u017cnego w zewn\u0119trznych systemach opartych o dane z GDS<\/li>\n<\/ol>\n<p style=\"text-align: justify;\">Proces tworzenia rezerwacji z segmentami typu &#8216;ghost&#8217; na podstawie danych z eKNF zosta\u0142 opisany poni\u017cej:<\/p>\n<p><a href=\"https:\/\/mikrosystem.pl\/mikrosystem_www\/wp-content\/uploads\/2016\/06\/AirDesktop_Ghost_segments-01.png\"><img loading=\"lazy\" decoding=\"async\" class=\"size-full wp-image-3516 aligncenter\" src=\"https:\/\/mikrosystem.pl\/mikrosystem_www\/wp-content\/uploads\/2016\/06\/AirDesktop_Ghost_segments-01.png\" alt=\"AirDesktop_Ghost_segments 01\" width=\"950\" height=\"660\" srcset=\"https:\/\/mikrosystem.pl\/mikrosystem_www\/wp-content\/uploads\/2016\/06\/AirDesktop_Ghost_segments-01.png 950w, https:\/\/mikrosystem.pl\/mikrosystem_www\/wp-content\/uploads\/2016\/06\/AirDesktop_Ghost_segments-01-300x208.png 300w, https:\/\/mikrosystem.pl\/mikrosystem_www\/wp-content\/uploads\/2016\/06\/AirDesktop_Ghost_segments-01-768x534.png 768w\" sizes=\"auto, (max-width: 950px) 100vw, 950px\" \/><\/a><\/p>\n<p><a href=\"https:\/\/mikrosystem.pl\/mikrosystem_www\/wp-content\/uploads\/2016\/06\/AirDesktop_Ghost_segments-02.png\"><img loading=\"lazy\" decoding=\"async\" class=\"size-full wp-image-3517 aligncenter\" src=\"https:\/\/mikrosystem.pl\/mikrosystem_www\/wp-content\/uploads\/2016\/06\/AirDesktop_Ghost_segments-02.png\" alt=\"AirDesktop_Ghost_segments 02\" width=\"792\" height=\"495\" srcset=\"https:\/\/mikrosystem.pl\/mikrosystem_www\/wp-content\/uploads\/2016\/06\/AirDesktop_Ghost_segments-02.png 792w, https:\/\/mikrosystem.pl\/mikrosystem_www\/wp-content\/uploads\/2016\/06\/AirDesktop_Ghost_segments-02-300x188.png 300w, https:\/\/mikrosystem.pl\/mikrosystem_www\/wp-content\/uploads\/2016\/06\/AirDesktop_Ghost_segments-02-768x480.png 768w\" sizes=\"auto, (max-width: 792px) 100vw, 792px\" \/><\/a><\/p>\n<p><a href=\"https:\/\/mikrosystem.pl\/mikrosystem_www\/wp-content\/uploads\/2016\/06\/AirDesktop_Ghost_segments-03.png\"><img loading=\"lazy\" decoding=\"async\" class=\"size-full wp-image-3518 aligncenter\" src=\"https:\/\/mikrosystem.pl\/mikrosystem_www\/wp-content\/uploads\/2016\/06\/AirDesktop_Ghost_segments-03.png\" alt=\"AirDesktop_Ghost_segments 03\" width=\"790\" height=\"524\" srcset=\"https:\/\/mikrosystem.pl\/mikrosystem_www\/wp-content\/uploads\/2016\/06\/AirDesktop_Ghost_segments-03.png 790w, https:\/\/mikrosystem.pl\/mikrosystem_www\/wp-content\/uploads\/2016\/06\/AirDesktop_Ghost_segments-03-300x199.png 300w, https:\/\/mikrosystem.pl\/mikrosystem_www\/wp-content\/uploads\/2016\/06\/AirDesktop_Ghost_segments-03-768x509.png 768w\" sizes=\"auto, (max-width: 790px) 100vw, 790px\" \/><\/a><\/p>\n<p>&nbsp;<\/p>\n<p>&nbsp;<\/p>\n<p>&nbsp;<\/p>","protected":false},"excerpt":{"rendered":"<p>Bilety tanich linii mog\u0105 by\u0107 importowane automatycznie do eKNF. Rozszerzeniem tej funkcjonalno\u015bci jest mo\u017cliwo\u015b\u0107 automatycznego utworzenia rezerwacji z &#8216;ghost&#8217; segmentami w systemach GDS. Funkcja ta ma zastosowanie, je\u015bli chcemy: aby podr\u00f3\u017cny m\u00f3g\u0142 otrzyma\u0107 sw\u00f3j plan podr\u00f3\u017cy za po\u015brednictwem systemu GDS (ViewTrip, CheckMyTrip, MyTripAndMore) doda\u0107 segment ghost opisuj\u0105cy przelot tani\u0105 lini\u0105 do rezerwacji zawieraj\u0105cej aktywne segmenty &#8230; <a title=\"Tworzenie w GDS rezerwacji z segmentami &#8216;ghost&#8217; dla bilet\u00f3w low-cost\" class=\"read-more\" href=\"https:\/\/mikrosystem.pl\/index.php\/pomoc\/eknf-instrukcja-obslugi\/eknf-glowne-okno-programu\/adesk\/tworzenie-w-gds-rezerwacji-z-segmentami-ghost-dla-biletow-low-cost\" aria-label=\"Dowiedz si\u0119 wi\u0119cej o Tworzenie w GDS rezerwacji z segmentami &#8216;ghost&#8217; dla bilet\u00f3w low-cost\">Read more<\/a><\/p>\n","protected":false},"author":5,"featured_media":0,"parent":3225,"menu_order":0,"comment_status":"closed","ping_status":"closed","template":"","meta":{"generate_page_header":"","footnotes":""},"class_list":{"0":"post-3515","1":"page","2":"type-page","3":"status-publish","5":"infinite-scroll-item"},"_links":{"self":[{"href":"https:\/\/mikrosystem.pl\/index.php\/wp-json\/wp\/v2\/pages\/3515","targetHints":{"allow":["GET"]}}],"collection":[{"href":"https:\/\/mikrosystem.pl\/index.php\/wp-json\/wp\/v2\/pages"}],"about":[{"href":"https:\/\/mikrosystem.pl\/index.php\/wp-json\/wp\/v2\/types\/page"}],"author":[{"embeddable":true,"href":"https:\/\/mikrosystem.pl\/index.php\/wp-json\/wp\/v2\/users\/5"}],"replies":[{"embeddable":true,"href":"https:\/\/mikrosystem.pl\/index.php\/wp-json\/wp\/v2\/comments?post=3515"}],"version-history":[{"count":1,"href":"https:\/\/mikrosystem.pl\/index.php\/wp-json\/wp\/v2\/pages\/3515\/revisions"}],"predecessor-version":[{"id":3519,"href":"https:\/\/mikrosystem.pl\/index.php\/wp-json\/wp\/v2\/pages\/3515\/revisions\/3519"}],"up":[{"embeddable":true,"href":"https:\/\/mikrosystem.pl\/index.php\/wp-json\/wp\/v2\/pages\/3225"}],"wp:attachment":[{"href":"https:\/\/mikrosystem.pl\/index.php\/wp-json\/wp\/v2\/media?parent=3515"}],"curies":[{"name":"wp","href":"https:\/\/api.w.org\/{rel}","templated":true}]}}