{"id":3474,"date":"2016-05-04T16:14:10","date_gmt":"2016-05-04T14:14:10","guid":{"rendered":"http:\/\/mikrosystem.pl\/?page_id=3474"},"modified":"2016-05-05T15:43:54","modified_gmt":"2016-05-05T13:43:54","slug":"konfiguracji-sposobu-fakturowania-jednostkowozbiorczookresowo","status":"publish","type":"page","link":"https:\/\/mikrosystem.pl\/index.php\/pomoc\/eknf-instrukcja-obslugi\/eknf-glowne-okno-programu\/dane-klienta-edycja\/konfiguracji-sposobu-fakturowania-jednostkowozbiorczookresowo","title":{"rendered":"Konfiguracji sposobu fakturowania (jednostkowo\/zbiorczo\/okresowo)"},"content":{"rendered":"<p>eKNF pozwala na automatyczne tworzenie zam\u00f3wie\u0144 i faktur dla poszczeg\u00f3lnych klient\u00f3w.<\/p>\n<p>W module Klienci, wybierz klienta dla kt\u00f3rego chcesz ustawi\u0107 automatyczne tworzenie zam\u00f3wie\u0144\/faktur. Kliknij na niego prawym klawiszem myszy i wybierz &#8220;Szczeg\u00f3\u0142y&#8221;.\u00a0 Nast\u0119pnie przejd\u017a do zak\u0142adki &#8220;Konfigurowanie fakturowania&#8221;.<\/p>\n<p>Dodaj\u0105c now\u0105 konfiguracj\u0119 musisz zdefiniowa\u0107:<\/p>\n<ul>\n<li>Agenta fakturuj\u0105cego<\/li>\n<\/ul>\n<p style=\"padding-left: 30px;\">(eKNF ma domy\u015blnie zdefiniowanego u\u017cytkownika auto01, kt\u00f3ry s\u0142u\u017cy do automatycznego fakturowania. Aby okre\u015bli\u0107, jakie imi\u0119 i nazwisko b\u0119dzie u\u017cywane do podpisu faktur wystawionych automatycznie,wprowad\u017a odpowiednie dane w konfiguracji u\u017cytkownika auto01)<\/p>\n<p><img loading=\"lazy\" decoding=\"async\" class=\"alignnone size-full wp-image-3491\" src=\"https:\/\/mikrosystem.pl\/mikrosystem_www\/wp-content\/uploads\/2016\/05\/U\u017cytkownicy_i_prawa_dost\u0119pu_Lista_U\u017cytkownik\u00f3w_NUM_.png\" alt=\"U\u017cytkownicy_i_prawa_dost\u0119pu_Lista_U\u017cytkownik\u00f3w_NUM_\" width=\"1022\" height=\"241\" srcset=\"https:\/\/mikrosystem.pl\/mikrosystem_www\/wp-content\/uploads\/2016\/05\/U\u017cytkownicy_i_prawa_dost\u0119pu_Lista_U\u017cytkownik\u00f3w_NUM_.png 1022w, https:\/\/mikrosystem.pl\/mikrosystem_www\/wp-content\/uploads\/2016\/05\/U\u017cytkownicy_i_prawa_dost\u0119pu_Lista_U\u017cytkownik\u00f3w_NUM_-300x71.png 300w, https:\/\/mikrosystem.pl\/mikrosystem_www\/wp-content\/uploads\/2016\/05\/U\u017cytkownicy_i_prawa_dost\u0119pu_Lista_U\u017cytkownik\u00f3w_NUM_-768x181.png 768w\" sizes=\"auto, (max-width: 1022px) 100vw, 1022px\" \/><\/p>\n<ul>\n<li style=\"text-align: left;\">Kategori\u0119 us\u0142ug:<\/li>\n<\/ul>\n<p style=\"padding-left: 60px;\">(W obecnej chwili eKNF umo\u017cliwia automatyczne fakturowanie bilet\u00f3w lotniczych i polis ubezpieczeniowych. Wybierz odpowiedni\u0105 kategori\u0119 obejmuj\u0105c\u0105 jedn\u0105 z tych dw\u00f3ch typ\u00f3w us\u0142ug)<\/p>\n<ul>\n<li>Form\u0119 p\u0142atno\u015bci:<\/li>\n<li>Spos\u00f3b fakturowania (okresowe\/jednostkowe)<\/li>\n<li>Form\u0119 fakturowania (faktura szczeg\u00f3\u0142owa \/ zgrupowana)<\/li>\n<li>Specyfikacj\u0119 (dokument towarzysz\u0105cy fakturze &#8211; wybierz z dost\u0119pnych typ\u00f3w specyfikacji)<\/li>\n<li>Spos\u00f3b dostarczenia (faktura dostarczana elektronicznie \/ faktura papierowa)<\/li>\n<li>Tryb grupowania (bez grupowania\/ grupowane po nazwisku, numerze rezerwacji, b\u0105d\u017a wybranym polu dodatkowym)<\/li>\n<li>Rejestr (rejestr dokument\u00f3w przeznaczony do wystawiania automatycznie generowanych faktur)<\/li>\n<\/ul>\n<p>Nast\u0119pnie wybierz poziom automatyzacji<\/p>\n<ul>\n<li>Zam\u00f3wienia automatyczne (tylko zam\u00f3wienia tworzone automatycznie, faktury nie)<\/li>\n<li>Faktury automatyczne (zam\u00f3wienia i faktury b\u0119d\u0105 tworzone automatycznie)<\/li>\n<\/ul>\n<p>Oraz dodatkowe opcje:<\/p>\n<ul>\n<li>Faktury po angielsku<\/li>\n<li>Faktury zgrupowane<\/li>\n<li>Uwzgl\u0119dnij polisy<\/li>\n<\/ul>\n<p style=\"padding-left: 60px;\">(w czasie automatycznego fakturowania bilet\u00f3w lotniczych eKNF mo\u017ce uwzgl\u0119dnia\u0107 b\u0105d\u017a pomija\u0107 polisy ubezpieczeniowe. Zaznacz t\u0119 opcj\u0119, je\u015bli polisy maj\u0105 by\u0107 fakturowane razem z biletami lotniczymi)<\/p>\n<p>&nbsp;<\/p>\n<p><img loading=\"lazy\" decoding=\"async\" class=\"alignnone size-full wp-image-3488\" src=\"https:\/\/mikrosystem.pl\/mikrosystem_www\/wp-content\/uploads\/2016\/05\/Automat3.png\" alt=\"Automat3\" width=\"1023\" height=\"600\" srcset=\"https:\/\/mikrosystem.pl\/mikrosystem_www\/wp-content\/uploads\/2016\/05\/Automat3.png 1023w, https:\/\/mikrosystem.pl\/mikrosystem_www\/wp-content\/uploads\/2016\/05\/Automat3-300x176.png 300w, https:\/\/mikrosystem.pl\/mikrosystem_www\/wp-content\/uploads\/2016\/05\/Automat3-768x450.png 768w\" sizes=\"auto, (max-width: 1023px) 100vw, 1023px\" \/><\/p>","protected":false},"excerpt":{"rendered":"<p>eKNF pozwala na automatyczne tworzenie zam\u00f3wie\u0144 i faktur dla poszczeg\u00f3lnych klient\u00f3w. W module Klienci, wybierz klienta dla kt\u00f3rego chcesz ustawi\u0107 automatyczne tworzenie zam\u00f3wie\u0144\/faktur. Kliknij na niego prawym klawiszem myszy i wybierz &#8220;Szczeg\u00f3\u0142y&#8221;.\u00a0 Nast\u0119pnie przejd\u017a do zak\u0142adki &#8220;Konfigurowanie fakturowania&#8221;. Dodaj\u0105c now\u0105 konfiguracj\u0119 musisz zdefiniowa\u0107: Agenta fakturuj\u0105cego (eKNF ma domy\u015blnie zdefiniowanego u\u017cytkownika auto01, kt\u00f3ry s\u0142u\u017cy do automatycznego &#8230; <a title=\"Konfiguracji sposobu fakturowania (jednostkowo\/zbiorczo\/okresowo)\" class=\"read-more\" href=\"https:\/\/mikrosystem.pl\/index.php\/pomoc\/eknf-instrukcja-obslugi\/eknf-glowne-okno-programu\/dane-klienta-edycja\/konfiguracji-sposobu-fakturowania-jednostkowozbiorczookresowo\" aria-label=\"Dowiedz si\u0119 wi\u0119cej o Konfiguracji sposobu fakturowania (jednostkowo\/zbiorczo\/okresowo)\">Read more<\/a><\/p>\n","protected":false},"author":11,"featured_media":0,"parent":2194,"menu_order":0,"comment_status":"closed","ping_status":"closed","template":"","meta":{"generate_page_header":"","footnotes":""},"class_list":{"0":"post-3474","1":"page","2":"type-page","3":"status-publish","5":"infinite-scroll-item"},"_links":{"self":[{"href":"https:\/\/mikrosystem.pl\/index.php\/wp-json\/wp\/v2\/pages\/3474","targetHints":{"allow":["GET"]}}],"collection":[{"href":"https:\/\/mikrosystem.pl\/index.php\/wp-json\/wp\/v2\/pages"}],"about":[{"href":"https:\/\/mikrosystem.pl\/index.php\/wp-json\/wp\/v2\/types\/page"}],"author":[{"embeddable":true,"href":"https:\/\/mikrosystem.pl\/index.php\/wp-json\/wp\/v2\/users\/11"}],"replies":[{"embeddable":true,"href":"https:\/\/mikrosystem.pl\/index.php\/wp-json\/wp\/v2\/comments?post=3474"}],"version-history":[{"count":11,"href":"https:\/\/mikrosystem.pl\/index.php\/wp-json\/wp\/v2\/pages\/3474\/revisions"}],"predecessor-version":[{"id":3496,"href":"https:\/\/mikrosystem.pl\/index.php\/wp-json\/wp\/v2\/pages\/3474\/revisions\/3496"}],"up":[{"embeddable":true,"href":"https:\/\/mikrosystem.pl\/index.php\/wp-json\/wp\/v2\/pages\/2194"}],"wp:attachment":[{"href":"https:\/\/mikrosystem.pl\/index.php\/wp-json\/wp\/v2\/media?parent=3474"}],"curies":[{"name":"wp","href":"https:\/\/api.w.org\/{rel}","templated":true}]}}