{"id":3467,"date":"2016-04-26T15:41:28","date_gmt":"2016-04-26T13:41:28","guid":{"rendered":"http:\/\/mikrosystem.pl\/?page_id=3467"},"modified":"2016-05-17T15:47:46","modified_gmt":"2016-05-17T13:47:46","slug":"kontakt-z-opiekunem-klienta-i-pomoc-techniczna","status":"publish","type":"page","link":"https:\/\/mikrosystem.pl\/index.php\/pomoc\/eknf-instrukcja-obslugi\/kontakt-z-opiekunem-klienta-i-pomoc-techniczna","title":{"rendered":"Kontakt z opiekunem klienta i pomoc techniczna"},"content":{"rendered":"<p><\/p>\n<p style=\"text-align: justify;\"><span class=\"postbody\">Je\u015bli w czasie pracy z eKNF napotkasz problem albo potrzebujesz pomocy, skontaktuj si\u0119 z nami.<br \/>\nKlawisz [Potrzebuj\u0119 pomocy] przekieruje Ci\u0119 do Twojego dedykowanego opiekuna klienta, lub pomocy technicznej. Zg\u0142o\u015b nam problem, wy\u015blij pro\u015bb\u0119 o pomoc, albo zaproponuj co mo\u017cemy ulepszy\u0107, \u017ceby eKNF lepiej spe\u0142nia\u0142 Twoje wymagania. Je\u015bli sprawa jest pilna, w oknie pomocy znajdziesz te\u017c nasze numery telefon\u00f3w. <\/span><\/p>\n<p><a href=\"https:\/\/mikrosystem.pl\/mikrosystem_www\/wp-content\/uploads\/2016\/04\/Potrzebuj\u0119_pomocy_eKNF_000470.png\" rel=\"attachment wp-att-3465\"><img loading=\"lazy\" decoding=\"async\" class=\"size-full wp-image-3465 aligncenter\" src=\"https:\/\/mikrosystem.pl\/mikrosystem_www\/wp-content\/uploads\/2016\/04\/Potrzebuj\u0119_pomocy_eKNF_000470.png\" alt=\"Potrzebuj\u0119_pomocy_eKNF_000470\" width=\"1149\" height=\"687\" srcset=\"https:\/\/mikrosystem.pl\/mikrosystem_www\/wp-content\/uploads\/2016\/04\/Potrzebuj\u0119_pomocy_eKNF_000470.png 1149w, https:\/\/mikrosystem.pl\/mikrosystem_www\/wp-content\/uploads\/2016\/04\/Potrzebuj\u0119_pomocy_eKNF_000470-300x179.png 300w, https:\/\/mikrosystem.pl\/mikrosystem_www\/wp-content\/uploads\/2016\/04\/Potrzebuj\u0119_pomocy_eKNF_000470-768x459.png 768w, https:\/\/mikrosystem.pl\/mikrosystem_www\/wp-content\/uploads\/2016\/04\/Potrzebuj\u0119_pomocy_eKNF_000470-1024x612.png 1024w\" sizes=\"auto, (max-width: 1149px) 100vw, 1149px\" \/><\/a><\/p>\n<p>W oknie pomocy mo\u017cna te\u017c znale\u017a\u0107 link do instrukcji obs\u0142ugi eKNF, i funkcj\u0119 umo\u017cliwiaj\u0105c\u0105 udost\u0119pnienie ekranu naszej pomocy technicznej:<br \/>\n<a href=\"https:\/\/mikrosystem.pl\/mikrosystem_www\/wp-content\/uploads\/2016\/05\/Potrzebuj\u0119_pomocy_eKNF_000471.png\" rel=\"attachment wp-att-3499\"><img loading=\"lazy\" decoding=\"async\" class=\"size-full wp-image-3499 aligncenter\" src=\"https:\/\/mikrosystem.pl\/mikrosystem_www\/wp-content\/uploads\/2016\/05\/Potrzebuj\u0119_pomocy_eKNF_000471.png\" alt=\"Potrzebuj\u0119_pomocy_eKNF_000471\" width=\"1639\" height=\"634\" srcset=\"https:\/\/mikrosystem.pl\/mikrosystem_www\/wp-content\/uploads\/2016\/05\/Potrzebuj\u0119_pomocy_eKNF_000471.png 1639w, https:\/\/mikrosystem.pl\/mikrosystem_www\/wp-content\/uploads\/2016\/05\/Potrzebuj\u0119_pomocy_eKNF_000471-300x116.png 300w, https:\/\/mikrosystem.pl\/mikrosystem_www\/wp-content\/uploads\/2016\/05\/Potrzebuj\u0119_pomocy_eKNF_000471-768x297.png 768w, https:\/\/mikrosystem.pl\/mikrosystem_www\/wp-content\/uploads\/2016\/05\/Potrzebuj\u0119_pomocy_eKNF_000471-1024x396.png 1024w\" sizes=\"auto, (max-width: 1639px) 100vw, 1639px\" \/><\/a><\/p>","protected":false},"excerpt":{"rendered":"<p>Je\u015bli w czasie pracy z eKNF napotkasz problem albo potrzebujesz pomocy, skontaktuj si\u0119 z nami. Klawisz [Potrzebuj\u0119 pomocy] przekieruje Ci\u0119 do Twojego dedykowanego opiekuna klienta, lub pomocy technicznej. Zg\u0142o\u015b nam problem, wy\u015blij pro\u015bb\u0119 o pomoc, albo zaproponuj co mo\u017cemy ulepszy\u0107, \u017ceby eKNF lepiej spe\u0142nia\u0142 Twoje wymagania. Je\u015bli sprawa jest pilna, w oknie pomocy znajdziesz te\u017c &#8230; <a title=\"Kontakt z opiekunem klienta i pomoc techniczna\" class=\"read-more\" href=\"https:\/\/mikrosystem.pl\/index.php\/pomoc\/eknf-instrukcja-obslugi\/kontakt-z-opiekunem-klienta-i-pomoc-techniczna\" aria-label=\"Dowiedz si\u0119 wi\u0119cej o Kontakt z opiekunem klienta i pomoc techniczna\">Read more<\/a><\/p>\n","protected":false},"author":5,"featured_media":0,"parent":1802,"menu_order":0,"comment_status":"closed","ping_status":"closed","template":"","meta":{"generate_page_header":"","footnotes":""},"class_list":{"0":"post-3467","1":"page","2":"type-page","3":"status-publish","5":"infinite-scroll-item"},"_links":{"self":[{"href":"https:\/\/mikrosystem.pl\/index.php\/wp-json\/wp\/v2\/pages\/3467","targetHints":{"allow":["GET"]}}],"collection":[{"href":"https:\/\/mikrosystem.pl\/index.php\/wp-json\/wp\/v2\/pages"}],"about":[{"href":"https:\/\/mikrosystem.pl\/index.php\/wp-json\/wp\/v2\/types\/page"}],"author":[{"embeddable":true,"href":"https:\/\/mikrosystem.pl\/index.php\/wp-json\/wp\/v2\/users\/5"}],"replies":[{"embeddable":true,"href":"https:\/\/mikrosystem.pl\/index.php\/wp-json\/wp\/v2\/comments?post=3467"}],"version-history":[{"count":3,"href":"https:\/\/mikrosystem.pl\/index.php\/wp-json\/wp\/v2\/pages\/3467\/revisions"}],"predecessor-version":[{"id":3501,"href":"https:\/\/mikrosystem.pl\/index.php\/wp-json\/wp\/v2\/pages\/3467\/revisions\/3501"}],"up":[{"embeddable":true,"href":"https:\/\/mikrosystem.pl\/index.php\/wp-json\/wp\/v2\/pages\/1802"}],"wp:attachment":[{"href":"https:\/\/mikrosystem.pl\/index.php\/wp-json\/wp\/v2\/media?parent=3467"}],"curies":[{"name":"wp","href":"https:\/\/api.w.org\/{rel}","templated":true}]}}