{"id":3432,"date":"2016-03-15T15:07:10","date_gmt":"2016-03-15T14:07:10","guid":{"rendered":"http:\/\/mikrosystem.pl\/?page_id=3432"},"modified":"2016-03-15T15:07:25","modified_gmt":"2016-03-15T14:07:25","slug":"amadeus-import-raportow-dziennych","status":"publish","type":"page","link":"https:\/\/mikrosystem.pl\/index.php\/pomoc\/eknf-instrukcja-obslugi\/eknf-glowne-okno-programu\/centrum-danych\/amadeus-import-raportow-dziennych","title":{"rendered":"Amadeus &#8211; import raport\u00f3w dziennych"},"content":{"rendered":"<p><\/p>\n<p style=\"text-align: justify;\">W module Centrum Danych wybierz &#8216;Import raport\u00f3w Amadeus&#8217;, a nast\u0119pnie w sekcji Import DZIENNYCH raport\u00f3w Amadeus kliknij na [Wybierz pliki&#8217;] i wska\u017c plik z raportem, kt\u00f3ry ma by\u0107 importowany<\/p>\n<p style=\"text-align: justify;\"><a href=\"https:\/\/mikrosystem.pl\/mikrosystem_www\/wp-content\/uploads\/2016\/03\/Centrum_Danych_Import_raport\u00f3w_amadeus_000409.png\" rel=\"attachment wp-att-3433\"><img loading=\"lazy\" decoding=\"async\" class=\"size-full wp-image-3433 aligncenter\" src=\"https:\/\/mikrosystem.pl\/mikrosystem_www\/wp-content\/uploads\/2016\/03\/Centrum_Danych_Import_raport\u00f3w_amadeus_000409.png\" alt=\"Centrum_Danych_Import_raport\u00f3w_amadeus_000409\" width=\"1391\" height=\"441\" srcset=\"https:\/\/mikrosystem.pl\/mikrosystem_www\/wp-content\/uploads\/2016\/03\/Centrum_Danych_Import_raport\u00f3w_amadeus_000409.png 1391w, https:\/\/mikrosystem.pl\/mikrosystem_www\/wp-content\/uploads\/2016\/03\/Centrum_Danych_Import_raport\u00f3w_amadeus_000409-300x95.png 300w, https:\/\/mikrosystem.pl\/mikrosystem_www\/wp-content\/uploads\/2016\/03\/Centrum_Danych_Import_raport\u00f3w_amadeus_000409-768x243.png 768w, https:\/\/mikrosystem.pl\/mikrosystem_www\/wp-content\/uploads\/2016\/03\/Centrum_Danych_Import_raport\u00f3w_amadeus_000409-1024x325.png 1024w\" sizes=\"auto, (max-width: 1391px) 100vw, 1391px\" \/><\/a><\/p>\n<p style=\"text-align: justify;\">Wczytanie danych zostanie potwierdzone komunikatem.<br \/>\nRaport por\u00f3wnawczy dost\u0119pny jest w ADesku. W celu por\u00f3wnania danych z Amadeusa z danymi sprzeda\u017cowymi w eKNF nale\u017cy prze\u0142\u0105czy\u0107 widok z podstawowego, na: &#8216;Por\u00f3wnanie z raportem AMA&#8217;:<\/p>\n<p style=\"text-align: justify;\"><a href=\"https:\/\/mikrosystem.pl\/mikrosystem_www\/wp-content\/uploads\/2016\/03\/ADesk_Porownanie_z_Amadeusem.png\" rel=\"attachment wp-att-3434\"><img loading=\"lazy\" decoding=\"async\" class=\"size-full wp-image-3434 aligncenter\" src=\"https:\/\/mikrosystem.pl\/mikrosystem_www\/wp-content\/uploads\/2016\/03\/ADesk_Porownanie_z_Amadeusem.png\" alt=\"ADesk_Porownanie_z_Amadeusem\" width=\"773\" height=\"247\" srcset=\"https:\/\/mikrosystem.pl\/mikrosystem_www\/wp-content\/uploads\/2016\/03\/ADesk_Porownanie_z_Amadeusem.png 773w, https:\/\/mikrosystem.pl\/mikrosystem_www\/wp-content\/uploads\/2016\/03\/ADesk_Porownanie_z_Amadeusem-300x96.png 300w, https:\/\/mikrosystem.pl\/mikrosystem_www\/wp-content\/uploads\/2016\/03\/ADesk_Porownanie_z_Amadeusem-768x245.png 768w\" sizes=\"auto, (max-width: 773px) 100vw, 773px\" \/><\/a><\/p>\n<p style=\"text-align: justify;\">\n<p><\/p>","protected":false},"excerpt":{"rendered":"<p>W module Centrum Danych wybierz &#8216;Import raport\u00f3w Amadeus&#8217;, a nast\u0119pnie w sekcji Import DZIENNYCH raport\u00f3w Amadeus kliknij na [Wybierz pliki&#8217;] i wska\u017c plik z raportem, kt\u00f3ry ma by\u0107 importowany Wczytanie danych zostanie potwierdzone komunikatem. Raport por\u00f3wnawczy dost\u0119pny jest w ADesku. W celu por\u00f3wnania danych z Amadeusa z danymi sprzeda\u017cowymi w eKNF nale\u017cy prze\u0142\u0105czy\u0107 widok z &#8230; <a title=\"Amadeus &#8211; import raport\u00f3w dziennych\" class=\"read-more\" href=\"https:\/\/mikrosystem.pl\/index.php\/pomoc\/eknf-instrukcja-obslugi\/eknf-glowne-okno-programu\/centrum-danych\/amadeus-import-raportow-dziennych\" aria-label=\"Dowiedz si\u0119 wi\u0119cej o Amadeus &#8211; import raport\u00f3w dziennych\">Read more<\/a><\/p>\n","protected":false},"author":5,"featured_media":0,"parent":3286,"menu_order":0,"comment_status":"closed","ping_status":"closed","template":"","meta":{"generate_page_header":"","footnotes":""},"class_list":{"0":"post-3432","1":"page","2":"type-page","3":"status-publish","5":"infinite-scroll-item"},"_links":{"self":[{"href":"https:\/\/mikrosystem.pl\/index.php\/wp-json\/wp\/v2\/pages\/3432","targetHints":{"allow":["GET"]}}],"collection":[{"href":"https:\/\/mikrosystem.pl\/index.php\/wp-json\/wp\/v2\/pages"}],"about":[{"href":"https:\/\/mikrosystem.pl\/index.php\/wp-json\/wp\/v2\/types\/page"}],"author":[{"embeddable":true,"href":"https:\/\/mikrosystem.pl\/index.php\/wp-json\/wp\/v2\/users\/5"}],"replies":[{"embeddable":true,"href":"https:\/\/mikrosystem.pl\/index.php\/wp-json\/wp\/v2\/comments?post=3432"}],"version-history":[{"count":2,"href":"https:\/\/mikrosystem.pl\/index.php\/wp-json\/wp\/v2\/pages\/3432\/revisions"}],"predecessor-version":[{"id":3436,"href":"https:\/\/mikrosystem.pl\/index.php\/wp-json\/wp\/v2\/pages\/3432\/revisions\/3436"}],"up":[{"embeddable":true,"href":"https:\/\/mikrosystem.pl\/index.php\/wp-json\/wp\/v2\/pages\/3286"}],"wp:attachment":[{"href":"https:\/\/mikrosystem.pl\/index.php\/wp-json\/wp\/v2\/media?parent=3432"}],"curies":[{"name":"wp","href":"https:\/\/api.w.org\/{rel}","templated":true}]}}