{"id":3426,"date":"2016-03-10T14:56:58","date_gmt":"2016-03-10T13:56:58","guid":{"rendered":"http:\/\/mikrosystem.pl\/?page_id=3426"},"modified":"2016-03-10T14:56:58","modified_gmt":"2016-03-10T13:56:58","slug":"weryfikacja-sprzedazy-biletow-pkp-ic-automatycznie-porownanie-z-raportem-pkp-ic","status":"publish","type":"page","link":"https:\/\/mikrosystem.pl\/index.php\/pomoc\/eknf-instrukcja-obslugi\/eknf-glowne-okno-programu\/rdesk\/weryfikacja-sprzedazy-biletow-pkp-ic-automatycznie-porownanie-z-raportem-pkp-ic","title":{"rendered":"Weryfikacja sprzeda\u017cy bilet\u00f3w PKP IC &#8211; automatycznie por\u00f3wnanie z raportem PKP IC"},"content":{"rendered":"<p><\/p>\n<p style=\"text-align: justify;\">eKNF pozwala sprawdzi\u0107, czy wszystkie bilety PKP IC zosta\u0142y poprawnie zafakturowane, poprzez por\u00f3wnanie z raportem PKP IC. Raport ten mo\u017cna wczyta\u0107 do systemu, a nast\u0119pnie wygenerowa\u0107 raport por\u00f3wnawczy.<\/p>\n<p style=\"text-align: justify;\">Krok pierwszy: Wczytanie raportu PKP IC:<\/p>\n<p style=\"text-align: justify;\">W RDesku kliknij na klawisz Import danych, wybierz format PKP_IC_RAPORT, wska\u017c plik z raportem, i wczytaj go.<\/p>\n<p style=\"text-align: justify;\">\n<p style=\"text-align: justify;\"><a href=\"https:\/\/mikrosystem.pl\/mikrosystem_www\/wp-content\/uploads\/2016\/03\/RDesk-import-raportu-PKP-IC-01.png\" rel=\"attachment wp-att-3427\"><img loading=\"lazy\" decoding=\"async\" class=\"size-full wp-image-3427 aligncenter\" src=\"https:\/\/mikrosystem.pl\/mikrosystem_www\/wp-content\/uploads\/2016\/03\/RDesk-import-raportu-PKP-IC-01.png\" alt=\"RDesk - import raportu PKP IC 01\" width=\"1361\" height=\"750\" srcset=\"https:\/\/mikrosystem.pl\/mikrosystem_www\/wp-content\/uploads\/2016\/03\/RDesk-import-raportu-PKP-IC-01.png 1361w, https:\/\/mikrosystem.pl\/mikrosystem_www\/wp-content\/uploads\/2016\/03\/RDesk-import-raportu-PKP-IC-01-300x165.png 300w, https:\/\/mikrosystem.pl\/mikrosystem_www\/wp-content\/uploads\/2016\/03\/RDesk-import-raportu-PKP-IC-01-768x423.png 768w, https:\/\/mikrosystem.pl\/mikrosystem_www\/wp-content\/uploads\/2016\/03\/RDesk-import-raportu-PKP-IC-01-1024x564.png 1024w\" sizes=\"auto, (max-width: 1361px) 100vw, 1361px\" \/><\/a><\/p>\n<p style=\"text-align: justify;\">Krok drugi: wygenerowanie raportu por\u00f3wnawczego<\/p>\n<p style=\"text-align: justify;\">W module Raporty wybierz: Kolejowe -&gt;Por\u00f3wnanie PKP IC-eKNF. Wybierz \u017c\u0105dany okres, i kliknij na &#8216;Raport sformatowany&#8217;. Ewentualne r\u00f3\u017cnice kwot, VAT, braki faktur, lub braki bilet\u00f3w, s\u0105 sygnalizowane w kolumnie &#8216;Analiza&#8217;<\/p>\n<p style=\"text-align: justify;\"><a href=\"https:\/\/mikrosystem.pl\/mikrosystem_www\/wp-content\/uploads\/2016\/03\/RDesk-raport-por\u00f3wnawczy-PKP-IC_000396.png\" rel=\"attachment wp-att-3428\"><img loading=\"lazy\" decoding=\"async\" class=\"size-full wp-image-3428 aligncenter\" src=\"https:\/\/mikrosystem.pl\/mikrosystem_www\/wp-content\/uploads\/2016\/03\/RDesk-raport-por\u00f3wnawczy-PKP-IC_000396.png\" alt=\"RDesk - raport por\u00f3wnawczy PKP IC_000396\" width=\"1393\" height=\"819\" srcset=\"https:\/\/mikrosystem.pl\/mikrosystem_www\/wp-content\/uploads\/2016\/03\/RDesk-raport-por\u00f3wnawczy-PKP-IC_000396.png 1393w, https:\/\/mikrosystem.pl\/mikrosystem_www\/wp-content\/uploads\/2016\/03\/RDesk-raport-por\u00f3wnawczy-PKP-IC_000396-300x176.png 300w, https:\/\/mikrosystem.pl\/mikrosystem_www\/wp-content\/uploads\/2016\/03\/RDesk-raport-por\u00f3wnawczy-PKP-IC_000396-768x452.png 768w, https:\/\/mikrosystem.pl\/mikrosystem_www\/wp-content\/uploads\/2016\/03\/RDesk-raport-por\u00f3wnawczy-PKP-IC_000396-1024x602.png 1024w\" sizes=\"auto, (max-width: 1393px) 100vw, 1393px\" \/><\/a><\/p>\n<p><\/p>","protected":false},"excerpt":{"rendered":"<p>eKNF pozwala sprawdzi\u0107, czy wszystkie bilety PKP IC zosta\u0142y poprawnie zafakturowane, poprzez por\u00f3wnanie z raportem PKP IC. Raport ten mo\u017cna wczyta\u0107 do systemu, a nast\u0119pnie wygenerowa\u0107 raport por\u00f3wnawczy. Krok pierwszy: Wczytanie raportu PKP IC: W RDesku kliknij na klawisz Import danych, wybierz format PKP_IC_RAPORT, wska\u017c plik z raportem, i wczytaj go. Krok drugi: wygenerowanie raportu &#8230; <a title=\"Weryfikacja sprzeda\u017cy bilet\u00f3w PKP IC &#8211; automatycznie por\u00f3wnanie z raportem PKP IC\" class=\"read-more\" href=\"https:\/\/mikrosystem.pl\/index.php\/pomoc\/eknf-instrukcja-obslugi\/eknf-glowne-okno-programu\/rdesk\/weryfikacja-sprzedazy-biletow-pkp-ic-automatycznie-porownanie-z-raportem-pkp-ic\" aria-label=\"Dowiedz si\u0119 wi\u0119cej o Weryfikacja sprzeda\u017cy bilet\u00f3w PKP IC &#8211; automatycznie por\u00f3wnanie z raportem PKP IC\">Read more<\/a><\/p>\n","protected":false},"author":5,"featured_media":0,"parent":1929,"menu_order":0,"comment_status":"closed","ping_status":"closed","template":"","meta":{"generate_page_header":"","footnotes":""},"class_list":{"0":"post-3426","1":"page","2":"type-page","3":"status-publish","5":"infinite-scroll-item"},"_links":{"self":[{"href":"https:\/\/mikrosystem.pl\/index.php\/wp-json\/wp\/v2\/pages\/3426","targetHints":{"allow":["GET"]}}],"collection":[{"href":"https:\/\/mikrosystem.pl\/index.php\/wp-json\/wp\/v2\/pages"}],"about":[{"href":"https:\/\/mikrosystem.pl\/index.php\/wp-json\/wp\/v2\/types\/page"}],"author":[{"embeddable":true,"href":"https:\/\/mikrosystem.pl\/index.php\/wp-json\/wp\/v2\/users\/5"}],"replies":[{"embeddable":true,"href":"https:\/\/mikrosystem.pl\/index.php\/wp-json\/wp\/v2\/comments?post=3426"}],"version-history":[{"count":1,"href":"https:\/\/mikrosystem.pl\/index.php\/wp-json\/wp\/v2\/pages\/3426\/revisions"}],"predecessor-version":[{"id":3429,"href":"https:\/\/mikrosystem.pl\/index.php\/wp-json\/wp\/v2\/pages\/3426\/revisions\/3429"}],"up":[{"embeddable":true,"href":"https:\/\/mikrosystem.pl\/index.php\/wp-json\/wp\/v2\/pages\/1929"}],"wp:attachment":[{"href":"https:\/\/mikrosystem.pl\/index.php\/wp-json\/wp\/v2\/media?parent=3426"}],"curies":[{"name":"wp","href":"https:\/\/api.w.org\/{rel}","templated":true}]}}