{"id":3423,"date":"2016-03-10T12:27:33","date_gmt":"2016-03-10T11:27:33","guid":{"rendered":"http:\/\/mikrosystem.pl\/?page_id=3423"},"modified":"2016-03-10T12:27:33","modified_gmt":"2016-03-10T11:27:33","slug":"faktury-reverse-charge","status":"publish","type":"page","link":"https:\/\/mikrosystem.pl\/index.php\/pomoc\/eknf-instrukcja-obslugi\/eknf-glowne-okno-programu\/sprzedaz-tworzenie-i-przegladanie-dokumentow-sprzedazowych\/rodzaje-dokumentow-i-sposoby-fakturowania-dostepne-w-eknf\/faktury-reverse-charge","title":{"rendered":"Faktury &#8216;Reverse charge'"},"content":{"rendered":"<p><\/p>\n<p style=\"text-align: justify;\">Faktury Reverse charge (odwrotne obci\u0105\u017cenie lub &#8211; inaczej m\u00f3wi\u0105c: prze\u00adrzu\u00adce\u00adnie obo\u00adwi\u0105zku roz\u00adli\u00adcze\u00adnia po\u00addatku VAT ze sprze\u00addawcy na na\u00adbywc\u0119) stosujemy w sytuacjach, kiedy mamy do czynienia z eksportem us\u0142ug. Stosujemy je najcz\u0119\u015bciej, sprzedaj\u0105c us\u0142ug\u0119 \u015bwiadczon\u0105 poza Polsk\u0105 nabywcy zagranicznemu.<\/p>\n<p style=\"text-align: justify;\">W fakturach Reverse charge nie naliczamy wi\u0119c VATu, a warto\u015b\u0107 us\u0142ug przedstawiamy w cenach netto, niezale\u017cnie od tego, jak s\u0105 one skonfigurowane w katalogu towar\u00f3w i us\u0142ug.<\/p>\n<p style=\"text-align: justify;\">Wystawiaj\u0105c faktur\u0119 w eKNF, mamy mo\u017cliwo\u015b\u0107 oznaczenia faktury jako &#8216;reverse charge&#8217;. U\u017cycie tej opcji powoduje, \u017ce wszystkie produkty\/us\u0142ugi zawarte na tej fakturze, s\u0105 konwertowane do cen netto, a oryginalna stawka VAT pochodz\u0105ca z katalogu towar\u00f3w, jest zast\u0119powana okre\u015bleniem np. (nie podlega)<\/p>\n<p style=\"text-align: justify;\">Faktura przed u\u017cyciem opcji &#8216;reverse charge&#8217;:<a href=\"https:\/\/mikrosystem.pl\/mikrosystem_www\/wp-content\/uploads\/2016\/03\/Faktura_Reverse_Charge_Edycja_01.png\" rel=\"attachment wp-att-3419\"><img loading=\"lazy\" decoding=\"async\" class=\"size-full wp-image-3419 aligncenter\" src=\"https:\/\/mikrosystem.pl\/mikrosystem_www\/wp-content\/uploads\/2016\/03\/Faktura_Reverse_Charge_Edycja_01.png\" alt=\"Faktura_Reverse_Charge_Edycja_01\" width=\"1265\" height=\"792\" srcset=\"https:\/\/mikrosystem.pl\/mikrosystem_www\/wp-content\/uploads\/2016\/03\/Faktura_Reverse_Charge_Edycja_01.png 1265w, https:\/\/mikrosystem.pl\/mikrosystem_www\/wp-content\/uploads\/2016\/03\/Faktura_Reverse_Charge_Edycja_01-300x188.png 300w, https:\/\/mikrosystem.pl\/mikrosystem_www\/wp-content\/uploads\/2016\/03\/Faktura_Reverse_Charge_Edycja_01-768x481.png 768w, https:\/\/mikrosystem.pl\/mikrosystem_www\/wp-content\/uploads\/2016\/03\/Faktura_Reverse_Charge_Edycja_01-1024x641.png 1024w\" sizes=\"auto, (max-width: 1265px) 100vw, 1265px\" \/><\/a><\/p>\n<p style=\"text-align: justify;\">Faktura &#8216;reverse charge&#8217;:<\/p>\n<p style=\"text-align: justify;\"><a href=\"https:\/\/mikrosystem.pl\/mikrosystem_www\/wp-content\/uploads\/2016\/03\/Faktura_Reverse_Charge_Edycja_02.png\" rel=\"attachment wp-att-3420\"><img loading=\"lazy\" decoding=\"async\" class=\"size-full wp-image-3420 aligncenter\" src=\"https:\/\/mikrosystem.pl\/mikrosystem_www\/wp-content\/uploads\/2016\/03\/Faktura_Reverse_Charge_Edycja_02.png\" alt=\"Faktura_Reverse_Charge_Edycja_02\" width=\"1265\" height=\"792\" srcset=\"https:\/\/mikrosystem.pl\/mikrosystem_www\/wp-content\/uploads\/2016\/03\/Faktura_Reverse_Charge_Edycja_02.png 1265w, https:\/\/mikrosystem.pl\/mikrosystem_www\/wp-content\/uploads\/2016\/03\/Faktura_Reverse_Charge_Edycja_02-300x188.png 300w, https:\/\/mikrosystem.pl\/mikrosystem_www\/wp-content\/uploads\/2016\/03\/Faktura_Reverse_Charge_Edycja_02-768x481.png 768w, https:\/\/mikrosystem.pl\/mikrosystem_www\/wp-content\/uploads\/2016\/03\/Faktura_Reverse_Charge_Edycja_02-1024x641.png 1024w\" sizes=\"auto, (max-width: 1265px) 100vw, 1265px\" \/><\/a><\/p>\n<p style=\"text-align: justify;\">Wygl\u0105d faktury typu &#8216;reverse charge&#8217; po wydruku:<\/p>\n<p style=\"text-align: justify;\"><a href=\"https:\/\/mikrosystem.pl\/mikrosystem_www\/wp-content\/uploads\/2016\/03\/Faktura_Reverse_Charge_000355.png\" rel=\"attachment wp-att-3418\"><img loading=\"lazy\" decoding=\"async\" class=\"alignright size-full wp-image-3418\" src=\"https:\/\/mikrosystem.pl\/mikrosystem_www\/wp-content\/uploads\/2016\/03\/Faktura_Reverse_Charge_000355.png\" alt=\"Faktura_Reverse_Charge_000355\" width=\"817\" height=\"691\" srcset=\"https:\/\/mikrosystem.pl\/mikrosystem_www\/wp-content\/uploads\/2016\/03\/Faktura_Reverse_Charge_000355.png 817w, https:\/\/mikrosystem.pl\/mikrosystem_www\/wp-content\/uploads\/2016\/03\/Faktura_Reverse_Charge_000355-300x254.png 300w, https:\/\/mikrosystem.pl\/mikrosystem_www\/wp-content\/uploads\/2016\/03\/Faktura_Reverse_Charge_000355-768x650.png 768w\" sizes=\"auto, (max-width: 817px) 100vw, 817px\" \/><\/a><\/p>\n<p><\/p>","protected":false},"excerpt":{"rendered":"<p>Faktury Reverse charge (odwrotne obci\u0105\u017cenie lub &#8211; inaczej m\u00f3wi\u0105c: prze\u00adrzu\u00adce\u00adnie obo\u00adwi\u0105zku roz\u00adli\u00adcze\u00adnia po\u00addatku VAT ze sprze\u00addawcy na na\u00adbywc\u0119) stosujemy w sytuacjach, kiedy mamy do czynienia z eksportem us\u0142ug. Stosujemy je najcz\u0119\u015bciej, sprzedaj\u0105c us\u0142ug\u0119 \u015bwiadczon\u0105 poza Polsk\u0105 nabywcy zagranicznemu. W fakturach Reverse charge nie naliczamy wi\u0119c VATu, a warto\u015b\u0107 us\u0142ug przedstawiamy w cenach netto, niezale\u017cnie od &#8230; <a title=\"Faktury &#8216;Reverse charge&#039;\" class=\"read-more\" href=\"https:\/\/mikrosystem.pl\/index.php\/pomoc\/eknf-instrukcja-obslugi\/eknf-glowne-okno-programu\/sprzedaz-tworzenie-i-przegladanie-dokumentow-sprzedazowych\/rodzaje-dokumentow-i-sposoby-fakturowania-dostepne-w-eknf\/faktury-reverse-charge\" aria-label=\"Dowiedz si\u0119 wi\u0119cej o Faktury &#8216;Reverse charge&#039;\">Read more<\/a><\/p>\n","protected":false},"author":5,"featured_media":0,"parent":3416,"menu_order":0,"comment_status":"closed","ping_status":"closed","template":"","meta":{"generate_page_header":"","footnotes":""},"class_list":{"0":"post-3423","1":"page","2":"type-page","3":"status-publish","5":"infinite-scroll-item"},"_links":{"self":[{"href":"https:\/\/mikrosystem.pl\/index.php\/wp-json\/wp\/v2\/pages\/3423","targetHints":{"allow":["GET"]}}],"collection":[{"href":"https:\/\/mikrosystem.pl\/index.php\/wp-json\/wp\/v2\/pages"}],"about":[{"href":"https:\/\/mikrosystem.pl\/index.php\/wp-json\/wp\/v2\/types\/page"}],"author":[{"embeddable":true,"href":"https:\/\/mikrosystem.pl\/index.php\/wp-json\/wp\/v2\/users\/5"}],"replies":[{"embeddable":true,"href":"https:\/\/mikrosystem.pl\/index.php\/wp-json\/wp\/v2\/comments?post=3423"}],"version-history":[{"count":1,"href":"https:\/\/mikrosystem.pl\/index.php\/wp-json\/wp\/v2\/pages\/3423\/revisions"}],"predecessor-version":[{"id":3424,"href":"https:\/\/mikrosystem.pl\/index.php\/wp-json\/wp\/v2\/pages\/3423\/revisions\/3424"}],"up":[{"embeddable":true,"href":"https:\/\/mikrosystem.pl\/index.php\/wp-json\/wp\/v2\/pages\/3416"}],"wp:attachment":[{"href":"https:\/\/mikrosystem.pl\/index.php\/wp-json\/wp\/v2\/media?parent=3423"}],"curies":[{"name":"wp","href":"https:\/\/api.w.org\/{rel}","templated":true}]}}