{"id":3378,"date":"2016-02-09T17:05:44","date_gmt":"2016-02-09T16:05:44","guid":{"rendered":"http:\/\/mikrosystem.pl\/?page_id=3378"},"modified":"2017-11-24T15:21:09","modified_gmt":"2017-11-24T14:21:09","slug":"konfiguracja-pol-dodatkowych-specyficznych-dla-klienta","status":"publish","type":"page","link":"https:\/\/mikrosystem.pl\/index.php\/pomoc\/eknf-instrukcja-obslugi\/eknf-glowne-okno-programu\/dane-klienta-edycja\/konfiguracja-pol-dodatkowych-specyficznych-dla-klienta","title":{"rendered":"Konfiguracja p\u00f3l dodatkowych specyficznych dla klienta"},"content":{"rendered":"<p><\/p>\n<p style=\"text-align: justify;\">W profilu klienta mo\u017cliwe jest zdefiniowanie specyficznych dla niego p\u00f3l dodatkowych. Aby zdefiniowa\u0107 pola dla wybranego klienta, wejd\u017a w edycj\u0119 profilu klienta (zak\u0142adka Klienci w g\u00f3rnym menu) i przejd\u017a do zak\u0142adki Pola dodatkowe.<\/p>\n<p style=\"text-align: justify;\">Poza okre\u015bleniem listy p\u00f3l, i ich \u017ar\u00f3de\u0142, mo\u017cliwe jest r\u00f3wnie\u017c zdefiniowanie regu\u0142 poprawno\u015bci dla danych wprowadzanych przez u\u017cytkownik\u00f3w w poszczeg\u00f3lnych polach. S\u0142u\u017c\u0105 do tego <a href=\"https:\/\/pl.wikipedia.org\/wiki\/Wyra%C5%BCenie_regularne\">wyra\u017cenia regularne<\/a>. Wyra\u017cenia te s\u0105 widoczne w kolumnie Format. Aby doda\u0107 lub zmieni\u0107 format danego pola kliknij na nie prawym klawiszem myszy, i wybierz Edytuj<\/p>\n<p style=\"text-align: justify;\"><a href=\"https:\/\/mikrosystem.pl\/mikrosystem_www\/wp-content\/uploads\/2016\/02\/Klienci_Pola_Dodatkowe_000350-1.png\" rel=\"attachment wp-att-3381\"><img loading=\"lazy\" decoding=\"async\" class=\"size-full wp-image-3381 aligncenter\" src=\"https:\/\/mikrosystem.pl\/mikrosystem_www\/wp-content\/uploads\/2016\/02\/Klienci_Pola_Dodatkowe_000350-1.png\" alt=\"Klienci_Pola_Dodatkowe_000350\" width=\"1427\" height=\"527\" srcset=\"https:\/\/mikrosystem.pl\/mikrosystem_www\/wp-content\/uploads\/2016\/02\/Klienci_Pola_Dodatkowe_000350-1.png 1427w, https:\/\/mikrosystem.pl\/mikrosystem_www\/wp-content\/uploads\/2016\/02\/Klienci_Pola_Dodatkowe_000350-1-300x111.png 300w, https:\/\/mikrosystem.pl\/mikrosystem_www\/wp-content\/uploads\/2016\/02\/Klienci_Pola_Dodatkowe_000350-1-768x284.png 768w, https:\/\/mikrosystem.pl\/mikrosystem_www\/wp-content\/uploads\/2016\/02\/Klienci_Pola_Dodatkowe_000350-1-1024x378.png 1024w\" sizes=\"auto, (max-width: 1427px) 100vw, 1427px\" \/><\/a><\/p>\n<p style=\"text-align: justify;\">a nast\u0119pnie wprowad\u017a lub zmie\u0144 wyra\u017cenie s\u0142u\u017c\u0105ce kontroli poprawno\u015bci. Pami\u0119taj, aby zapisa\u0107 zmiany klawiszem [Zapisz]<\/p>\n<p style=\"text-align: justify;\"><strong>Uwaga:<\/strong> Je\u015bli nie masz praktyki w u\u017cywaniu wyra\u017ce\u0144 regularnych, mo\u017cesz przetestowa\u0107 ich dzia\u0142anie na stronie <a href=\"https:\/\/regex101.com\/\" target=\"_blank\" rel=\"noopener\">Online Regex tester<\/a>. Znajdziesz tam te\u017c przyk\u0142ady typowych wyra\u017ce\u0144.<\/p>\n<p style=\"text-align: justify;\"><a href=\"https:\/\/mikrosystem.pl\/mikrosystem_www\/wp-content\/uploads\/2016\/02\/Klienci_Pola_Dodatkowe_000348.png\" rel=\"attachment wp-att-3379\"><img loading=\"lazy\" decoding=\"async\" class=\"size-full wp-image-3379 aligncenter\" src=\"https:\/\/mikrosystem.pl\/mikrosystem_www\/wp-content\/uploads\/2016\/02\/Klienci_Pola_Dodatkowe_000348.png\" alt=\"Klienci_Pola_Dodatkowe_000348\" width=\"1427\" height=\"527\" srcset=\"https:\/\/mikrosystem.pl\/mikrosystem_www\/wp-content\/uploads\/2016\/02\/Klienci_Pola_Dodatkowe_000348.png 1427w, https:\/\/mikrosystem.pl\/mikrosystem_www\/wp-content\/uploads\/2016\/02\/Klienci_Pola_Dodatkowe_000348-300x111.png 300w, https:\/\/mikrosystem.pl\/mikrosystem_www\/wp-content\/uploads\/2016\/02\/Klienci_Pola_Dodatkowe_000348-768x284.png 768w, https:\/\/mikrosystem.pl\/mikrosystem_www\/wp-content\/uploads\/2016\/02\/Klienci_Pola_Dodatkowe_000348-1024x378.png 1024w\" sizes=\"auto, (max-width: 1427px) 100vw, 1427px\" \/><\/a><\/p>\n<p style=\"text-align: justify;\"><a href=\"https:\/\/pl.wikipedia.org\/wiki\/Wyra%C5%BCenie_regularne\">Przeczytaj wi\u0119cej o sk\u0142adni wyra\u017ce\u0144 regularnych (Wikipedia)<\/a><\/p>\n<p>Przetestuj swoje wyra\u017cenia za pomoc\u0105 narz\u0119dzia <a href=\"https:\/\/regex101.com\/\">Online Regex tester<\/a><\/p>\n<p style=\"text-align: justify;\">\n<p><\/p>","protected":false},"excerpt":{"rendered":"<p>W profilu klienta mo\u017cliwe jest zdefiniowanie specyficznych dla niego p\u00f3l dodatkowych. Aby zdefiniowa\u0107 pola dla wybranego klienta, wejd\u017a w edycj\u0119 profilu klienta (zak\u0142adka Klienci w g\u00f3rnym menu) i przejd\u017a do zak\u0142adki Pola dodatkowe. Poza okre\u015bleniem listy p\u00f3l, i ich \u017ar\u00f3de\u0142, mo\u017cliwe jest r\u00f3wnie\u017c zdefiniowanie regu\u0142 poprawno\u015bci dla danych wprowadzanych przez u\u017cytkownik\u00f3w w poszczeg\u00f3lnych polach. S\u0142u\u017c\u0105 &#8230; <a title=\"Konfiguracja p\u00f3l dodatkowych specyficznych dla klienta\" class=\"read-more\" href=\"https:\/\/mikrosystem.pl\/index.php\/pomoc\/eknf-instrukcja-obslugi\/eknf-glowne-okno-programu\/dane-klienta-edycja\/konfiguracja-pol-dodatkowych-specyficznych-dla-klienta\" aria-label=\"Dowiedz si\u0119 wi\u0119cej o Konfiguracja p\u00f3l dodatkowych specyficznych dla klienta\">Read more<\/a><\/p>\n","protected":false},"author":5,"featured_media":0,"parent":2194,"menu_order":0,"comment_status":"closed","ping_status":"closed","template":"","meta":{"generate_page_header":"","footnotes":""},"class_list":{"0":"post-3378","1":"page","2":"type-page","3":"status-publish","5":"infinite-scroll-item"},"_links":{"self":[{"href":"https:\/\/mikrosystem.pl\/index.php\/wp-json\/wp\/v2\/pages\/3378","targetHints":{"allow":["GET"]}}],"collection":[{"href":"https:\/\/mikrosystem.pl\/index.php\/wp-json\/wp\/v2\/pages"}],"about":[{"href":"https:\/\/mikrosystem.pl\/index.php\/wp-json\/wp\/v2\/types\/page"}],"author":[{"embeddable":true,"href":"https:\/\/mikrosystem.pl\/index.php\/wp-json\/wp\/v2\/users\/5"}],"replies":[{"embeddable":true,"href":"https:\/\/mikrosystem.pl\/index.php\/wp-json\/wp\/v2\/comments?post=3378"}],"version-history":[{"count":4,"href":"https:\/\/mikrosystem.pl\/index.php\/wp-json\/wp\/v2\/pages\/3378\/revisions"}],"predecessor-version":[{"id":3833,"href":"https:\/\/mikrosystem.pl\/index.php\/wp-json\/wp\/v2\/pages\/3378\/revisions\/3833"}],"up":[{"embeddable":true,"href":"https:\/\/mikrosystem.pl\/index.php\/wp-json\/wp\/v2\/pages\/2194"}],"wp:attachment":[{"href":"https:\/\/mikrosystem.pl\/index.php\/wp-json\/wp\/v2\/media?parent=3378"}],"curies":[{"name":"wp","href":"https:\/\/api.w.org\/{rel}","templated":true}]}}