{"id":3364,"date":"2016-01-29T15:43:14","date_gmt":"2016-01-29T14:43:14","guid":{"rendered":"http:\/\/mikrosystem.pl\/?page_id=3364"},"modified":"2016-01-29T15:43:14","modified_gmt":"2016-01-29T14:43:14","slug":"definiowanie-ogolnej-polityki-oplat-transakcyjnych-dla-biura","status":"publish","type":"page","link":"https:\/\/mikrosystem.pl\/index.php\/pomoc\/eknf-instrukcja-obslugi\/edycja-polityki-oplat-transakcyjnych\/definiowanie-ogolnej-polityki-oplat-transakcyjnych-dla-biura","title":{"rendered":"Definiowanie og\u00f3lnej polityki op\u0142at transakcyjnych dla biura"},"content":{"rendered":"<p><\/p>\n<p style=\"text-align: justify;\">Og\u00f3lna polityka op\u0142at transakcyjnych jest stosowana dla klient\u00f3w, kt\u00f3rzy nie maj\u0105 zdefiniowanej w\u0142asnej polityki op\u0142at, lub ich polityka op\u0142at nie zawiera danego produktu lub typu us\u0142ugi.<\/p>\n<p style=\"text-align: justify;\">Ustalenie og\u00f3lnych (czyli standardowych, albo najcz\u0119\u015bciej stosowanych) warto\u015bci op\u0142at, jest zalecanym sposobem pracy z eKNF. Nie zalecamy wprowadzania &#8216;r\u0119cznie&#8217; wysoko\u015bci op\u0142at transakcyjnych ka\u017cdorazowo w czasie wystawiania dokumentu sprzeda\u017cy, poniewa\u017c wyd\u0142u\u017ca to prac\u0119 i zwi\u0119ksza prawdopodobie\u0144stwo pomy\u0142ki.<\/p>\n<p style=\"text-align: justify;\">Edytor og\u00f3lnej polityki op\u0142at znajduje si\u0119 w zak\u0142adce Produkty -&gt; Polityka op\u0142at agencyjnych<br \/>\n<a href=\"https:\/\/mikrosystem.pl\/mikrosystem_www\/wp-content\/uploads\/2016\/01\/Produkty_Polityka_Op\u0142at_000329.png\" rel=\"attachment wp-att-3362\"><img loading=\"lazy\" decoding=\"async\" class=\"size-full wp-image-3362 aligncenter\" src=\"https:\/\/mikrosystem.pl\/mikrosystem_www\/wp-content\/uploads\/2016\/01\/Produkty_Polityka_Op\u0142at_000329.png\" alt=\"Produkty_Polityka_Op\u0142at_000329\" width=\"1101\" height=\"635\" srcset=\"https:\/\/mikrosystem.pl\/mikrosystem_www\/wp-content\/uploads\/2016\/01\/Produkty_Polityka_Op\u0142at_000329.png 1101w, https:\/\/mikrosystem.pl\/mikrosystem_www\/wp-content\/uploads\/2016\/01\/Produkty_Polityka_Op\u0142at_000329-300x173.png 300w, https:\/\/mikrosystem.pl\/mikrosystem_www\/wp-content\/uploads\/2016\/01\/Produkty_Polityka_Op\u0142at_000329-768x443.png 768w, https:\/\/mikrosystem.pl\/mikrosystem_www\/wp-content\/uploads\/2016\/01\/Produkty_Polityka_Op\u0142at_000329-1024x591.png 1024w\" sizes=\"auto, (max-width: 1101px) 100vw, 1101px\" \/><\/a><\/p>\n<p style=\"text-align: justify;\">Op\u0142aty definiowane s\u0105 indywidualnie dla ka\u017cdego produktu. W wypadku niekt\u00f3rych typ\u00f3w produkt\u00f3w (np: bilety lotnicze czy rezerwacje hotelowe) mo\u017cna zdefiniowa\u0107 r\u00f3\u017cne wysoko\u015bci op\u0142at dla bilet\u00f3w\/rezerwacji r\u00f3\u017cnych typ\u00f3w.<br \/>\nNa przyk\u0142ad: dla bilet\u00f3w lotniczych mi\u0119dzynarodowych mo\u017cemy dodatkowo okre\u015bli\u0107, \u017ce dana wysoko\u015b\u0107 op\u0142aty obowi\u0105zuje tylko dla bilet\u00f3w kr\u00f3tkodystansowych, a dla bilet\u00f3w mi\u0119dzykontynentalnych okre\u015bli\u0107 inn\u0105 wysoko\u015b\u0107 (dodaj\u0105c dla nich oddzieln\u0105 regu\u0142\u0119).<\/p>\n<p style=\"text-align: justify;\">Uwaga: W og\u00f3lnej polityce op\u0142at wymagane jest u\u017cywanie Pakiet\u00f3w a nie pojedynczych produkt\u00f3w. Definiuj\u0105c now\u0105 op\u0142at\u0119 wybieramy wi\u0119c najpierw Pakiet, a nast\u0119pnie pozycj\u0119 w pakiecie, dla kt\u00f3rej definiujemy wysoko\u015b\u0107 op\u0142aty. Wysoko\u015b\u0107 op\u0142aty transakcyjnej mo\u017cna poda\u0107 tylko dla pozycji typu OPL (czyli: op\u0142ata). Je\u015bli w pakiecie nie ma \u017cadnej pozycji typu OPL, to jego konstrukcja jest prawdopodobnie nieprawid\u0142owa. W takich przypadkach zalecamy konsultacj\u0119 z opiekunem klienta w celu odpowiedniej konfiguracji pozycji w pakiecie.<\/p>\n<p style=\"text-align: justify;\"><a href=\"https:\/\/mikrosystem.pl\/mikrosystem_www\/wp-content\/uploads\/2016\/01\/Produkty_PolitykaOp\u0142at_02.png\" rel=\"attachment wp-att-3363\"><img loading=\"lazy\" decoding=\"async\" class=\"size-full wp-image-3363 aligncenter\" src=\"https:\/\/mikrosystem.pl\/mikrosystem_www\/wp-content\/uploads\/2016\/01\/Produkty_PolitykaOp\u0142at_02.png\" alt=\"Produkty_PolitykaOp\u0142at_02\" width=\"1101\" height=\"611\" srcset=\"https:\/\/mikrosystem.pl\/mikrosystem_www\/wp-content\/uploads\/2016\/01\/Produkty_PolitykaOp\u0142at_02.png 1101w, https:\/\/mikrosystem.pl\/mikrosystem_www\/wp-content\/uploads\/2016\/01\/Produkty_PolitykaOp\u0142at_02-300x166.png 300w, https:\/\/mikrosystem.pl\/mikrosystem_www\/wp-content\/uploads\/2016\/01\/Produkty_PolitykaOp\u0142at_02-768x426.png 768w, https:\/\/mikrosystem.pl\/mikrosystem_www\/wp-content\/uploads\/2016\/01\/Produkty_PolitykaOp\u0142at_02-1024x568.png 1024w\" sizes=\"auto, (max-width: 1101px) 100vw, 1101px\" \/><\/a><\/p>\n<p><\/p>","protected":false},"excerpt":{"rendered":"<p>Og\u00f3lna polityka op\u0142at transakcyjnych jest stosowana dla klient\u00f3w, kt\u00f3rzy nie maj\u0105 zdefiniowanej w\u0142asnej polityki op\u0142at, lub ich polityka op\u0142at nie zawiera danego produktu lub typu us\u0142ugi. Ustalenie og\u00f3lnych (czyli standardowych, albo najcz\u0119\u015bciej stosowanych) warto\u015bci op\u0142at, jest zalecanym sposobem pracy z eKNF. Nie zalecamy wprowadzania &#8216;r\u0119cznie&#8217; wysoko\u015bci op\u0142at transakcyjnych ka\u017cdorazowo w czasie wystawiania dokumentu sprzeda\u017cy, poniewa\u017c &#8230; <a title=\"Definiowanie og\u00f3lnej polityki op\u0142at transakcyjnych dla biura\" class=\"read-more\" href=\"https:\/\/mikrosystem.pl\/index.php\/pomoc\/eknf-instrukcja-obslugi\/edycja-polityki-oplat-transakcyjnych\/definiowanie-ogolnej-polityki-oplat-transakcyjnych-dla-biura\" aria-label=\"Dowiedz si\u0119 wi\u0119cej o Definiowanie og\u00f3lnej polityki op\u0142at transakcyjnych dla biura\">Read more<\/a><\/p>\n","protected":false},"author":5,"featured_media":0,"parent":2341,"menu_order":0,"comment_status":"closed","ping_status":"closed","template":"","meta":{"generate_page_header":"","footnotes":""},"class_list":{"0":"post-3364","1":"page","2":"type-page","3":"status-publish","5":"infinite-scroll-item"},"_links":{"self":[{"href":"https:\/\/mikrosystem.pl\/index.php\/wp-json\/wp\/v2\/pages\/3364","targetHints":{"allow":["GET"]}}],"collection":[{"href":"https:\/\/mikrosystem.pl\/index.php\/wp-json\/wp\/v2\/pages"}],"about":[{"href":"https:\/\/mikrosystem.pl\/index.php\/wp-json\/wp\/v2\/types\/page"}],"author":[{"embeddable":true,"href":"https:\/\/mikrosystem.pl\/index.php\/wp-json\/wp\/v2\/users\/5"}],"replies":[{"embeddable":true,"href":"https:\/\/mikrosystem.pl\/index.php\/wp-json\/wp\/v2\/comments?post=3364"}],"version-history":[{"count":1,"href":"https:\/\/mikrosystem.pl\/index.php\/wp-json\/wp\/v2\/pages\/3364\/revisions"}],"predecessor-version":[{"id":3365,"href":"https:\/\/mikrosystem.pl\/index.php\/wp-json\/wp\/v2\/pages\/3364\/revisions\/3365"}],"up":[{"embeddable":true,"href":"https:\/\/mikrosystem.pl\/index.php\/wp-json\/wp\/v2\/pages\/2341"}],"wp:attachment":[{"href":"https:\/\/mikrosystem.pl\/index.php\/wp-json\/wp\/v2\/media?parent=3364"}],"curies":[{"name":"wp","href":"https:\/\/api.w.org\/{rel}","templated":true}]}}